{"id":4263,"date":"2023-07-17T03:36:46","date_gmt":"2023-07-17T03:36:46","guid":{"rendered":"https:\/\/yume-silm.com\/?post_type=product&#038;p=4263"},"modified":"2024-11-06T02:10:45","modified_gmt":"2024-11-06T02:10:45","slug":"panty-spugna-pad-hip-boost-butt-lift","status":"publish","type":"product","link":"https:\/\/yume-silm.com\/it\/prodotto\/panty-spugna-pad-hip-boost-butt-lift\/","title":{"rendered":"Mutandine in spugna per addome ispessito a vita alta all&#039;ingrosso"},"content":{"rendered":"<h5>Caratteristiche del progetto<\/h5>\n<ol>\n<li><strong>IMBOTTITURE IN SCHIUMA PER IL MIGLIORAMENTO DEI FIANCHI:<\/strong> Offriamo imbottiture in schiuma rimovibili sui fianchi con questi boxer da donna taglie forti con glutei abbondanti e vita. I cuscinetti in schiuma ispessita posizionati strategicamente migliorano la curva naturale dei glutei, aggiungendo volume e forma.<\/li>\n<li>Crea naturalmente una natica pi\u00f9 piena e rotonda per una figura pi\u00f9 sinuosa.<\/li>\n<li><strong>DOPPIO CONTROLLO DELLA PANCIA:<\/strong> I pantaloncini modellanti a vita alta consentono di stringere la vita. Il doppio strato Tummy Plus pu\u00f2 ridurre il desiderio di mangiare e bere e, con l&#039;esercizio fisico, realizza in modo eccellente il controllo della pancia, leviga la pancia e migliora allo stesso tempo le curve della vita e dei fianchi.<\/li>\n<li><strong>ORLO IN PIZZO:<\/strong> La nostra biancheria intima per fianchi e addome a vita alta \u00e8 elegante con l&#039;aggiunta di pizzo. Quando indossiamo il bellissimo vestito, sembra elegante e ben aderente.<\/li>\n<li><strong>MAGGIORE FIDUCIA:<\/strong> Ciascuno dei nostri indumenti modellanti \u00e8 progettato per esaltare le curve naturali. Aiuta a raggiungere una figura a clessidra, un&#039;immagine corporea positiva e una maggiore fiducia in se stessi.<\/li>\n<\/ol>\n<h6><em>Intimo per il sollevamento dei fianchi con addominoplastica a vita alta taglie forti con cuscinetti in spugna ispessiti rimovibili<\/em><\/h6>\n<ul>\n<li>Le nostre mutandine in spugna per addome ispessito a vita alta sono una miscela di stile, comfort e funzionalit\u00e0. Per i grossisti che desiderano offrire soluzioni di intimo modellante di alta qualit\u00e0, questo prodotto \u00e8 un must. Tuffati nel mondo della vendita all&#039;ingrosso con questo pezzo eccezionale. Ordina oggi!<\/li>\n<\/ul>","protected":false},"excerpt":{"rendered":"<p>Scopri il potere trasformativo delle nostre mutandine in spugna per addome ispessito a vita alta. Sapientemente realizzati per dare slancio ai fianchi e sollevare i glutei, questi slip sono il segreto per ottenere l&#039;ambita silhouette a clessidra per i tuoi clienti.<\/p>","protected":false},"featured_media":4294,"comment_status":"open","ping_status":"closed","template":"","meta":{"site-sidebar-layout":"default","site-content-layout":"default","ast-site-content-layout":"default","site-content-style":"default","site-sidebar-style":"default","ast-global-header-display":"","ast-banner-title-visibility":"","ast-main-header-display":"","ast-hfb-above-header-display":"","ast-hfb-below-header-display":"","ast-hfb-mobile-header-display":"","site-post-title":"","ast-breadcrumbs-content":"","ast-featured-img":"","footer-sml-layout":"","ast-disable-related-posts":"","theme-transparent-header-meta":"default","adv-header-id-meta":"","stick-header-meta":"default","header-above-stick-meta":"","header-main-stick-meta":"","header-below-stick-meta":"","astra-migrate-meta-layouts":"set","ast-page-background-enabled":"default","ast-page-background-meta":{"desktop":{"background-color":"","background-image":"","background-repeat":"repeat","background-position":"center center","background-size":"auto","background-attachment":"scroll","background-type":"","background-media":"","overlay-type":"","overlay-color":"","overlay-opacity":"","overlay-gradient":""},"tablet":{"background-color":"","background-image":"","background-repeat":"repeat","background-position":"center center","background-size":"auto","background-attachment":"scroll","background-type":"","background-media":"","overlay-type":"","overlay-color":"","overlay-opacity":"","overlay-gradient":""},"mobile":{"background-color":"","background-image":"","background-repeat":"repeat","background-position":"center center","background-size":"auto","background-attachment":"scroll","background-type":"","background-media":"","overlay-type":"","overlay-color":"","overlay-opacity":"","overlay-gradient":""}},"ast-content-background-meta":{"desktop":{"background-color":"var(--ast-global-color-5)","background-image":"","background-repeat":"repeat","background-position":"center center","background-size":"auto","background-attachment":"scroll","background-type":"","background-media":"","overlay-type":"","overlay-color":"","overlay-opacity":"","overlay-gradient":""},"tablet":{"background-color":"var(--ast-global-color-5)","background-image":"","background-repeat":"repeat","background-position":"center center","background-size":"auto","background-attachment":"scroll","background-type":"","background-media":"","overlay-type":"","overlay-color":"","overlay-opacity":"","overlay-gradient":""},"mobile":{"background-color":"var(--ast-global-color-5)","background-image":"","background-repeat":"repeat","background-position":"center center","background-size":"auto","background-attachment":"scroll","background-type":"","background-media":"","overlay-type":"","overlay-color":"","overlay-opacity":"","overlay-gradient":""}}},"product_brand":[],"product_cat":[65,76,77,80],"product_tag":[136,137,139,186,141,134,154],"class_list":{"0":"post-4263","1":"product","2":"type-product","3":"status-publish","4":"has-post-thumbnail","6":"product_cat-best-sellers","7":"product_cat-new-arrivels","8":"product_cat-wholesale-womens-shapewear","9":"product_cat-wholesale-butt-lift-underwear","10":"product_tag-bridal","11":"product_tag-butt-lift","12":"product_tag-high-waist","13":"product_tag-padded","14":"product_tag-plus-size","15":"product_tag-tummy-tucker","16":"product_tag-with-hooks","17":"pa_color-beige","18":"pa_color-black","19":"pa_size-4xl","20":"pa_size-5xl","21":"pa_size-6xl","22":"pa_size-l","23":"pa_size-m","24":"pa_size-s","25":"pa_size-xl","26":"pa_size-xxl","27":"pa_size-xxxl","28":"desktop-align-center","29":"tablet-align-left","30":"mobile-align-left","31":"ast-product-gallery-layout-horizontal-slider","32":"ast-product-single-variable","33":"ast-product-tabs-layout-horizontal","34":"ast-qv-on-image","36":"first","37":"instock","38":"shipping-taxable","39":"purchasable","40":"product-type-variable"},"tiered_pricing_type":"fixed","tiered_pricing_fixed_rules":{"2":13.19,"30":12.39,"500":10.29},"tiered_pricing_product_settings":{"layout":"default","base_unit_name":{"singular":null,"plural":null},"default_variation":{}},"tiered_pricing_minimum_quantity":null,"tiered_pricing_roles_data":[],"tiered_pricing_percentage_rules":[],"_links":{"self":[{"href":"https:\/\/yume-silm.com\/it\/wp-json\/wp\/v2\/product\/4263","targetHints":{"allow":["GET"]}}],"collection":[{"href":"https:\/\/yume-silm.com\/it\/wp-json\/wp\/v2\/product"}],"about":[{"href":"https:\/\/yume-silm.com\/it\/wp-json\/wp\/v2\/types\/product"}],"replies":[{"embeddable":true,"href":"https:\/\/yume-silm.com\/it\/wp-json\/wp\/v2\/comments?post=4263"}],"wp:featuredmedia":[{"embeddable":true,"href":"https:\/\/yume-silm.com\/it\/wp-json\/wp\/v2\/media\/4294"}],"wp:attachment":[{"href":"https:\/\/yume-silm.com\/it\/wp-json\/wp\/v2\/media?parent=4263"}],"wp:term":[{"taxonomy":"product_brand","embeddable":true,"href":"https:\/\/yume-silm.com\/it\/wp-json\/wp\/v2\/product_brand?post=4263"},{"taxonomy":"product_cat","embeddable":true,"href":"https:\/\/yume-silm.com\/it\/wp-json\/wp\/v2\/product_cat?post=4263"},{"taxonomy":"product_tag","embeddable":true,"href":"https:\/\/yume-silm.com\/it\/wp-json\/wp\/v2\/product_tag?post=4263"}],"curies":[{"name":"wp","href":"https:\/\/api.w.org\/{rel}","templated":true}]}}