{"id":4297,"date":"2023-07-17T03:57:26","date_gmt":"2023-07-17T03:57:26","guid":{"rendered":"https:\/\/yume-silm.com\/?post_type=product&#038;p=4297"},"modified":"2024-11-06T02:44:52","modified_gmt":"2024-11-06T02:44:52","slug":"pizzo-vita-alta-disossato-perizoma-shapewear-per-donne-taglie-forti","status":"publish","type":"product","link":"https:\/\/yume-silm.com\/it\/prodotto\/pizzo-vita-alta-disossato-perizoma-shapewear-per-donne-taglie-forti\/","title":{"rendered":"Intimo modellante perizoma a vita alta in pizzo all&#039;ingrosso con stecche morbide"},"content":{"rendered":"<h5>Caratteristiche del progetto<\/h5>\n<ul>\n<li><strong>DESIGN ELEGANTE DEL PIZZO:<\/strong> Il perizoma a vita alta \u00e8 progettato con delicati dettagli in pizzo, aggiungendo un tocco di lusso alla tua collezione di lingerie.<\/li>\n<li><strong>CONTROLLO OTTIMALE DELLA PANCIA:<\/strong> Il design a vita alta offre un eccellente controllo della pancia, consentendo al perizoma modellante in pizzo a vita alta di creare una silhouette pi\u00f9 liscia e definita.<\/li>\n<li><strong>STRUTTURA SCHELETRO INTEGRATA:<\/strong> La parte migliore di queste mutandine dimagranti a vita alta senza cuciture da noi \u00e8 che c&#039;\u00e8 una stecca incorporata in vita. Per ulteriore supporto e modellatura. Inoltre solleva il busto e previene il cedimento del body modellante.<\/li>\n<li><strong>PROGETTATO PER GRANDI FORMATI:<\/strong> Confuso dalle piccole dimensioni? Il nostro perizoma modellante da donna taglie forti senza cuciture \u00e8 disponibile in diverse taglie. Personalizzati per figure pi\u00f9 complete, offrono il perfetto equilibrio tra controllo e comfort.<\/li>\n<li><strong>MAGGIORE FIDUCIA:<\/strong> Gli slip perizoma modellanti in pizzo possono darti una figura a clessidra? Questo perizoma modellante a vita alta per il controllo della pancia migliora la forma naturale del tuo corpo, facendoti sentire pi\u00f9 sicura e sicura del tuo aspetto.<\/li>\n<\/ul>\n<h6><em>Perizoma intimo modellante a vita alta nero taglie forti da donna<\/em><\/h6>\n<ul>\n<li>Il nostro perizoma modellante in pizzo a vita alta \u00e8 un mix di eleganza, comfort e funzionalit\u00e0. Per i grossisti che desiderano offrire soluzioni di intimo modellante di alta qualit\u00e0, questo prodotto \u00e8 un must. Tuffati nel mondo della vendita all&#039;ingrosso con questo pezzo eccezionale. Ordina oggi!<\/li>\n<\/ul>","protected":false},"excerpt":{"rendered":"<p>Sperimenta l&#039;eleganza e il comfort con il nostro perizoma modellante in pizzo a vita alta progettato specificamente per le donne taglie forti. Combinando intricati dettagli in pizzo con un controllo ottimale della pancia, questo intimo modellante \u00e8 l&#039;epitome di stile e funzionalit\u00e0.<\/p>","protected":false},"featured_media":4325,"comment_status":"open","ping_status":"closed","template":"","meta":{"site-sidebar-layout":"default","site-content-layout":"default","ast-site-content-layout":"default","site-content-style":"default","site-sidebar-style":"default","ast-global-header-display":"","ast-banner-title-visibility":"","ast-main-header-display":"","ast-hfb-above-header-display":"","ast-hfb-below-header-display":"","ast-hfb-mobile-header-display":"","site-post-title":"","ast-breadcrumbs-content":"","ast-featured-img":"","footer-sml-layout":"","ast-disable-related-posts":"","theme-transparent-header-meta":"default","adv-header-id-meta":"","stick-header-meta":"default","header-above-stick-meta":"","header-main-stick-meta":"","header-below-stick-meta":"","astra-migrate-meta-layouts":"set","ast-page-background-enabled":"default","ast-page-background-meta":{"desktop":{"background-color":"","background-image":"","background-repeat":"repeat","background-position":"center center","background-size":"auto","background-attachment":"scroll","background-type":"","background-media":"","overlay-type":"","overlay-color":"","overlay-opacity":"","overlay-gradient":""},"tablet":{"background-color":"","background-image":"","background-repeat":"repeat","background-position":"center center","background-size":"auto","background-attachment":"scroll","background-type":"","background-media":"","overlay-type":"","overlay-color":"","overlay-opacity":"","overlay-gradient":""},"mobile":{"background-color":"","background-image":"","background-repeat":"repeat","background-position":"center center","background-size":"auto","background-attachment":"scroll","background-type":"","background-media":"","overlay-type":"","overlay-color":"","overlay-opacity":"","overlay-gradient":""}},"ast-content-background-meta":{"desktop":{"background-color":"var(--ast-global-color-5)","background-image":"","background-repeat":"repeat","background-position":"center center","background-size":"auto","background-attachment":"scroll","background-type":"","background-media":"","overlay-type":"","overlay-color":"","overlay-opacity":"","overlay-gradient":""},"tablet":{"background-color":"var(--ast-global-color-5)","background-image":"","background-repeat":"repeat","background-position":"center center","background-size":"auto","background-attachment":"scroll","background-type":"","background-media":"","overlay-type":"","overlay-color":"","overlay-opacity":"","overlay-gradient":""},"mobile":{"background-color":"var(--ast-global-color-5)","background-image":"","background-repeat":"repeat","background-position":"center center","background-size":"auto","background-attachment":"scroll","background-type":"","background-media":"","overlay-type":"","overlay-color":"","overlay-opacity":"","overlay-gradient":""}}},"product_brand":[],"product_cat":[65,76,77,1092,80],"product_tag":[136,139,145,138,134],"class_list":{"0":"post-4297","1":"product","2":"type-product","3":"status-publish","4":"has-post-thumbnail","6":"product_cat-best-sellers","7":"product_cat-new-arrivels","8":"product_cat-wholesale-womens-shapewear","9":"product_cat-plus-size-shapewear","10":"product_cat-wholesale-butt-lift-underwear","11":"product_tag-bridal","12":"product_tag-high-waist","13":"product_tag-sexy","14":"product_tag-thong","15":"product_tag-tummy-tucker","16":"pa_color-beige","17":"pa_color-black","18":"pa_size-4xl","19":"pa_size-5xl","20":"pa_size-6xl","21":"pa_size-l","22":"pa_size-m","23":"pa_size-s","24":"pa_size-xl","25":"pa_size-xxl","26":"pa_size-xxxl","27":"desktop-align-center","28":"tablet-align-left","29":"mobile-align-left","30":"ast-product-gallery-layout-horizontal-slider","31":"ast-product-single-variable","32":"ast-product-tabs-layout-horizontal","33":"ast-qv-on-image","35":"first","36":"instock","37":"shipping-taxable","38":"purchasable","39":"product-type-variable"},"tiered_pricing_type":"fixed","tiered_pricing_fixed_rules":{"2":6.59,"30":6.19,"500":5.19},"tiered_pricing_product_settings":{"layout":"default","base_unit_name":{"singular":null,"plural":null},"default_variation":{}},"tiered_pricing_minimum_quantity":null,"tiered_pricing_roles_data":[],"tiered_pricing_percentage_rules":[],"_links":{"self":[{"href":"https:\/\/yume-silm.com\/it\/wp-json\/wp\/v2\/product\/4297","targetHints":{"allow":["GET"]}}],"collection":[{"href":"https:\/\/yume-silm.com\/it\/wp-json\/wp\/v2\/product"}],"about":[{"href":"https:\/\/yume-silm.com\/it\/wp-json\/wp\/v2\/types\/product"}],"replies":[{"embeddable":true,"href":"https:\/\/yume-silm.com\/it\/wp-json\/wp\/v2\/comments?post=4297"}],"wp:featuredmedia":[{"embeddable":true,"href":"https:\/\/yume-silm.com\/it\/wp-json\/wp\/v2\/media\/4325"}],"wp:attachment":[{"href":"https:\/\/yume-silm.com\/it\/wp-json\/wp\/v2\/media?parent=4297"}],"wp:term":[{"taxonomy":"product_brand","embeddable":true,"href":"https:\/\/yume-silm.com\/it\/wp-json\/wp\/v2\/product_brand?post=4297"},{"taxonomy":"product_cat","embeddable":true,"href":"https:\/\/yume-silm.com\/it\/wp-json\/wp\/v2\/product_cat?post=4297"},{"taxonomy":"product_tag","embeddable":true,"href":"https:\/\/yume-silm.com\/it\/wp-json\/wp\/v2\/product_tag?post=4297"}],"curies":[{"name":"wp","href":"https:\/\/api.w.org\/{rel}","templated":true}]}}