{"id":4328,"date":"2023-07-17T06:11:16","date_gmt":"2023-07-17T06:11:16","guid":{"rendered":"https:\/\/yume-silm.com\/?post_type=product&#038;p=4328"},"modified":"2024-02-23T05:32:33","modified_gmt":"2024-02-23T05:32:33","slug":"gambale-controllo-della-pancia-con-dettagli-in-pizzo-a-vita-alta","status":"publish","type":"product","link":"https:\/\/yume-silm.com\/it\/prodotto\/gambale-controllo-della-pancia-con-dettagli-in-pizzo-a-vita-alta\/","title":{"rendered":"Pantaloncini contenitivi per il controllo della pancia con dettagli in pizzo a vita alta all&#039;ingrosso"},"content":{"rendered":"<h5>Caratteristiche del progetto<\/h5>\n<ul>\n<li><strong>DETTAGLI IN PIZZO ALLA MODA:<\/strong> I pantaloncini modellanti per il controllo della pancia sono progettati con cura con delicati dettagli in pizzo. Migliora istantaneamente il tuo temperamento e unisci perfettamente moda e funzionalit\u00e0.<\/li>\n<li><strong>CONTROLLO DELLA PANCIA A VITA ALTA:<\/strong> Sperimenta un controllo superiore della pancia con il design a vita alta. I nostri pantaloncini contenitivi per la pancia con dettagli in pizzo a vita alta sono morbidi e facili da indossare e creano facilmente una silhouette liscia e lusinghiera.<\/li>\n<li><strong>CONFORTEVOLE E DUREVOLE:<\/strong> Questo leggero slip in pizzo levigante \u00e8 realizzato con materiali di alta qualit\u00e0. \u00c8 resistente all&#039;abrasione e di lunga durata, garantendo comfort e durata anche dopo numerosi lavaggi.<\/li>\n<li><strong>VERSATILE E ALLA MODA:<\/strong> Ti preghiamo di avere questi pantaloncini per il controllo della pancia senza cuciture, perch\u00e9 possono aggiungere colore ai tuoi outfit e migliorare il tuo quoziente di moda, sia che si tratti di abbigliamento casual o formale.<\/li>\n<li><strong>MAGGIORE FIDUCIA:<\/strong> Vuoi valorizzare la curva dei tuoi glutei? L&#039;effetto complessivo di questi pantaloncini modellanti a vita alta sul corpo otterr\u00e0 immediatamente un effetto snellente, migliorer\u00e0 la tua figura naturale e ti far\u00e0 sentire pi\u00f9 sicuro.<\/li>\n<\/ul>\n<h6><em>Mutandine eleganti in pizzo con controllo della pancia a vita alta da donna<\/em><\/h6>\n<ul>\n<li>I nostri pantaloncini contenitivi per la pancia con dettagli in pizzo a vita alta sono un mix di eleganza, comfort e funzionalit\u00e0. Per i grossisti che mirano a offrire soluzioni di moda di alto livello, questo prodotto \u00e8 un must. Tuffati nel mondo della vendita all&#039;ingrosso con questo pezzo eccezionale. Ordina oggi!<\/li>\n<\/ul>","protected":false},"excerpt":{"rendered":"<p>Ti presentiamo il mix perfetto di stile e funzionalit\u00e0 con i nostri pantaloncini per il controllo della pancia con dettagli in pizzo a vita alta. Progettati per un controllo ottimale della pancia con eleganti dettagli in pizzo, questi leggings sono un&#039;aggiunta indispensabile a qualsiasi guardaroba.<\/p>","protected":false},"featured_media":4343,"comment_status":"open","ping_status":"closed","template":"","meta":{"site-sidebar-layout":"default","site-content-layout":"default","ast-site-content-layout":"default","site-content-style":"default","site-sidebar-style":"default","ast-global-header-display":"","ast-banner-title-visibility":"","ast-main-header-display":"","ast-hfb-above-header-display":"","ast-hfb-below-header-display":"","ast-hfb-mobile-header-display":"","site-post-title":"","ast-breadcrumbs-content":"","ast-featured-img":"","footer-sml-layout":"","ast-disable-related-posts":"","theme-transparent-header-meta":"default","adv-header-id-meta":"","stick-header-meta":"default","header-above-stick-meta":"","header-main-stick-meta":"","header-below-stick-meta":"","astra-migrate-meta-layouts":"set","ast-page-background-enabled":"default","ast-page-background-meta":{"desktop":{"background-color":"","background-image":"","background-repeat":"repeat","background-position":"center center","background-size":"auto","background-attachment":"scroll","background-type":"","background-media":"","overlay-type":"","overlay-color":"","overlay-opacity":"","overlay-gradient":""},"tablet":{"background-color":"","background-image":"","background-repeat":"repeat","background-position":"center center","background-size":"auto","background-attachment":"scroll","background-type":"","background-media":"","overlay-type":"","overlay-color":"","overlay-opacity":"","overlay-gradient":""},"mobile":{"background-color":"","background-image":"","background-repeat":"repeat","background-position":"center center","background-size":"auto","background-attachment":"scroll","background-type":"","background-media":"","overlay-type":"","overlay-color":"","overlay-opacity":"","overlay-gradient":""}},"ast-content-background-meta":{"desktop":{"background-color":"var(--ast-global-color-5)","background-image":"","background-repeat":"repeat","background-position":"center center","background-size":"auto","background-attachment":"scroll","background-type":"","background-media":"","overlay-type":"","overlay-color":"","overlay-opacity":"","overlay-gradient":""},"tablet":{"background-color":"var(--ast-global-color-5)","background-image":"","background-repeat":"repeat","background-position":"center center","background-size":"auto","background-attachment":"scroll","background-type":"","background-media":"","overlay-type":"","overlay-color":"","overlay-opacity":"","overlay-gradient":""},"mobile":{"background-color":"var(--ast-global-color-5)","background-image":"","background-repeat":"repeat","background-position":"center center","background-size":"auto","background-attachment":"scroll","background-type":"","background-media":"","overlay-type":"","overlay-color":"","overlay-opacity":"","overlay-gradient":""}}},"product_brand":[],"product_cat":[65,77,80],"product_tag":[136,137,134],"class_list":{"0":"post-4328","1":"product","2":"type-product","3":"status-publish","4":"has-post-thumbnail","6":"product_cat-best-sellers","7":"product_cat-wholesale-womens-shapewear","8":"product_cat-wholesale-butt-lift-underwear","9":"product_tag-bridal","10":"product_tag-butt-lift","11":"product_tag-tummy-tucker","12":"pa_color-black","13":"pa_size-l","14":"pa_size-m","15":"pa_size-s","16":"pa_size-xs","17":"pa_size-xxl","18":"pa_size-xxxl","19":"desktop-align-center","20":"tablet-align-left","21":"mobile-align-left","22":"ast-product-gallery-layout-horizontal-slider","23":"ast-product-single-variable","24":"ast-product-tabs-layout-horizontal","25":"ast-qv-on-image","27":"first","28":"instock","29":"shipping-taxable","30":"purchasable","31":"product-type-variable"},"tiered_pricing_type":"fixed","tiered_pricing_fixed_rules":{"2":6.89,"30":6.39,"500":5.39},"tiered_pricing_product_settings":{"layout":"default","base_unit_name":{"singular":null,"plural":null},"default_variation":{}},"tiered_pricing_minimum_quantity":null,"tiered_pricing_roles_data":[],"tiered_pricing_percentage_rules":[],"_links":{"self":[{"href":"https:\/\/yume-silm.com\/it\/wp-json\/wp\/v2\/product\/4328","targetHints":{"allow":["GET"]}}],"collection":[{"href":"https:\/\/yume-silm.com\/it\/wp-json\/wp\/v2\/product"}],"about":[{"href":"https:\/\/yume-silm.com\/it\/wp-json\/wp\/v2\/types\/product"}],"replies":[{"embeddable":true,"href":"https:\/\/yume-silm.com\/it\/wp-json\/wp\/v2\/comments?post=4328"}],"wp:featuredmedia":[{"embeddable":true,"href":"https:\/\/yume-silm.com\/it\/wp-json\/wp\/v2\/media\/4343"}],"wp:attachment":[{"href":"https:\/\/yume-silm.com\/it\/wp-json\/wp\/v2\/media?parent=4328"}],"wp:term":[{"taxonomy":"product_brand","embeddable":true,"href":"https:\/\/yume-silm.com\/it\/wp-json\/wp\/v2\/product_brand?post=4328"},{"taxonomy":"product_cat","embeddable":true,"href":"https:\/\/yume-silm.com\/it\/wp-json\/wp\/v2\/product_cat?post=4328"},{"taxonomy":"product_tag","embeddable":true,"href":"https:\/\/yume-silm.com\/it\/wp-json\/wp\/v2\/product_tag?post=4328"}],"curies":[{"name":"wp","href":"https:\/\/api.w.org\/{rel}","templated":true}]}}