{"id":4346,"date":"2023-07-17T06:52:15","date_gmt":"2023-07-17T06:52:15","guid":{"rendered":"https:\/\/yume-silm.com\/?post_type=product&#038;p=4346"},"modified":"2025-05-29T03:35:48","modified_gmt":"2025-05-29T03:35:48","slug":"body-plus-size-shapewear-con-spalline-larghe","status":"publish","type":"product","link":"https:\/\/yume-silm.com\/it\/prodotto\/body-plus-size-shapewear-con-spalline-larghe\/","title":{"rendered":"Pantaloncini modellanti a petto aperto di grandi dimensioni da donna all&#039;ingrosso"},"content":{"rendered":"<h5>Caratteristiche del progetto<\/h5>\n<ul>\n<li><strong>ELEGANTE TAGLIA PLUS:<\/strong> Il nostro body modellante per taglie forti \u00e8 personalizzato per figure taglie forti per garantire vestibilit\u00e0, comfort e supporto ottimali.<\/li>\n<li><strong>CINGHIE LARGHE REGOLABILI:<\/strong> Questo body pi\u00f9 snello per la coscia e regolabile per il controllo della pancia \u00e8 progettato con spalline larghe regolabili. Distribuisce uniformemente il peso e riduce la pressione sulle spalle per il massimo comfort.<\/li>\n<li><strong>BUSTO APERTO:<\/strong> Il corsetto modellante pi\u00f9 sottile a busto aperto consente una scelta migliore di reggiseni con ferretto da adattare e preferire. Sostiene il seno e rivela una scollatura sexy.<\/li>\n<li><strong>GANCI A 3 STRATI:<\/strong> Shapewear ha tre strati di ganci per la regolazione dell&#039;elasticit\u00e0. Pu\u00f2 anche essere regolato gradualmente per migliorare l&#039;adattabilit\u00e0 e la compressione addominale. Ci\u00f2 garantisce una vestibilit\u00e0 perfetta e un effetto modellante ideale.<\/li>\n<\/ul>\n<h6><em>Body modellante da donna di grandi dimensioni con cavallo aperto e spalline larghe<\/em><\/h6>\n<ul>\n<li><strong>CAVALLO APERTO:<\/strong> Il body shaper per taglie forti risolve il problema del facile accesso alla toilette, il che \u00e8 molto pratico e rende questo abbigliamento per taglie forti pi\u00f9 umanizzato.<\/li>\n<li><strong>COMFORT PER TUTTO IL GIORNO:<\/strong> Realizzati in materiale morbido e traspirante, questi pantaloncini modellanti a petto aperto da donna di grandi dimensioni sono comodi da indossare e adatti per tutto il giorno. Elevata elasticit\u00e0 per un uso pi\u00f9 duraturo. Aumenta istantaneamente la sicurezza e la bellezza, completa qualsiasi outfit.<\/li>\n<li><strong>FORMA COMPLETA:<\/strong> Questi nostri pantaloncini modellanti a busto aperto da donna di grandi dimensioni con spalline larghe possono essere chiaramente percepiti per il supporto della schiena, il sostegno del seno, il sollevamento visibile dei glutei e la modellatura delle cosce. E le gambe sono progettate con pizzo aggiunto per evitare arricciature aggiungendo eleganza e fascino.<\/li>\n<li>I nostri pantaloncini modellanti a petto aperto da donna di grandi dimensioni sono un mix di stile, comfort e funzionalit\u00e0. Per i grossisti che desiderano offrire soluzioni di intimo modellante di alta qualit\u00e0, questo prodotto di intimo modellante \u00e8 un must. Tuffati nel mondo della vendita all&#039;ingrosso con questo pezzo eccezionale. Ordina oggi!<\/li>\n<\/ul>","protected":false},"excerpt":{"rendered":"<p>Migliora la bellezza di ogni curva con i nostri pantaloncini modellanti a petto aperto da donna di grandi dimensioni. Con spallacci larghi e design con bottoni sul petto a 3 strati, questo capo promette comfort e una silhouette scolpita per i tuoi clienti.<\/p>","protected":false},"featured_media":4375,"comment_status":"open","ping_status":"closed","template":"","meta":{"site-sidebar-layout":"default","site-content-layout":"default","ast-site-content-layout":"default","site-content-style":"default","site-sidebar-style":"default","ast-global-header-display":"","ast-banner-title-visibility":"","ast-main-header-display":"","ast-hfb-above-header-display":"","ast-hfb-below-header-display":"","ast-hfb-mobile-header-display":"","site-post-title":"","ast-breadcrumbs-content":"","ast-featured-img":"","footer-sml-layout":"","ast-disable-related-posts":"","theme-transparent-header-meta":"default","adv-header-id-meta":"","stick-header-meta":"default","header-above-stick-meta":"","header-main-stick-meta":"","header-below-stick-meta":"","astra-migrate-meta-layouts":"set","ast-page-background-enabled":"default","ast-page-background-meta":{"desktop":{"background-color":"","background-image":"","background-repeat":"repeat","background-position":"center center","background-size":"auto","background-attachment":"scroll","background-type":"","background-media":"","overlay-type":"","overlay-color":"","overlay-opacity":"","overlay-gradient":""},"tablet":{"background-color":"","background-image":"","background-repeat":"repeat","background-position":"center center","background-size":"auto","background-attachment":"scroll","background-type":"","background-media":"","overlay-type":"","overlay-color":"","overlay-opacity":"","overlay-gradient":""},"mobile":{"background-color":"","background-image":"","background-repeat":"repeat","background-position":"center center","background-size":"auto","background-attachment":"scroll","background-type":"","background-media":"","overlay-type":"","overlay-color":"","overlay-opacity":"","overlay-gradient":""}},"ast-content-background-meta":{"desktop":{"background-color":"var(--ast-global-color-5)","background-image":"","background-repeat":"repeat","background-position":"center center","background-size":"auto","background-attachment":"scroll","background-type":"","background-media":"","overlay-type":"","overlay-color":"","overlay-opacity":"","overlay-gradient":""},"tablet":{"background-color":"var(--ast-global-color-5)","background-image":"","background-repeat":"repeat","background-position":"center center","background-size":"auto","background-attachment":"scroll","background-type":"","background-media":"","overlay-type":"","overlay-color":"","overlay-opacity":"","overlay-gradient":""},"mobile":{"background-color":"var(--ast-global-color-5)","background-image":"","background-repeat":"repeat","background-position":"center center","background-size":"auto","background-attachment":"scroll","background-type":"","background-media":"","overlay-type":"","overlay-color":"","overlay-opacity":"","overlay-gradient":""}}},"product_brand":[],"product_cat":[65,76,77,1092,78],"product_tag":[136,148,134,154],"class_list":{"0":"post-4346","1":"product","2":"type-product","3":"status-publish","4":"has-post-thumbnail","6":"product_cat-best-sellers","7":"product_cat-new-arrivels","8":"product_cat-wholesale-womens-shapewear","9":"product_cat-plus-size-shapewear","10":"product_cat-wholesale-full-body-shaper","11":"product_tag-bridal","12":"product_tag-one-piece","13":"product_tag-tummy-tucker","14":"product_tag-with-hooks","15":"pa_color-beige","16":"pa_color-black","17":"pa_size-4xl","18":"pa_size-5xl","19":"pa_size-6xl","20":"pa_size-l","21":"pa_size-m","22":"pa_size-s","23":"pa_size-xl","24":"pa_size-xxl","25":"pa_size-xxxl","26":"desktop-align-center","27":"tablet-align-left","28":"mobile-align-left","29":"ast-product-gallery-layout-horizontal-slider","30":"ast-product-single-variable","31":"ast-product-tabs-layout-horizontal","32":"ast-qv-on-image","34":"first","35":"instock","36":"shipping-taxable","37":"purchasable","38":"product-type-variable"},"tiered_pricing_type":"fixed","tiered_pricing_fixed_rules":{"2":14.29,"30":13.39,"100":11.19},"tiered_pricing_product_settings":{"layout":"default","base_unit_name":{"singular":null,"plural":null},"default_variation":{}},"tiered_pricing_minimum_quantity":null,"tiered_pricing_roles_data":[],"tiered_pricing_percentage_rules":[],"_links":{"self":[{"href":"https:\/\/yume-silm.com\/it\/wp-json\/wp\/v2\/product\/4346","targetHints":{"allow":["GET"]}}],"collection":[{"href":"https:\/\/yume-silm.com\/it\/wp-json\/wp\/v2\/product"}],"about":[{"href":"https:\/\/yume-silm.com\/it\/wp-json\/wp\/v2\/types\/product"}],"replies":[{"embeddable":true,"href":"https:\/\/yume-silm.com\/it\/wp-json\/wp\/v2\/comments?post=4346"}],"wp:featuredmedia":[{"embeddable":true,"href":"https:\/\/yume-silm.com\/it\/wp-json\/wp\/v2\/media\/4375"}],"wp:attachment":[{"href":"https:\/\/yume-silm.com\/it\/wp-json\/wp\/v2\/media?parent=4346"}],"wp:term":[{"taxonomy":"product_brand","embeddable":true,"href":"https:\/\/yume-silm.com\/it\/wp-json\/wp\/v2\/product_brand?post=4346"},{"taxonomy":"product_cat","embeddable":true,"href":"https:\/\/yume-silm.com\/it\/wp-json\/wp\/v2\/product_cat?post=4346"},{"taxonomy":"product_tag","embeddable":true,"href":"https:\/\/yume-silm.com\/it\/wp-json\/wp\/v2\/product_tag?post=4346"}],"curies":[{"name":"wp","href":"https:\/\/api.w.org\/{rel}","templated":true}]}}