{"id":4521,"date":"2023-07-21T09:19:11","date_gmt":"2023-07-21T09:19:11","guid":{"rendered":"https:\/\/yume-silm.com\/?post_type=product&#038;p=4521"},"modified":"2024-01-27T08:11:10","modified_gmt":"2024-01-27T08:11:10","slug":"body-modellante-con-controllo-della-pancia-e-fianchi-in-rete-traspirante","status":"publish","type":"product","link":"https:\/\/yume-silm.com\/it\/prodotto\/body-modellante-con-controllo-della-pancia-e-fianchi-in-rete-traspirante\/","title":{"rendered":"Body modellante a busto aperto all&#039;ingrosso con cerniera"},"content":{"rendered":"<h5>Caratteristiche del progetto<\/h5>\n<ul>\n<li><strong>CONTROLLO DELLA PANCIA:<\/strong> La morbidezza complessiva del body a busto aperto massimizza l&#039;effetto di modellare la pancia per un aspetto pi\u00f9 snello.<\/li>\n<li><strong>FIANCHI IN RETE TRASPIRANTE:<\/strong> Il perizoma body modellante \u00e8 realizzato in materiale di alta qualit\u00e0 che \u00e8 quasi interamente traspirante per massimizzare la respirazione della pelle. Ideale da indossare tutto il giorno e, naturalmente, puoi indossarlo anche durante l&#039;allenamento dimagrante.<\/li>\n<li><strong>CAVALLO APRIBILE:<\/strong> Il cavallo dei migliori indumenti modellanti da donna \u00e8 dotato di bottoni automatici che possono essere facilmente aperti e chiusi quando si usa il bagno. Questa pratica funzione offre maggiore comodit\u00e0 per andare in bagno.<\/li>\n<li><strong>CINTURINI REGOLABILI:<\/strong> Le spalline regolabili del body modellante con busto apribile e con apertura sul cavallo ti offrono una vestibilit\u00e0 personalizzabile e assicurano che il body modellante si adatti perfettamente alla forma del tuo corpo.<\/li>\n<\/ul>\n<h6><em>Tuta da donna con busto aperto<\/em><\/h6>\n<ul>\n<li>Il nostro body modellante a busto aperto con cerniera \u00e8 un mix di stile, comfort e funzionalit\u00e0.<\/li>\n<li>Per i grossisti che desiderano offrire soluzioni innovative di intimo modellante, questo prodotto \u00e8 un must. Tuffati nel mondo della vendita all&#039;ingrosso con questo pezzo eccezionale. Ordina oggi!<\/li>\n<\/ul>","protected":false},"excerpt":{"rendered":"<p>Migliora la tua silhouette con il nostro body modellante a busto aperto con cerniera. Progettato con controllo della pancia e cavallo apribile, questo capo garantisce ai tuoi clienti un look elegante e sagomato godendo del massimo comfort.<\/p>","protected":false},"featured_media":4537,"comment_status":"open","ping_status":"closed","template":"","meta":{"site-sidebar-layout":"default","site-content-layout":"default","ast-site-content-layout":"default","site-content-style":"default","site-sidebar-style":"default","ast-global-header-display":"","ast-banner-title-visibility":"","ast-main-header-display":"","ast-hfb-above-header-display":"","ast-hfb-below-header-display":"","ast-hfb-mobile-header-display":"","site-post-title":"","ast-breadcrumbs-content":"","ast-featured-img":"","footer-sml-layout":"","ast-disable-related-posts":"","theme-transparent-header-meta":"default","adv-header-id-meta":"","stick-header-meta":"default","header-above-stick-meta":"","header-main-stick-meta":"","header-below-stick-meta":"","astra-migrate-meta-layouts":"set","ast-page-background-enabled":"default","ast-page-background-meta":{"desktop":{"background-color":"","background-image":"","background-repeat":"repeat","background-position":"center center","background-size":"auto","background-attachment":"scroll","background-type":"","background-media":"","overlay-type":"","overlay-color":"","overlay-opacity":"","overlay-gradient":""},"tablet":{"background-color":"","background-image":"","background-repeat":"repeat","background-position":"center center","background-size":"auto","background-attachment":"scroll","background-type":"","background-media":"","overlay-type":"","overlay-color":"","overlay-opacity":"","overlay-gradient":""},"mobile":{"background-color":"","background-image":"","background-repeat":"repeat","background-position":"center center","background-size":"auto","background-attachment":"scroll","background-type":"","background-media":"","overlay-type":"","overlay-color":"","overlay-opacity":"","overlay-gradient":""}},"ast-content-background-meta":{"desktop":{"background-color":"var(--ast-global-color-5)","background-image":"","background-repeat":"repeat","background-position":"center center","background-size":"auto","background-attachment":"scroll","background-type":"","background-media":"","overlay-type":"","overlay-color":"","overlay-opacity":"","overlay-gradient":""},"tablet":{"background-color":"var(--ast-global-color-5)","background-image":"","background-repeat":"repeat","background-position":"center center","background-size":"auto","background-attachment":"scroll","background-type":"","background-media":"","overlay-type":"","overlay-color":"","overlay-opacity":"","overlay-gradient":""},"mobile":{"background-color":"var(--ast-global-color-5)","background-image":"","background-repeat":"repeat","background-position":"center center","background-size":"auto","background-attachment":"scroll","background-type":"","background-media":"","overlay-type":"","overlay-color":"","overlay-opacity":"","overlay-gradient":""}}},"product_brand":[],"product_cat":[65,76,77,82],"product_tag":[152,134],"class_list":{"0":"post-4521","1":"product","2":"type-product","3":"status-publish","4":"has-post-thumbnail","6":"product_cat-best-sellers","7":"product_cat-new-arrivels","8":"product_cat-wholesale-womens-shapewear","9":"product_cat-wholesale-shapewear-bodysuit","10":"product_tag-lace-up","11":"product_tag-tummy-tucker","12":"pa_color-beige","13":"pa_color-black","14":"pa_size-l","15":"pa_size-m","16":"pa_size-s","17":"desktop-align-center","18":"tablet-align-left","19":"mobile-align-left","20":"ast-product-gallery-layout-horizontal-slider","21":"ast-product-single-variable","22":"ast-product-tabs-layout-horizontal","23":"ast-qv-on-image","25":"first","26":"instock","27":"shipping-taxable","28":"purchasable","29":"product-type-variable"},"tiered_pricing_type":"fixed","tiered_pricing_fixed_rules":{"2":8.19,"30":7.59,"500":6.39},"tiered_pricing_product_settings":{"layout":"default","base_unit_name":{"singular":null,"plural":null},"default_variation":{}},"tiered_pricing_minimum_quantity":null,"tiered_pricing_roles_data":[],"tiered_pricing_percentage_rules":[],"_links":{"self":[{"href":"https:\/\/yume-silm.com\/it\/wp-json\/wp\/v2\/product\/4521","targetHints":{"allow":["GET"]}}],"collection":[{"href":"https:\/\/yume-silm.com\/it\/wp-json\/wp\/v2\/product"}],"about":[{"href":"https:\/\/yume-silm.com\/it\/wp-json\/wp\/v2\/types\/product"}],"replies":[{"embeddable":true,"href":"https:\/\/yume-silm.com\/it\/wp-json\/wp\/v2\/comments?post=4521"}],"wp:featuredmedia":[{"embeddable":true,"href":"https:\/\/yume-silm.com\/it\/wp-json\/wp\/v2\/media\/4537"}],"wp:attachment":[{"href":"https:\/\/yume-silm.com\/it\/wp-json\/wp\/v2\/media?parent=4521"}],"wp:term":[{"taxonomy":"product_brand","embeddable":true,"href":"https:\/\/yume-silm.com\/it\/wp-json\/wp\/v2\/product_brand?post=4521"},{"taxonomy":"product_cat","embeddable":true,"href":"https:\/\/yume-silm.com\/it\/wp-json\/wp\/v2\/product_cat?post=4521"},{"taxonomy":"product_tag","embeddable":true,"href":"https:\/\/yume-silm.com\/it\/wp-json\/wp\/v2\/product_tag?post=4521"}],"curies":[{"name":"wp","href":"https:\/\/api.w.org\/{rel}","templated":true}]}}