{"id":4618,"date":"2023-07-25T03:37:46","date_gmt":"2023-07-25T03:37:46","guid":{"rendered":"https:\/\/yume-silm.com\/?post_type=product&#038;p=4618"},"modified":"2025-05-26T00:44:16","modified_gmt":"2025-05-26T00:44:16","slug":"plus-size-comfort-mesh-butt-lifter-with-tummy-control","status":"publish","type":"product","link":"https:\/\/yume-silm.com\/it\/prodotto\/plus-size-comfort-mesh-butt-lifter-with-tummy-control\/","title":{"rendered":"Indumenti modellanti dimagranti per tutto il corpo taglie forti all&#039;ingrosso con cerniera"},"content":{"rendered":"<h5>Caratteristiche del progetto<\/h5>\n<ul>\n<li><strong>PERFEZIONE DI GRANDI DIMENSIONI:<\/strong> C&#039;\u00e8 sempre una taglia per te. Personalizzato per le corporature pi\u00f9 grandi, questo body modellante sexy da donna taglie forti per allenamento in vita e controllo della pancia migliora le curve naturali e garantisce una vestibilit\u00e0 perfetta.<\/li>\n<li><strong>CONTROLLO EFFICACE DELLA PANCIA:<\/strong> Il modellante dimagrante per tutto il corpo taglie forti con cerniera \u00e8 progettato nella parte anteriore, facilitando la manovrabilit\u00e0. L&#039;intimo modellante \u00e8 anche superiore nel sostenere la schiena, modellare il punto vita, aumentare la sicurezza e creare una silhouette snella.<\/li>\n<li><strong>CAVALLO APERTO:<\/strong> La pratica apertura sul cavallo del body modellante sexy taglie forti garantisce facilit\u00e0 d&#039;uso, soprattutto quando si va in bagno.<\/li>\n<li><strong>TRASPIRANTE E CONFORTEVOLE:<\/strong> Questo body modellante dimagrante per il controllo della pancia senza cuciture \u00e8 realizzato in materiale a rete di alta qualit\u00e0 che garantisce comfort per tutto il giorno e assicura che la pelle rimanga fresca e priva di irritazioni.<\/li>\n<li><strong>ORLO IN PIZZO ANTISCIVOLO:<\/strong> L&#039;orlo bordato in pizzo del modellatore per tutto il corpo da donna assicura che l&#039;indumento rimanga al suo posto e prevenga gli orli arrotolati. Aggiungi un tocco di femminilit\u00e0 garantendo al contempo la funzionalit\u00e0.<\/li>\n<\/ul>\n<h6><em>Body modellante sexy da donna taglie forti per allenamento in vita, modellante per il controllo della pancia<\/em><\/h6>\n<ul>\n<li>Il nostro intimo modellante per tutto il corpo taglie forti con cerniera \u00e8 una testimonianza di stile, comfort e innovazione. Per i grossisti che cercano prodotti di alto livello in sintonia con le ultime tendenze, questo intimo modellante \u00e8 un must da aggiungere al tuo inventario. Tuffati nel mondo della vendita all&#039;ingrosso con questo pezzo straordinario. Ordina oggi!<\/li>\n<\/ul>","protected":false},"excerpt":{"rendered":"<p>Ti presentiamo il nostro intimo modellante dimagrante per tutto il corpo con cerniera, un mix perfetto di stile e funzionalit\u00e0. Con il controllo della pancia e un bordo in pizzo femminile, questo intimo modellante offre una vestibilit\u00e0 senza cuciture, assicurando che i tuoi clienti irradino sicurezza in ogni outfit.<\/p>","protected":false},"featured_media":4642,"comment_status":"open","ping_status":"closed","template":"","meta":{"site-sidebar-layout":"default","site-content-layout":"default","ast-site-content-layout":"default","site-content-style":"default","site-sidebar-style":"default","ast-global-header-display":"","ast-banner-title-visibility":"","ast-main-header-display":"","ast-hfb-above-header-display":"","ast-hfb-below-header-display":"","ast-hfb-mobile-header-display":"","site-post-title":"","ast-breadcrumbs-content":"","ast-featured-img":"","footer-sml-layout":"","ast-disable-related-posts":"","theme-transparent-header-meta":"default","adv-header-id-meta":"","stick-header-meta":"default","header-above-stick-meta":"","header-main-stick-meta":"","header-below-stick-meta":"","astra-migrate-meta-layouts":"set","ast-page-background-enabled":"default","ast-page-background-meta":{"desktop":{"background-color":"","background-image":"","background-repeat":"repeat","background-position":"center center","background-size":"auto","background-attachment":"scroll","background-type":"","background-media":"","overlay-type":"","overlay-color":"","overlay-opacity":"","overlay-gradient":""},"tablet":{"background-color":"","background-image":"","background-repeat":"repeat","background-position":"center center","background-size":"auto","background-attachment":"scroll","background-type":"","background-media":"","overlay-type":"","overlay-color":"","overlay-opacity":"","overlay-gradient":""},"mobile":{"background-color":"","background-image":"","background-repeat":"repeat","background-position":"center center","background-size":"auto","background-attachment":"scroll","background-type":"","background-media":"","overlay-type":"","overlay-color":"","overlay-opacity":"","overlay-gradient":""}},"ast-content-background-meta":{"desktop":{"background-color":"var(--ast-global-color-5)","background-image":"","background-repeat":"repeat","background-position":"center center","background-size":"auto","background-attachment":"scroll","background-type":"","background-media":"","overlay-type":"","overlay-color":"","overlay-opacity":"","overlay-gradient":""},"tablet":{"background-color":"var(--ast-global-color-5)","background-image":"","background-repeat":"repeat","background-position":"center center","background-size":"auto","background-attachment":"scroll","background-type":"","background-media":"","overlay-type":"","overlay-color":"","overlay-opacity":"","overlay-gradient":""},"mobile":{"background-color":"var(--ast-global-color-5)","background-image":"","background-repeat":"repeat","background-position":"center center","background-size":"auto","background-attachment":"scroll","background-type":"","background-media":"","overlay-type":"","overlay-color":"","overlay-opacity":"","overlay-gradient":""}}},"product_brand":[],"product_cat":[65,76,77,1092,78],"product_tag":[137,144,134,184],"class_list":{"0":"post-4618","1":"product","2":"type-product","3":"status-publish","4":"has-post-thumbnail","6":"product_cat-best-sellers","7":"product_cat-new-arrivels","8":"product_cat-wholesale-womens-shapewear","9":"product_cat-plus-size-shapewear","10":"product_cat-wholesale-full-body-shaper","11":"product_tag-butt-lift","12":"product_tag-slip","13":"product_tag-tummy-tucker","14":"product_tag-zipper","15":"pa_color-beige","16":"pa_color-black","17":"pa_size-4xl","18":"pa_size-5xl","19":"pa_size-6xl","20":"pa_size-l","21":"pa_size-m","22":"pa_size-s","23":"pa_size-xl","24":"pa_size-xxl","25":"pa_size-xxxl","26":"desktop-align-center","27":"tablet-align-left","28":"mobile-align-left","29":"ast-product-gallery-layout-horizontal-slider","30":"ast-product-single-variable","31":"ast-product-tabs-layout-horizontal","32":"ast-qv-on-image","34":"first","35":"instock","36":"shipping-taxable","37":"purchasable","38":"product-type-variable"},"tiered_pricing_type":"fixed","tiered_pricing_fixed_rules":{"2":14.79,"30":13.79,"500":11.49},"tiered_pricing_product_settings":{"layout":"default","base_unit_name":{"singular":null,"plural":null},"default_variation":{}},"tiered_pricing_minimum_quantity":null,"tiered_pricing_roles_data":[],"tiered_pricing_percentage_rules":[],"_links":{"self":[{"href":"https:\/\/yume-silm.com\/it\/wp-json\/wp\/v2\/product\/4618","targetHints":{"allow":["GET"]}}],"collection":[{"href":"https:\/\/yume-silm.com\/it\/wp-json\/wp\/v2\/product"}],"about":[{"href":"https:\/\/yume-silm.com\/it\/wp-json\/wp\/v2\/types\/product"}],"replies":[{"embeddable":true,"href":"https:\/\/yume-silm.com\/it\/wp-json\/wp\/v2\/comments?post=4618"}],"wp:featuredmedia":[{"embeddable":true,"href":"https:\/\/yume-silm.com\/it\/wp-json\/wp\/v2\/media\/4642"}],"wp:attachment":[{"href":"https:\/\/yume-silm.com\/it\/wp-json\/wp\/v2\/media?parent=4618"}],"wp:term":[{"taxonomy":"product_brand","embeddable":true,"href":"https:\/\/yume-silm.com\/it\/wp-json\/wp\/v2\/product_brand?post=4618"},{"taxonomy":"product_cat","embeddable":true,"href":"https:\/\/yume-silm.com\/it\/wp-json\/wp\/v2\/product_cat?post=4618"},{"taxonomy":"product_tag","embeddable":true,"href":"https:\/\/yume-silm.com\/it\/wp-json\/wp\/v2\/product_tag?post=4618"}],"curies":[{"name":"wp","href":"https:\/\/api.w.org\/{rel}","templated":true}]}}