{"id":4690,"date":"2023-07-25T05:53:09","date_gmt":"2023-07-25T05:53:09","guid":{"rendered":"https:\/\/yume-silm.com\/?post_type=product&#038;p=4690"},"modified":"2025-05-26T00:36:44","modified_gmt":"2025-05-26T00:36:44","slug":"pantaloni-hip-lift-a-vita-alta-traspiranti-con-design-dell-anca-intagliato","status":"publish","type":"product","link":"https:\/\/yume-silm.com\/it\/prodotto\/pantaloni-hip-lift-a-vita-alta-traspiranti-con-design-dell-anca-intagliato\/","title":{"rendered":"Pantaloni per il sollevamento dell&#039;anca in rete a vita alta all&#039;ingrosso: design unico dell&#039;anca ritagliata"},"content":{"rendered":"<h5>Caratteristiche del progetto<\/h5>\n<ul>\n<li data-slate-node=\"element\"><span class=\"\" data-slate-node=\"text\"><span class=\"00\" data-slate-leaf=\"true\"><span data-slate-string=\"true\"><strong>CONTROLLO VITA ALTA:<\/strong> Il design della vita delle mutandine modellanti per il sollevamento del sedere pu\u00f2 ottenere un buon effetto di chiusura della vita e dell&#039;addome. <\/span><\/span><\/span><span data-slate-node=\"text\"><span class=\"01\" data-slate-leaf=\"true\">Crea un profilo lusinghiero ed evidenzia le curve naturali.<\/span><\/span><\/li>\n<li data-slate-node=\"element\"><span data-slate-node=\"text\"><span class=\"21\" data-slate-leaf=\"true\"><strong>FUNZIONE HIP LIFT:<\/strong> Il design cavo dell&#039;anca del modellante a vita alta per il controllo della pancia \u00e8 sexy e pu\u00f2 ottenere un buon sollevamento dell&#039;anca. <\/span><\/span><span data-slate-node=\"text\"><span class=\"22\" data-slate-leaf=\"true\">Ottieni facilmente l&#039;effetto BBL.<\/span><\/span><\/li>\n<li data-slate-node=\"element\"><span data-slate-node=\"text\"><span class=\"41\" data-slate-leaf=\"true\"><strong>MATERIALE IN RETE TRASPIRANTE:<\/strong> Il push up del sedere con compressione elastica \u00e8 realizzato in tessuto a rete di alta qualit\u00e0, che \u00e8 pieno di elasticit\u00e0 e non \u00e8 facile da tirare e rompere. <\/span><\/span><span data-slate-node=\"text\"><span class=\"42\" data-slate-leaf=\"true\">Garantisci comfort e una buona circolazione dell&#039;aria per mantenerti fresco e asciutto.<\/span><\/span><\/li>\n<li data-slate-node=\"element\" data-slate-fragment=\"JTVCJTdCJTIydHlwZSUyMiUzQSUyMnBhcmFncmFwaCUyMiUyQyUyMmNoaWxkcmVuJTIyJTNBJTVCJTdCJTIydGV4dCUyMiUzQSUyMkhJR0glMjBXQUlTVCUyMENPTlRST0wlM0ElMjBUaGUlMjB3YWlzdCUyMGRlc2lnbiUyMG9mJTIwdGhlJTIwaG9sbG93JTIwb3V0JTIwYnV0dCUyMGxpZnRpbmclMjBzaGFwZXIlMjBwYW50aWVzJTIwY2FuJTIwYWNoaWV2ZSUyMGElMjBnb29kJTIwd2Fpc3QlMjBhbmQlMjBhYmRvbWVuJTIwY2xvc3VyZSUyMGVmZmVjdC4lMjAlMjIlMkMlMjJzZW50ZW5jZSUyMiUzQTAlMkMlMjJjaGlsZFNlbnRlbmNlJTIyJTNBMCU3RCUyQyU3QiUyMnRleHQlMjIlM0ElMjJDcmVhdGUlMjBhJTIwZmxhdHRlcmluZyUyMHByb2ZpbGUlMjBhbmQlMjBoaWdobGlnaHQlMjB0aGUlMjBuYXR1cmFsJTIwY3VydmVzLiUyMiUyQyUyMnNlbnRlbmNlJTIyJTNBMCUyQyUyMmNoaWxkU2VudGVuY2UlMjIlM0ExJTdEJTVEJTdEJTJDJTdCJTIydHlwZSUyMiUzQSUyMnBhcmFncmFwaCUyMiUyQyUyMmNoaWxkcmVuJTIyJTNBJTVCJTdCJTIydGV4dCUyMiUzQSUyMiUyMiUyQyUyMnNlbnRlbmNlJTIyJTNBMSUyQyUyMmNoaWxkU2VudGVuY2UlMjIlM0ExJTdEJTVEJTdEJTJDJTdCJTIydHlwZSUyMiUzQSUyMnBhcmFncmFwaCUyMiUyQyUyMmNoaWxkcmVuJTIyJTNBJTVCJTdCJTIydGV4dCUyMiUzQSUyMkhJUCUyMExJRlQlMjBGVU5DVElPTiUzQSUyMFRoZSUyMGhpcCUyMGhvbGxvdyUyMGRlc2lnbiUyMG9mJTIwdGhlJTIwdHVtbXklMjBjb250cm9sJTIwaGlnaCUyMHdhaXN0JTIwc2hhcGV3ZWFyJTIwaXMlMjBzZXh5JTIwYW5kJTIwY2FuJTIwZ2V0JTIwYSUyMGdvb2QlMjBoaXAlMjBsaWZ0LiUyMCUyMiUyQyUyMnNlbnRlbmNlJTIyJTNBMiUyQyUyMmNoaWxkU2VudGVuY2UlMjIlM0ExJTdEJTJDJTdCJTIydGV4dCUyMiUzQSUyMkVhc2lseSUyMGFjaGlldmUlMjB0aGUlMjBCQkwlMjBlZmZlY3QuJTIyJTJDJTIyc2VudGVuY2UlMjIlM0EyJTJDJTIyY2hpbGRTZW50ZW5jZSUyMiUzQTIlN0QlNUQlN0QlMkMlN0IlMjJ0eXBlJTIyJTNBJTIycGFyYWdyYXBoJTIyJTJDJTIyY2hpbGRyZW4lMjIlM0ElNUIlN0IlMjJ0ZXh0JTIyJTNBJTIyJTIyJTJDJTIyc2VudGVuY2UlMjIlM0EzJTJDJTIyY2hpbGRTZW50ZW5jZSUyMiUzQTElN0QlNUQlN0QlMkMlN0IlMjJ0eXBlJTIyJTNBJTIycGFyYWdyYXBoJTIyJTJDJTIyY2hpbGRyZW4lMjIlM0ElNUIlN0IlMjJ0ZXh0JTIyJTNBJTIyQlJFQVRIQUJMRSUyME1FU0glMjBNQVRFUklBTCUzQSUyMEVsYXN0aWMlMjBjb21wcmVzcyUyMGxpZnQlMjBidW0lMjBwdXNoJTIwdXAlMjBpcyUyMG1hZGUlMjBvZiUyMGhpZ2gtcXVhbGl0eSUyMG1lc2glMjBmYWJyaWMlMkMlMjB3aGljaCUyMGlzJTIwZnVsbCUyMG9mJTIwZWxhc3RpY2l0eSUyMGFuZCUyMGlzJTIwbm90JTIwZWFzeSUyMHRvJTIwcHVsbCUyMGFuZCUyMGJyZWFrLiUyMCUyMiUyQyUyMnNlbnRlbmNlJTIyJTNBNCUyQyUyMmNoaWxkU2VudGVuY2UlMjIlM0ExJTdEJTJDJTdCJTIydGV4dCUyMiUzQSUyMkVuc3VyZSUyMGNvbWZvcnQlMjBhbmQlMjBnb29kJTIwYWlyJTIwY2lyY3VsYXRpb24lMjB0byUyMGtlZXAlMjB5b3UlMjBjb29sJTIwYW5kJTIwZHJ5LiUyMiUyQyUyMnNlbnRlbmNlJTIyJTNBNCUyQyUyMmNoaWxkU2VudGVuY2UlMjIlM0EyJTdEJTVEJTdEJTJDJTdCJTIydHlwZSUyMiUzQSUyMnBhcmFncmFwaCUyMiUyQyUyMmNoaWxkcmVuJTIyJTNBJTVCJTdCJTIydGV4dCUyMiUzQSUyMiUyMiUyQyUyMnNlbnRlbmNlJTIyJTNBNSUyQyUyMmNoaWxkU2VudGVuY2UlMjIlM0ExJTdEJTVEJTdEJTJDJTdCJTIydHlwZSUyMiUzQSUyMnBhcmFncmFwaCUyMiUyQyUyMmNoaWxkcmVuJTIyJTNBJTVCJTdCJTIydGV4dCUyMiUzQSUyMlNDVUxQVFVSRSUyMFNJTEhPVUVUVEUlM0ElMjBPdXIlMjBoaWdoJTIwd2Fpc3RlZCUyMGhvbGxvdyUyMGJ1dHQlMjBsaWZ0JTIwc2hvcnRzJTIwaGVscHMlMjB5b3UlMjBhY2hpZXZlJTIwYSUyMGJlYXV0aWZ1bGx5JTIwc2N1bHB0ZWQlMjBmaWd1cmUlMkMlMjBwZXJmZWN0JTIwZm9yJTIwYW55JTIwb3V0Zml0LiUyMiUyQyUyMnNlbnRlbmNlJTIyJTNBNiUyQyUyMmNoaWxkU2VudGVuY2UlMjIlM0ExJTdEJTVEJTdEJTVE\"><span data-slate-node=\"text\"><span class=\"61\" data-slate-leaf=\"true\"><strong>SILHOUETTE SCULTURA: <\/strong>I nostri pantaloncini con fondo cavo a vita alta ti aiutano a ottenere una figura splendidamente scolpita, perfetta per qualsiasi outfit.<\/span><\/span><\/li>\n<\/ul>\n<h6><em>Pantaloncini da donna taglie forti per sollevare e modellare i glutei<\/em><\/h6>\n<ul>\n<li>I nostri pantaloni con sollevamento dei fianchi in rete a vita alta con design ritagliato sui fianchi sono un mix di stile, comfort e funzionalit\u00e0. Per i grossisti che desiderano offrire prodotti di alto livello in sintonia con le ultime tendenze della moda, questo prodotto \u00e8 un must.<\/li>\n<li>Con opzioni di personalizzazione, una gamma di dimensioni e la promessa di una consegna rapida, \u00e8 una preziosa aggiunta al tuo inventario. Tuffati nel mondo della vendita all&#039;ingrosso con questo pezzo straordinario. Ordina oggi!<\/li>\n<\/ul>","protected":false},"excerpt":{"rendered":"<p>Entra in sicurezza con i nostri pantaloni a vita alta in rete per il sollevamento dei fianchi. Caratterizzati da un design unico sui fianchi ritagliati, questi pantaloni scolpiscono e migliorano la tua figura. La rete traspirante garantisce comfort, rendendolo un must per ogni donna moderna.<\/p>","protected":false},"featured_media":4712,"comment_status":"open","ping_status":"closed","template":"","meta":{"site-sidebar-layout":"default","site-content-layout":"default","ast-site-content-layout":"default","site-content-style":"default","site-sidebar-style":"default","ast-global-header-display":"","ast-banner-title-visibility":"","ast-main-header-display":"","ast-hfb-above-header-display":"","ast-hfb-below-header-display":"","ast-hfb-mobile-header-display":"","site-post-title":"","ast-breadcrumbs-content":"","ast-featured-img":"","footer-sml-layout":"","ast-disable-related-posts":"","theme-transparent-header-meta":"default","adv-header-id-meta":"","stick-header-meta":"default","header-above-stick-meta":"","header-main-stick-meta":"","header-below-stick-meta":"","astra-migrate-meta-layouts":"set","ast-page-background-enabled":"default","ast-page-background-meta":{"desktop":{"background-color":"","background-image":"","background-repeat":"repeat","background-position":"center center","background-size":"auto","background-attachment":"scroll","background-type":"","background-media":"","overlay-type":"","overlay-color":"","overlay-opacity":"","overlay-gradient":""},"tablet":{"background-color":"","background-image":"","background-repeat":"repeat","background-position":"center center","background-size":"auto","background-attachment":"scroll","background-type":"","background-media":"","overlay-type":"","overlay-color":"","overlay-opacity":"","overlay-gradient":""},"mobile":{"background-color":"","background-image":"","background-repeat":"repeat","background-position":"center center","background-size":"auto","background-attachment":"scroll","background-type":"","background-media":"","overlay-type":"","overlay-color":"","overlay-opacity":"","overlay-gradient":""}},"ast-content-background-meta":{"desktop":{"background-color":"var(--ast-global-color-5)","background-image":"","background-repeat":"repeat","background-position":"center center","background-size":"auto","background-attachment":"scroll","background-type":"","background-media":"","overlay-type":"","overlay-color":"","overlay-opacity":"","overlay-gradient":""},"tablet":{"background-color":"var(--ast-global-color-5)","background-image":"","background-repeat":"repeat","background-position":"center center","background-size":"auto","background-attachment":"scroll","background-type":"","background-media":"","overlay-type":"","overlay-color":"","overlay-opacity":"","overlay-gradient":""},"mobile":{"background-color":"var(--ast-global-color-5)","background-image":"","background-repeat":"repeat","background-position":"center center","background-size":"auto","background-attachment":"scroll","background-type":"","background-media":"","overlay-type":"","overlay-color":"","overlay-opacity":"","overlay-gradient":""}}},"product_brand":[],"product_cat":[65,76,77,80],"product_tag":[508,136,137,509],"class_list":{"0":"post-4690","1":"product","2":"type-product","3":"status-publish","4":"has-post-thumbnail","6":"product_cat-best-sellers","7":"product_cat-new-arrivels","8":"product_cat-wholesale-womens-shapewear","9":"product_cat-wholesale-butt-lift-underwear","10":"product_tag-bbl-effect","11":"product_tag-bridal","12":"product_tag-butt-lift","13":"product_tag-spanx","14":"pa_color-beige","15":"pa_color-black","16":"pa_size-l","17":"pa_size-m","18":"pa_size-s","19":"pa_size-xl","20":"pa_size-xxl","21":"pa_size-xxxl","22":"desktop-align-center","23":"tablet-align-left","24":"mobile-align-left","25":"ast-product-gallery-layout-horizontal-slider","26":"ast-product-single-variable","27":"ast-product-tabs-layout-horizontal","28":"ast-qv-on-image","30":"first","31":"instock","32":"shipping-taxable","33":"purchasable","34":"product-type-variable"},"tiered_pricing_type":"fixed","tiered_pricing_fixed_rules":{"2":2.69,"30":2.49,"500":2.09},"tiered_pricing_product_settings":{"layout":"default","base_unit_name":{"singular":null,"plural":null},"default_variation":{}},"tiered_pricing_minimum_quantity":null,"tiered_pricing_roles_data":[],"tiered_pricing_percentage_rules":[],"_links":{"self":[{"href":"https:\/\/yume-silm.com\/it\/wp-json\/wp\/v2\/product\/4690","targetHints":{"allow":["GET"]}}],"collection":[{"href":"https:\/\/yume-silm.com\/it\/wp-json\/wp\/v2\/product"}],"about":[{"href":"https:\/\/yume-silm.com\/it\/wp-json\/wp\/v2\/types\/product"}],"replies":[{"embeddable":true,"href":"https:\/\/yume-silm.com\/it\/wp-json\/wp\/v2\/comments?post=4690"}],"wp:featuredmedia":[{"embeddable":true,"href":"https:\/\/yume-silm.com\/it\/wp-json\/wp\/v2\/media\/4712"}],"wp:attachment":[{"href":"https:\/\/yume-silm.com\/it\/wp-json\/wp\/v2\/media?parent=4690"}],"wp:term":[{"taxonomy":"product_brand","embeddable":true,"href":"https:\/\/yume-silm.com\/it\/wp-json\/wp\/v2\/product_brand?post=4690"},{"taxonomy":"product_cat","embeddable":true,"href":"https:\/\/yume-silm.com\/it\/wp-json\/wp\/v2\/product_cat?post=4690"},{"taxonomy":"product_tag","embeddable":true,"href":"https:\/\/yume-silm.com\/it\/wp-json\/wp\/v2\/product_tag?post=4690"}],"curies":[{"name":"wp","href":"https:\/\/api.w.org\/{rel}","templated":true}]}}