{"id":4813,"date":"2023-07-29T06:24:46","date_gmt":"2023-07-29T06:24:46","guid":{"rendered":"https:\/\/yume-silm.com\/?post_type=product&#038;p=4813"},"modified":"2024-11-06T02:07:28","modified_gmt":"2024-11-06T02:07:28","slug":"pantaloni-boxer-shapewear-a-vita-alta-senza-cuciture","status":"publish","type":"product","link":"https:\/\/yume-silm.com\/it\/prodotto\/pantaloni-boxer-shapewear-a-vita-alta-senza-cuciture\/","title":{"rendered":"Intimo modellante per boxer senza cuciture a vita alta all&#039;ingrosso"},"content":{"rendered":"<h5>Caratteristiche del progetto<\/h5>\n<ul>\n<li><strong>DESIGN DEL CONTROLLER TUMMY A VITA ALTA:<\/strong> Il design a vita alta dei pantaloncini stringivita a vita alta pu\u00f2 controllare efficacemente la curva della pancia e creare una silhouette perfetta della pancia.<\/li>\n<li><strong>DESIGN SENZA GIUNTE:<\/strong> L&#039;intimo modellante per addominoplastica senza cuciture garantisce un look liscio sotto qualsiasi outfit, eliminando le antiestetiche linee dei pantaloni e aumentando la sicurezza.<\/li>\n<li><strong>ELEVATA ELASTICIT\u00c0:<\/strong> Questa biancheria intima da donna per il sollevamento del sedere \u00e8 realizzata in tessuto altamente elastico con elasticit\u00e0 e adattabilit\u00e0 al comfort per garantire comfort tutto il giorno.<\/li>\n<li><strong>TESSUTO TRASPIRANTE:<\/strong> Il nostro boxer modellante per il corpo dimagrante \u00e8 realizzato con materiali che favoriscono la circolazione dell&#039;aria per mantenerti fresco e asciutto. Fornisce comfort anche durante l&#039;attivit\u00e0 fisica.<\/li>\n<li><strong>MODELLAZIONE QUOTIDIANA:<\/strong> Perfetti da indossare tutti i giorni, questi pantaloni modellanti boxer senza cuciture a vita alta raggiungono il perfetto equilibrio tra comfort e controllo. Che tu sia in viaggio, al lavoro o a una festa, ti sentirai sicuro.<\/li>\n<\/ul>\n<h6><em>Pantaloncini addominali attillati per il sollevamento dei fianchi a vita alta senza cuciture da donna<\/em><\/h6>\n<ul>\n<li>I nostri pantaloni boxer modellanti a vita alta senza cuciture sono un mix di stile, comfort e funzionalit\u00e0. Per i grossisti che desiderano offrire soluzioni di intimo modellante di alto livello, questo prodotto \u00e8 un must. Tuffati nel mondo della vendita all&#039;ingrosso con questo pezzo eccezionale. Ordina oggi!<\/li>\n<\/ul>","protected":false},"excerpt":{"rendered":"<p>Entra in sicurezza con i nostri pantaloni modellanti boxer senza cuciture a vita alta. Realizzati meticolosamente per il controllo della pancia e la traspirabilit\u00e0, questi pantaloni modellanti offrono una silhouette senza cuciture, garantendo che i tuoi clienti si sentano e appaiano al meglio.<\/p>","protected":false},"featured_media":4818,"comment_status":"open","ping_status":"closed","template":"","meta":{"site-sidebar-layout":"default","site-content-layout":"default","ast-site-content-layout":"default","site-content-style":"default","site-sidebar-style":"default","ast-global-header-display":"","ast-banner-title-visibility":"","ast-main-header-display":"","ast-hfb-above-header-display":"","ast-hfb-below-header-display":"","ast-hfb-mobile-header-display":"","site-post-title":"","ast-breadcrumbs-content":"","ast-featured-img":"","footer-sml-layout":"","ast-disable-related-posts":"","theme-transparent-header-meta":"default","adv-header-id-meta":"","stick-header-meta":"default","header-above-stick-meta":"","header-main-stick-meta":"","header-below-stick-meta":"","astra-migrate-meta-layouts":"set","ast-page-background-enabled":"default","ast-page-background-meta":{"desktop":{"background-color":"","background-image":"","background-repeat":"repeat","background-position":"center center","background-size":"auto","background-attachment":"scroll","background-type":"","background-media":"","overlay-type":"","overlay-color":"","overlay-opacity":"","overlay-gradient":""},"tablet":{"background-color":"","background-image":"","background-repeat":"repeat","background-position":"center center","background-size":"auto","background-attachment":"scroll","background-type":"","background-media":"","overlay-type":"","overlay-color":"","overlay-opacity":"","overlay-gradient":""},"mobile":{"background-color":"","background-image":"","background-repeat":"repeat","background-position":"center center","background-size":"auto","background-attachment":"scroll","background-type":"","background-media":"","overlay-type":"","overlay-color":"","overlay-opacity":"","overlay-gradient":""}},"ast-content-background-meta":{"desktop":{"background-color":"var(--ast-global-color-5)","background-image":"","background-repeat":"repeat","background-position":"center center","background-size":"auto","background-attachment":"scroll","background-type":"","background-media":"","overlay-type":"","overlay-color":"","overlay-opacity":"","overlay-gradient":""},"tablet":{"background-color":"var(--ast-global-color-5)","background-image":"","background-repeat":"repeat","background-position":"center center","background-size":"auto","background-attachment":"scroll","background-type":"","background-media":"","overlay-type":"","overlay-color":"","overlay-opacity":"","overlay-gradient":""},"mobile":{"background-color":"var(--ast-global-color-5)","background-image":"","background-repeat":"repeat","background-position":"center center","background-size":"auto","background-attachment":"scroll","background-type":"","background-media":"","overlay-type":"","overlay-color":"","overlay-opacity":"","overlay-gradient":""}}},"product_brand":[],"product_cat":[65,76,77,80],"product_tag":[153,136,137,139],"class_list":{"0":"post-4813","1":"product","2":"type-product","3":"status-publish","4":"has-post-thumbnail","6":"product_cat-best-sellers","7":"product_cat-new-arrivels","8":"product_cat-wholesale-womens-shapewear","9":"product_cat-wholesale-butt-lift-underwear","10":"product_tag-boned","11":"product_tag-bridal","12":"product_tag-butt-lift","13":"product_tag-high-waist","14":"pa_color-black","15":"pa_size-m","16":"pa_size-s","17":"desktop-align-center","18":"tablet-align-left","19":"mobile-align-left","20":"ast-product-gallery-layout-horizontal-slider","21":"ast-product-single-variable","22":"ast-product-tabs-layout-horizontal","23":"ast-qv-on-image","25":"first","26":"instock","27":"shipping-taxable","28":"purchasable","29":"product-type-variable"},"tiered_pricing_type":"fixed","tiered_pricing_fixed_rules":{"2":3.39,"30":3.09,"500":2.59},"tiered_pricing_product_settings":{"layout":"default","base_unit_name":{"singular":null,"plural":null},"default_variation":{}},"tiered_pricing_minimum_quantity":null,"tiered_pricing_roles_data":[],"tiered_pricing_percentage_rules":[],"_links":{"self":[{"href":"https:\/\/yume-silm.com\/it\/wp-json\/wp\/v2\/product\/4813","targetHints":{"allow":["GET"]}}],"collection":[{"href":"https:\/\/yume-silm.com\/it\/wp-json\/wp\/v2\/product"}],"about":[{"href":"https:\/\/yume-silm.com\/it\/wp-json\/wp\/v2\/types\/product"}],"replies":[{"embeddable":true,"href":"https:\/\/yume-silm.com\/it\/wp-json\/wp\/v2\/comments?post=4813"}],"wp:featuredmedia":[{"embeddable":true,"href":"https:\/\/yume-silm.com\/it\/wp-json\/wp\/v2\/media\/4818"}],"wp:attachment":[{"href":"https:\/\/yume-silm.com\/it\/wp-json\/wp\/v2\/media?parent=4813"}],"wp:term":[{"taxonomy":"product_brand","embeddable":true,"href":"https:\/\/yume-silm.com\/it\/wp-json\/wp\/v2\/product_brand?post=4813"},{"taxonomy":"product_cat","embeddable":true,"href":"https:\/\/yume-silm.com\/it\/wp-json\/wp\/v2\/product_cat?post=4813"},{"taxonomy":"product_tag","embeddable":true,"href":"https:\/\/yume-silm.com\/it\/wp-json\/wp\/v2\/product_tag?post=4813"}],"curies":[{"name":"wp","href":"https:\/\/api.w.org\/{rel}","templated":true}]}}