{"id":4825,"date":"2023-07-29T06:45:34","date_gmt":"2023-07-29T06:45:34","guid":{"rendered":"https:\/\/yume-silm.com\/?post_type=product&#038;p=4825"},"modified":"2025-05-26T00:36:25","modified_gmt":"2025-05-26T00:36:25","slug":"boxer-shapewear-a-vita-alta-setosa-con-controllo-della-pancia","status":"publish","type":"product","link":"https:\/\/yume-silm.com\/it\/prodotto\/boxer-shapewear-a-vita-alta-setosa-con-controllo-della-pancia\/","title":{"rendered":"Pantaloncini modellanti a vita alta all&#039;ingrosso: massimo controllo della pancia"},"content":{"rendered":"<h5>Caratteristiche del progetto<\/h5>\n<ul>\n<li><strong>TUTTO PER LA PANCIA A VITA ALTA:<\/strong> La vita alta degli eleganti pantaloncini leggings in tinta unita esalta le curve naturali per una silhouette lusinghiera sotto qualsiasi outfit.<\/li>\n<li><strong>COMPRESSIONE FILETTATA:<\/strong> Il nostro intimo modellante per cosce a vita alta senza cuciture utilizza l&#039;innovativa tecnologia di compressione filettata. Scolpisce naturalmente il corpo e garantisce un aspetto snello.<\/li>\n<li><strong>TESSUTO SETOSO DI LUSSO:<\/strong> Il tessuto setoso di questo intimo modellante a vita alta offre un comfort impareggiabile, modellandosi delicatamente sulla pelle senza compromettere la modellatura.<\/li>\n<li><strong>MAGLIETTA VERSATILE:<\/strong> Dai bellissimi abiti ai jeans e all&#039;abbigliamento casual, scegli questo corsetto per il controllo della pancia senza timore di taglie, con un&#039;ampia gamma di taglie tra cui scegliere. Ottieni una sicurezza naturale e bella con facilit\u00e0.<\/li>\n<li><strong>DI LUNGA DURATA:<\/strong> I nostri pantaloncini modellanti e contenitivi per la pancia taglie forti rimangono in forma anche con un uso regolare, rendendoli un&#039;ottima aggiunta al tuo armadio. Inizia il tuo viaggio all&#039;ingrosso nel mondo degli indumenti modellanti per tutti i giorni!<\/li>\n<\/ul>\n<h6><em>Cintura modellante per il corpo da donna a vita alta<\/em><\/h6>\n<ul>\n<li>I nostri pantaloncini modellanti a vita alta sono una miscela di lusso, comfort e funzionalit\u00e0. Per i grossisti che desiderano offrire soluzioni di intimo modellante di alta qualit\u00e0, questo prodotto \u00e8 un must. Tuffati nel mondo della vendita all&#039;ingrosso con questo pezzo eccezionale. Ordina oggi!<\/li>\n<\/ul>","protected":false},"excerpt":{"rendered":"<p>Migliora la tua collezione di indumenti modellanti con i nostri pantaloncini modellanti a vita alta. Progettato con un controllo superiore della pancia e una compressione del filo, questo boxer garantisce una silhouette senza cuciture offrendo allo stesso tempo il lusso di un tessuto setoso per un comfort che dura tutto il giorno.<\/p>","protected":false},"featured_media":4842,"comment_status":"open","ping_status":"closed","template":"","meta":{"site-sidebar-layout":"default","site-content-layout":"default","ast-site-content-layout":"default","site-content-style":"default","site-sidebar-style":"default","ast-global-header-display":"","ast-banner-title-visibility":"","ast-main-header-display":"","ast-hfb-above-header-display":"","ast-hfb-below-header-display":"","ast-hfb-mobile-header-display":"","site-post-title":"","ast-breadcrumbs-content":"","ast-featured-img":"","footer-sml-layout":"","ast-disable-related-posts":"","theme-transparent-header-meta":"default","adv-header-id-meta":"","stick-header-meta":"default","header-above-stick-meta":"","header-main-stick-meta":"","header-below-stick-meta":"","astra-migrate-meta-layouts":"set","ast-page-background-enabled":"default","ast-page-background-meta":{"desktop":{"background-color":"","background-image":"","background-repeat":"repeat","background-position":"center center","background-size":"auto","background-attachment":"scroll","background-type":"","background-media":"","overlay-type":"","overlay-color":"","overlay-opacity":"","overlay-gradient":""},"tablet":{"background-color":"","background-image":"","background-repeat":"repeat","background-position":"center center","background-size":"auto","background-attachment":"scroll","background-type":"","background-media":"","overlay-type":"","overlay-color":"","overlay-opacity":"","overlay-gradient":""},"mobile":{"background-color":"","background-image":"","background-repeat":"repeat","background-position":"center center","background-size":"auto","background-attachment":"scroll","background-type":"","background-media":"","overlay-type":"","overlay-color":"","overlay-opacity":"","overlay-gradient":""}},"ast-content-background-meta":{"desktop":{"background-color":"var(--ast-global-color-5)","background-image":"","background-repeat":"repeat","background-position":"center center","background-size":"auto","background-attachment":"scroll","background-type":"","background-media":"","overlay-type":"","overlay-color":"","overlay-opacity":"","overlay-gradient":""},"tablet":{"background-color":"var(--ast-global-color-5)","background-image":"","background-repeat":"repeat","background-position":"center center","background-size":"auto","background-attachment":"scroll","background-type":"","background-media":"","overlay-type":"","overlay-color":"","overlay-opacity":"","overlay-gradient":""},"mobile":{"background-color":"var(--ast-global-color-5)","background-image":"","background-repeat":"repeat","background-position":"center center","background-size":"auto","background-attachment":"scroll","background-type":"","background-media":"","overlay-type":"","overlay-color":"","overlay-opacity":"","overlay-gradient":""}}},"product_brand":[],"product_cat":[65,77,79,80],"product_tag":[136,137,514,151,139,513],"class_list":{"0":"post-4825","1":"product","2":"type-product","3":"status-publish","4":"has-post-thumbnail","6":"product_cat-best-sellers","7":"product_cat-wholesale-womens-shapewear","8":"product_cat-wholesale-seemless-shaperwear","9":"product_cat-wholesale-butt-lift-underwear","10":"product_tag-bridal","11":"product_tag-butt-lift","12":"product_tag-daily","13":"product_tag-double-compression","14":"product_tag-high-waist","15":"product_tag-short","16":"pa_color-beige","17":"pa_color-black","18":"pa_size-3xl-4xl","19":"pa_size-m-l","20":"pa_size-s","21":"pa_size-xl-xxl","22":"desktop-align-center","23":"tablet-align-left","24":"mobile-align-left","25":"ast-product-gallery-layout-horizontal-slider","26":"ast-product-single-variable","27":"ast-product-tabs-layout-horizontal","28":"ast-qv-on-image","30":"first","31":"instock","32":"shipping-taxable","33":"purchasable","34":"product-type-variable"},"tiered_pricing_type":"fixed","tiered_pricing_fixed_rules":{"2":3.59,"30":3.29,"500":2.79},"tiered_pricing_product_settings":{"layout":"default","base_unit_name":{"singular":null,"plural":null},"default_variation":{}},"tiered_pricing_minimum_quantity":null,"tiered_pricing_roles_data":[],"tiered_pricing_percentage_rules":[],"_links":{"self":[{"href":"https:\/\/yume-silm.com\/it\/wp-json\/wp\/v2\/product\/4825","targetHints":{"allow":["GET"]}}],"collection":[{"href":"https:\/\/yume-silm.com\/it\/wp-json\/wp\/v2\/product"}],"about":[{"href":"https:\/\/yume-silm.com\/it\/wp-json\/wp\/v2\/types\/product"}],"replies":[{"embeddable":true,"href":"https:\/\/yume-silm.com\/it\/wp-json\/wp\/v2\/comments?post=4825"}],"wp:featuredmedia":[{"embeddable":true,"href":"https:\/\/yume-silm.com\/it\/wp-json\/wp\/v2\/media\/4842"}],"wp:attachment":[{"href":"https:\/\/yume-silm.com\/it\/wp-json\/wp\/v2\/media?parent=4825"}],"wp:term":[{"taxonomy":"product_brand","embeddable":true,"href":"https:\/\/yume-silm.com\/it\/wp-json\/wp\/v2\/product_brand?post=4825"},{"taxonomy":"product_cat","embeddable":true,"href":"https:\/\/yume-silm.com\/it\/wp-json\/wp\/v2\/product_cat?post=4825"},{"taxonomy":"product_tag","embeddable":true,"href":"https:\/\/yume-silm.com\/it\/wp-json\/wp\/v2\/product_tag?post=4825"}],"curies":[{"name":"wp","href":"https:\/\/api.w.org\/{rel}","templated":true}]}}