{"id":4899,"date":"2023-07-30T05:45:15","date_gmt":"2023-07-30T05:45:15","guid":{"rendered":"https:\/\/yume-silm.com\/?post_type=product&#038;p=4899"},"modified":"2024-01-06T02:19:55","modified_gmt":"2024-01-06T02:19:55","slug":"elegante-body-a-maniche-lunghe-in-tessuto-ad-alta-elasticita","status":"publish","type":"product","link":"https:\/\/yume-silm.com\/it\/prodotto\/elegante-body-a-maniche-lunghe-in-tessuto-ad-alta-elasticita\/","title":{"rendered":"Body modellante ad alta elasticit\u00e0 elegante a maniche lunghe all&#039;ingrosso"},"content":{"rendered":"<h5>Caratteristiche del progetto<\/h5>\n<ul>\n<li><strong>SEMPLICE ED ELEGANTE:<\/strong> Tinta unita, maniche lunghe, scollo rotondo e vestibilit\u00e0 slim sono le caratteristiche di design che vedi. Felice di andare a una festa o ad un appuntamento con questo delicato ed elegante body modellante perizoma da donna, molto vantaggioso.<\/li>\n<li><strong>TESSUTO AD ALTA ELASTICIT\u00c0:<\/strong> I nostri collant body modellanti a maniche lunghe in tinta unita sono realizzati in tessuto di alta qualit\u00e0 che \u00e8 delicato sulla pelle morbida. Modella le bellissime curve del tuo corpo e assicurati comfort e mobilit\u00e0.<\/li>\n<li><strong>VERSATILE VERSATILE:<\/strong> Il top elasticizzato e aderente \u00e8 facile da indossare e togliere, quindi puoi indossarlo da solo per lo yoga o con qualsiasi jeans o bel vestito che ti piace. Con questa biancheria intima modellante per il sollevamento dei glutei, sarai bellissima e sicura di te al lavoro o ad un appuntamento, durante un viaggio quotidiano e altro ancora.<\/li>\n<li><strong>IN FORMA ED ECCELLENTE:<\/strong> Il tessuto altamente elastico offre un&#039;ottima vestibilit\u00e0 e un aspetto eccellente. Affidati alla morbidezza e alla setosit\u00e0 della tuta modellante delicata sulla pelle con scollo rotondo per snellire la tua figura sinuosa. Con il processo senza soluzione di continuit\u00e0 del body casual slim fit, non devi preoccuparti di rigonfiamenti o riccioli. Indossalo con la certezza che sei veramente bella.<\/li>\n<li><strong>FACILE MANUTENZIONE:<\/strong> Il nostro elegante body modellante elasticizzato a maniche lunghe \u00e8 facile da indossare e di semplice manutenzione. Lavabile in lavatrice con sicurezza, nessuna distorsione dopo il lavaggio, garantendo eleganza e funzionalit\u00e0 di lunga durata.<\/li>\n<\/ul>\n<h6><em>Body perizoma da donna di grandi dimensioni a maniche lunghe<\/em><\/h6>\n<ul>\n<li>Il nostro elegante body modellante ad alta elasticit\u00e0 a maniche lunghe \u00e8 una miscela di eleganza, comfort e funzionalit\u00e0. Per i grossisti che desiderano offrire soluzioni di intimo modellante di alta qualit\u00e0, questo intimo modellante a maniche lunghe \u00e8 un must. Tuffati nel mondo della vendita all&#039;ingrosso con questo pezzo eccezionale. Ordina oggi!<\/li>\n<\/ul>","protected":false},"excerpt":{"rendered":"<p>Il nostro elegante body modellante ad alta elasticit\u00e0 a maniche lunghe \u00e8 una miscela di eleganza, comfort e funzionalit\u00e0. Per i grossisti che desiderano offrire soluzioni di intimo modellante di alta qualit\u00e0, questo body \u00e8 un must. Tuffati nel mondo della vendita all&#039;ingrosso con questo pezzo eccezionale. Ordina oggi!<\/p>","protected":false},"featured_media":4921,"comment_status":"open","ping_status":"closed","template":"","meta":{"site-sidebar-layout":"default","site-content-layout":"default","ast-site-content-layout":"default","site-content-style":"default","site-sidebar-style":"default","ast-global-header-display":"","ast-banner-title-visibility":"","ast-main-header-display":"","ast-hfb-above-header-display":"","ast-hfb-below-header-display":"","ast-hfb-mobile-header-display":"","site-post-title":"","ast-breadcrumbs-content":"","ast-featured-img":"","footer-sml-layout":"","ast-disable-related-posts":"","theme-transparent-header-meta":"default","adv-header-id-meta":"","stick-header-meta":"default","header-above-stick-meta":"","header-main-stick-meta":"","header-below-stick-meta":"","astra-migrate-meta-layouts":"set","ast-page-background-enabled":"default","ast-page-background-meta":{"desktop":{"background-color":"","background-image":"","background-repeat":"repeat","background-position":"center center","background-size":"auto","background-attachment":"scroll","background-type":"","background-media":"","overlay-type":"","overlay-color":"","overlay-opacity":"","overlay-gradient":""},"tablet":{"background-color":"","background-image":"","background-repeat":"repeat","background-position":"center center","background-size":"auto","background-attachment":"scroll","background-type":"","background-media":"","overlay-type":"","overlay-color":"","overlay-opacity":"","overlay-gradient":""},"mobile":{"background-color":"","background-image":"","background-repeat":"repeat","background-position":"center center","background-size":"auto","background-attachment":"scroll","background-type":"","background-media":"","overlay-type":"","overlay-color":"","overlay-opacity":"","overlay-gradient":""}},"ast-content-background-meta":{"desktop":{"background-color":"var(--ast-global-color-5)","background-image":"","background-repeat":"repeat","background-position":"center center","background-size":"auto","background-attachment":"scroll","background-type":"","background-media":"","overlay-type":"","overlay-color":"","overlay-opacity":"","overlay-gradient":""},"tablet":{"background-color":"var(--ast-global-color-5)","background-image":"","background-repeat":"repeat","background-position":"center center","background-size":"auto","background-attachment":"scroll","background-type":"","background-media":"","overlay-type":"","overlay-color":"","overlay-opacity":"","overlay-gradient":""},"mobile":{"background-color":"var(--ast-global-color-5)","background-image":"","background-repeat":"repeat","background-position":"center center","background-size":"auto","background-attachment":"scroll","background-type":"","background-media":"","overlay-type":"","overlay-color":"","overlay-opacity":"","overlay-gradient":""}}},"product_brand":[],"product_cat":[76,77,79,82],"product_tag":[508,419,136,505,507,183,506],"class_list":{"0":"post-4899","1":"product","2":"type-product","3":"status-publish","4":"has-post-thumbnail","6":"product_cat-new-arrivels","7":"product_cat-wholesale-womens-shapewear","8":"product_cat-wholesale-seemless-shaperwear","9":"product_cat-wholesale-shapewear-bodysuit","10":"product_tag-bbl-effect","11":"product_tag-bodysuit","12":"product_tag-bridal","13":"product_tag-casual","14":"product_tag-everyday-work","15":"product_tag-long-sleeve","16":"product_tag-seemless-shapewear","17":"pa_color-beige","18":"pa_color-black","19":"pa_color-white","20":"pa_size-l","21":"pa_size-m","22":"pa_size-s","23":"pa_size-xl","24":"pa_size-xxl","25":"pa_size-xxxl","26":"desktop-align-center","27":"tablet-align-left","28":"mobile-align-left","29":"ast-product-gallery-layout-horizontal-slider","30":"ast-product-single-variable","31":"ast-product-tabs-layout-horizontal","32":"ast-qv-on-image","34":"first","35":"instock","36":"shipping-taxable","37":"purchasable","38":"product-type-variable"},"tiered_pricing_type":"fixed","tiered_pricing_fixed_rules":{"2":5.99,"30":5.59,"500":4.69},"tiered_pricing_product_settings":{"layout":"default","base_unit_name":{"singular":null,"plural":null},"default_variation":{}},"tiered_pricing_minimum_quantity":null,"tiered_pricing_roles_data":[],"tiered_pricing_percentage_rules":[],"_links":{"self":[{"href":"https:\/\/yume-silm.com\/it\/wp-json\/wp\/v2\/product\/4899","targetHints":{"allow":["GET"]}}],"collection":[{"href":"https:\/\/yume-silm.com\/it\/wp-json\/wp\/v2\/product"}],"about":[{"href":"https:\/\/yume-silm.com\/it\/wp-json\/wp\/v2\/types\/product"}],"replies":[{"embeddable":true,"href":"https:\/\/yume-silm.com\/it\/wp-json\/wp\/v2\/comments?post=4899"}],"wp:featuredmedia":[{"embeddable":true,"href":"https:\/\/yume-silm.com\/it\/wp-json\/wp\/v2\/media\/4921"}],"wp:attachment":[{"href":"https:\/\/yume-silm.com\/it\/wp-json\/wp\/v2\/media?parent=4899"}],"wp:term":[{"taxonomy":"product_brand","embeddable":true,"href":"https:\/\/yume-silm.com\/it\/wp-json\/wp\/v2\/product_brand?post=4899"},{"taxonomy":"product_cat","embeddable":true,"href":"https:\/\/yume-silm.com\/it\/wp-json\/wp\/v2\/product_cat?post=4899"},{"taxonomy":"product_tag","embeddable":true,"href":"https:\/\/yume-silm.com\/it\/wp-json\/wp\/v2\/product_tag?post=4899"}],"curies":[{"name":"wp","href":"https:\/\/api.w.org\/{rel}","templated":true}]}}