{"id":4931,"date":"2023-07-30T06:09:38","date_gmt":"2023-07-30T06:09:38","guid":{"rendered":"https:\/\/yume-silm.com\/?post_type=product&#038;p=4931"},"modified":"2024-01-05T01:28:16","modified_gmt":"2024-01-05T01:28:16","slug":"versatile-body-scolpito-in-tinta-unita-con-scollo-tondo","status":"publish","type":"product","link":"https:\/\/yume-silm.com\/it\/prodotto\/versatile-body-scolpito-in-tinta-unita-con-scollo-tondo\/","title":{"rendered":"Body scolpito per il corpo in tinta unita con girocollo versatile all&#039;ingrosso"},"content":{"rendered":"<h5>Caratteristiche del progetto<\/h5>\n<ul>\n<li><strong>GIROCOLLO SEMPLIFICATO:<\/strong> Il design a girocollo del body modellante a maniche corte non solo trasuda eleganza e semplicit\u00e0, ma anche un po&#039; di giocosit\u00e0 e dolcezza, che aggiunge molte possibilit\u00e0 al tuo outfit.<\/li>\n<li><strong>MODA TINTA UNITA:<\/strong> Scegli da noi questo body da donna in tinta unita con scollo rotondo basso per un look elegante e versatile. Pu\u00f2 essere facilmente abbinato a diversi accessori e outfit per infinite combinazioni di moda. La tuta elegante e moderna pu\u00f2 essere perfettamente abbinata a abiti, jeans, gonne e altro ancora.<\/li>\n<li><strong>ECCELLENZA NEL MODELLARE IL CORPO:<\/strong> Le tute casual alla moda sono indossate per accentuare le curve naturali e modellare istantaneamente la tua figura sinuosa. Una bellissima figura a clessidra ti d\u00e0 una sicurezza senza rivali. Sii il pi\u00f9 bello di te!<\/li>\n<li><strong>TESSUTO DI QUALIT\u00c0 PREMIUM:<\/strong> Questa T a maniche corte in tinta unita \u00e8 realizzata in tessuto di alta qualit\u00e0 per garantire il massimo comfort, \u00e8 morbida e comoda da indossare sulla pelle, adatta per essere indossata tutto il giorno.<\/li>\n<li><strong>L&#039;ARMADIO MODERNO DEVE AVERE:<\/strong> Perfetti sia per le occasioni casual che formali, la versatilit\u00e0 e l&#039;eleganza dei collant slim fit sono un capo irrinunciabile per la donna moderna. Te lo meriti!<\/li>\n<\/ul>\n<h6><em>Body modellante da donna a maniche corte, girocollo, tinta unita<\/em><\/h6>\n<ul>\n<li>Il nostro versatile body modellante per il corpo in tinta unita con scollo rotondo \u00e8 una miscela di eleganza, comfort e funzionalit\u00e0. Per i grossisti che desiderano offrire soluzioni di intimo modellante di alta qualit\u00e0, questo prodotto di intimo modellante \u00e8 un must. Tuffati nel mondo della vendita all&#039;ingrosso con questo pezzo eccezionale. Ordina oggi!<\/li>\n<\/ul>","protected":false},"excerpt":{"rendered":"<p>Scopri il fascino del nostro versatile body modellante per il corpo in tinta unita con scollo rotondo. Progettato meticolosamente per una vestibilit\u00e0 lusinghiera, questo body elegante e confortevole non solo esalta le curve naturali ma offre anche la versatilit\u00e0 dello stile in tinta unita, rendendolo un punto fermo per ogni guardaroba sofisticato.<\/p>","protected":false},"featured_media":4951,"comment_status":"open","ping_status":"closed","template":"","meta":{"site-sidebar-layout":"default","site-content-layout":"default","ast-site-content-layout":"default","site-content-style":"default","site-sidebar-style":"default","ast-global-header-display":"","ast-banner-title-visibility":"","ast-main-header-display":"","ast-hfb-above-header-display":"","ast-hfb-below-header-display":"","ast-hfb-mobile-header-display":"","site-post-title":"","ast-breadcrumbs-content":"","ast-featured-img":"","footer-sml-layout":"","ast-disable-related-posts":"","theme-transparent-header-meta":"default","adv-header-id-meta":"","stick-header-meta":"default","header-above-stick-meta":"","header-main-stick-meta":"","header-below-stick-meta":"","astra-migrate-meta-layouts":"set","ast-page-background-enabled":"default","ast-page-background-meta":{"desktop":{"background-color":"","background-image":"","background-repeat":"repeat","background-position":"center center","background-size":"auto","background-attachment":"scroll","background-type":"","background-media":"","overlay-type":"","overlay-color":"","overlay-opacity":"","overlay-gradient":""},"tablet":{"background-color":"","background-image":"","background-repeat":"repeat","background-position":"center center","background-size":"auto","background-attachment":"scroll","background-type":"","background-media":"","overlay-type":"","overlay-color":"","overlay-opacity":"","overlay-gradient":""},"mobile":{"background-color":"","background-image":"","background-repeat":"repeat","background-position":"center center","background-size":"auto","background-attachment":"scroll","background-type":"","background-media":"","overlay-type":"","overlay-color":"","overlay-opacity":"","overlay-gradient":""}},"ast-content-background-meta":{"desktop":{"background-color":"var(--ast-global-color-5)","background-image":"","background-repeat":"repeat","background-position":"center center","background-size":"auto","background-attachment":"scroll","background-type":"","background-media":"","overlay-type":"","overlay-color":"","overlay-opacity":"","overlay-gradient":""},"tablet":{"background-color":"var(--ast-global-color-5)","background-image":"","background-repeat":"repeat","background-position":"center center","background-size":"auto","background-attachment":"scroll","background-type":"","background-media":"","overlay-type":"","overlay-color":"","overlay-opacity":"","overlay-gradient":""},"mobile":{"background-color":"var(--ast-global-color-5)","background-image":"","background-repeat":"repeat","background-position":"center center","background-size":"auto","background-attachment":"scroll","background-type":"","background-media":"","overlay-type":"","overlay-color":"","overlay-opacity":"","overlay-gradient":""}}},"product_brand":[],"product_cat":[65,76,77,82],"product_tag":[419,136,505,504,503,502,138],"class_list":{"0":"post-4931","1":"product","2":"type-product","3":"status-publish","4":"has-post-thumbnail","6":"product_cat-best-sellers","7":"product_cat-new-arrivels","8":"product_cat-wholesale-womens-shapewear","9":"product_cat-wholesale-shapewear-bodysuit","10":"product_tag-bodysuit","11":"product_tag-bridal","12":"product_tag-casual","13":"product_tag-curvy-figure","14":"product_tag-round-neck","15":"product_tag-solid-color","16":"product_tag-thong","17":"pa_color-black","18":"pa_color-white","19":"pa_size-l","20":"pa_size-m","21":"pa_size-s","22":"pa_size-xl","23":"pa_size-xxl","24":"pa_size-xxxl","25":"desktop-align-center","26":"tablet-align-left","27":"mobile-align-left","28":"ast-product-gallery-layout-horizontal-slider","29":"ast-product-single-variable","30":"ast-product-tabs-layout-horizontal","31":"ast-qv-on-image","33":"first","34":"instock","35":"shipping-taxable","36":"purchasable","37":"product-type-variable"},"tiered_pricing_type":"fixed","tiered_pricing_fixed_rules":{"2":4.339,"30":4.09,"500":3.49},"tiered_pricing_product_settings":{"layout":"default","base_unit_name":{"singular":null,"plural":null},"default_variation":{}},"tiered_pricing_minimum_quantity":null,"tiered_pricing_roles_data":[],"tiered_pricing_percentage_rules":[],"_links":{"self":[{"href":"https:\/\/yume-silm.com\/it\/wp-json\/wp\/v2\/product\/4931","targetHints":{"allow":["GET"]}}],"collection":[{"href":"https:\/\/yume-silm.com\/it\/wp-json\/wp\/v2\/product"}],"about":[{"href":"https:\/\/yume-silm.com\/it\/wp-json\/wp\/v2\/types\/product"}],"replies":[{"embeddable":true,"href":"https:\/\/yume-silm.com\/it\/wp-json\/wp\/v2\/comments?post=4931"}],"wp:featuredmedia":[{"embeddable":true,"href":"https:\/\/yume-silm.com\/it\/wp-json\/wp\/v2\/media\/4951"}],"wp:attachment":[{"href":"https:\/\/yume-silm.com\/it\/wp-json\/wp\/v2\/media?parent=4931"}],"wp:term":[{"taxonomy":"product_brand","embeddable":true,"href":"https:\/\/yume-silm.com\/it\/wp-json\/wp\/v2\/product_brand?post=4931"},{"taxonomy":"product_cat","embeddable":true,"href":"https:\/\/yume-silm.com\/it\/wp-json\/wp\/v2\/product_cat?post=4931"},{"taxonomy":"product_tag","embeddable":true,"href":"https:\/\/yume-silm.com\/it\/wp-json\/wp\/v2\/product_tag?post=4931"}],"curies":[{"name":"wp","href":"https:\/\/api.w.org\/{rel}","templated":true}]}}