{"id":4955,"date":"2023-07-30T06:41:10","date_gmt":"2023-07-30T06:41:10","guid":{"rendered":"https:\/\/yume-silm.com\/?post_type=product&#038;p=4955"},"modified":"2025-05-26T00:44:11","modified_gmt":"2025-05-26T00:44:11","slug":"boxer-shapewear-a-vita-alta-senza-cuciture","status":"publish","type":"product","link":"https:\/\/yume-silm.com\/it\/prodotto\/boxer-shapewear-a-vita-alta-senza-cuciture\/","title":{"rendered":"Boxer modellante senza cuciture a vita alta all&#039;ingrosso"},"content":{"rendered":"<h5>Caratteristiche del progetto<\/h5>\n<ul>\n<li><strong>DESIGN SENZA GIUNTE:<\/strong> I migliori pantaloncini modellanti da donna senza cuciture offrono un&#039;esperienza di sensazione morbida. Nessuna linea visibile pu\u00f2 essere vista sotto i vestiti, ben nascosta sotto qualsiasi dei tuoi outfit preferiti, perfetta per i tuoi outfit aderenti.<\/li>\n<li><strong>MODELLAZIONE DEL CORPO A VITA ALTA:<\/strong> La vita alta di sostegno dei pantaloncini modellanti dimagranti leviga e controlla l&#039;addome. appiattendolo facilmente e valorizzando le curve naturali.<\/li>\n<li><strong>LEGGERO E TRASPIRANTE:<\/strong> La biancheria intima contenitiva per la pancia \u00e8 realizzata in tessuto delicato sulla pelle che copre delicatamente la vita, la pancia e i fianchi. Il boxer modellante senza cuciture a vita alta garantisce un comodo utilizzo per tutto il giorno senza sentirsi costretto. Anche per il recupero postpartum \u00e8 facile ottenere i risultati desiderati.<\/li>\n<li><strong>L&#039;ARMADIO MULTIFUNZIONE DEVE AVERE:<\/strong> Le mutandine da ragazzo modellanti senza cuciture sono adatte a tutte le occasioni, sia per l&#039;uso quotidiano, per gli appuntamenti, al lavoro, ecc. Puoi indossare con sicurezza i tuoi jeans preferiti o il vestito pi\u00f9 carino per un appuntamento, assicurandoti un look raffinato e sicuro.<\/li>\n<li><strong>DUREVOLE E FACILE DA MANTENERE:<\/strong> Il pantaloncino modellante anti attrito \u00e8 realizzato con materiali di alta qualit\u00e0 che mantengono la loro forma anche dopo numerosi lavaggi, garantendo un&#039;eleganza duratura.<\/li>\n<\/ul>\n<h6><em>Shorts slip modellanti da donna per sotto gli abiti<\/em><\/h6>\n<ul>\n<li>Il nostro boxer modellante senza cuciture a vita alta \u00e8 una miscela di eleganza, comfort e funzionalit\u00e0. Per i grossisti che desiderano offrire soluzioni di intimo modellante di alta qualit\u00e0, questo prodotto \u00e8 un must. Tuffati nel mondo della vendita all&#039;ingrosso con questo pezzo eccezionale. Ordina oggi!<\/li>\n<\/ul>","protected":false},"excerpt":{"rendered":"<p>Entra nell&#039;eleganza con il nostro boxer modellante senza cuciture a vita alta. Sapientemente progettato per il controllo della pancia, questo boxer leggero e traspirante garantisce una silhouette scolpita, rendendolo un elemento essenziale per ogni guardaroba moderno.<\/p>","protected":false},"featured_media":4975,"comment_status":"open","ping_status":"closed","template":"","meta":{"site-sidebar-layout":"default","site-content-layout":"default","ast-site-content-layout":"default","site-content-style":"default","site-sidebar-style":"default","ast-global-header-display":"","ast-banner-title-visibility":"","ast-main-header-display":"","ast-hfb-above-header-display":"","ast-hfb-below-header-display":"","ast-hfb-mobile-header-display":"","site-post-title":"","ast-breadcrumbs-content":"","ast-featured-img":"","footer-sml-layout":"","ast-disable-related-posts":"","theme-transparent-header-meta":"default","adv-header-id-meta":"","stick-header-meta":"default","header-above-stick-meta":"","header-main-stick-meta":"","header-below-stick-meta":"","astra-migrate-meta-layouts":"set","ast-page-background-enabled":"default","ast-page-background-meta":{"desktop":{"background-color":"","background-image":"","background-repeat":"repeat","background-position":"center center","background-size":"auto","background-attachment":"scroll","background-type":"","background-media":"","overlay-type":"","overlay-color":"","overlay-opacity":"","overlay-gradient":""},"tablet":{"background-color":"","background-image":"","background-repeat":"repeat","background-position":"center center","background-size":"auto","background-attachment":"scroll","background-type":"","background-media":"","overlay-type":"","overlay-color":"","overlay-opacity":"","overlay-gradient":""},"mobile":{"background-color":"","background-image":"","background-repeat":"repeat","background-position":"center center","background-size":"auto","background-attachment":"scroll","background-type":"","background-media":"","overlay-type":"","overlay-color":"","overlay-opacity":"","overlay-gradient":""}},"ast-content-background-meta":{"desktop":{"background-color":"var(--ast-global-color-5)","background-image":"","background-repeat":"repeat","background-position":"center center","background-size":"auto","background-attachment":"scroll","background-type":"","background-media":"","overlay-type":"","overlay-color":"","overlay-opacity":"","overlay-gradient":""},"tablet":{"background-color":"var(--ast-global-color-5)","background-image":"","background-repeat":"repeat","background-position":"center center","background-size":"auto","background-attachment":"scroll","background-type":"","background-media":"","overlay-type":"","overlay-color":"","overlay-opacity":"","overlay-gradient":""},"mobile":{"background-color":"var(--ast-global-color-5)","background-image":"","background-repeat":"repeat","background-position":"center center","background-size":"auto","background-attachment":"scroll","background-type":"","background-media":"","overlay-type":"","overlay-color":"","overlay-opacity":"","overlay-gradient":""}}},"product_brand":[],"product_cat":[65,77,79,80],"product_tag":[136,499,139,148,491,134],"class_list":{"0":"post-4955","1":"product","2":"type-product","3":"status-publish","4":"has-post-thumbnail","6":"product_cat-best-sellers","7":"product_cat-wholesale-womens-shapewear","8":"product_cat-wholesale-seemless-shaperwear","9":"product_cat-wholesale-butt-lift-underwear","10":"product_tag-bridal","11":"product_tag-confidence","12":"product_tag-high-waist","13":"product_tag-one-piece","14":"product_tag-seamless","15":"product_tag-tummy-tucker","16":"pa_color-beige","17":"pa_color-black","18":"pa_size-l","19":"pa_size-m","20":"pa_size-s","21":"pa_size-xl","22":"pa_size-xxl","23":"desktop-align-center","24":"tablet-align-left","25":"mobile-align-left","26":"ast-product-gallery-layout-horizontal-slider","27":"ast-product-single-variable","28":"ast-product-tabs-layout-horizontal","29":"ast-qv-on-image","31":"first","32":"instock","33":"shipping-taxable","34":"purchasable","35":"product-type-variable"},"tiered_pricing_type":"fixed","tiered_pricing_fixed_rules":{"2":6.19,"30":5.79,"500":4.79},"tiered_pricing_product_settings":{"layout":"default","base_unit_name":{"singular":null,"plural":null},"default_variation":{}},"tiered_pricing_minimum_quantity":null,"tiered_pricing_roles_data":[],"tiered_pricing_percentage_rules":[],"_links":{"self":[{"href":"https:\/\/yume-silm.com\/it\/wp-json\/wp\/v2\/product\/4955","targetHints":{"allow":["GET"]}}],"collection":[{"href":"https:\/\/yume-silm.com\/it\/wp-json\/wp\/v2\/product"}],"about":[{"href":"https:\/\/yume-silm.com\/it\/wp-json\/wp\/v2\/types\/product"}],"replies":[{"embeddable":true,"href":"https:\/\/yume-silm.com\/it\/wp-json\/wp\/v2\/comments?post=4955"}],"wp:featuredmedia":[{"embeddable":true,"href":"https:\/\/yume-silm.com\/it\/wp-json\/wp\/v2\/media\/4975"}],"wp:attachment":[{"href":"https:\/\/yume-silm.com\/it\/wp-json\/wp\/v2\/media?parent=4955"}],"wp:term":[{"taxonomy":"product_brand","embeddable":true,"href":"https:\/\/yume-silm.com\/it\/wp-json\/wp\/v2\/product_brand?post=4955"},{"taxonomy":"product_cat","embeddable":true,"href":"https:\/\/yume-silm.com\/it\/wp-json\/wp\/v2\/product_cat?post=4955"},{"taxonomy":"product_tag","embeddable":true,"href":"https:\/\/yume-silm.com\/it\/wp-json\/wp\/v2\/product_tag?post=4955"}],"curies":[{"name":"wp","href":"https:\/\/api.w.org\/{rel}","templated":true}]}}