{"id":5039,"date":"2023-08-02T01:41:52","date_gmt":"2023-08-02T01:41:52","guid":{"rendered":"https:\/\/yume-silm.com\/?post_type=product&#038;p=5039"},"modified":"2024-05-11T05:51:29","modified_gmt":"2024-05-11T05:51:29","slug":"cintura-sudore-in-neoprene-regolabile-ispessita-per-il-controllo-della-pancia","status":"publish","type":"product","link":"https:\/\/yume-silm.com\/it\/prodotto\/cintura-sudore-in-neoprene-regolabile-ispessita-per-il-controllo-della-pancia\/","title":{"rendered":"Cintura antisudore in neoprene all&#039;ingrosso: supporto migliorato"},"content":{"rendered":"<h5>Caratteristiche del progetto<\/h5>\n<ul>\n<li><strong>VESTIBILIT\u00c0 REGOLABILE:<\/strong> Il rifinitore in vita offre un&#039;esperienza di comfort personalizzata, su misura per garantire un supporto ottimale durante gli allenamenti intensi o le attivit\u00e0 quotidiane.<\/li>\n<li><strong>SPESSORE PER IL CONTROLLO DELLA PANCIA:<\/strong> Il delicato design a compressione contorna il punto vita e la nostra cintura antisudore che migliora l&#039;allenamento del sudore ti far\u00e0 sembrare pi\u00f9 snella e pi\u00f9 tonica quando indossata.<\/li>\n<li><strong>MATERIALE IN NEOPRENE TRASPIRANTE:<\/strong> La nostra cintura antisudore da donna favorisce la traspirazione in aree mirate per aiutare nella perdita di peso e nella disintossicazione.<\/li>\n<li><strong>DESIGN UNIFORME VERSATILE:<\/strong> La nostra cintura antisudore in neoprene per uomo e donna \u00e8 adatta a tutti i tipi di corporatura e alle esigenze di fitness.<\/li>\n<li><strong>SUPPORTO MIGLIORATO PER UNA VARIET\u00c0 DI ATTIVIT\u00c0:<\/strong> La cintura dimagrante per girovita fornisce stabilit\u00e0 all&#039;area centrale, garantendo una postura e un allineamento corretti durante gli allenamenti o le routine quotidiane.<\/li>\n<\/ul>\n<h6><em>Rifinitore per cintura dimagrante in neoprene per la perdita di peso, controllo della pancia<\/em><\/h6>\n<ul>\n<li>In sintesi, la nostra cintura antisudore in neoprene \u00e8 molto pi\u00f9 di un semplice controller per la pancia; \u00e8 un accessorio funzionale ed elegante che offre comfort e supporto personalizzati. Per i grossisti che desiderano offrire attrezzature per il fitness di alta qualit\u00e0, questo prodotto \u00e8 un must. Tuffati nel mondo della vendita all&#039;ingrosso con questo pezzo eccezionale. Ordina oggi!<\/li>\n<\/ul>","protected":false},"excerpt":{"rendered":"<p>Migliora la tua attrezzatura per il fitness con la nostra cintura antisudore in neoprene, regolabile e ispessita per un controllo superiore della pancia. Progettato per migliorare il punto vita favorendo la traspirazione, \u00e8 perfetto per gli allenamenti o per l&#039;uso quotidiano, garantendo un aspetto pi\u00f9 snello.<\/p>","protected":false},"featured_media":5052,"comment_status":"open","ping_status":"closed","template":"","meta":{"site-sidebar-layout":"default","site-content-layout":"default","ast-site-content-layout":"default","site-content-style":"default","site-sidebar-style":"default","ast-global-header-display":"","ast-banner-title-visibility":"","ast-main-header-display":"","ast-hfb-above-header-display":"","ast-hfb-below-header-display":"","ast-hfb-mobile-header-display":"","site-post-title":"","ast-breadcrumbs-content":"","ast-featured-img":"","footer-sml-layout":"","ast-disable-related-posts":"","theme-transparent-header-meta":"default","adv-header-id-meta":"","stick-header-meta":"default","header-above-stick-meta":"","header-main-stick-meta":"","header-below-stick-meta":"","astra-migrate-meta-layouts":"set","ast-page-background-enabled":"default","ast-page-background-meta":{"desktop":{"background-color":"","background-image":"","background-repeat":"repeat","background-position":"center center","background-size":"auto","background-attachment":"scroll","background-type":"","background-media":"","overlay-type":"","overlay-color":"","overlay-opacity":"","overlay-gradient":""},"tablet":{"background-color":"","background-image":"","background-repeat":"repeat","background-position":"center center","background-size":"auto","background-attachment":"scroll","background-type":"","background-media":"","overlay-type":"","overlay-color":"","overlay-opacity":"","overlay-gradient":""},"mobile":{"background-color":"","background-image":"","background-repeat":"repeat","background-position":"center center","background-size":"auto","background-attachment":"scroll","background-type":"","background-media":"","overlay-type":"","overlay-color":"","overlay-opacity":"","overlay-gradient":""}},"ast-content-background-meta":{"desktop":{"background-color":"var(--ast-global-color-5)","background-image":"","background-repeat":"repeat","background-position":"center center","background-size":"auto","background-attachment":"scroll","background-type":"","background-media":"","overlay-type":"","overlay-color":"","overlay-opacity":"","overlay-gradient":""},"tablet":{"background-color":"var(--ast-global-color-5)","background-image":"","background-repeat":"repeat","background-position":"center center","background-size":"auto","background-attachment":"scroll","background-type":"","background-media":"","overlay-type":"","overlay-color":"","overlay-opacity":"","overlay-gradient":""},"mobile":{"background-color":"var(--ast-global-color-5)","background-image":"","background-repeat":"repeat","background-position":"center center","background-size":"auto","background-attachment":"scroll","background-type":"","background-media":"","overlay-type":"","overlay-color":"","overlay-opacity":"","overlay-gradient":""}}},"product_brand":[],"product_cat":[76,90,92],"product_tag":[136,198,148,191],"class_list":{"0":"post-5039","1":"product","2":"type-product","3":"status-publish","4":"has-post-thumbnail","6":"product_cat-new-arrivels","7":"product_cat-wholesale-waist-trainer","8":"product_cat-wholesale-waist-girdle","9":"product_tag-bridal","10":"product_tag-hourglass","11":"product_tag-one-piece","12":"product_tag-waist-trainer-with-straps","13":"pa_color-black","14":"pa_color-orange","15":"pa_color-pink","16":"pa_size-free","17":"desktop-align-center","18":"tablet-align-left","19":"mobile-align-left","20":"ast-product-gallery-layout-horizontal-slider","21":"ast-product-single-variable","22":"ast-product-tabs-layout-horizontal","23":"ast-qv-on-image","25":"first","26":"instock","27":"shipping-taxable","28":"purchasable","29":"product-type-variable"},"tiered_pricing_type":"fixed","tiered_pricing_fixed_rules":{"2":5.29,"30":4.99,"100":4.09},"tiered_pricing_product_settings":{"layout":"default","base_unit_name":{"singular":null,"plural":null},"default_variation":{}},"tiered_pricing_minimum_quantity":null,"tiered_pricing_roles_data":[],"tiered_pricing_percentage_rules":[],"_links":{"self":[{"href":"https:\/\/yume-silm.com\/it\/wp-json\/wp\/v2\/product\/5039","targetHints":{"allow":["GET"]}}],"collection":[{"href":"https:\/\/yume-silm.com\/it\/wp-json\/wp\/v2\/product"}],"about":[{"href":"https:\/\/yume-silm.com\/it\/wp-json\/wp\/v2\/types\/product"}],"replies":[{"embeddable":true,"href":"https:\/\/yume-silm.com\/it\/wp-json\/wp\/v2\/comments?post=5039"}],"wp:featuredmedia":[{"embeddable":true,"href":"https:\/\/yume-silm.com\/it\/wp-json\/wp\/v2\/media\/5052"}],"wp:attachment":[{"href":"https:\/\/yume-silm.com\/it\/wp-json\/wp\/v2\/media?parent=5039"}],"wp:term":[{"taxonomy":"product_brand","embeddable":true,"href":"https:\/\/yume-silm.com\/it\/wp-json\/wp\/v2\/product_brand?post=5039"},{"taxonomy":"product_cat","embeddable":true,"href":"https:\/\/yume-silm.com\/it\/wp-json\/wp\/v2\/product_cat?post=5039"},{"taxonomy":"product_tag","embeddable":true,"href":"https:\/\/yume-silm.com\/it\/wp-json\/wp\/v2\/product_tag?post=5039"}],"curies":[{"name":"wp","href":"https:\/\/api.w.org\/{rel}","templated":true}]}}