{"id":5148,"date":"2023-08-05T05:50:44","date_gmt":"2023-08-05T05:50:44","guid":{"rendered":"https:\/\/yume-silm.com\/?post_type=product&#038;p=5148"},"modified":"2023-12-21T06:13:43","modified_gmt":"2023-12-21T06:13:43","slug":"elegante-comfort-body-sculpting-body-antitraccia","status":"publish","type":"product","link":"https:\/\/yume-silm.com\/it\/prodotto\/elegante-comfort-body-sculpting-body-antitraccia\/","title":{"rendered":"Body per scolpire il corpo elegante e confortevole all&#039;ingrosso"},"content":{"rendered":"<h5>Caratteristiche del progetto<\/h5>\n<ul>\n<li><strong>MODELLAMENTO DEL CORPO PER UN CONTORNO ELEGANTE:<\/strong> Il nostro intimo modellante ad alta elasticit\u00e0 \u00e8 stato accuratamente progettato per modellare il corpo e accentuare le tue curve naturali. Il suo tessuto elastico e leggero fornisce una compressione delicata senza costrizione, consentendoti di muoverti liberamente e con sicurezza.<\/li>\n<li><strong>DESIGN SENZA GIUNTE, ASPETTO SENZA GIUNTE:<\/strong> La caratteristica senza cuciture di questi collant garantisce che siano invisibili all&#039;interno dei tuoi vestiti e si adattino perfettamente a qualsiasi outfit. D\u00ec addio a linee e segni visibili per un aspetto pi\u00f9 lucido.<\/li>\n<li><strong>MATERIALE ALTAMENTE ELASTICIZZATO PER IL MASSIMO COMFORT:<\/strong> Questo body modellante per il sollevamento dei glutei con controllo della pancia \u00e8 realizzato in tessuto altamente elasticizzato di alta qualit\u00e0 che si adatta alla forma del tuo corpo e offre una vestibilit\u00e0 lusinghiera e confortevole. Che tu stia partecipando a un evento speciale o facendo commissioni, ti fornisce supporto tutto il giorno senza sentirti troppo stretto.<\/li>\n<li><strong>TESSUTO TRASPIRANTE PER UNA FRESCHEZZA TUTTO IL GIORNO:<\/strong> Questa tuta \u00e8 realizzata con tessuto traspirante che ti far\u00e0 sentire fresco e comodo tutto il giorno. Il tessuto favorisce la circolazione dell&#039;aria e ti mantiene fresco e asciutto anche dopo lunghe ore di utilizzo.<\/li>\n<li><strong>VERSATILE PER OGNI OCCASIONE:<\/strong> Che tu lo indossi con un abbigliamento formale o casual, questo elegante body modellante e confortevole trova il giusto equilibrio tra eleganza e praticit\u00e0. La sua versatilit\u00e0 lo rende un must-have dell&#039;armadio per ogni occasione.<\/li>\n<\/ul>\n<h6><em>Sollevatore di glutei per il controllo della pancia altamente elastico da donna, body modellante senza cuciture taglie forti <\/em><\/h6>\n<ul>\n<li>Abbraccia la versione migliore di te stesso con il nostro elegante body modellante e confortevole. Con il suo design confortevole e antitraccia, abbinato a materiale altamente elastico e traspirante, offre la perfetta combinazione di stile e funzionalit\u00e0. Sperimenta un nuovo livello di sicurezza e equilibrio con questo pezzo eccezionale.<\/li>\n<\/ul>\n<div class=\"ast-oembed-container\" style=\"height: 100%;\"><iframe title=\"Body scolpinte per il corpo elegante e confortevole - antitraccia\" width=\"500\" height=\"281\" src=\"https:\/\/www.youtube.com\/embed\/EKVNvE9XuFQ?feature=oembed\" frameborder=\"0\" allow=\"accelerometer; autoplay; clipboard-write; encrypted-media; gyroscope; picture-in-picture; web-share\" referrerpolicy=\"strict-origin-when-cross-origin\" allowfullscreen><\/iframe><\/div>","protected":false},"excerpt":{"rendered":"<p>Sperimenta la miscela perfetta di comfort ed eleganza con il nostro elegante body modellante per il corpo. Progettato per essere elastico, sottile e traspirante, questo body antisegno modella il tuo corpo perfettamente, garantendo una silhouette aggraziata senza sacrificare il comfort.<\/p>","protected":false},"featured_media":5163,"comment_status":"open","ping_status":"closed","template":"","meta":{"site-sidebar-layout":"default","site-content-layout":"default","ast-site-content-layout":"default","site-content-style":"default","site-sidebar-style":"default","ast-global-header-display":"","ast-banner-title-visibility":"","ast-main-header-display":"","ast-hfb-above-header-display":"","ast-hfb-below-header-display":"","ast-hfb-mobile-header-display":"","site-post-title":"","ast-breadcrumbs-content":"","ast-featured-img":"","footer-sml-layout":"","ast-disable-related-posts":"","theme-transparent-header-meta":"default","adv-header-id-meta":"","stick-header-meta":"default","header-above-stick-meta":"","header-main-stick-meta":"","header-below-stick-meta":"","astra-migrate-meta-layouts":"set","ast-page-background-enabled":"default","ast-page-background-meta":{"desktop":{"background-color":"","background-image":"","background-repeat":"repeat","background-position":"center center","background-size":"auto","background-attachment":"scroll","background-type":"","background-media":"","overlay-type":"","overlay-color":"","overlay-opacity":"","overlay-gradient":""},"tablet":{"background-color":"","background-image":"","background-repeat":"repeat","background-position":"center center","background-size":"auto","background-attachment":"scroll","background-type":"","background-media":"","overlay-type":"","overlay-color":"","overlay-opacity":"","overlay-gradient":""},"mobile":{"background-color":"","background-image":"","background-repeat":"repeat","background-position":"center center","background-size":"auto","background-attachment":"scroll","background-type":"","background-media":"","overlay-type":"","overlay-color":"","overlay-opacity":"","overlay-gradient":""}},"ast-content-background-meta":{"desktop":{"background-color":"var(--ast-global-color-5)","background-image":"","background-repeat":"repeat","background-position":"center center","background-size":"auto","background-attachment":"scroll","background-type":"","background-media":"","overlay-type":"","overlay-color":"","overlay-opacity":"","overlay-gradient":""},"tablet":{"background-color":"var(--ast-global-color-5)","background-image":"","background-repeat":"repeat","background-position":"center center","background-size":"auto","background-attachment":"scroll","background-type":"","background-media":"","overlay-type":"","overlay-color":"","overlay-opacity":"","overlay-gradient":""},"mobile":{"background-color":"var(--ast-global-color-5)","background-image":"","background-repeat":"repeat","background-position":"center center","background-size":"auto","background-attachment":"scroll","background-type":"","background-media":"","overlay-type":"","overlay-color":"","overlay-opacity":"","overlay-gradient":""}}},"product_brand":[],"product_cat":[76,77,79,82],"product_tag":[136,147,148,213],"class_list":{"0":"post-5148","1":"product","2":"type-product","3":"status-publish","4":"has-post-thumbnail","6":"product_cat-new-arrivels","7":"product_cat-wholesale-womens-shapewear","8":"product_cat-wholesale-seemless-shaperwear","9":"product_cat-wholesale-shapewear-bodysuit","10":"product_tag-bridal","11":"product_tag-cross","12":"product_tag-one-piece","13":"product_tag-sleeveless","14":"pa_color-beige","15":"pa_color-black","16":"pa_size-l","17":"pa_size-m","18":"pa_size-s","19":"pa_size-xl","20":"pa_size-xxl","21":"pa_size-xxxl","22":"desktop-align-center","23":"tablet-align-left","24":"mobile-align-left","25":"ast-product-gallery-layout-horizontal-slider","26":"ast-product-single-variable","27":"ast-product-tabs-layout-horizontal","28":"ast-qv-on-image","30":"first","31":"instock","32":"shipping-taxable","33":"purchasable","34":"product-type-variable"},"tiered_pricing_type":"fixed","tiered_pricing_fixed_rules":{"2":4.49,"30":4.09,"500":3.49},"tiered_pricing_product_settings":{"layout":"default","base_unit_name":{"singular":null,"plural":null},"default_variation":null},"tiered_pricing_minimum_quantity":null,"tiered_pricing_roles_data":[],"tiered_pricing_percentage_rules":[],"_links":{"self":[{"href":"https:\/\/yume-silm.com\/it\/wp-json\/wp\/v2\/product\/5148","targetHints":{"allow":["GET"]}}],"collection":[{"href":"https:\/\/yume-silm.com\/it\/wp-json\/wp\/v2\/product"}],"about":[{"href":"https:\/\/yume-silm.com\/it\/wp-json\/wp\/v2\/types\/product"}],"replies":[{"embeddable":true,"href":"https:\/\/yume-silm.com\/it\/wp-json\/wp\/v2\/comments?post=5148"}],"wp:featuredmedia":[{"embeddable":true,"href":"https:\/\/yume-silm.com\/it\/wp-json\/wp\/v2\/media\/5163"}],"wp:attachment":[{"href":"https:\/\/yume-silm.com\/it\/wp-json\/wp\/v2\/media?parent=5148"}],"wp:term":[{"taxonomy":"product_brand","embeddable":true,"href":"https:\/\/yume-silm.com\/it\/wp-json\/wp\/v2\/product_brand?post=5148"},{"taxonomy":"product_cat","embeddable":true,"href":"https:\/\/yume-silm.com\/it\/wp-json\/wp\/v2\/product_cat?post=5148"},{"taxonomy":"product_tag","embeddable":true,"href":"https:\/\/yume-silm.com\/it\/wp-json\/wp\/v2\/product_tag?post=5148"}],"curies":[{"name":"wp","href":"https:\/\/api.w.org\/{rel}","templated":true}]}}