{"id":5172,"date":"2023-08-05T06:09:23","date_gmt":"2023-08-05T06:09:23","guid":{"rendered":"https:\/\/yume-silm.com\/?post_type=product&#038;p=5172"},"modified":"2023-12-21T06:00:47","modified_gmt":"2023-12-21T06:00:47","slug":"body-shapewear-senza-cuciture-regolabile-altamente-elastico","status":"publish","type":"product","link":"https:\/\/yume-silm.com\/it\/prodotto\/body-shapewear-senza-cuciture-regolabile-altamente-elastico\/","title":{"rendered":"Indumenti modellanti senza cuciture per tutto il corpo all&#039;ingrosso: design altamente elastico"},"content":{"rendered":"<h5>Caratteristiche del progetto<\/h5>\n<ul>\n<li><strong>DESIGN SENZA GIUNTE, FORMA LISCIA:<\/strong> L&#039;intimo modellante senza cuciture per tutto il corpo ha un design senza cuciture che garantisce una silhouette liscia e ininterrotta. Non ci sono linee o protuberanze, solo una bella silhouette che enfatizza la tua bellezza naturale.<\/li>\n<li><strong>CINTURINI REGOLABILI PER UNA VESTIBILIT\u00c0 PERSONALIZZATA:<\/strong> Le spalline sottili di questo body modellante sono facilmente regolabili e possono essere personalizzate per adattarsi perfettamente al tuo corpo. Se hai bisogno di una vestibilit\u00e0 pi\u00f9 stretta o pi\u00f9 ampia, la regolazione \u00e8 molto semplice e comoda.<\/li>\n<li><strong>TESSUTO ALTAMENTE ELASTICIZZATO PER UNA MODATURA CONFORTEVOLE:<\/strong> L&#039;uso di un tessuto altamente elasticizzato fa s\u00ec che questo intimo modellante da donna si muova con te, modellando il tuo corpo senza costringerlo. Il tessuto elasticizzato abbraccia delicatamente le tue curve, fornendo supporto senza sacrificare il comfort.<\/li>\n<li><strong>MATERIALE TRASPIRANTE DA INDOSSARE TUTTO IL GIORNO:<\/strong> Il tessuto di questo intimo modellante dimagrante \u00e8 stato progettato pensando alla traspirabilit\u00e0, consentendo la piena circolazione dell&#039;aria. Ci\u00f2 significa che rimarrai fresco e comodo anche dopo lunghi periodi di utilizzo.<\/li>\n<li><strong>PER OGNI OCCASIONE:<\/strong> Che tu ti stia vestendo per un evento speciale o semplicemente desideri apparire al meglio ogni giorno, il sicuro modellatore per il corpo interno \u00e8 il tuo compagno a tutto tondo. Con il suo design elegante e la vestibilit\u00e0 comoda, \u00e8 perfetto per qualsiasi outfit o occasione.<\/li>\n<\/ul>\n<h6><em>Sollevatore di glutei per il controllo della pancia altamente elastico da donna, body modellante senza cuciture taglie forti <\/em><\/h6>\n<ul>\n<li>Scegli un intimo modellante senza cuciture per tutto il corpo per un&#039;esperienza elevata sia in termini di comfort che di stile. Il suo design senza cuciture, abbinato alle spalline regolabili e al tessuto altamente elastico e traspirante, ridefinir\u00e0 il modo in cui ti senti nella tua pelle. Perfeziona il tuo look con questo capo essenziale, progettato pensando alla tua bellezza e al tuo comfort.<\/li>\n<\/ul>\n<div class=\"ast-oembed-container\" style=\"height: 100%;\"><iframe title=\"Indumento modellante per tutto il corpo: senza cuciture, regolabile e altamente elastico\" width=\"500\" height=\"281\" src=\"https:\/\/www.youtube.com\/embed\/C9FoQGgbIi4?feature=oembed\" frameborder=\"0\" allow=\"accelerometer; autoplay; clipboard-write; encrypted-media; gyroscope; picture-in-picture; web-share\" referrerpolicy=\"strict-origin-when-cross-origin\" allowfullscreen><\/iframe><\/div>","protected":false},"excerpt":{"rendered":"<p>Ti presentiamo il body modellante senza cuciture per tutto il corpo: design altamente elastico, sapientemente realizzato per il massimo comfort e stile. Design senza cuciture, spalline sottili regolabili e tessuto altamente elastico e traspirante si uniscono per creare il tuo capo preferito per una silhouette impeccabile.<\/p>","protected":false},"featured_media":5199,"comment_status":"open","ping_status":"closed","template":"","meta":{"site-sidebar-layout":"default","site-content-layout":"default","ast-site-content-layout":"default","site-content-style":"default","site-sidebar-style":"default","ast-global-header-display":"","ast-banner-title-visibility":"","ast-main-header-display":"","ast-hfb-above-header-display":"","ast-hfb-below-header-display":"","ast-hfb-mobile-header-display":"","site-post-title":"","ast-breadcrumbs-content":"","ast-featured-img":"","footer-sml-layout":"","ast-disable-related-posts":"","theme-transparent-header-meta":"default","adv-header-id-meta":"","stick-header-meta":"default","header-above-stick-meta":"","header-main-stick-meta":"","header-below-stick-meta":"","astra-migrate-meta-layouts":"set","ast-page-background-enabled":"default","ast-page-background-meta":{"desktop":{"background-color":"","background-image":"","background-repeat":"repeat","background-position":"center center","background-size":"auto","background-attachment":"scroll","background-type":"","background-media":"","overlay-type":"","overlay-color":"","overlay-opacity":"","overlay-gradient":""},"tablet":{"background-color":"","background-image":"","background-repeat":"repeat","background-position":"center center","background-size":"auto","background-attachment":"scroll","background-type":"","background-media":"","overlay-type":"","overlay-color":"","overlay-opacity":"","overlay-gradient":""},"mobile":{"background-color":"","background-image":"","background-repeat":"repeat","background-position":"center center","background-size":"auto","background-attachment":"scroll","background-type":"","background-media":"","overlay-type":"","overlay-color":"","overlay-opacity":"","overlay-gradient":""}},"ast-content-background-meta":{"desktop":{"background-color":"var(--ast-global-color-5)","background-image":"","background-repeat":"repeat","background-position":"center center","background-size":"auto","background-attachment":"scroll","background-type":"","background-media":"","overlay-type":"","overlay-color":"","overlay-opacity":"","overlay-gradient":""},"tablet":{"background-color":"var(--ast-global-color-5)","background-image":"","background-repeat":"repeat","background-position":"center center","background-size":"auto","background-attachment":"scroll","background-type":"","background-media":"","overlay-type":"","overlay-color":"","overlay-opacity":"","overlay-gradient":""},"mobile":{"background-color":"var(--ast-global-color-5)","background-image":"","background-repeat":"repeat","background-position":"center center","background-size":"auto","background-attachment":"scroll","background-type":"","background-media":"","overlay-type":"","overlay-color":"","overlay-opacity":"","overlay-gradient":""}}},"product_brand":[],"product_cat":[76,77,79,78],"product_tag":[135,136,137,148],"class_list":{"0":"post-5172","1":"product","2":"type-product","3":"status-publish","4":"has-post-thumbnail","6":"product_cat-new-arrivels","7":"product_cat-wholesale-womens-shapewear","8":"product_cat-wholesale-seemless-shaperwear","9":"product_cat-wholesale-full-body-shaper","10":"product_tag-all-in-one","11":"product_tag-bridal","12":"product_tag-butt-lift","13":"product_tag-one-piece","14":"pa_color-beige","15":"pa_color-black","16":"pa_color-brown","17":"pa_size-l","18":"pa_size-m","19":"pa_size-s","20":"pa_size-xl","21":"pa_size-xxl","22":"pa_size-xxxl","23":"desktop-align-center","24":"tablet-align-left","25":"mobile-align-left","26":"ast-product-gallery-layout-horizontal-slider","27":"ast-product-single-variable","28":"ast-product-tabs-layout-horizontal","29":"ast-qv-on-image","31":"first","32":"instock","33":"shipping-taxable","34":"purchasable","35":"product-type-variable"},"tiered_pricing_type":"fixed","tiered_pricing_fixed_rules":{"2":5.09,"30":4.79,"500":3.99},"tiered_pricing_product_settings":{"layout":"default","base_unit_name":{"singular":null,"plural":null},"default_variation":null},"tiered_pricing_minimum_quantity":null,"tiered_pricing_roles_data":[],"tiered_pricing_percentage_rules":[],"_links":{"self":[{"href":"https:\/\/yume-silm.com\/it\/wp-json\/wp\/v2\/product\/5172","targetHints":{"allow":["GET"]}}],"collection":[{"href":"https:\/\/yume-silm.com\/it\/wp-json\/wp\/v2\/product"}],"about":[{"href":"https:\/\/yume-silm.com\/it\/wp-json\/wp\/v2\/types\/product"}],"replies":[{"embeddable":true,"href":"https:\/\/yume-silm.com\/it\/wp-json\/wp\/v2\/comments?post=5172"}],"wp:featuredmedia":[{"embeddable":true,"href":"https:\/\/yume-silm.com\/it\/wp-json\/wp\/v2\/media\/5199"}],"wp:attachment":[{"href":"https:\/\/yume-silm.com\/it\/wp-json\/wp\/v2\/media?parent=5172"}],"wp:term":[{"taxonomy":"product_brand","embeddable":true,"href":"https:\/\/yume-silm.com\/it\/wp-json\/wp\/v2\/product_brand?post=5172"},{"taxonomy":"product_cat","embeddable":true,"href":"https:\/\/yume-silm.com\/it\/wp-json\/wp\/v2\/product_cat?post=5172"},{"taxonomy":"product_tag","embeddable":true,"href":"https:\/\/yume-silm.com\/it\/wp-json\/wp\/v2\/product_tag?post=5172"}],"curies":[{"name":"wp","href":"https:\/\/api.w.org\/{rel}","templated":true}]}}