{"id":5203,"date":"2023-08-05T06:29:30","date_gmt":"2023-08-05T06:29:30","guid":{"rendered":"https:\/\/yume-silm.com\/?post_type=product&#038;p=5203"},"modified":"2023-12-21T05:37:33","modified_gmt":"2023-12-21T05:37:33","slug":"design-senza-cuciture-a-vita-alta","status":"publish","type":"product","link":"https:\/\/yume-silm.com\/it\/prodotto\/design-senza-cuciture-a-vita-alta\/","title":{"rendered":"Perizoma modellante a vita alta all&#039;ingrosso: design con sollevamento del sedere"},"content":{"rendered":"<h5>Caratteristiche del progetto<\/h5>\n<ul>\n<li>DESIGN A VITA ALTA PER IL CONTROLLO DELLA PANCIA: il perizoma modellante a vita alta \u00e8 progettato con un design a vita alta per controllare il grasso della pancia. Leviga e modella la tua pancia, facendoti sembrare pi\u00f9 levigato e sofisticato, facendoti sentire sicuro e fiducioso.<\/li>\n<li>SILICONE ANTISCIVOLO, VESTIBILIT\u00c0 SICURA: non preoccuparti mai pi\u00f9 che l&#039;intimo modellante si sposti durante il giorno. Questo perizoma modellante da donna \u00e8 progettato con silicone antiscivolo per rimanere saldamente in posizione e fornire un supporto continuo senza alcun disagio o necessit\u00e0 di regolazione.<\/li>\n<li>TECNOLOGIA BUTT LIFT PER PIENEZZA NATURALE: dotata di una tecnologia di sollevamento dei glutei appositamente progettata per migliorare le tue curve naturali. Questo intimo modellante aiuta a sollevare e modellare i glutei per un look giovanile e lusinghiero senza imbottitura.<\/li>\n<li>DESIGN SENZA CUCITURE PER UN ABBIGLIAMENTO INVISIBILE: La costruzione senza cuciture di questo perizoma modellante a vita alta: il design con sollevamento del sedere significa che \u00e8 appena percettibile sotto i vestiti. Puoi indossarlo con i tuoi outfit preferiti poich\u00e9 fornisce supporto senza linee o rigonfiamenti visibili.<\/li>\n<li>VERSATILE E CONFORTEVOLE DA INDOSSARE TUTTI I GIORNI: Che tu stia andando a un evento speciale o semplicemente desideri apparire al meglio ogni giorno, il perizoma modellante a vita alta \u00e8 perfetto per ogni occasione. Il suo design confortevole e la sua versatilit\u00e0 lo rendono un must have nell&#039;armadio di tutti.<\/li>\n<\/ul>\n<h6>Infradito modellante senza cuciture da donna<\/h6>\n<ul>\n<li>Il perizoma modellante a vita alta \u00e8 un punto di svolta nel rimodellamento del corpo. Con caratteristiche innovative come il controllo della pancia a vita alta, l&#039;impugnatura antiscivolo in silicone, la tecnologia di sollevamento dei glutei e un design senza cuciture, offre supporto e comfort senza pari. Migliora il tuo stile e la tua sicurezza con questo capo essenziale di intimo modellante.<\/li>\n<\/ul>\n<div class=\"ast-oembed-container\" style=\"height: 100%;\"><iframe title=\"Perizoma modellante a vita alta per il sollevamento del sedere e design senza cuciture\" width=\"500\" height=\"281\" src=\"https:\/\/www.youtube.com\/embed\/pMNCBpZ7BKg?feature=oembed\" frameborder=\"0\" allow=\"accelerometer; autoplay; clipboard-write; encrypted-media; gyroscope; picture-in-picture; web-share\" referrerpolicy=\"strict-origin-when-cross-origin\" allowfullscreen><\/iframe><\/div>","protected":false},"excerpt":{"rendered":"<p>Prova sicurezza e comfort con il perizoma modellante a vita alta: design con sollevamento del sedere. Progettato con vita alta, impugnatura antiscivolo in silicone, tecnologia di sollevamento del sedere e struttura senza cuciture, \u00e8 la soluzione perfetta per una silhouette elegante.<\/p>","protected":false},"featured_media":5225,"comment_status":"open","ping_status":"closed","template":"","meta":{"site-sidebar-layout":"default","site-content-layout":"default","ast-site-content-layout":"default","site-content-style":"default","site-sidebar-style":"default","ast-global-header-display":"","ast-banner-title-visibility":"","ast-main-header-display":"","ast-hfb-above-header-display":"","ast-hfb-below-header-display":"","ast-hfb-mobile-header-display":"","site-post-title":"","ast-breadcrumbs-content":"","ast-featured-img":"","footer-sml-layout":"","ast-disable-related-posts":"","theme-transparent-header-meta":"default","adv-header-id-meta":"","stick-header-meta":"default","header-above-stick-meta":"","header-main-stick-meta":"","header-below-stick-meta":"","astra-migrate-meta-layouts":"set","ast-page-background-enabled":"default","ast-page-background-meta":{"desktop":{"background-color":"","background-image":"","background-repeat":"repeat","background-position":"center center","background-size":"auto","background-attachment":"scroll","background-type":"","background-media":"","overlay-type":"","overlay-color":"","overlay-opacity":"","overlay-gradient":""},"tablet":{"background-color":"","background-image":"","background-repeat":"repeat","background-position":"center center","background-size":"auto","background-attachment":"scroll","background-type":"","background-media":"","overlay-type":"","overlay-color":"","overlay-opacity":"","overlay-gradient":""},"mobile":{"background-color":"","background-image":"","background-repeat":"repeat","background-position":"center center","background-size":"auto","background-attachment":"scroll","background-type":"","background-media":"","overlay-type":"","overlay-color":"","overlay-opacity":"","overlay-gradient":""}},"ast-content-background-meta":{"desktop":{"background-color":"var(--ast-global-color-5)","background-image":"","background-repeat":"repeat","background-position":"center center","background-size":"auto","background-attachment":"scroll","background-type":"","background-media":"","overlay-type":"","overlay-color":"","overlay-opacity":"","overlay-gradient":""},"tablet":{"background-color":"var(--ast-global-color-5)","background-image":"","background-repeat":"repeat","background-position":"center center","background-size":"auto","background-attachment":"scroll","background-type":"","background-media":"","overlay-type":"","overlay-color":"","overlay-opacity":"","overlay-gradient":""},"mobile":{"background-color":"var(--ast-global-color-5)","background-image":"","background-repeat":"repeat","background-position":"center center","background-size":"auto","background-attachment":"scroll","background-type":"","background-media":"","overlay-type":"","overlay-color":"","overlay-opacity":"","overlay-gradient":""}}},"product_brand":[],"product_cat":[76,77,79,80],"product_tag":[137,139,148,144],"class_list":{"0":"post-5203","1":"product","2":"type-product","3":"status-publish","4":"has-post-thumbnail","6":"product_cat-new-arrivels","7":"product_cat-wholesale-womens-shapewear","8":"product_cat-wholesale-seemless-shaperwear","9":"product_cat-wholesale-butt-lift-underwear","10":"product_tag-butt-lift","11":"product_tag-high-waist","12":"product_tag-one-piece","13":"product_tag-slip","14":"pa_color-beige","15":"pa_color-black","16":"pa_color-brown","17":"pa_size-4xl","18":"pa_size-m-l","19":"pa_size-s","20":"pa_size-xl-xxl","21":"pa_size-xxxl","22":"desktop-align-center","23":"tablet-align-left","24":"mobile-align-left","25":"ast-product-gallery-layout-horizontal-slider","26":"ast-product-single-variable","27":"ast-product-tabs-layout-horizontal","28":"ast-qv-on-image","30":"first","31":"instock","32":"shipping-taxable","33":"purchasable","34":"product-type-variable"},"tiered_pricing_type":"fixed","tiered_pricing_fixed_rules":{"2":3.29,"30":3.09,"500":2.59},"tiered_pricing_product_settings":{"layout":"default","base_unit_name":{"singular":null,"plural":null},"default_variation":null},"tiered_pricing_minimum_quantity":null,"tiered_pricing_roles_data":[],"tiered_pricing_percentage_rules":[],"_links":{"self":[{"href":"https:\/\/yume-silm.com\/it\/wp-json\/wp\/v2\/product\/5203","targetHints":{"allow":["GET"]}}],"collection":[{"href":"https:\/\/yume-silm.com\/it\/wp-json\/wp\/v2\/product"}],"about":[{"href":"https:\/\/yume-silm.com\/it\/wp-json\/wp\/v2\/types\/product"}],"replies":[{"embeddable":true,"href":"https:\/\/yume-silm.com\/it\/wp-json\/wp\/v2\/comments?post=5203"}],"wp:featuredmedia":[{"embeddable":true,"href":"https:\/\/yume-silm.com\/it\/wp-json\/wp\/v2\/media\/5225"}],"wp:attachment":[{"href":"https:\/\/yume-silm.com\/it\/wp-json\/wp\/v2\/media?parent=5203"}],"wp:term":[{"taxonomy":"product_brand","embeddable":true,"href":"https:\/\/yume-silm.com\/it\/wp-json\/wp\/v2\/product_brand?post=5203"},{"taxonomy":"product_cat","embeddable":true,"href":"https:\/\/yume-silm.com\/it\/wp-json\/wp\/v2\/product_cat?post=5203"},{"taxonomy":"product_tag","embeddable":true,"href":"https:\/\/yume-silm.com\/it\/wp-json\/wp\/v2\/product_tag?post=5203"}],"curies":[{"name":"wp","href":"https:\/\/api.w.org\/{rel}","templated":true}]}}