{"id":5310,"date":"2023-08-08T04:01:12","date_gmt":"2023-08-08T04:01:12","guid":{"rendered":"https:\/\/yume-silm.com\/?post_type=product&#038;p=5310"},"modified":"2023-12-14T06:11:44","modified_gmt":"2023-12-14T06:11:44","slug":"gonna-reggicalze-modellante-2-in-1-con-imbottitura-sul-petto-a-cavallo-aperto","status":"publish","type":"product","link":"https:\/\/yume-silm.com\/it\/prodotto\/gonna-reggicalze-modellante-2-in-1-con-imbottitura-sul-petto-a-cavallo-aperto\/","title":{"rendered":"Abito reggicalze modellante 2 in 1 all&#039;ingrosso con pettorali"},"content":{"rendered":"<h5>Caratteristiche del progetto<\/h5>\n<ul>\n<li><strong>DESIGN DUE IN UNO:<\/strong> L&#039;esclusivo design due in uno dell&#039;abito modellante ti consente di indossarlo come una canotta o un indumento modellante. Questa flessibilit\u00e0 ti offre pi\u00f9 opzioni per il tuo armadio e ti assicura di avere sempre un bell&#039;aspetto.<\/li>\n<li><strong>IMBOTTITURE DEL REGGISENO INCORPORATE:<\/strong> Gli abiti a vita alta aderenti con reggicalze sexy sono progettati con imbottiture per reggiseno integrate per migliorare le tue curve naturali. Questa caratteristica fornisce la giusta quantit\u00e0 di sollevamento e supporto per una silhouette lusinghiera senza la necessit\u00e0 di un reggiseno aggiuntivo.<\/li>\n<li><strong>CONVENIENZA APERTA sul cavallo:<\/strong> Il design con cavallo aperto \u00e8 stato progettato pensando al tuo comfort per garantire facilit\u00e0 d&#039;uso, soprattutto in caso di emergenza. Ora puoi goderti la giornata con la nostra gonna lunga attillata con reggicalze con apertura sul cavallo senza la solita fatica per rimuoverla.<\/li>\n<li><strong>LOOK STILE ED ELEGANTE:<\/strong> Il design degli abiti body non solo fornisce un&#039;eccellente modellatura del corpo, ma aggiunge anche un tocco di eleganza al tuo abbigliamento. Che lo indossiate in occasioni speciali o tutti i giorni, vi far\u00e0 sentire sofisticate e chic.<\/li>\n<li><strong>TESSUTO DI ALTA QUALIT\u00c0, MASSIMO COMFORT:<\/strong> Il vestito con reggicalze modellante 2 in 1 con imbottitura sul petto \u00e8 realizzato in tessuto di alta qualit\u00e0, morbido sulla pelle, traspirante e si adatta perfettamente. \u00c8 la tua prima scelta per comfort e moda in uno.<\/li>\n<\/ul>\n<h6><em>Nuovi abiti slim fit con reggicalze sexy<\/em><\/h6>\n<ul>\n<li>Il vestito con reggicalze modellante 2 in 1 con imbottiture per il petto \u00e8 un&#039;aggiunta unica a qualsiasi armadio. Il design versatile e l&#039;aspetto elegante del body modellante lo rendono adatto sia per occasioni casual che formali. Con caratteristiche come il cavallo aperto e l&#039;imbottitura sul busto in un unico pezzo, d\u00e0 priorit\u00e0 al comfort e allo stile.<\/li>\n<\/ul>","protected":false},"excerpt":{"rendered":"<p>Ti presentiamo un rivoluzionario abito con reggicalze modellante con imbottiture per il petto che combina senza sforzo stile e funzionalit\u00e0. Caratterizzato da un cavallo aperto per comodit\u00e0 e da un&#039;imbottitura sul petto integrata per un maggiore supporto, \u00e8 la scelta definitiva in termini di eleganza e comfort.<\/p>","protected":false},"featured_media":5329,"comment_status":"open","ping_status":"closed","template":"","meta":{"site-sidebar-layout":"default","site-content-layout":"default","ast-site-content-layout":"default","site-content-style":"default","site-sidebar-style":"default","ast-global-header-display":"","ast-banner-title-visibility":"","ast-main-header-display":"","ast-hfb-above-header-display":"","ast-hfb-below-header-display":"","ast-hfb-mobile-header-display":"","site-post-title":"","ast-breadcrumbs-content":"","ast-featured-img":"","footer-sml-layout":"","ast-disable-related-posts":"","theme-transparent-header-meta":"default","adv-header-id-meta":"","stick-header-meta":"default","header-above-stick-meta":"","header-main-stick-meta":"","header-below-stick-meta":"","astra-migrate-meta-layouts":"set","ast-page-background-enabled":"default","ast-page-background-meta":{"desktop":{"background-color":"","background-image":"","background-repeat":"repeat","background-position":"center center","background-size":"auto","background-attachment":"scroll","background-type":"","background-media":"","overlay-type":"","overlay-color":"","overlay-opacity":"","overlay-gradient":""},"tablet":{"background-color":"","background-image":"","background-repeat":"repeat","background-position":"center center","background-size":"auto","background-attachment":"scroll","background-type":"","background-media":"","overlay-type":"","overlay-color":"","overlay-opacity":"","overlay-gradient":""},"mobile":{"background-color":"","background-image":"","background-repeat":"repeat","background-position":"center center","background-size":"auto","background-attachment":"scroll","background-type":"","background-media":"","overlay-type":"","overlay-color":"","overlay-opacity":"","overlay-gradient":""}},"ast-content-background-meta":{"desktop":{"background-color":"var(--ast-global-color-5)","background-image":"","background-repeat":"repeat","background-position":"center center","background-size":"auto","background-attachment":"scroll","background-type":"","background-media":"","overlay-type":"","overlay-color":"","overlay-opacity":"","overlay-gradient":""},"tablet":{"background-color":"var(--ast-global-color-5)","background-image":"","background-repeat":"repeat","background-position":"center center","background-size":"auto","background-attachment":"scroll","background-type":"","background-media":"","overlay-type":"","overlay-color":"","overlay-opacity":"","overlay-gradient":""},"mobile":{"background-color":"var(--ast-global-color-5)","background-image":"","background-repeat":"repeat","background-position":"center center","background-size":"auto","background-attachment":"scroll","background-type":"","background-media":"","overlay-type":"","overlay-color":"","overlay-opacity":"","overlay-gradient":""}}},"product_brand":[],"product_cat":[76,77,78,82],"product_tag":[187,136,137,141,427],"class_list":{"0":"post-5310","1":"product","2":"type-product","3":"status-publish","4":"has-post-thumbnail","6":"product_cat-new-arrivels","7":"product_cat-wholesale-womens-shapewear","8":"product_cat-wholesale-full-body-shaper","9":"product_cat-wholesale-shapewear-bodysuit","10":"product_tag-2-in-1","11":"product_tag-bridal","12":"product_tag-butt-lift","13":"product_tag-plus-size","14":"product_tag-shaping-bodysuit-dress","15":"pa_color-black","16":"pa_size-l","17":"pa_size-m","18":"pa_size-s","19":"pa_size-xl","20":"pa_size-xxl","21":"pa_size-xxxl","22":"desktop-align-center","23":"tablet-align-left","24":"mobile-align-left","25":"ast-product-gallery-layout-horizontal-slider","26":"ast-product-single-variable","27":"ast-product-tabs-layout-horizontal","28":"ast-qv-on-image","30":"first","31":"instock","32":"shipping-taxable","33":"purchasable","34":"product-type-variable"},"tiered_pricing_type":"fixed","tiered_pricing_fixed_rules":{"2":18.89,"30":17.69,"500":14.69},"tiered_pricing_product_settings":{"layout":"default","base_unit_name":{"singular":null,"plural":null},"default_variation":{}},"tiered_pricing_minimum_quantity":null,"tiered_pricing_roles_data":[],"tiered_pricing_percentage_rules":[],"_links":{"self":[{"href":"https:\/\/yume-silm.com\/it\/wp-json\/wp\/v2\/product\/5310","targetHints":{"allow":["GET"]}}],"collection":[{"href":"https:\/\/yume-silm.com\/it\/wp-json\/wp\/v2\/product"}],"about":[{"href":"https:\/\/yume-silm.com\/it\/wp-json\/wp\/v2\/types\/product"}],"replies":[{"embeddable":true,"href":"https:\/\/yume-silm.com\/it\/wp-json\/wp\/v2\/comments?post=5310"}],"wp:featuredmedia":[{"embeddable":true,"href":"https:\/\/yume-silm.com\/it\/wp-json\/wp\/v2\/media\/5329"}],"wp:attachment":[{"href":"https:\/\/yume-silm.com\/it\/wp-json\/wp\/v2\/media?parent=5310"}],"wp:term":[{"taxonomy":"product_brand","embeddable":true,"href":"https:\/\/yume-silm.com\/it\/wp-json\/wp\/v2\/product_brand?post=5310"},{"taxonomy":"product_cat","embeddable":true,"href":"https:\/\/yume-silm.com\/it\/wp-json\/wp\/v2\/product_cat?post=5310"},{"taxonomy":"product_tag","embeddable":true,"href":"https:\/\/yume-silm.com\/it\/wp-json\/wp\/v2\/product_tag?post=5310"}],"curies":[{"name":"wp","href":"https:\/\/api.w.org\/{rel}","templated":true}]}}