{"id":5349,"date":"2023-08-08T06:40:51","date_gmt":"2023-08-08T06:40:51","guid":{"rendered":"https:\/\/yume-silm.com\/?post_type=product&#038;p=5349"},"modified":"2024-11-06T01:48:56","modified_gmt":"2024-11-06T01:48:56","slug":"abbigliamento-modellante-2-in-1-a-maniche-lunghe-con-gonna-avvolgente","status":"publish","type":"product","link":"https:\/\/yume-silm.com\/it\/prodotto\/abbigliamento-modellante-2-in-1-a-maniche-lunghe-con-gonna-avvolgente\/","title":{"rendered":"Abito a doppio strato a maniche lunghe taglie forti all&#039;ingrosso"},"content":{"rendered":"<h5>Caratteristiche del progetto<\/h5>\n<ul>\n<li>TESSUTO MORBIDO E Lusinghiero: l&#039;abito a doppio strato a maniche lunghe taglie forti \u00e8 realizzato in tessuto modal, le fibre modal sono morbide, lucide e colorate, il tessuto \u00e8 eccezionalmente liscio e ha un&#039;ottima trama drappeggiata, \u00e8 un tessuto mercerizzato naturale.<\/li>\n<li>VERSATILIT\u00c0 8 in 1: l&#039;intimo modellante integrato realizza istantaneamente la modellatura completa del corpo ed evidenzia le curve perfette del corpo. Raggiunge un sollevamento del busto e dei fianchi, oltre a una migliore levigatura della pancia per una silhouette lusinghiera. Lo scollo quadrato dell&#039;abito casual \u00e8 progettato per mettere in risalto la linea del collo e delle spalle, rendendolo pi\u00f9 generoso e bello.<\/li>\n<li>REGGISENO INTEGRATO: questo \u00e8 un vestito sexy. Il tessuto delicato sulla pelle utilizzato nel body modellante integrato \u00e8 leggero e traspirante. Ti far\u00e0 sentire comoda e comoda anche se la indossi tutto il giorno.<\/li>\n<li>DESIGN A FORMA APERTA: il corsetto modellante ha un design manovrabile con cavallo aperto che aggiunge praticit\u00e0 ed \u00e8 molto lusinghiero. Ti permette di andare in bagno senza dover togliere l&#039;intero vestito.<\/li>\n<li>ABBIGLIAMENTO ALLA MODA VERSATILE: Non solo il vestito avvolgente alla moda pu\u00f2 essere utilizzato semplicemente come un vestito avvolgente alla moda, ma il modellante aderente incorporato pu\u00f2 anche essere abbinato ad altri blazer alla moda, jeans e abiti eleganti. L&#039;abito sexy da donna ti consente di realizzare facilmente una variet\u00e0 di abiti per una settimana. Indossa un abito a doppio strato a maniche lunghe taglie forti per fare un tuffo al tuo appuntamento, gala, festa, club e altro ancora.<\/li>\n<\/ul>\n<h6><em>Abito body modellante con reggiseno incorporato<\/em><\/h6>\n<div class=\"ast-oembed-container\" style=\"height: 100%;\"><iframe title=\"Indumento modellante 2 in 1 a maniche lunghe con gonna avvolgente e rete traspirante\" width=\"500\" height=\"281\" src=\"https:\/\/www.youtube.com\/embed\/v4qhRhvceok?feature=oembed\" frameborder=\"0\" allow=\"accelerometer; autoplay; clipboard-write; encrypted-media; gyroscope; picture-in-picture; web-share\" referrerpolicy=\"strict-origin-when-cross-origin\" allowfullscreen><\/iframe><\/div>","protected":false},"excerpt":{"rendered":"<p>Il nostro abito a doppio strato a maniche lunghe taglie forti \u00e8 pi\u00f9 di un semplice capo di abbigliamento, \u00e8 una dichiarazione di eleganza e forza. Il design innovativo unisce forma, stile e praticit\u00e0. Aggiorna il tuo guardaroba oggi!<\/p>","protected":false},"featured_media":5361,"comment_status":"open","ping_status":"closed","template":"","meta":{"site-sidebar-layout":"default","site-content-layout":"default","ast-site-content-layout":"default","site-content-style":"default","site-sidebar-style":"default","ast-global-header-display":"","ast-banner-title-visibility":"","ast-main-header-display":"","ast-hfb-above-header-display":"","ast-hfb-below-header-display":"","ast-hfb-mobile-header-display":"","site-post-title":"","ast-breadcrumbs-content":"","ast-featured-img":"","footer-sml-layout":"","ast-disable-related-posts":"","theme-transparent-header-meta":"default","adv-header-id-meta":"","stick-header-meta":"default","header-above-stick-meta":"","header-main-stick-meta":"","header-below-stick-meta":"","astra-migrate-meta-layouts":"set","ast-page-background-enabled":"default","ast-page-background-meta":{"desktop":{"background-color":"","background-image":"","background-repeat":"repeat","background-position":"center center","background-size":"auto","background-attachment":"scroll","background-type":"","background-media":"","overlay-type":"","overlay-color":"","overlay-opacity":"","overlay-gradient":""},"tablet":{"background-color":"","background-image":"","background-repeat":"repeat","background-position":"center center","background-size":"auto","background-attachment":"scroll","background-type":"","background-media":"","overlay-type":"","overlay-color":"","overlay-opacity":"","overlay-gradient":""},"mobile":{"background-color":"","background-image":"","background-repeat":"repeat","background-position":"center center","background-size":"auto","background-attachment":"scroll","background-type":"","background-media":"","overlay-type":"","overlay-color":"","overlay-opacity":"","overlay-gradient":""}},"ast-content-background-meta":{"desktop":{"background-color":"var(--ast-global-color-5)","background-image":"","background-repeat":"repeat","background-position":"center center","background-size":"auto","background-attachment":"scroll","background-type":"","background-media":"","overlay-type":"","overlay-color":"","overlay-opacity":"","overlay-gradient":""},"tablet":{"background-color":"var(--ast-global-color-5)","background-image":"","background-repeat":"repeat","background-position":"center center","background-size":"auto","background-attachment":"scroll","background-type":"","background-media":"","overlay-type":"","overlay-color":"","overlay-opacity":"","overlay-gradient":""},"mobile":{"background-color":"var(--ast-global-color-5)","background-image":"","background-repeat":"repeat","background-position":"center center","background-size":"auto","background-attachment":"scroll","background-type":"","background-media":"","overlay-type":"","overlay-color":"","overlay-opacity":"","overlay-gradient":""}}},"product_brand":[],"product_cat":[76,77,79,78],"product_tag":[187,135,136,426,183,415,427],"class_list":{"0":"post-5349","1":"product","2":"type-product","3":"status-publish","4":"has-post-thumbnail","6":"product_cat-new-arrivels","7":"product_cat-wholesale-womens-shapewear","8":"product_cat-wholesale-seemless-shaperwear","9":"product_cat-wholesale-full-body-shaper","10":"product_tag-2-in-1","11":"product_tag-all-in-one","12":"product_tag-bridal","13":"product_tag-jumpsuit","14":"product_tag-long-sleeve","15":"product_tag-lose-weight","16":"product_tag-shaping-bodysuit-dress","17":"pa_color-black","18":"pa_size-l","19":"pa_size-m","20":"pa_size-s","21":"pa_size-xl","22":"pa_size-xxl","23":"pa_size-xxxl","24":"desktop-align-center","25":"tablet-align-left","26":"mobile-align-left","27":"ast-product-gallery-layout-horizontal-slider","28":"ast-product-single-variable","29":"ast-product-tabs-layout-horizontal","30":"ast-qv-on-image","32":"first","33":"instock","34":"shipping-taxable","35":"purchasable","36":"product-type-variable"},"tiered_pricing_type":"fixed","tiered_pricing_fixed_rules":{"2":19.59,"30":18.29,"500":15.29},"tiered_pricing_product_settings":{"layout":"default","base_unit_name":{"singular":null,"plural":null},"default_variation":null},"tiered_pricing_minimum_quantity":null,"tiered_pricing_roles_data":[],"tiered_pricing_percentage_rules":[],"_links":{"self":[{"href":"https:\/\/yume-silm.com\/it\/wp-json\/wp\/v2\/product\/5349","targetHints":{"allow":["GET"]}}],"collection":[{"href":"https:\/\/yume-silm.com\/it\/wp-json\/wp\/v2\/product"}],"about":[{"href":"https:\/\/yume-silm.com\/it\/wp-json\/wp\/v2\/types\/product"}],"replies":[{"embeddable":true,"href":"https:\/\/yume-silm.com\/it\/wp-json\/wp\/v2\/comments?post=5349"}],"wp:featuredmedia":[{"embeddable":true,"href":"https:\/\/yume-silm.com\/it\/wp-json\/wp\/v2\/media\/5361"}],"wp:attachment":[{"href":"https:\/\/yume-silm.com\/it\/wp-json\/wp\/v2\/media?parent=5349"}],"wp:term":[{"taxonomy":"product_brand","embeddable":true,"href":"https:\/\/yume-silm.com\/it\/wp-json\/wp\/v2\/product_brand?post=5349"},{"taxonomy":"product_cat","embeddable":true,"href":"https:\/\/yume-silm.com\/it\/wp-json\/wp\/v2\/product_cat?post=5349"},{"taxonomy":"product_tag","embeddable":true,"href":"https:\/\/yume-silm.com\/it\/wp-json\/wp\/v2\/product_tag?post=5349"}],"curies":[{"name":"wp","href":"https:\/\/api.w.org\/{rel}","templated":true}]}}