{"id":5631,"date":"2023-09-13T07:22:40","date_gmt":"2023-09-13T07:22:40","guid":{"rendered":"https:\/\/yume-silm.com\/?post_type=product&#038;p=5631"},"modified":"2024-05-11T06:09:56","modified_gmt":"2024-05-11T06:09:56","slug":"reggiseno-a-coppa-intera-anti-cedimento-di-taglia-grande-per-donne-dal-seno-pieno","status":"publish","type":"product","link":"https:\/\/yume-silm.com\/it\/prodotto\/reggiseno-a-coppa-intera-anti-cedimento-di-taglia-grande-per-donne-dal-seno-pieno\/","title":{"rendered":"Lingerie sexy del reggiseno di pizzo senza spugna da donna all&#039;ingrosso"},"content":{"rendered":"<h5>Caratteristiche del progetto<\/h5>\n<ul>\n<li><strong>PERSONALIZZATO PER GRANDI FORMATI:<\/strong> Il nostro reggiseno in pizzo da donna taglie forti \u00e8 progettato per le donne con il seno pi\u00f9 pieno, garantendo una vestibilit\u00e0 impeccabile e accentuando la bellezza di ogni curva.<\/li>\n<li><strong>ABBELLIMENTI IN PIZZO:<\/strong> Tentazione nascosta. Il tessuto dei nostri reggiseni push-up da donna \u00e8 setoso e confortevole, e gli accenti in pizzo e fiocco non solo aggiungono un tocco di eleganza, ma sono anche pi\u00f9 divertenti e glamour. Appuntamento con fiducia.<\/li>\n<li><strong>DESIGN A COPPA COMPLETA ANTI-SAG:<\/strong> Il nostro reggiseno a copertura totale da donna \u00e8 dotato di tecnologia anti-cedimento all&#039;avanguardia e di un design a coppa intera che sostiene e solleva il seno per una silhouette dall&#039;aspetto naturale.<\/li>\n<li><strong>PI\u00d9 COLORI DISPONIBILI:<\/strong> La nostra collezione di reggiseni in pizzo, tanti colori tra cui scegliere. Colori diversi, umore diverso. Ti suggeriamo di portare a casa l&#039;atmosfera colorata!<\/li>\n<\/ul>\n<h6><em>Reggiseno intimo da donna in pizzo sottile e sexy taglie forti<\/em><\/h6>\n<p>Entra in un mondo in cui lo stile incontra il comfort con il reggiseno Gloss &amp; Grace. Ogni dettaglio, dalla finitura lucida alla tecnologia anti-cedimento, \u00e8 realizzato pensando a te, assicurandoti una sensazione radiosa quanto il tuo aspetto.<\/p>\n<div class=\"ast-oembed-container\" style=\"height: 100%;\"><iframe title=\"Reggiseno a coppa intera anti-cedimento di grandi dimensioni per donne dal seno pieno\" width=\"500\" height=\"281\" src=\"https:\/\/www.youtube.com\/embed\/k6ebCBKeduo?feature=oembed\" frameborder=\"0\" allow=\"accelerometer; autoplay; clipboard-write; encrypted-media; gyroscope; picture-in-picture; web-share\" referrerpolicy=\"strict-origin-when-cross-origin\" allowfullscreen><\/iframe><\/div>","protected":false},"excerpt":{"rendered":"<p>Celebra ogni curva con il reggiseno lingerie da donna in pizzo sexy senza spugna, progettato meticolosamente per le donne a tutto busto. La sua finitura brillante si abbina all&#039;innovativa ammortizzazione laterale e alla possibilit\u00e0 di regolazione, offrendo un mix impeccabile di eleganza e comfort quotidiano. Scopri la tecnologia anti-abbassamento in un design elegante e a tazza piena.<\/p>","protected":false},"featured_media":5686,"comment_status":"open","ping_status":"closed","template":"","meta":{"site-sidebar-layout":"default","site-content-layout":"","ast-site-content-layout":"default","site-content-style":"default","site-sidebar-style":"default","ast-global-header-display":"","ast-banner-title-visibility":"","ast-main-header-display":"","ast-hfb-above-header-display":"","ast-hfb-below-header-display":"","ast-hfb-mobile-header-display":"","site-post-title":"","ast-breadcrumbs-content":"","ast-featured-img":"","footer-sml-layout":"","ast-disable-related-posts":"","theme-transparent-header-meta":"default","adv-header-id-meta":"","stick-header-meta":"default","header-above-stick-meta":"","header-main-stick-meta":"","header-below-stick-meta":"","astra-migrate-meta-layouts":"set","ast-page-background-enabled":"default","ast-page-background-meta":{"desktop":{"background-color":"","background-image":"","background-repeat":"repeat","background-position":"center center","background-size":"auto","background-attachment":"scroll","background-type":"","background-media":"","overlay-type":"","overlay-color":"","overlay-opacity":"","overlay-gradient":""},"tablet":{"background-color":"","background-image":"","background-repeat":"repeat","background-position":"center center","background-size":"auto","background-attachment":"scroll","background-type":"","background-media":"","overlay-type":"","overlay-color":"","overlay-opacity":"","overlay-gradient":""},"mobile":{"background-color":"","background-image":"","background-repeat":"repeat","background-position":"center center","background-size":"auto","background-attachment":"scroll","background-type":"","background-media":"","overlay-type":"","overlay-color":"","overlay-opacity":"","overlay-gradient":""}},"ast-content-background-meta":{"desktop":{"background-color":"var(--ast-global-color-5)","background-image":"","background-repeat":"repeat","background-position":"center center","background-size":"auto","background-attachment":"scroll","background-type":"","background-media":"","overlay-type":"","overlay-color":"","overlay-opacity":"","overlay-gradient":""},"tablet":{"background-color":"var(--ast-global-color-5)","background-image":"","background-repeat":"repeat","background-position":"center center","background-size":"auto","background-attachment":"scroll","background-type":"","background-media":"","overlay-type":"","overlay-color":"","overlay-opacity":"","overlay-gradient":""},"mobile":{"background-color":"var(--ast-global-color-5)","background-image":"","background-repeat":"repeat","background-position":"center center","background-size":"auto","background-attachment":"scroll","background-type":"","background-media":"","overlay-type":"","overlay-color":"","overlay-opacity":"","overlay-gradient":""}}},"product_brand":[],"product_cat":[259,583],"product_tag":[407,485,469,486,463,484,396],"class_list":{"0":"post-5631","1":"product","2":"type-product","3":"status-publish","4":"has-post-thumbnail","6":"product_cat-lingerie","7":"product_cat-plus-size-underwear","8":"product_tag-full-cup-bra","9":"product_tag-no-sponge","10":"product_tag-sexy-lace","11":"product_tag-thin","12":"product_tag-wholesale","13":"product_tag-wholesale-price","14":"product_tag-womens-underwear","15":"pa_color-beige","16":"pa_color-black","17":"pa_color-dark-blue","18":"pa_color-khaki","19":"pa_color-pink","20":"pa_color-red","21":"pa_color-white","22":"pa_size-36-80e","23":"pa_size-38-85e","24":"pa_size-40-90e","25":"pa_size-42-95e","26":"pa_size-44-100e","27":"pa_size-46-105e","28":"desktop-align-center","29":"tablet-align-left","30":"mobile-align-left","31":"ast-product-gallery-layout-horizontal-slider","32":"ast-product-single-variable","33":"ast-product-tabs-layout-horizontal","34":"ast-qv-on-image","36":"first","37":"instock","38":"shipping-taxable","39":"purchasable","40":"product-type-variable"},"tiered_pricing_type":"fixed","tiered_pricing_fixed_rules":{"2":4.39,"30":3.79,"100":3.29},"tiered_pricing_product_settings":{"layout":"default","base_unit_name":{"singular":null,"plural":null},"default_variation":null},"tiered_pricing_minimum_quantity":null,"tiered_pricing_roles_data":[],"tiered_pricing_percentage_rules":[],"_links":{"self":[{"href":"https:\/\/yume-silm.com\/it\/wp-json\/wp\/v2\/product\/5631","targetHints":{"allow":["GET"]}}],"collection":[{"href":"https:\/\/yume-silm.com\/it\/wp-json\/wp\/v2\/product"}],"about":[{"href":"https:\/\/yume-silm.com\/it\/wp-json\/wp\/v2\/types\/product"}],"replies":[{"embeddable":true,"href":"https:\/\/yume-silm.com\/it\/wp-json\/wp\/v2\/comments?post=5631"}],"wp:featuredmedia":[{"embeddable":true,"href":"https:\/\/yume-silm.com\/it\/wp-json\/wp\/v2\/media\/5686"}],"wp:attachment":[{"href":"https:\/\/yume-silm.com\/it\/wp-json\/wp\/v2\/media?parent=5631"}],"wp:term":[{"taxonomy":"product_brand","embeddable":true,"href":"https:\/\/yume-silm.com\/it\/wp-json\/wp\/v2\/product_brand?post=5631"},{"taxonomy":"product_cat","embeddable":true,"href":"https:\/\/yume-silm.com\/it\/wp-json\/wp\/v2\/product_cat?post=5631"},{"taxonomy":"product_tag","embeddable":true,"href":"https:\/\/yume-silm.com\/it\/wp-json\/wp\/v2\/product_tag?post=5631"}],"curies":[{"name":"wp","href":"https:\/\/api.w.org\/{rel}","templated":true}]}}