{"id":5894,"date":"2023-09-14T06:17:07","date_gmt":"2023-09-14T06:17:07","guid":{"rendered":"https:\/\/yume-silm.com\/?post_type=product&#038;p=5894"},"modified":"2024-05-11T06:19:41","modified_gmt":"2024-05-11T06:19:41","slug":"reggiseno-di-bellezza-allingrosso-in-pizzo-di-grandi-dimensioni-in-tinta-unita-con-retro","status":"publish","type":"product","link":"https:\/\/yume-silm.com\/it\/prodotto\/reggiseno-di-bellezza-allingrosso-in-pizzo-di-grandi-dimensioni-in-tinta-unita-con-retro\/","title":{"rendered":"Reggiseno da donna all&#039;ingrosso Beauty Back Lace E-Cup Plus Size"},"content":{"rendered":"<h5>Caratteristiche del progetto<\/h5>\n<ul>\n<li><strong>DESIGN ELEGANTE DELLA SCHIENA:<\/strong> I dettagli del reggiseno in pizzo e-cup plus size sul retro sono uno spettacolo, perfetto per top senza schienale o abiti che fanno brillare la schiena! Si abbina perfettamente a top o abiti senza schienale. Sfoggiatelo con orgoglio!<\/li>\n<li><strong>CARATTERISTICHE DI GRANDI DIMENSIONI:<\/strong> Il nostro reggiseno con ferretto a figura intera da donna \u00e8 progettato per le figure formose e si adatta alle coppe E e pi\u00f9 grandi, garantendo una vestibilit\u00e0 sicura e confortevole senza compromettere l&#039;estetica.<\/li>\n<li><strong>TINTA UNITA SQUISITA:<\/strong> La nostra collezione di reggiseni in pizzo con retro beauty presenta semplici colori a tinta unita adatti a qualsiasi armadio o occasione, rendendo questo reggiseno in tinta unita versatile e comodo da indossare.<\/li>\n<li><strong>RIVESTIMENTO IN PIZZO SEXY:<\/strong> Un delicato strato esterno in pizzo aggiunge un fattore extra sexy, assicurandoti di avere un bell&#039;aspetto e di sentirti bene allo stesso tempo! Scegli dalla nostra collezione di biancheria intima taglie forti in tinta unita!<\/li>\n<li><strong>DISPONIBILIT\u00c0 ALL&#039;INGROSSO:<\/strong> La lingerie taglie forti da donna \u00e8 perfetta per i rivenditori! Vendere in grandi quantit\u00e0 ai rivenditori a prezzi all&#039;ingrosso \u00e8 redditizio, rendendo questa collezione un prodotto redditizio per i rivenditori.<\/li>\n<\/ul>\n<h6><em>Reggiseno in pizzo con reggiseno a coppa e tinta unita con retro di bellezza di grandi dimensioni<\/em><\/h6>\n<ul>\n<li>Entra in un mondo in cui lo stile incontra la sostanza. Il reggiseno beauty-back in pizzo e-cup plus size \u00e8 pi\u00f9 di un capo intimo; fornisce alle donne una spinta di fiducia. Indipendentemente dalle dimensioni o dalle esigenze, Lace Elegance offre uno stile di qualit\u00e0 e un comfort insuperabile, ideale per acquisti individuali o stock al dettaglio!<\/li>\n<\/ul>","protected":false},"excerpt":{"rendered":"<p>Creato appositamente per soddisfare le esigenze delle donne emancipate, questo reggiseno bellezza coppa E in pizzo plus size presenta un elegante retro in pizzo ed \u00e8 realizzato su misura per la coppa E e le taglie pi\u00f9 grandi. Fai una dichiarazione indimenticabile nella tua collezione.<\/p>","protected":false},"featured_media":5922,"comment_status":"open","ping_status":"closed","template":"","meta":{"site-sidebar-layout":"default","site-content-layout":"","ast-site-content-layout":"default","site-content-style":"default","site-sidebar-style":"default","ast-global-header-display":"","ast-banner-title-visibility":"","ast-main-header-display":"","ast-hfb-above-header-display":"","ast-hfb-below-header-display":"","ast-hfb-mobile-header-display":"","site-post-title":"","ast-breadcrumbs-content":"","ast-featured-img":"","footer-sml-layout":"","ast-disable-related-posts":"","theme-transparent-header-meta":"default","adv-header-id-meta":"","stick-header-meta":"default","header-above-stick-meta":"","header-main-stick-meta":"","header-below-stick-meta":"","astra-migrate-meta-layouts":"set","ast-page-background-enabled":"default","ast-page-background-meta":{"desktop":{"background-color":"","background-image":"","background-repeat":"repeat","background-position":"center center","background-size":"auto","background-attachment":"scroll","background-type":"","background-media":"","overlay-type":"","overlay-color":"","overlay-opacity":"","overlay-gradient":""},"tablet":{"background-color":"","background-image":"","background-repeat":"repeat","background-position":"center center","background-size":"auto","background-attachment":"scroll","background-type":"","background-media":"","overlay-type":"","overlay-color":"","overlay-opacity":"","overlay-gradient":""},"mobile":{"background-color":"","background-image":"","background-repeat":"repeat","background-position":"center center","background-size":"auto","background-attachment":"scroll","background-type":"","background-media":"","overlay-type":"","overlay-color":"","overlay-opacity":"","overlay-gradient":""}},"ast-content-background-meta":{"desktop":{"background-color":"var(--ast-global-color-5)","background-image":"","background-repeat":"repeat","background-position":"center center","background-size":"auto","background-attachment":"scroll","background-type":"","background-media":"","overlay-type":"","overlay-color":"","overlay-opacity":"","overlay-gradient":""},"tablet":{"background-color":"var(--ast-global-color-5)","background-image":"","background-repeat":"repeat","background-position":"center center","background-size":"auto","background-attachment":"scroll","background-type":"","background-media":"","overlay-type":"","overlay-color":"","overlay-opacity":"","overlay-gradient":""},"mobile":{"background-color":"var(--ast-global-color-5)","background-image":"","background-repeat":"repeat","background-position":"center center","background-size":"auto","background-attachment":"scroll","background-type":"","background-media":"","overlay-type":"","overlay-color":"","overlay-opacity":"","overlay-gradient":""}}},"product_brand":[],"product_cat":[259,583],"product_tag":[395,400,469,463,434,396],"class_list":{"0":"post-5894","1":"product","2":"type-product","3":"status-publish","4":"has-post-thumbnail","6":"product_cat-lingerie","7":"product_cat-plus-size-underwear","8":"product_tag-beautiful-back-bra","9":"product_tag-plus-size-bra","10":"product_tag-sexy-lace","11":"product_tag-wholesale","12":"product_tag-womens-full-cup-bra","13":"product_tag-womens-underwear","14":"pa_color-beige","15":"pa_color-black","16":"pa_color-red","17":"pa_color-white","18":"pa_size-40-90e","19":"pa_size-42-95e","20":"pa_size-44-100e","21":"pa_size-46-105e","22":"pa_size-48-110e","23":"pa_size-50-115e","24":"desktop-align-center","25":"tablet-align-left","26":"mobile-align-left","27":"ast-product-gallery-layout-horizontal-slider","28":"ast-product-single-variable","29":"ast-product-tabs-layout-horizontal","30":"ast-qv-on-image","32":"first","33":"instock","34":"shipping-taxable","35":"purchasable","36":"product-type-variable"},"tiered_pricing_type":"fixed","tiered_pricing_fixed_rules":{"2":4.69,"30":3.99,"100":3.49},"tiered_pricing_product_settings":{"layout":"default","base_unit_name":{"singular":null,"plural":null},"default_variation":null},"tiered_pricing_minimum_quantity":null,"tiered_pricing_roles_data":[],"tiered_pricing_percentage_rules":[],"_links":{"self":[{"href":"https:\/\/yume-silm.com\/it\/wp-json\/wp\/v2\/product\/5894","targetHints":{"allow":["GET"]}}],"collection":[{"href":"https:\/\/yume-silm.com\/it\/wp-json\/wp\/v2\/product"}],"about":[{"href":"https:\/\/yume-silm.com\/it\/wp-json\/wp\/v2\/types\/product"}],"replies":[{"embeddable":true,"href":"https:\/\/yume-silm.com\/it\/wp-json\/wp\/v2\/comments?post=5894"}],"wp:featuredmedia":[{"embeddable":true,"href":"https:\/\/yume-silm.com\/it\/wp-json\/wp\/v2\/media\/5922"}],"wp:attachment":[{"href":"https:\/\/yume-silm.com\/it\/wp-json\/wp\/v2\/media?parent=5894"}],"wp:term":[{"taxonomy":"product_brand","embeddable":true,"href":"https:\/\/yume-silm.com\/it\/wp-json\/wp\/v2\/product_brand?post=5894"},{"taxonomy":"product_cat","embeddable":true,"href":"https:\/\/yume-silm.com\/it\/wp-json\/wp\/v2\/product_cat?post=5894"},{"taxonomy":"product_tag","embeddable":true,"href":"https:\/\/yume-silm.com\/it\/wp-json\/wp\/v2\/product_tag?post=5894"}],"curies":[{"name":"wp","href":"https:\/\/api.w.org\/{rel}","templated":true}]}}