{"id":5933,"date":"2023-09-14T06:48:37","date_gmt":"2023-09-14T06:48:37","guid":{"rendered":"https:\/\/yume-silm.com\/?post_type=product&#038;p=5933"},"modified":"2024-05-11T06:21:39","modified_gmt":"2024-05-11T06:21:39","slug":"reggiseno-in-pizzo-e-coppa-allingrosso-squisito-per-la-donna-moderna","status":"publish","type":"product","link":"https:\/\/yume-silm.com\/it\/prodotto\/reggiseno-in-pizzo-e-coppa-allingrosso-squisito-per-la-donna-moderna\/","title":{"rendered":"Reggiseno E-Cup in pizzo sottile da donna all&#039;ingrosso"},"content":{"rendered":"<h5>Caratteristiche del progetto<\/h5>\n<ul>\n<li><strong>REGGISENO PROGETTATO PER E-CUPS:<\/strong> Progettata per abbracciare tutte le curve di una donna E-Cup, questa nostra collezione di lingerie da donna \u00e8 attentamente personalizzata in base alla forma del corpo, dal ferretto alla silhouette, per cullare e sostenere un seno pi\u00f9 pieno.<\/li>\n<li><strong>DESIGN PUSH UP PER IL SOLLEVAMENTO DEL SENO:<\/strong> La delicata funzione push-up del reggiseno in acciaio a coppa intera dona al tuo seno un ulteriore sollevamento, aggiungendo ulteriore sicurezza alla tua giornata.<\/li>\n<li><strong>VESTIBILIT\u00c0 CONFORTEVOLE:<\/strong> La retrazione regolabile del seno del reggiseno con ferretto in acciaio stampato fornisce un supporto lusinghiero per migliorare ulteriormente la tua silhouette fornendo al tempo stesso il comfort che desideri.<\/li>\n<li><strong>DESIGN ELEGANTE DEL PIZZO:<\/strong> Il delicato design in pizzo aggiunge un tocco di eleganza e sensualit\u00e0 a questa elegante biancheria intima taglie forti, rendendola non solo pratica ma anche sexy, sicuramente un capo indispensabile per te.<\/li>\n<li><strong>MULTIFUNZIONE REGOLABILE:<\/strong> Questo semplice reggiseno in pizzo taglie forti ha spalline regolabili per una vestibilit\u00e0 perfetta ogni volta!<\/li>\n<\/ul>\n<h6><em>Collezione seno laterale regolabile in pizzo di grandi dimensioni sexy con anello intimo in acciaio<\/em><\/h6>\n<ul>\n<li>Artigianato, comfort e carisma tutto in uno! Senti e vedi la differenza non appena indossi questo reggiseno a coppa E in pizzo sottile da donna taglie forti. Non dovrai pi\u00f9 fare concessioni nella scelta della tua lingerie; abbraccia qualcosa che celebri chi sei!<\/li>\n<\/ul>","protected":false},"excerpt":{"rendered":"<p>Progettato per accentuare la bellezza naturale del seno a coppa E, questo reggiseno a coppa E in pizzo sottile da donna di taglia grande offre comfort, bellezza e funzionalit\u00e0 fornendo allo stesso tempo supporto e sensualit\u00e0 per le donne con seno pi\u00f9 grande.<\/p>","protected":false},"featured_media":5976,"comment_status":"open","ping_status":"closed","template":"","meta":{"site-sidebar-layout":"default","site-content-layout":"","ast-site-content-layout":"default","site-content-style":"default","site-sidebar-style":"default","ast-global-header-display":"","ast-banner-title-visibility":"","ast-main-header-display":"","ast-hfb-above-header-display":"","ast-hfb-below-header-display":"","ast-hfb-mobile-header-display":"","site-post-title":"","ast-breadcrumbs-content":"","ast-featured-img":"","footer-sml-layout":"","ast-disable-related-posts":"","theme-transparent-header-meta":"default","adv-header-id-meta":"","stick-header-meta":"default","header-above-stick-meta":"","header-main-stick-meta":"","header-below-stick-meta":"","astra-migrate-meta-layouts":"set","ast-page-background-enabled":"default","ast-page-background-meta":{"desktop":{"background-color":"","background-image":"","background-repeat":"repeat","background-position":"center center","background-size":"auto","background-attachment":"scroll","background-type":"","background-media":"","overlay-type":"","overlay-color":"","overlay-opacity":"","overlay-gradient":""},"tablet":{"background-color":"","background-image":"","background-repeat":"repeat","background-position":"center center","background-size":"auto","background-attachment":"scroll","background-type":"","background-media":"","overlay-type":"","overlay-color":"","overlay-opacity":"","overlay-gradient":""},"mobile":{"background-color":"","background-image":"","background-repeat":"repeat","background-position":"center center","background-size":"auto","background-attachment":"scroll","background-type":"","background-media":"","overlay-type":"","overlay-color":"","overlay-opacity":"","overlay-gradient":""}},"ast-content-background-meta":{"desktop":{"background-color":"var(--ast-global-color-5)","background-image":"","background-repeat":"repeat","background-position":"center center","background-size":"auto","background-attachment":"scroll","background-type":"","background-media":"","overlay-type":"","overlay-color":"","overlay-opacity":"","overlay-gradient":""},"tablet":{"background-color":"var(--ast-global-color-5)","background-image":"","background-repeat":"repeat","background-position":"center center","background-size":"auto","background-attachment":"scroll","background-type":"","background-media":"","overlay-type":"","overlay-color":"","overlay-opacity":"","overlay-gradient":""},"mobile":{"background-color":"var(--ast-global-color-5)","background-image":"","background-repeat":"repeat","background-position":"center center","background-size":"auto","background-attachment":"scroll","background-type":"","background-media":"","overlay-type":"","overlay-color":"","overlay-opacity":"","overlay-gradient":""}}},"product_brand":[],"product_cat":[259,583],"product_tag":[473,400,397,402,434],"class_list":{"0":"post-5933","1":"product","2":"type-product","3":"status-publish","4":"has-post-thumbnail","6":"product_cat-lingerie","7":"product_cat-plus-size-underwear","8":"product_tag-lace","9":"product_tag-plus-size-bra","10":"product_tag-plus-size-underwear","11":"product_tag-womens-bra","12":"product_tag-womens-full-cup-bra","13":"pa_color-beige","14":"pa_color-black","15":"pa_color-gray","16":"pa_color-pink","17":"pa_color-purple","18":"pa_color-white","19":"pa_size-36-80e","20":"pa_size-38-85e","21":"pa_size-40-90e","22":"pa_size-42-95e","23":"pa_size-44-100e","24":"pa_size-46-105e","25":"desktop-align-center","26":"tablet-align-left","27":"mobile-align-left","28":"ast-product-gallery-layout-horizontal-slider","29":"ast-product-single-variable","30":"ast-product-tabs-layout-horizontal","31":"ast-qv-on-image","33":"first","34":"instock","35":"shipping-taxable","36":"purchasable","37":"product-type-variable"},"tiered_pricing_type":"fixed","tiered_pricing_fixed_rules":{"2":4.39,"30":3.79,"100":3.29},"tiered_pricing_product_settings":{"layout":"default","base_unit_name":{"singular":null,"plural":null},"default_variation":null},"tiered_pricing_minimum_quantity":null,"tiered_pricing_roles_data":[],"tiered_pricing_percentage_rules":[],"_links":{"self":[{"href":"https:\/\/yume-silm.com\/it\/wp-json\/wp\/v2\/product\/5933","targetHints":{"allow":["GET"]}}],"collection":[{"href":"https:\/\/yume-silm.com\/it\/wp-json\/wp\/v2\/product"}],"about":[{"href":"https:\/\/yume-silm.com\/it\/wp-json\/wp\/v2\/types\/product"}],"replies":[{"embeddable":true,"href":"https:\/\/yume-silm.com\/it\/wp-json\/wp\/v2\/comments?post=5933"}],"wp:featuredmedia":[{"embeddable":true,"href":"https:\/\/yume-silm.com\/it\/wp-json\/wp\/v2\/media\/5976"}],"wp:attachment":[{"href":"https:\/\/yume-silm.com\/it\/wp-json\/wp\/v2\/media?parent=5933"}],"wp:term":[{"taxonomy":"product_brand","embeddable":true,"href":"https:\/\/yume-silm.com\/it\/wp-json\/wp\/v2\/product_brand?post=5933"},{"taxonomy":"product_cat","embeddable":true,"href":"https:\/\/yume-silm.com\/it\/wp-json\/wp\/v2\/product_cat?post=5933"},{"taxonomy":"product_tag","embeddable":true,"href":"https:\/\/yume-silm.com\/it\/wp-json\/wp\/v2\/product_tag?post=5933"}],"curies":[{"name":"wp","href":"https:\/\/api.w.org\/{rel}","templated":true}]}}