{"id":6176,"date":"2023-09-15T03:29:17","date_gmt":"2023-09-15T03:29:17","guid":{"rendered":"https:\/\/yume-silm.com\/?post_type=product&#038;p=6176"},"modified":"2024-05-11T06:35:19","modified_gmt":"2024-05-11T06:35:19","slug":"set-reggiseno-in-pizzo-ultrasottile-eleganza-plus-size-allingrosso","status":"publish","type":"product","link":"https:\/\/yume-silm.com\/it\/prodotto\/set-reggiseno-in-pizzo-ultrasottile-eleganza-plus-size-allingrosso\/","title":{"rendered":"Set di biancheria intima taglie forti in cotone pizzo all&#039;ingrosso"},"content":{"rendered":"<h5>Caratteristiche del progetto<\/h5>\n<ul>\n<li><strong>SET DI INTIMO SEXY IN DUE PEZZI:<\/strong> Set di due pezzi di lingerie da donna lusinghiero e confortevole, il design in pizzo semitrasparente \u00e8 la giusta quantit\u00e0 per tirare le corde del cuore e il cotone \u00e8 delicato sulla pelle per migliorare meglio la traspirabilit\u00e0 della pelle. Questa collezione di intimo da donna in pizzo di cotone a due pezzi \u00e8 una miscela perfetta di modestia e seduzione.<\/li>\n<li><strong>INTIMO PER DONNE DI TAGLIE GRANDI:<\/strong> La nostra biancheria intima abbinata a coppe complete soddisfa le esigenze specifiche delle donne taglie forti con un&#039;ampia gamma di taglie tra cui scegliere. Si adatta facilmente alle tue curve naturali, aggiungendo sicurezza e sensualit\u00e0 a qualsiasi look o outfit.<\/li>\n<li><strong>COMFORT E SUPPORTO:<\/strong> Il nostro set di reggiseno e biancheria intima di grandi dimensioni ti consente di sperimentare il lusso e la natura. Fornisce un supporto fluido e praticamente senza peso, fornendo allo stesso tempo un&#039;ammortizzazione essenziale per un comfort senza precedenti.<\/li>\n<li><strong>DISPONIBILIT\u00c0 ALL&#039;INGROSSO:<\/strong> Per le aziende e i rivenditori, il fatto che gli acquisti all&#039;ingrosso siano ora disponibili \u00e8 una testimonianza del nostro impegno nel fornire prodotti di lingerie di qualit\u00e0 a ogni donna che li cerca. Vieni a ordinare il tuo set di biancheria intima taglie forti in cotone pizzo!<\/li>\n<\/ul>\n<h6><em>Completo intimo da donna in pizzo di taglia grande<\/em><\/h6>\n<ul>\n<li>Dotato di coppe ultrasottili, questo set di biancheria intima taglie forti in cotone e pizzo non \u00e8 solo comodo, ma ha anche un seducente design in pizzo. Progettato per soddisfare le esigenze della moderna donna plus size. Si rifiutano di sacrificare lo stile o il comfort per la moda o l&#039;aspetto. Sarai immerso in un mondo di lusso e sicurezza ad ogni indosso!<\/li>\n<\/ul>","protected":false},"excerpt":{"rendered":"<p>Prova la massima raffinatezza con il set di biancheria intima taglie forti in cotone e pizzo! Dotato di una coppa ultrasottile e di un seducente design in pizzo semitrasparente, questo completo non solo emana un fascino ineguagliabile, ma fornisce anche una riduzione secondaria del seno per una silhouette esteticamente gradevole, rendendo questo set perfetto per le donne che cercano stile e comfort allo stesso tempo!<\/p>","protected":false},"featured_media":6191,"comment_status":"open","ping_status":"closed","template":"","meta":{"site-sidebar-layout":"default","site-content-layout":"","ast-site-content-layout":"default","site-content-style":"default","site-sidebar-style":"default","ast-global-header-display":"","ast-banner-title-visibility":"","ast-main-header-display":"","ast-hfb-above-header-display":"","ast-hfb-below-header-display":"","ast-hfb-mobile-header-display":"","site-post-title":"","ast-breadcrumbs-content":"","ast-featured-img":"","footer-sml-layout":"","ast-disable-related-posts":"","theme-transparent-header-meta":"default","adv-header-id-meta":"","stick-header-meta":"default","header-above-stick-meta":"","header-main-stick-meta":"","header-below-stick-meta":"","astra-migrate-meta-layouts":"set","ast-page-background-enabled":"default","ast-page-background-meta":{"desktop":{"background-color":"","background-image":"","background-repeat":"repeat","background-position":"center center","background-size":"auto","background-attachment":"scroll","background-type":"","background-media":"","overlay-type":"","overlay-color":"","overlay-opacity":"","overlay-gradient":""},"tablet":{"background-color":"","background-image":"","background-repeat":"repeat","background-position":"center center","background-size":"auto","background-attachment":"scroll","background-type":"","background-media":"","overlay-type":"","overlay-color":"","overlay-opacity":"","overlay-gradient":""},"mobile":{"background-color":"","background-image":"","background-repeat":"repeat","background-position":"center center","background-size":"auto","background-attachment":"scroll","background-type":"","background-media":"","overlay-type":"","overlay-color":"","overlay-opacity":"","overlay-gradient":""}},"ast-content-background-meta":{"desktop":{"background-color":"var(--ast-global-color-5)","background-image":"","background-repeat":"repeat","background-position":"center center","background-size":"auto","background-attachment":"scroll","background-type":"","background-media":"","overlay-type":"","overlay-color":"","overlay-opacity":"","overlay-gradient":""},"tablet":{"background-color":"var(--ast-global-color-5)","background-image":"","background-repeat":"repeat","background-position":"center center","background-size":"auto","background-attachment":"scroll","background-type":"","background-media":"","overlay-type":"","overlay-color":"","overlay-opacity":"","overlay-gradient":""},"mobile":{"background-color":"var(--ast-global-color-5)","background-image":"","background-repeat":"repeat","background-position":"center center","background-size":"auto","background-attachment":"scroll","background-type":"","background-media":"","overlay-type":"","overlay-color":"","overlay-opacity":"","overlay-gradient":""}}},"product_brand":[],"product_cat":[259,583],"product_tag":[397,438],"class_list":{"0":"post-6176","1":"product","2":"type-product","3":"status-publish","4":"has-post-thumbnail","6":"product_cat-lingerie","7":"product_cat-plus-size-underwear","8":"product_tag-plus-size-underwear","9":"product_tag-sexy-lingerie","10":"pa_color-black","11":"pa_color-red","12":"pa_size-38-85d","13":"pa_size-40-90d","14":"pa_size-42-95d","15":"pa_size-44-100d","16":"pa_size-46-105d","17":"pa_size-48-110d","18":"desktop-align-center","19":"tablet-align-left","20":"mobile-align-left","21":"ast-product-gallery-layout-horizontal-slider","22":"ast-product-single-variable","23":"ast-product-tabs-layout-horizontal","24":"ast-qv-on-image","26":"first","27":"instock","28":"shipping-taxable","29":"purchasable","30":"product-type-variable"},"tiered_pricing_type":"fixed","tiered_pricing_fixed_rules":{"2":7.19,"30":6.19,"100":5.39},"tiered_pricing_product_settings":{"layout":"default","base_unit_name":{"singular":null,"plural":null},"default_variation":null},"tiered_pricing_minimum_quantity":null,"tiered_pricing_roles_data":[],"tiered_pricing_percentage_rules":[],"_links":{"self":[{"href":"https:\/\/yume-silm.com\/it\/wp-json\/wp\/v2\/product\/6176","targetHints":{"allow":["GET"]}}],"collection":[{"href":"https:\/\/yume-silm.com\/it\/wp-json\/wp\/v2\/product"}],"about":[{"href":"https:\/\/yume-silm.com\/it\/wp-json\/wp\/v2\/types\/product"}],"replies":[{"embeddable":true,"href":"https:\/\/yume-silm.com\/it\/wp-json\/wp\/v2\/comments?post=6176"}],"wp:featuredmedia":[{"embeddable":true,"href":"https:\/\/yume-silm.com\/it\/wp-json\/wp\/v2\/media\/6191"}],"wp:attachment":[{"href":"https:\/\/yume-silm.com\/it\/wp-json\/wp\/v2\/media?parent=6176"}],"wp:term":[{"taxonomy":"product_brand","embeddable":true,"href":"https:\/\/yume-silm.com\/it\/wp-json\/wp\/v2\/product_brand?post=6176"},{"taxonomy":"product_cat","embeddable":true,"href":"https:\/\/yume-silm.com\/it\/wp-json\/wp\/v2\/product_cat?post=6176"},{"taxonomy":"product_tag","embeddable":true,"href":"https:\/\/yume-silm.com\/it\/wp-json\/wp\/v2\/product_tag?post=6176"}],"curies":[{"name":"wp","href":"https:\/\/api.w.org\/{rel}","templated":true}]}}