{"id":6416,"date":"2023-09-22T06:23:46","date_gmt":"2023-09-22T06:23:46","guid":{"rendered":"https:\/\/yume-silm.com\/?post_type=product&#038;p=6416"},"modified":"2024-05-11T06:41:28","modified_gmt":"2024-05-11T06:41:28","slug":"reggiseno-di-seta-allingrosso-di-eleganza-lucida-piu-di-formato-per-la-tazza-di-ghij","status":"publish","type":"product","link":"https:\/\/yume-silm.com\/it\/prodotto\/reggiseno-di-seta-allingrosso-di-eleganza-lucida-piu-di-formato-per-la-tazza-di-ghij\/","title":{"rendered":"Reggiseno taglie forti ultra sottile lucido all&#039;ingrosso per tazza GHIJ"},"content":{"rendered":"<h5>Caratteristiche del progetto<\/h5>\n<ul>\n<li><strong>LUCIDO ULTRA SOTTILE:<\/strong> I nostri reggiseni ultra sottili per taglie forti, realizzati principalmente in poliestere, sono setosi e lucidi senza gli elevati costi di manutenzione. Il reggiseno ultrasottile pu\u00f2 essere indossato comodamente tutto il giorno, facendoti sentire sempre rilassato e senza stress. Le coppe sottili sono anche di supporto, assicurandoti di essere comodamente e meravigliosamente cullato per tutto il giorno. Aggiungi un elemento di raffinatezza alla tua collezione di lingerie per farti sentire pi\u00f9 elegante ogni volta che la indossi.<\/li>\n<li><strong>PERSONALIZZATO PER TAZZE GHIJ:<\/strong> La lingerie \u00e8 progettata per coppe extra-large per soddisfare le esigenze specifiche delle donne taglie forti, garantendo che le donne dal seno pieno non debbano scendere a compromessi tra stile e vestibilit\u00e0. Una collezione di lingerie da donna che sostiene perfettamente i seni pi\u00f9 grandi senza costringere. Sii il tuo s\u00e9 pi\u00f9 radioso.<\/li>\n<li><strong>LEGGERO E CONFORTEVOLE:<\/strong> La collezione di reggiseni a coppa intera da donna \u00e8 leggera e comoda da indossare, traspirante e traspirante e si adatta al tuo bellissimo seno. Anche i reggiseni raccolti hanno una certa elasticit\u00e0 e sono regolabili per aggiungere pi\u00f9 possibilit\u00e0.<\/li>\n<li><strong>SCELTA DI DIMENSIONI MULTIPLE:<\/strong> Il nostro reggiseno ultrasottile lucido da donna semplice e naturale taglia grande soddisfa le esigenze delle donne con diverse dimensioni del seno, offrendo una vasta gamma di taglie tra cui scegliere.<\/li>\n<\/ul>\n<h6><em>Reggiseno intimo da donna di grandi dimensioni, liscio e ultra sottile<\/em><\/h6>\n<ul>\n<li>I nostri reggiseni ultrasottili lucidi per taglie forti combinano comfort, sostegno ed eleganza senza tempo per le donne dai gusti unici e dal seno pi\u00f9 pieno, permettendoti di goderti il mondo del lusso. Ogni curva merita di indossare il reggiseno migliore.<\/li>\n<\/ul>","protected":false},"excerpt":{"rendered":"<p>Concedetevi il fascino lucente del nostro reggiseno in seta simulata, progettato appositamente per le squisite coppe GHIJ. Questo reggiseno ultrasottile lucido per taglie forti offre un aspetto lussuoso, avvolgendoti nell&#039;eleganza e nel comfort senza compromessi.<\/p>","protected":false},"featured_media":6472,"comment_status":"open","ping_status":"closed","template":"","meta":{"site-sidebar-layout":"default","site-content-layout":"","ast-site-content-layout":"default","site-content-style":"default","site-sidebar-style":"default","ast-global-header-display":"","ast-banner-title-visibility":"","ast-main-header-display":"","ast-hfb-above-header-display":"","ast-hfb-below-header-display":"","ast-hfb-mobile-header-display":"","site-post-title":"","ast-breadcrumbs-content":"","ast-featured-img":"","footer-sml-layout":"","ast-disable-related-posts":"","theme-transparent-header-meta":"default","adv-header-id-meta":"","stick-header-meta":"default","header-above-stick-meta":"","header-main-stick-meta":"","header-below-stick-meta":"","astra-migrate-meta-layouts":"set","ast-page-background-enabled":"default","ast-page-background-meta":{"desktop":{"background-color":"","background-image":"","background-repeat":"repeat","background-position":"center center","background-size":"auto","background-attachment":"scroll","background-type":"","background-media":"","overlay-type":"","overlay-color":"","overlay-opacity":"","overlay-gradient":""},"tablet":{"background-color":"","background-image":"","background-repeat":"repeat","background-position":"center center","background-size":"auto","background-attachment":"scroll","background-type":"","background-media":"","overlay-type":"","overlay-color":"","overlay-opacity":"","overlay-gradient":""},"mobile":{"background-color":"","background-image":"","background-repeat":"repeat","background-position":"center center","background-size":"auto","background-attachment":"scroll","background-type":"","background-media":"","overlay-type":"","overlay-color":"","overlay-opacity":"","overlay-gradient":""}},"ast-content-background-meta":{"desktop":{"background-color":"var(--ast-global-color-5)","background-image":"","background-repeat":"repeat","background-position":"center center","background-size":"auto","background-attachment":"scroll","background-type":"","background-media":"","overlay-type":"","overlay-color":"","overlay-opacity":"","overlay-gradient":""},"tablet":{"background-color":"var(--ast-global-color-5)","background-image":"","background-repeat":"repeat","background-position":"center center","background-size":"auto","background-attachment":"scroll","background-type":"","background-media":"","overlay-type":"","overlay-color":"","overlay-opacity":"","overlay-gradient":""},"mobile":{"background-color":"var(--ast-global-color-5)","background-image":"","background-repeat":"repeat","background-position":"center center","background-size":"auto","background-attachment":"scroll","background-type":"","background-media":"","overlay-type":"","overlay-color":"","overlay-opacity":"","overlay-gradient":""}}},"product_brand":[],"product_cat":[65,259,583],"product_tag":[435,400,434],"class_list":{"0":"post-6416","1":"product","2":"type-product","3":"status-publish","4":"has-post-thumbnail","6":"product_cat-best-sellers","7":"product_cat-lingerie","8":"product_cat-plus-size-underwear","9":"product_tag-glossy-underwear","10":"product_tag-plus-size-bra","11":"product_tag-womens-full-cup-bra","12":"pa_color-beige","13":"pa_color-black","14":"pa_size-100g","15":"pa_size-100h","16":"pa_size-100i","17":"pa_size-100j","18":"pa_size-105h","19":"pa_size-105i","20":"pa_size-105j","21":"pa_size-110g","22":"pa_size-110h","23":"pa_size-110i","24":"pa_size-110j","25":"pa_size-75i","26":"pa_size-75j","27":"pa_size-80h","28":"pa_size-80i","29":"pa_size-80j","30":"pa_size-85g","31":"pa_size-85h","32":"pa_size-85i","33":"pa_size-85j","34":"pa_size-90h","35":"pa_size-90i","36":"pa_size-90j","37":"pa_size-95h","38":"pa_size-95i","39":"pa_size-95j","40":"desktop-align-center","41":"tablet-align-left","42":"mobile-align-left","43":"ast-product-gallery-layout-horizontal-slider","44":"ast-product-single-variable","45":"ast-product-tabs-layout-horizontal","46":"ast-qv-on-image","48":"first","49":"instock","50":"shipping-taxable","51":"purchasable","52":"product-type-variable"},"tiered_pricing_type":"fixed","tiered_pricing_fixed_rules":{"2":4.69,"30":3.99,"100":3.49},"tiered_pricing_product_settings":{"layout":"default","base_unit_name":{"singular":null,"plural":null},"default_variation":{}},"tiered_pricing_minimum_quantity":null,"tiered_pricing_roles_data":[],"tiered_pricing_percentage_rules":[],"_links":{"self":[{"href":"https:\/\/yume-silm.com\/it\/wp-json\/wp\/v2\/product\/6416","targetHints":{"allow":["GET"]}}],"collection":[{"href":"https:\/\/yume-silm.com\/it\/wp-json\/wp\/v2\/product"}],"about":[{"href":"https:\/\/yume-silm.com\/it\/wp-json\/wp\/v2\/types\/product"}],"replies":[{"embeddable":true,"href":"https:\/\/yume-silm.com\/it\/wp-json\/wp\/v2\/comments?post=6416"}],"wp:featuredmedia":[{"embeddable":true,"href":"https:\/\/yume-silm.com\/it\/wp-json\/wp\/v2\/media\/6472"}],"wp:attachment":[{"href":"https:\/\/yume-silm.com\/it\/wp-json\/wp\/v2\/media?parent=6416"}],"wp:term":[{"taxonomy":"product_brand","embeddable":true,"href":"https:\/\/yume-silm.com\/it\/wp-json\/wp\/v2\/product_brand?post=6416"},{"taxonomy":"product_cat","embeddable":true,"href":"https:\/\/yume-silm.com\/it\/wp-json\/wp\/v2\/product_cat?post=6416"},{"taxonomy":"product_tag","embeddable":true,"href":"https:\/\/yume-silm.com\/it\/wp-json\/wp\/v2\/product_tag?post=6416"}],"curies":[{"name":"wp","href":"https:\/\/api.w.org\/{rel}","templated":true}]}}