{"id":6477,"date":"2023-09-22T06:46:56","date_gmt":"2023-09-22T06:46:56","guid":{"rendered":"https:\/\/yume-silm.com\/?post_type=product&#038;p=6477"},"modified":"2024-05-11T06:44:52","modified_gmt":"2024-05-11T06:44:52","slug":"reggiseno-ultra-sottile-trasparente-allingrosso-plus-size","status":"publish","type":"product","link":"https:\/\/yume-silm.com\/it\/prodotto\/reggiseno-ultra-sottile-trasparente-allingrosso-plus-size\/","title":{"rendered":"Reggiseno taglie forti sexy trasparente ultra sottile all&#039;ingrosso"},"content":{"rendered":"<h5>Caratteristiche del progetto<\/h5>\n<ul>\n<li><strong>TESSUTO A MAGLIA TRASPARENTE SEXY:<\/strong> La rete trasparente del nostro reggiseno a coppa intera \u00e8 realizzata con cura non solo per aggiungere fascino seducente, ma anche per garantire traspirabilit\u00e0 alla tua pelle, facendoti sentire a tuo agio tutto il giorno.<\/li>\n<li><strong>ULTRA SOTTILE E LEGGERO:<\/strong> Questa biancheria intima ultra sottile \u00e8 personalizzata per le donne a figura intera, fornendoti la copertura e la leggerezza di cui hai bisogno per amare. Prova il comfort di una seconda pelle.<\/li>\n<li><strong>MAGIA DI RIDUZIONE VISIVA:<\/strong> La lingerie in pizzo metter\u00e0 in mostra le tue curve naturali mentre si comprime delicatamente per far sembrare leggermente pi\u00f9 piccoli i seni pi\u00f9 grandi, raggiungendo il perfetto equilibrio tra abbraccio ed eleganza.<\/li>\n<li><strong>ELEVATA ELASTICIT\u00c0, VESTIBILIT\u00c0 PERFETTA:<\/strong> I nostri reggiseni di bellezza sono realizzati con tessuti con elasticit\u00e0 superiore per garantire che il reggiseno abbracci la forma unica del tuo corpo, fornendo una vestibilit\u00e0 impeccabile senza alcuna tensione.<\/li>\n<li><strong>DESIGN ANTI-CEDAMENTO:<\/strong> I nostri reggiseni utilizzano tecniche di progettazione avanzate e materiali di prima qualit\u00e0 per fornire sollevamento e supporto senza pari, assicurandoti sempre il tuo aspetto migliore.<\/li>\n<\/ul>\n<h6><em>Reggiseno push up trasparente ultra sottile a coppa intera taglie forti<\/em><\/h6>\n<ul>\n<li>Vuoi sperimentare un mondo in cui la pura eleganza incontra un supporto incrollabile? Per le donne che desiderano la pura seduzione senza compromettere il supporto, il nostro reggiseno sexy taglie forti ultra sottile e trasparente \u00e8 la scelta perfetta per te.<\/li>\n<\/ul>","protected":false},"excerpt":{"rendered":"<p>Scopri l&#039;incantevole fusione di comfort e fascino con il nostro reggiseno taglie forti sexy trasparente ultra sottile. Sapientemente progettato per le taglie pi\u00f9 grandi, questo reggiseno ultrasottile vanta un&#039;elevata elasticit\u00e0 per modellare con grazia offrendo allo stesso tempo una riduzione visiva per i seni pi\u00f9 pieni.<\/p>","protected":false},"featured_media":6503,"comment_status":"open","ping_status":"closed","template":"","meta":{"site-sidebar-layout":"default","site-content-layout":"","ast-site-content-layout":"default","site-content-style":"default","site-sidebar-style":"default","ast-global-header-display":"","ast-banner-title-visibility":"","ast-main-header-display":"","ast-hfb-above-header-display":"","ast-hfb-below-header-display":"","ast-hfb-mobile-header-display":"","site-post-title":"","ast-breadcrumbs-content":"","ast-featured-img":"","footer-sml-layout":"","ast-disable-related-posts":"","theme-transparent-header-meta":"default","adv-header-id-meta":"","stick-header-meta":"default","header-above-stick-meta":"","header-main-stick-meta":"","header-below-stick-meta":"","astra-migrate-meta-layouts":"set","ast-page-background-enabled":"default","ast-page-background-meta":{"desktop":{"background-color":"","background-image":"","background-repeat":"repeat","background-position":"center center","background-size":"auto","background-attachment":"scroll","background-type":"","background-media":"","overlay-type":"","overlay-color":"","overlay-opacity":"","overlay-gradient":""},"tablet":{"background-color":"","background-image":"","background-repeat":"repeat","background-position":"center center","background-size":"auto","background-attachment":"scroll","background-type":"","background-media":"","overlay-type":"","overlay-color":"","overlay-opacity":"","overlay-gradient":""},"mobile":{"background-color":"","background-image":"","background-repeat":"repeat","background-position":"center center","background-size":"auto","background-attachment":"scroll","background-type":"","background-media":"","overlay-type":"","overlay-color":"","overlay-opacity":"","overlay-gradient":""}},"ast-content-background-meta":{"desktop":{"background-color":"var(--ast-global-color-5)","background-image":"","background-repeat":"repeat","background-position":"center center","background-size":"auto","background-attachment":"scroll","background-type":"","background-media":"","overlay-type":"","overlay-color":"","overlay-opacity":"","overlay-gradient":""},"tablet":{"background-color":"var(--ast-global-color-5)","background-image":"","background-repeat":"repeat","background-position":"center center","background-size":"auto","background-attachment":"scroll","background-type":"","background-media":"","overlay-type":"","overlay-color":"","overlay-opacity":"","overlay-gradient":""},"mobile":{"background-color":"var(--ast-global-color-5)","background-image":"","background-repeat":"repeat","background-position":"center center","background-size":"auto","background-attachment":"scroll","background-type":"","background-media":"","overlay-type":"","overlay-color":"","overlay-opacity":"","overlay-gradient":""}}},"product_brand":[],"product_cat":[259,65,583],"product_tag":[407,432,397,431],"class_list":{"0":"post-6477","1":"product","2":"type-product","3":"status-publish","4":"has-post-thumbnail","6":"product_cat-lingerie","7":"product_cat-best-sellers","8":"product_cat-plus-size-underwear","9":"product_tag-full-cup-bra","10":"product_tag-lace-lingerie","11":"product_tag-plus-size-underwear","12":"product_tag-sexy-bra","13":"pa_color-gray","14":"pa_size-100d","15":"pa_size-100e","16":"pa_size-100f","17":"pa_size-105d","18":"pa_size-105e","19":"pa_size-105f","20":"pa_size-90f","21":"pa_size-95d","22":"pa_size-95e","23":"desktop-align-center","24":"tablet-align-left","25":"mobile-align-left","26":"ast-product-gallery-layout-horizontal-slider","27":"ast-product-single-variable","28":"ast-product-tabs-layout-horizontal","29":"ast-qv-on-image","31":"first","32":"instock","33":"shipping-taxable","34":"purchasable","35":"product-type-variable"},"tiered_pricing_type":"fixed","tiered_pricing_fixed_rules":{"2":2.09,"30":1.79,"100":1.59},"tiered_pricing_product_settings":{"layout":"default","base_unit_name":{"singular":null,"plural":null},"default_variation":null},"tiered_pricing_minimum_quantity":null,"tiered_pricing_roles_data":[],"tiered_pricing_percentage_rules":[],"_links":{"self":[{"href":"https:\/\/yume-silm.com\/it\/wp-json\/wp\/v2\/product\/6477","targetHints":{"allow":["GET"]}}],"collection":[{"href":"https:\/\/yume-silm.com\/it\/wp-json\/wp\/v2\/product"}],"about":[{"href":"https:\/\/yume-silm.com\/it\/wp-json\/wp\/v2\/types\/product"}],"replies":[{"embeddable":true,"href":"https:\/\/yume-silm.com\/it\/wp-json\/wp\/v2\/comments?post=6477"}],"wp:featuredmedia":[{"embeddable":true,"href":"https:\/\/yume-silm.com\/it\/wp-json\/wp\/v2\/media\/6503"}],"wp:attachment":[{"href":"https:\/\/yume-silm.com\/it\/wp-json\/wp\/v2\/media?parent=6477"}],"wp:term":[{"taxonomy":"product_brand","embeddable":true,"href":"https:\/\/yume-silm.com\/it\/wp-json\/wp\/v2\/product_brand?post=6477"},{"taxonomy":"product_cat","embeddable":true,"href":"https:\/\/yume-silm.com\/it\/wp-json\/wp\/v2\/product_cat?post=6477"},{"taxonomy":"product_tag","embeddable":true,"href":"https:\/\/yume-silm.com\/it\/wp-json\/wp\/v2\/product_tag?post=6477"}],"curies":[{"name":"wp","href":"https:\/\/api.w.org\/{rel}","templated":true}]}}