{"id":6931,"date":"2023-11-11T03:40:22","date_gmt":"2023-11-11T03:40:22","guid":{"rendered":"https:\/\/yume-silm.com\/?post_type=product&#038;p=6931"},"modified":"2024-05-11T07:04:50","modified_gmt":"2024-05-11T07:04:50","slug":"reggiseno-taglie-forti-con-bottoni-frontali-e-push-up-con-supporto-laterale-2","status":"publish","type":"product","link":"https:\/\/yume-silm.com\/it\/prodotto\/reggiseno-taglie-forti-con-bottoni-frontali-e-push-up-con-supporto-laterale-2\/","title":{"rendered":"Reggiseno elasticizzato senza cuciture da donna personalizzabile all&#039;ingrosso"},"content":{"rendered":"<h5>Caratteristiche del progetto<\/h5>\n<ul>\n<li><strong>DESIGN SENZA GIUNTE:<\/strong> Il design senza cuciture della biancheria intima leggermente foderata ti consente di godere di una vestibilit\u00e0 perfetta in ogni occasione, regalandoti il massimo comfort.<\/li>\n<li><strong>TESSUTO DI QUALIT\u00c0 PREMIUM:<\/strong> I nostri completini intimi da donna con coppa piena sono realizzati con tessuti morbidi e traspiranti, elastici e resistenti, che si adattano alla forma del tuo corpo e offrono comfort e resistenza per tutto il giorno.<\/li>\n<li><strong>LOGHI PERSONALIZZABILI:<\/strong> Aggiungi il tuo logo a questi completini di lingerie femminile di alta qualit\u00e0 per accrescere la notoriet\u00e0 del tuo marchio o il tuo stile personale.<\/li>\n<li><strong>FUNZIONE VERSATILE:<\/strong> Lingerie invisibile che ti consente di indossarla quotidianamente senza lasciare segni, oppure puoi nasconderla facilmente sotto i tuoi abiti e tailleur preferiti. La comodit\u00e0 della biancheria intima, che pu\u00f2 essere indossata anche mentre dormi, ti far\u00e0 innamorare della sensazione.<\/li>\n<li><strong>DISPONIBILI DIVERSE MISURE:<\/strong> Il reggiseno push-up triangolare \u00e8 disponibile in diverse taglie per garantire una vestibilit\u00e0 ottimale a tutte.<\/li>\n<\/ul>\n<h6><em>Reggiseno a coppa piena liscio e confortevole senza cuciture da donna<\/em><\/h6>\n<ul>\n<li>Questo reggiseno elasticizzato senza cuciture da donna personalizzabile con prezzi all&#039;ingrosso competitivi e opzioni di personalizzazione \u00e8 ideale per rivenditori e promozioni. Benvenuti all&#039;acquisto!<\/li>\n<\/ul>","protected":false},"excerpt":{"rendered":"<p>Esalta la tua collezione di intimo con il nostro reggiseno elasticizzato senza cuciture da donna personalizzabile. Progettati per il comfort e lo stile, questi set offrono la possibilit\u00e0 di aggiungere il tuo logo, rendendoli perfetti per la promozione del marchio o per una personalizzazione unica.<\/p>","protected":false},"featured_media":6968,"comment_status":"open","ping_status":"closed","template":"","meta":{"site-sidebar-layout":"default","site-content-layout":"","ast-site-content-layout":"default","site-content-style":"default","site-sidebar-style":"default","ast-global-header-display":"","ast-banner-title-visibility":"","ast-main-header-display":"","ast-hfb-above-header-display":"","ast-hfb-below-header-display":"","ast-hfb-mobile-header-display":"","site-post-title":"","ast-breadcrumbs-content":"","ast-featured-img":"","footer-sml-layout":"","ast-disable-related-posts":"","theme-transparent-header-meta":"default","adv-header-id-meta":"","stick-header-meta":"default","header-above-stick-meta":"","header-main-stick-meta":"","header-below-stick-meta":"","astra-migrate-meta-layouts":"set","ast-page-background-enabled":"default","ast-page-background-meta":{"desktop":{"background-color":"","background-image":"","background-repeat":"repeat","background-position":"center center","background-size":"auto","background-attachment":"scroll","background-type":"","background-media":"","overlay-type":"","overlay-color":"","overlay-opacity":"","overlay-gradient":""},"tablet":{"background-color":"","background-image":"","background-repeat":"repeat","background-position":"center center","background-size":"auto","background-attachment":"scroll","background-type":"","background-media":"","overlay-type":"","overlay-color":"","overlay-opacity":"","overlay-gradient":""},"mobile":{"background-color":"","background-image":"","background-repeat":"repeat","background-position":"center center","background-size":"auto","background-attachment":"scroll","background-type":"","background-media":"","overlay-type":"","overlay-color":"","overlay-opacity":"","overlay-gradient":""}},"ast-content-background-meta":{"desktop":{"background-color":"var(--ast-global-color-5)","background-image":"","background-repeat":"repeat","background-position":"center center","background-size":"auto","background-attachment":"scroll","background-type":"","background-media":"","overlay-type":"","overlay-color":"","overlay-opacity":"","overlay-gradient":""},"tablet":{"background-color":"var(--ast-global-color-5)","background-image":"","background-repeat":"repeat","background-position":"center center","background-size":"auto","background-attachment":"scroll","background-type":"","background-media":"","overlay-type":"","overlay-color":"","overlay-opacity":"","overlay-gradient":""},"mobile":{"background-color":"var(--ast-global-color-5)","background-image":"","background-repeat":"repeat","background-position":"center center","background-size":"auto","background-attachment":"scroll","background-type":"","background-media":"","overlay-type":"","overlay-color":"","overlay-opacity":"","overlay-gradient":""}}},"product_brand":[],"product_cat":[76,259,583],"product_tag":[428,429,430],"class_list":{"0":"post-6931","1":"product","2":"type-product","3":"status-publish","4":"has-post-thumbnail","6":"product_cat-new-arrivels","7":"product_cat-lingerie","8":"product_cat-plus-size-underwear","9":"product_tag-customizable-underwear","10":"product_tag-leisure","11":"product_tag-push-up-bra","12":"pa_color-beige","13":"pa_color-black","14":"pa_color-coffee","15":"pa_color-pink","16":"pa_color-red","17":"pa_color-white","18":"pa_size-m-l","19":"pa_size-s-m","20":"desktop-align-center","21":"tablet-align-left","22":"mobile-align-left","23":"ast-product-gallery-layout-horizontal-slider","24":"ast-product-single-variable","25":"ast-product-tabs-layout-horizontal","26":"ast-qv-on-image","28":"first","29":"instock","30":"shipping-taxable","31":"purchasable","32":"product-type-variable"},"tiered_pricing_type":"fixed","tiered_pricing_fixed_rules":{"2":7.68,"30":7.39,"100":7.19},"tiered_pricing_product_settings":{"layout":"default","base_unit_name":{"singular":null,"plural":null},"default_variation":{}},"tiered_pricing_minimum_quantity":null,"tiered_pricing_roles_data":[],"tiered_pricing_percentage_rules":[],"_links":{"self":[{"href":"https:\/\/yume-silm.com\/it\/wp-json\/wp\/v2\/product\/6931","targetHints":{"allow":["GET"]}}],"collection":[{"href":"https:\/\/yume-silm.com\/it\/wp-json\/wp\/v2\/product"}],"about":[{"href":"https:\/\/yume-silm.com\/it\/wp-json\/wp\/v2\/types\/product"}],"replies":[{"embeddable":true,"href":"https:\/\/yume-silm.com\/it\/wp-json\/wp\/v2\/comments?post=6931"}],"wp:featuredmedia":[{"embeddable":true,"href":"https:\/\/yume-silm.com\/it\/wp-json\/wp\/v2\/media\/6968"}],"wp:attachment":[{"href":"https:\/\/yume-silm.com\/it\/wp-json\/wp\/v2\/media?parent=6931"}],"wp:term":[{"taxonomy":"product_brand","embeddable":true,"href":"https:\/\/yume-silm.com\/it\/wp-json\/wp\/v2\/product_brand?post=6931"},{"taxonomy":"product_cat","embeddable":true,"href":"https:\/\/yume-silm.com\/it\/wp-json\/wp\/v2\/product_cat?post=6931"},{"taxonomy":"product_tag","embeddable":true,"href":"https:\/\/yume-silm.com\/it\/wp-json\/wp\/v2\/product_tag?post=6931"}],"curies":[{"name":"wp","href":"https:\/\/api.w.org\/{rel}","templated":true}]}}