{"id":6969,"date":"2023-11-11T06:15:44","date_gmt":"2023-11-11T06:15:44","guid":{"rendered":"https:\/\/yume-silm.com\/?post_type=product&#038;p=6969"},"modified":"2024-01-25T02:46:49","modified_gmt":"2024-01-25T02:46:49","slug":"top-a-coste-senza-cuciture-con-scollo-a-u-e-schiena-a-forma-di-forma-di-donna-2","status":"publish","type":"product","link":"https:\/\/yume-silm.com\/it\/prodotto\/top-a-coste-senza-cuciture-con-scollo-a-u-e-schiena-a-forma-di-forma-di-donna-2\/","title":{"rendered":"Canottiera modellante a compressione da uomo all&#039;ingrosso"},"content":{"rendered":"<h5><strong>Canotta modellante a compressione da uomo<\/strong><\/h5>\n<ul>\n<li><strong>RISULTATI DIMAGRANTI:<\/strong> Canotta modellante addominale che fornisce compressione e supporto mirati. Modella l&#039;addome per un aspetto pi\u00f9 liscio e tonico, consentendo al contempo movimenti senza restrizioni durante gli allenamenti o le attivit\u00e0 quotidiane. Indossala sotto una variet\u00e0 di vestiti per un effetto snellente immediato. Pu\u00f2 essere un promemoria costante per perdere peso, mantenersi in forma e aumentare la sicurezza.<\/li>\n<li><strong>TRASPIRANTE E FLESSIBILE:<\/strong> Nylon e spandex sono strettamente intrecciati insieme per appiattire il torace e lo stomaco. Elastico e traspirante, ti mantiene fresco e asciutto indipendentemente dall&#039;intensit\u00e0 dell&#039;allenamento giornaliero. Il materiale elastico e leggero assicura il massimo comfort senza compromettere la forma.<\/li>\n<li><strong>STILE VERSATILE:<\/strong> La versatilit\u00e0 della biancheria intima a compressione si adatta perfettamente al tuo stile di vita per offrirti il supporto e la modellatura di cui hai bisogno, rendendo questa canotta la compagna ideale sia che tu vada in palestra, che tu vada a correre o semplicemente che tu svolga le tue attivit\u00e0 quotidiane.<\/li>\n<li><strong>PERSONALIZZA:<\/strong> Personalizza questa canotta con il tuo logo o con la confezione che preferisci, perfetta per il branding o per una personalizzazione unica.<\/li>\n<li><strong>TAGLIA COMPRESA:<\/strong> Le nostre canottiere modellanti per la pancia sono disponibili in una variet\u00e0 di taglie. Levigano l&#039;addome per una silhouette pi\u00f9 snella, con conseguente aumento immediato della sicurezza. Perfette da abbinare a felpe, t-shirt, maglioni e camicie formali. Abbraccia le tue curve e senti la potenza.<\/li>\n<\/ul>\n<h6><em>Indumenti compressivi modellanti per la perdita di peso da uomo<\/em><\/h6>\n<p>La nostra canotta modellante a compressione da uomo \u00e8 un must per chi cerca una combinazione di stile, comfort e funzionalit\u00e0. Ideale per i grossisti che vogliono offrire abbigliamento sportivo di qualit\u00e0. Ordina ora e potenzia la tua gamma!<\/p>","protected":false},"excerpt":{"rendered":"<p>Il compagno ideale per chi desidera modellare e migliorare le curve addominali mantenendo comfort e flessibilit\u00e0. La canotta modellante a compressione modella il torace, la vita e l&#039;addome, prevenendo la comparsa di ingrossamento del seno o &quot;tette maschili&quot;.<\/p>","protected":false},"featured_media":6993,"comment_status":"open","ping_status":"closed","template":"","meta":{"site-sidebar-layout":"default","site-content-layout":"default","ast-site-content-layout":"default","site-content-style":"default","site-sidebar-style":"default","ast-global-header-display":"","ast-banner-title-visibility":"","ast-main-header-display":"","ast-hfb-above-header-display":"","ast-hfb-below-header-display":"","ast-hfb-mobile-header-display":"","site-post-title":"","ast-breadcrumbs-content":"","ast-featured-img":"","footer-sml-layout":"","ast-disable-related-posts":"","theme-transparent-header-meta":"default","adv-header-id-meta":"","stick-header-meta":"default","header-above-stick-meta":"","header-main-stick-meta":"","header-below-stick-meta":"","astra-migrate-meta-layouts":"set","ast-page-background-enabled":"default","ast-page-background-meta":{"desktop":{"background-color":"","background-image":"","background-repeat":"repeat","background-position":"center center","background-size":"auto","background-attachment":"scroll","background-type":"","background-media":"","overlay-type":"","overlay-color":"","overlay-opacity":"","overlay-gradient":""},"tablet":{"background-color":"","background-image":"","background-repeat":"repeat","background-position":"center center","background-size":"auto","background-attachment":"scroll","background-type":"","background-media":"","overlay-type":"","overlay-color":"","overlay-opacity":"","overlay-gradient":""},"mobile":{"background-color":"","background-image":"","background-repeat":"repeat","background-position":"center center","background-size":"auto","background-attachment":"scroll","background-type":"","background-media":"","overlay-type":"","overlay-color":"","overlay-opacity":"","overlay-gradient":""}},"ast-content-background-meta":{"desktop":{"background-color":"var(--ast-global-color-5)","background-image":"","background-repeat":"repeat","background-position":"center center","background-size":"auto","background-attachment":"scroll","background-type":"","background-media":"","overlay-type":"","overlay-color":"","overlay-opacity":"","overlay-gradient":""},"tablet":{"background-color":"var(--ast-global-color-5)","background-image":"","background-repeat":"repeat","background-position":"center center","background-size":"auto","background-attachment":"scroll","background-type":"","background-media":"","overlay-type":"","overlay-color":"","overlay-opacity":"","overlay-gradient":""},"mobile":{"background-color":"var(--ast-global-color-5)","background-image":"","background-repeat":"repeat","background-position":"center center","background-size":"auto","background-attachment":"scroll","background-type":"","background-media":"","overlay-type":"","overlay-color":"","overlay-opacity":"","overlay-gradient":""}}},"product_brand":[],"product_cat":[76,65,85,86],"product_tag":[409,410,408,185],"class_list":{"0":"post-6969","1":"product","2":"type-product","3":"status-publish","4":"has-post-thumbnail","6":"product_cat-new-arrivels","7":"product_cat-best-sellers","8":"product_cat-wholesale-mens-shapewear","9":"product_cat-wholesale-men-sliming-vest","10":"product_tag-compression-undershirt","11":"product_tag-mens-shapewear","12":"product_tag-weight-loss-shapewear","13":"product_tag-workout","14":"pa_color-black","15":"pa_color-white","16":"pa_size-l","17":"pa_size-m","18":"pa_size-xl","19":"pa_size-xxl","20":"pa_size-xxxl","21":"desktop-align-center","22":"tablet-align-left","23":"mobile-align-left","24":"ast-product-gallery-layout-horizontal-slider","25":"ast-product-single-variable","26":"ast-product-tabs-layout-horizontal","27":"ast-qv-on-image","29":"first","30":"instock","31":"shipping-taxable","32":"purchasable","33":"product-type-variable"},"tiered_pricing_type":"fixed","tiered_pricing_fixed_rules":{"2":7.99,"50":6.79,"300":5.79},"tiered_pricing_product_settings":{"layout":"default","base_unit_name":{"singular":null,"plural":null},"default_variation":{}},"tiered_pricing_minimum_quantity":null,"tiered_pricing_roles_data":[],"tiered_pricing_percentage_rules":[],"_links":{"self":[{"href":"https:\/\/yume-silm.com\/it\/wp-json\/wp\/v2\/product\/6969","targetHints":{"allow":["GET"]}}],"collection":[{"href":"https:\/\/yume-silm.com\/it\/wp-json\/wp\/v2\/product"}],"about":[{"href":"https:\/\/yume-silm.com\/it\/wp-json\/wp\/v2\/types\/product"}],"replies":[{"embeddable":true,"href":"https:\/\/yume-silm.com\/it\/wp-json\/wp\/v2\/comments?post=6969"}],"wp:featuredmedia":[{"embeddable":true,"href":"https:\/\/yume-silm.com\/it\/wp-json\/wp\/v2\/media\/6993"}],"wp:attachment":[{"href":"https:\/\/yume-silm.com\/it\/wp-json\/wp\/v2\/media?parent=6969"}],"wp:term":[{"taxonomy":"product_brand","embeddable":true,"href":"https:\/\/yume-silm.com\/it\/wp-json\/wp\/v2\/product_brand?post=6969"},{"taxonomy":"product_cat","embeddable":true,"href":"https:\/\/yume-silm.com\/it\/wp-json\/wp\/v2\/product_cat?post=6969"},{"taxonomy":"product_tag","embeddable":true,"href":"https:\/\/yume-silm.com\/it\/wp-json\/wp\/v2\/product_tag?post=6969"}],"curies":[{"name":"wp","href":"https:\/\/api.w.org\/{rel}","templated":true}]}}