{"id":7017,"date":"2023-11-11T07:28:13","date_gmt":"2023-11-11T07:28:13","guid":{"rendered":"https:\/\/yume-silm.com\/?post_type=product&#038;p=7017"},"modified":"2024-05-11T05:54:11","modified_gmt":"2024-05-11T05:54:11","slug":"allenatore-in-vita-in-lattice-a-doppio-strato-taglie-forti-allingrosso-con-cerniera","status":"publish","type":"product","link":"https:\/\/yume-silm.com\/it\/prodotto\/allenatore-in-vita-in-lattice-a-doppio-strato-taglie-forti-allingrosso-con-cerniera\/","title":{"rendered":"Allenatore in vita in lattice a doppio strato all&#039;ingrosso con cerniera"},"content":{"rendered":"<h5>Caratteristiche del progetto<\/h5>\n<ul>\n<li><strong>DOPPIA COMPRESSIONE PER MODELLARE:<\/strong> Lo strato interno del girovita con cerniera presenta una chiusura con gancio e occhiello per una facile regolazione per adattarsi il pi\u00f9 fedelmente possibile alla tua figura. Lo strato esterno del girovita con cerniera \u00e8 progettato con una cerniera per ottenere una compressione a doppio strato, rinforzando il supporto e appiattendo rapidamente la pancia.<\/li>\n<li><strong>CONFORTEVOLE E TRASPIRANTE:<\/strong> Il stringivita da donna ha piccoli fori ovunque, che lo rendono comodo e traspirante. Anche durante le attivit\u00e0 intense mantiene una buona traspirazione e non appiccica. Il girovita \u00e8 realizzato in lattice di alta qualit\u00e0, che \u00e8 resistente ed elastico per muoversi con il corpo e si adatta meglio alla pelle per il massimo comfort.<\/li>\n<li><strong>POSTURA MIGLIORATA:<\/strong> Il girovita in lattice a doppio strato taglie forti con cerniera aiuta a sostenere la schiena e promuove una postura corretta, adatto da indossare durante gli allenamenti o le attivit\u00e0 quotidiane. Nel frattempo, questo girovita da donna ti aiuta a tagliare istantaneamente la vita e aiuta anche a perdere peso.<\/li>\n<li><strong>TAGLIA COMPRESA:<\/strong> Corsetto da allenamento in vita, pi\u00f9 taglie tra cui scegliere come preferisci. Aggiunta di opzioni per le persone taglie forti per garantire un abbigliamento comodo e ben aderente. Progettato per le figure sinuose, accentua le curve naturali fornendo allo stesso tempo un supporto superiore.<\/li>\n<li><strong>SCONTI PER VOLUME:<\/strong> Acquista all&#039;ingrosso e approfitta di prezzi competitivi e interessanti sconti sui volumi per massimizzare i profitti della tua azienda.<\/li>\n<\/ul>\n<h6><em>Stringivita modellante per donna<\/em><\/h6>\n<ul>\n<li>Il nostro rivoluzionario girovita in lattice a doppio strato taglie forti con cerniera \u00e8 un must per i grossisti che desiderano offrire prodotti per modellare il corpo di qualit\u00e0, comodi ed efficaci. Perfetto per gli allenatori in vita che cercano una combinazione di moda e funzionalit\u00e0. Taglia istantaneamente la vita e ottieni una vita pi\u00f9 snella.<\/li>\n<\/ul>","protected":false},"excerpt":{"rendered":"<p>Migliora la tua collezione di indumenti modellanti con il nostro girovita in lattice a doppio strato con cerniera. Perfetto per gli allenatori in vita che cercano una combinazione di moda e funzionalit\u00e0. Taglia istantaneamente la vita e ottieni una vita pi\u00f9 snella.<\/p>","protected":false},"featured_media":7031,"comment_status":"open","ping_status":"closed","template":"","meta":{"site-sidebar-layout":"default","site-content-layout":"","ast-site-content-layout":"default","site-content-style":"default","site-sidebar-style":"default","ast-global-header-display":"","ast-banner-title-visibility":"","ast-main-header-display":"","ast-hfb-above-header-display":"","ast-hfb-below-header-display":"","ast-hfb-mobile-header-display":"","site-post-title":"","ast-breadcrumbs-content":"","ast-featured-img":"","footer-sml-layout":"","ast-disable-related-posts":"","theme-transparent-header-meta":"default","adv-header-id-meta":"","stick-header-meta":"default","header-above-stick-meta":"","header-main-stick-meta":"","header-below-stick-meta":"","astra-migrate-meta-layouts":"set","ast-page-background-enabled":"default","ast-page-background-meta":{"desktop":{"background-color":"","background-image":"","background-repeat":"repeat","background-position":"center center","background-size":"auto","background-attachment":"scroll","background-type":"","background-media":"","overlay-type":"","overlay-color":"","overlay-opacity":"","overlay-gradient":""},"tablet":{"background-color":"","background-image":"","background-repeat":"repeat","background-position":"center center","background-size":"auto","background-attachment":"scroll","background-type":"","background-media":"","overlay-type":"","overlay-color":"","overlay-opacity":"","overlay-gradient":""},"mobile":{"background-color":"","background-image":"","background-repeat":"repeat","background-position":"center center","background-size":"auto","background-attachment":"scroll","background-type":"","background-media":"","overlay-type":"","overlay-color":"","overlay-opacity":"","overlay-gradient":""}},"ast-content-background-meta":{"desktop":{"background-color":"var(--ast-global-color-5)","background-image":"","background-repeat":"repeat","background-position":"center center","background-size":"auto","background-attachment":"scroll","background-type":"","background-media":"","overlay-type":"","overlay-color":"","overlay-opacity":"","overlay-gradient":""},"tablet":{"background-color":"var(--ast-global-color-5)","background-image":"","background-repeat":"repeat","background-position":"center center","background-size":"auto","background-attachment":"scroll","background-type":"","background-media":"","overlay-type":"","overlay-color":"","overlay-opacity":"","overlay-gradient":""},"mobile":{"background-color":"var(--ast-global-color-5)","background-image":"","background-repeat":"repeat","background-position":"center center","background-size":"auto","background-attachment":"scroll","background-type":"","background-media":"","overlay-type":"","overlay-color":"","overlay-opacity":"","overlay-gradient":""}}},"product_brand":[],"product_cat":[90,93],"product_tag":[415,416,417,418,185],"class_list":{"0":"post-7017","1":"product","2":"type-product","3":"status-publish","4":"has-post-thumbnail","6":"product_cat-wholesale-waist-trainer","7":"product_cat-wholesale-plus-size-waist-trainer","8":"product_tag-lose-weight","9":"product_tag-shapewear","10":"product_tag-slim-fit","11":"product_tag-womens-waist-trainer","12":"product_tag-workout","13":"pa_color-beige","14":"pa_color-black","15":"pa_size-l","16":"pa_size-m","17":"pa_size-s","18":"pa_size-xl","19":"pa_size-xxl","20":"pa_size-xxxl","21":"desktop-align-center","22":"tablet-align-left","23":"mobile-align-left","24":"ast-product-gallery-layout-horizontal-slider","25":"ast-product-single-variable","26":"ast-product-tabs-layout-horizontal","27":"ast-qv-on-image","29":"first","30":"instock","31":"shipping-taxable","32":"purchasable","33":"product-type-variable"},"tiered_pricing_type":"fixed","tiered_pricing_fixed_rules":{"2":11.19,"30":10.19,"100":9.69},"tiered_pricing_product_settings":{"layout":"default","base_unit_name":{"singular":null,"plural":null},"default_variation":{}},"tiered_pricing_minimum_quantity":null,"tiered_pricing_roles_data":[],"tiered_pricing_percentage_rules":[],"_links":{"self":[{"href":"https:\/\/yume-silm.com\/it\/wp-json\/wp\/v2\/product\/7017","targetHints":{"allow":["GET"]}}],"collection":[{"href":"https:\/\/yume-silm.com\/it\/wp-json\/wp\/v2\/product"}],"about":[{"href":"https:\/\/yume-silm.com\/it\/wp-json\/wp\/v2\/types\/product"}],"replies":[{"embeddable":true,"href":"https:\/\/yume-silm.com\/it\/wp-json\/wp\/v2\/comments?post=7017"}],"wp:featuredmedia":[{"embeddable":true,"href":"https:\/\/yume-silm.com\/it\/wp-json\/wp\/v2\/media\/7031"}],"wp:attachment":[{"href":"https:\/\/yume-silm.com\/it\/wp-json\/wp\/v2\/media?parent=7017"}],"wp:term":[{"taxonomy":"product_brand","embeddable":true,"href":"https:\/\/yume-silm.com\/it\/wp-json\/wp\/v2\/product_brand?post=7017"},{"taxonomy":"product_cat","embeddable":true,"href":"https:\/\/yume-silm.com\/it\/wp-json\/wp\/v2\/product_cat?post=7017"},{"taxonomy":"product_tag","embeddable":true,"href":"https:\/\/yume-silm.com\/it\/wp-json\/wp\/v2\/product_tag?post=7017"}],"curies":[{"name":"wp","href":"https:\/\/api.w.org\/{rel}","templated":true}]}}