{"id":7050,"date":"2023-11-11T09:23:43","date_gmt":"2023-11-11T09:23:43","guid":{"rendered":"https:\/\/yume-silm.com\/?post_type=product&#038;p=7050"},"modified":"2023-11-17T06:22:57","modified_gmt":"2023-11-17T06:22:57","slug":"mutandine-modellanti-per-il-corpo-allingrosso-con-finiture-in-pizzo","status":"publish","type":"product","link":"https:\/\/yume-silm.com\/it\/prodotto\/mutandine-modellanti-per-il-corpo-allingrosso-con-finiture-in-pizzo\/","title":{"rendered":"Mutandine modellanti per il corpo all&#039;ingrosso con finiture in pizzo"},"content":{"rendered":"<h5>Caratteristiche del progetto<\/h5>\n<ul>\n<li>ELEGANTE TEMPO IN PIZZO: il delicato dettaglio in pizzo sui pantaloncini modellanti addominoplastica aggiunge un tocco di morbidezza e raffinatezza al tuo intimo modellante. Aggiunge un tocco di femminilit\u00e0 ed esalta la bellezza.<\/li>\n<li>SOLLEVAMENTO E MODELLAZIONE DEI FIANCHI: la biancheria intima per rimboccare la pancia e sollevare i fianchi pu\u00f2 sollevare efficacemente i glutei e appiattire la pancia. Modella facilmente una silhouette attraente e seducente. Il design della biancheria intima senza cuciture garantisce un look liscio sotto qualsiasi outfit, mantenendo chi lo indossa sicuro e comodo per tutto il giorno.<\/li>\n<li>VESTIBILIT\u00c0 LISCIA: i pantaloncini modellanti a vita media sono realizzati in tessuto di alta qualit\u00e0 che \u00e8 liscio, morbido, elastico, resistente e comodo da indossare tutto il giorno. Il design anti-arricciatura della biancheria intima modellante assicura che le mutandine rimangano al loro posto.<\/li>\n<li>RICEVI FIDUCIA: queste mutandine per il sollevamento del sedere da donna sono ben realizzate con un effetto modellante mirato per accentuare le curve naturali, migliorare istantaneamente le curve e fornire un sottile effetto lifting. Indossare slip modellanti per il sedere con bordi in pizzo sotto abiti e jeans mentre partecipi a matrimoni, feste, balli e altri eventi sociali ti render\u00e0 pi\u00f9 bella e sicura di te.<\/li>\n<\/ul>\n<h6><em>Mutandine da donna sexy in pizzo con sollevamento dell&#039;anca e addominoplastica<\/em><\/h6>\n<ul>\n<li>Il nostro prezzo all&#039;ingrosso esclusivo e competitivo per questo intimo modellante in pizzo da donna ti consente di fornire ai tuoi clienti prodotti ricercati e di alta qualit\u00e0 massimizzando i profitti.<\/li>\n<li>I nostri slip modellanti per il corpo con bordi in pizzo sono la scelta migliore per i grossisti che offrono biancheria intima modellante di alta qualit\u00e0, alla moda e funzionale. \u00c8 la soluzione ideale per modellare il corpo per i clienti che cercano comfort ed eleganza. Ordina ora per offrire la perfetta combinazione di praticit\u00e0 e moda!<\/li>\n<\/ul>","protected":false},"excerpt":{"rendered":"<p>Vuoi eleganza e sicurezza? Migliora la tua silhouette con i nostri slip modellanti per il sedere con bordi in pizzo. Progettate per modellare e valorizzare le tue curve, queste mutandine offrono la perfetta combinazione di comfort, stile e sicurezza.<\/p>","protected":false},"featured_media":7069,"comment_status":"open","ping_status":"closed","template":"","meta":{"site-sidebar-layout":"default","site-content-layout":"","ast-site-content-layout":"default","site-content-style":"default","site-sidebar-style":"default","ast-global-header-display":"","ast-banner-title-visibility":"","ast-main-header-display":"","ast-hfb-above-header-display":"","ast-hfb-below-header-display":"","ast-hfb-mobile-header-display":"","site-post-title":"","ast-breadcrumbs-content":"","ast-featured-img":"","footer-sml-layout":"","ast-disable-related-posts":"","theme-transparent-header-meta":"default","adv-header-id-meta":"","stick-header-meta":"default","header-above-stick-meta":"","header-main-stick-meta":"","header-below-stick-meta":"","astra-migrate-meta-layouts":"set","ast-page-background-enabled":"default","ast-page-background-meta":{"desktop":{"background-color":"","background-image":"","background-repeat":"repeat","background-position":"center center","background-size":"auto","background-attachment":"scroll","background-type":"","background-media":"","overlay-type":"","overlay-color":"","overlay-opacity":"","overlay-gradient":""},"tablet":{"background-color":"","background-image":"","background-repeat":"repeat","background-position":"center center","background-size":"auto","background-attachment":"scroll","background-type":"","background-media":"","overlay-type":"","overlay-color":"","overlay-opacity":"","overlay-gradient":""},"mobile":{"background-color":"","background-image":"","background-repeat":"repeat","background-position":"center center","background-size":"auto","background-attachment":"scroll","background-type":"","background-media":"","overlay-type":"","overlay-color":"","overlay-opacity":"","overlay-gradient":""}},"ast-content-background-meta":{"desktop":{"background-color":"var(--ast-global-color-5)","background-image":"","background-repeat":"repeat","background-position":"center center","background-size":"auto","background-attachment":"scroll","background-type":"","background-media":"","overlay-type":"","overlay-color":"","overlay-opacity":"","overlay-gradient":""},"tablet":{"background-color":"var(--ast-global-color-5)","background-image":"","background-repeat":"repeat","background-position":"center center","background-size":"auto","background-attachment":"scroll","background-type":"","background-media":"","overlay-type":"","overlay-color":"","overlay-opacity":"","overlay-gradient":""},"mobile":{"background-color":"var(--ast-global-color-5)","background-image":"","background-repeat":"repeat","background-position":"center center","background-size":"auto","background-attachment":"scroll","background-type":"","background-media":"","overlay-type":"","overlay-color":"","overlay-opacity":"","overlay-gradient":""}}},"product_brand":[],"product_cat":[77,80],"product_tag":[423,416,396],"class_list":{"0":"post-7050","1":"product","2":"type-product","3":"status-publish","4":"has-post-thumbnail","6":"product_cat-wholesale-womens-shapewear","7":"product_cat-wholesale-butt-lift-underwear","8":"product_tag-hip-lifting-panties","9":"product_tag-shapewear","10":"product_tag-womens-underwear","11":"pa_color-beige","12":"pa_color-black","13":"pa_size-l","14":"pa_size-m","15":"pa_size-s","16":"pa_size-xl","17":"pa_size-xxl","18":"pa_size-xxxl","19":"desktop-align-center","20":"tablet-align-left","21":"mobile-align-left","22":"ast-product-gallery-layout-horizontal-slider","23":"ast-product-single-variable","24":"ast-product-tabs-layout-horizontal","25":"ast-qv-on-image","27":"first","28":"instock","29":"shipping-taxable","30":"purchasable","31":"product-type-variable"},"tiered_pricing_type":"fixed","tiered_pricing_fixed_rules":{"2":8.99,"50":8.69,"300":7.99},"tiered_pricing_product_settings":{"layout":"default","base_unit_name":{"singular":null,"plural":null},"default_variation":null},"tiered_pricing_minimum_quantity":null,"tiered_pricing_roles_data":[],"tiered_pricing_percentage_rules":[],"_links":{"self":[{"href":"https:\/\/yume-silm.com\/it\/wp-json\/wp\/v2\/product\/7050","targetHints":{"allow":["GET"]}}],"collection":[{"href":"https:\/\/yume-silm.com\/it\/wp-json\/wp\/v2\/product"}],"about":[{"href":"https:\/\/yume-silm.com\/it\/wp-json\/wp\/v2\/types\/product"}],"replies":[{"embeddable":true,"href":"https:\/\/yume-silm.com\/it\/wp-json\/wp\/v2\/comments?post=7050"}],"wp:featuredmedia":[{"embeddable":true,"href":"https:\/\/yume-silm.com\/it\/wp-json\/wp\/v2\/media\/7069"}],"wp:attachment":[{"href":"https:\/\/yume-silm.com\/it\/wp-json\/wp\/v2\/media?parent=7050"}],"wp:term":[{"taxonomy":"product_brand","embeddable":true,"href":"https:\/\/yume-silm.com\/it\/wp-json\/wp\/v2\/product_brand?post=7050"},{"taxonomy":"product_cat","embeddable":true,"href":"https:\/\/yume-silm.com\/it\/wp-json\/wp\/v2\/product_cat?post=7050"},{"taxonomy":"product_tag","embeddable":true,"href":"https:\/\/yume-silm.com\/it\/wp-json\/wp\/v2\/product_tag?post=7050"}],"curies":[{"name":"wp","href":"https:\/\/api.w.org\/{rel}","templated":true}]}}