{"id":7172,"date":"2023-11-30T06:19:20","date_gmt":"2023-11-30T06:19:20","guid":{"rendered":"https:\/\/yume-silm.com\/?post_type=product&#038;p=7172"},"modified":"2024-05-09T02:58:26","modified_gmt":"2024-05-09T02:58:26","slug":"body-modellante-da-donna-in-pizzo-taglie-forti","status":"publish","type":"product","link":"https:\/\/yume-silm.com\/it\/prodotto\/body-modellante-da-donna-in-pizzo-taglie-forti\/","title":{"rendered":"Body modellante taglie forti in pizzo da donna all&#039;ingrosso"},"content":{"rendered":"<h5>Caratteristiche del progetto<\/h5>\n<ul>\n<li><strong>PIZZO:<\/strong> I nostri squisiti collant modellanti in pizzo migliorano e accentuano facilmente la bellezza delle curve del busto, dei fianchi e della pancia. Aumenta la tua sicurezza mentre ti godi il massimo del comfort e dell&#039;eleganza elegante.<\/li>\n<li><strong>CINTURINI A DUE VIE:<\/strong> Il nostro intimo modellante \u00e8 dotato di spalline che consentono l&#039;uso bidirezionale. Fornendoti una vestibilit\u00e0 personalizzata, progettando il modo in cui lo indossi ogni giorno con il tuo umore, pieno di design ed estetica. Diventa il designer di te stesso!<\/li>\n<li><strong>CONFORTEVOLE E LEGGERO:<\/strong> Il body modellante \u00e8 realizzato in materiale poliestere di alta qualit\u00e0, leggero e traspirante, elastico e aderente. Non c&#039;\u00e8 alcun senso di compressione o legame, sperimenta il massimo comfort. Ti sentirai fresco e a tuo agio sia di giorno che di notte.<\/li>\n<li><strong>DIMENSIONI MULTIPLE:<\/strong> Il nostro intimo modellante \u00e8 disponibile in una variet\u00e0 di taglie tra cui scegliere. Anche nelle misure extra large, possiamo facilmente soddisfare le vostre esigenze. \u00c8 facile trovare la tua taglia!<\/li>\n<li><strong>ALLA MODA E VERSATILE:<\/strong> Possiedi una delle nostre tute modellanti e avrai l&#039;eleganza e la comodit\u00e0 di indossarla allo stesso tempo. Abbraccia la tua silhouette, sentiti al meglio e sentiti sicuro in ogni fase del percorso. Sia che lo indossi come sottostrato per il tuo abito da sposa o da solo, con i jeans, ecc., questo body modellante in pizzo taglie forti soddisfer\u00e0 le tue versatili esigenze di moda.<\/li>\n<\/ul>\n<h6><em>Body modellante da donna per stringere la pancia<\/em><\/h6>\n<ul>\n<li>Mostra sicurezza ed eleganza con il nostro body modellante in pizzo taglie forti: una miscela armoniosa di stile e supporto modellante. Abbraccia le tue curve, sfoggia la tua sicurezza e goditi la bellezza della tua silhouette, che \u00e8 elegantemente valorizzata da questo pezzo squisito.<\/li>\n<\/ul>","protected":false},"excerpt":{"rendered":"<p>Sei ancora preoccupato di quale tipo di lingerie modellante scegliere? Scegli i nostri body modellanti in pizzo taglie forti per il massimo del comfort fisico e dello stile, modellando e abbracciando istantaneamente le curve naturali del tuo corpo!<\/p>","protected":false},"featured_media":7173,"comment_status":"open","ping_status":"closed","template":"","meta":{"site-sidebar-layout":"default","site-content-layout":"","ast-site-content-layout":"default","site-content-style":"default","site-sidebar-style":"default","ast-global-header-display":"","ast-banner-title-visibility":"","ast-main-header-display":"","ast-hfb-above-header-display":"","ast-hfb-below-header-display":"","ast-hfb-mobile-header-display":"","site-post-title":"","ast-breadcrumbs-content":"","ast-featured-img":"","footer-sml-layout":"","ast-disable-related-posts":"","theme-transparent-header-meta":"default","adv-header-id-meta":"","stick-header-meta":"default","header-above-stick-meta":"","header-main-stick-meta":"","header-below-stick-meta":"","astra-migrate-meta-layouts":"set","ast-page-background-enabled":"default","ast-page-background-meta":{"desktop":{"background-color":"","background-image":"","background-repeat":"repeat","background-position":"center center","background-size":"auto","background-attachment":"scroll","background-type":"","background-media":"","overlay-type":"","overlay-color":"","overlay-opacity":"","overlay-gradient":""},"tablet":{"background-color":"","background-image":"","background-repeat":"repeat","background-position":"center center","background-size":"auto","background-attachment":"scroll","background-type":"","background-media":"","overlay-type":"","overlay-color":"","overlay-opacity":"","overlay-gradient":""},"mobile":{"background-color":"","background-image":"","background-repeat":"repeat","background-position":"center center","background-size":"auto","background-attachment":"scroll","background-type":"","background-media":"","overlay-type":"","overlay-color":"","overlay-opacity":"","overlay-gradient":""}},"ast-content-background-meta":{"desktop":{"background-color":"var(--ast-global-color-5)","background-image":"","background-repeat":"repeat","background-position":"center center","background-size":"auto","background-attachment":"scroll","background-type":"","background-media":"","overlay-type":"","overlay-color":"","overlay-opacity":"","overlay-gradient":""},"tablet":{"background-color":"var(--ast-global-color-5)","background-image":"","background-repeat":"repeat","background-position":"center center","background-size":"auto","background-attachment":"scroll","background-type":"","background-media":"","overlay-type":"","overlay-color":"","overlay-opacity":"","overlay-gradient":""},"mobile":{"background-color":"var(--ast-global-color-5)","background-image":"","background-repeat":"repeat","background-position":"center center","background-size":"auto","background-attachment":"scroll","background-type":"","background-media":"","overlay-type":"","overlay-color":"","overlay-opacity":"","overlay-gradient":""}}},"product_brand":[],"product_cat":[65,77,82],"product_tag":[442,441,443,444],"class_list":{"0":"post-7172","1":"product","2":"type-product","3":"status-publish","4":"has-post-thumbnail","6":"product_cat-best-sellers","7":"product_cat-wholesale-womens-shapewear","8":"product_cat-wholesale-shapewear-bodysuit","9":"product_tag-plus-size-shapewear","10":"product_tag-shapewear-bodysuits","11":"product_tag-shapewear-wholesale","12":"product_tag-womens-shapewear","13":"pa_color-beige-with-lace","14":"pa_color-black-with-lace","15":"pa_size-4xl","16":"pa_size-l","17":"pa_size-m","18":"pa_size-s","19":"pa_size-xl","20":"pa_size-xxl","21":"pa_size-xxxl","22":"desktop-align-center","23":"tablet-align-left","24":"mobile-align-left","25":"ast-product-gallery-layout-horizontal-slider","26":"ast-product-single-variable","27":"ast-product-tabs-layout-horizontal","28":"ast-qv-on-image","30":"first","31":"instock","32":"shipping-taxable","33":"purchasable","34":"product-type-variable"},"tiered_pricing_type":"fixed","tiered_pricing_fixed_rules":{"2":9.85,"50":8.6,"100":7.4},"tiered_pricing_product_settings":{"layout":"default","base_unit_name":{"singular":null,"plural":null},"default_variation":null},"tiered_pricing_minimum_quantity":null,"tiered_pricing_roles_data":[],"tiered_pricing_percentage_rules":[],"_links":{"self":[{"href":"https:\/\/yume-silm.com\/it\/wp-json\/wp\/v2\/product\/7172","targetHints":{"allow":["GET"]}}],"collection":[{"href":"https:\/\/yume-silm.com\/it\/wp-json\/wp\/v2\/product"}],"about":[{"href":"https:\/\/yume-silm.com\/it\/wp-json\/wp\/v2\/types\/product"}],"replies":[{"embeddable":true,"href":"https:\/\/yume-silm.com\/it\/wp-json\/wp\/v2\/comments?post=7172"}],"wp:featuredmedia":[{"embeddable":true,"href":"https:\/\/yume-silm.com\/it\/wp-json\/wp\/v2\/media\/7173"}],"wp:attachment":[{"href":"https:\/\/yume-silm.com\/it\/wp-json\/wp\/v2\/media?parent=7172"}],"wp:term":[{"taxonomy":"product_brand","embeddable":true,"href":"https:\/\/yume-silm.com\/it\/wp-json\/wp\/v2\/product_brand?post=7172"},{"taxonomy":"product_cat","embeddable":true,"href":"https:\/\/yume-silm.com\/it\/wp-json\/wp\/v2\/product_cat?post=7172"},{"taxonomy":"product_tag","embeddable":true,"href":"https:\/\/yume-silm.com\/it\/wp-json\/wp\/v2\/product_tag?post=7172"}],"curies":[{"name":"wp","href":"https:\/\/api.w.org\/{rel}","templated":true}]}}