{"id":7346,"date":"2023-12-26T05:54:52","date_gmt":"2023-12-26T05:54:52","guid":{"rendered":"https:\/\/yume-silm.com\/?post_type=product&#038;p=7346"},"modified":"2025-06-24T02:20:29","modified_gmt":"2025-06-24T02:20:29","slug":"gilet-dimagrante-senza-maniche-con-camicia-a-compressione","status":"publish","type":"product","link":"https:\/\/yume-silm.com\/it\/prodotto\/gilet-dimagrante-senza-maniche-con-camicia-a-compressione\/","title":{"rendered":"Camicia a compressione da uomo Gilet dimagrante senza maniche"},"content":{"rendered":"<h5>Caratteristiche del progetto<\/h5>\n<ul>\n<li data-slate-node=\"element\"><span data-slate-node=\"text\"><span class=\"181\" data-slate-leaf=\"true\"><strong>MODELLAZIONE DEL CORPO PERFETTA:<\/strong> La canotta intima per ginecomastia utilizza un&#039;avanzata tecnologia di compressione senza cuciture per darti immediatamente linee pi\u00f9 prominenti e un aspetto pi\u00f9 sicuro. <\/span><\/span><span data-slate-node=\"text\"><span class=\"182\" data-slate-leaf=\"true\">Che si tratti di modellare la pancia o di migliorare la postura, fa miracoli.<\/span><\/span><\/li>\n<li data-slate-node=\"element\"><span data-slate-node=\"text\"><span class=\"201\" data-slate-leaf=\"true\"><strong>VESTIBILIT\u00c0 CONFORTEVOLE:<\/strong> Non sopportare il disagio di provare a modellare il tuo corpo! <\/span><\/span><span data-slate-node=\"text\"><span class=\"202\" data-slate-leaf=\"true\">Il nostro intimo modellante per il corpo con controllo della pancia \u00e8 realizzato con tessuti morbidi di alta qualit\u00e0 che si adattano perfettamente alla pelle pur rimanendo traspiranti, permettendoti di indossarli con facilit\u00e0.<\/span><\/span><\/li>\n<li data-slate-node=\"element\"><span data-slate-node=\"text\"><span class=\"221\" data-slate-leaf=\"true\"><strong>INVISIBILE E SENZA TRACCE:<\/strong> Anche al lavoro, durante lo sport o nella vita di tutti i giorni, le canotte modellanti aderiscono al tuo corpo in modo invisibile e perfetto, permettendoti di sentirti a tuo agio in tutti i tipi di outfit senza lasciare traccia.<\/span><\/span><\/li>\n<li data-slate-node=\"element\"><span data-slate-node=\"text\"><span class=\"241\" data-slate-leaf=\"true\"><strong>ABBINAMENTO VERSATILE:<\/strong> Lo stile semplice del gilet dimagrante senza maniche della camicia a compressione da uomo \u00e8 facile da abbinare e pu\u00f2 essere indossato non solo come biancheria intima ma anche indipendentemente come capospalla. <\/span><\/span><span data-slate-node=\"text\"><span class=\"242\" data-slate-leaf=\"true\">Che lo abbini a un abito o a un abbigliamento casual, aggiunger\u00e0 valore al tuo look.<\/span><\/span><\/li>\n<li data-slate-node=\"element\"><span data-slate-node=\"text\"><span class=\"261\" data-slate-leaf=\"true\"><strong>CORREZIONALE E DUREVOLE:<\/strong> Il miglior intimo modellante da uomo \u00e8 progettato con un&#039;ergonomia incrociata per ottenere la correzione della schiena. <\/span><\/span><span data-slate-node=\"text\"><span class=\"262\" data-slate-leaf=\"true\">Realizzato anche in materiale resistente all&#039;usura, \u00e8 durevole e non facile da deformare o sbiadire, cos\u00ec puoi goderti l&#039;effetto modellante e il comfort per lungo tempo.<\/span><\/span><\/li>\n<\/ul>\n<h6 data-slate-node=\"element\"><em>Camicia modellante a compressione senza cuciture da uomo con controllo della pancia<\/em><\/h6>\n<ul>\n<li data-slate-node=\"element\" data-slate-fragment=\"JTVCJTdCJTIydHlwZSUyMiUzQSUyMnBhcmFncmFwaCUyMiUyQyUyMmNoaWxkcmVuJTIyJTNBJTVCJTdCJTIydGV4dCUyMiUzQSUyMlBFUkZFQ1QlMjBCT0RZJTIwU0hBUElORyUzQSUyMFRoZSUyMGd5bmVjb21hc3RpYSUyMHVuZGVyc2hpcnQlMjB0YW5rJTIwdG9wJTIwdXRpbGl6ZXMlMjBhZHZhbmNlZCUyMHNlYW1sZXNzJTIwY29tcHJlc3Npb24lMjB0ZWNobm9sb2d5JTIwdG8lMjBnaXZlJTIweW91JTIwaW5zdGFudGx5JTIwbW9yZSUyMHByb21pbmVudCUyMGxpbmVzJTIwYW5kJTIwYSUyMG1vcmUlMjBjb25maWRlbnQlMjBhcHBlYXJhbmNlLiUyMCUyMiUyQyUyMnNlbnRlbmNlJTIyJTNBMTglMkMlMjJjaGlsZFNlbnRlbmNlJTIyJTNBMSU3RCUyQyU3QiUyMnRleHQlMjIlM0ElMjJXaGV0aGVyJTIwaXQncyUyMHNoYXBpbmclMjB5b3VyJTIwdHVtbXklMjBvciUyMGltcHJvdmluZyUyMHlvdXIlMjBwb3N0dXJlJTJDJTIwaXQlMjB3b3JrcyUyMHdvbmRlcnMuJTIyJTJDJTIyc2VudGVuY2UlMjIlM0ExOCUyQyUyMmNoaWxkU2VudGVuY2UlMjIlM0EyJTdEJTVEJTdEJTJDJTdCJTIydHlwZSUyMiUzQSUyMnBhcmFncmFwaCUyMiUyQyUyMmNoaWxkcmVuJTIyJTNBJTVCJTdCJTIydGV4dCUyMiUzQSUyMiUyMiUyQyUyMnNlbnRlbmNlJTIyJTNBMTklMkMlMjJjaGlsZFNlbnRlbmNlJTIyJTNBMSU3RCU1RCU3RCUyQyU3QiUyMnR5cGUlMjIlM0ElMjJwYXJhZ3JhcGglMjIlMkMlMjJjaGlsZHJlbiUyMiUzQSU1QiU3QiUyMnRleHQlMjIlM0ElMjJDT01GT1JUQUJMRSUyMEZJVCUzQSUyMERvbid0JTIwcHV0JTIwdXAlMjB3aXRoJTIwdGhlJTIwZGlzY29tZm9ydCUyMG9mJTIwdHJ5aW5nJTIwdG8lMjBzaGFwZSUyMHlvdXIlMjBib2R5ISUyMCUyMiUyQyUyMnNlbnRlbmNlJTIyJTNBMjAlMkMlMjJjaGlsZFNlbnRlbmNlJTIyJTNBMSU3RCUyQyU3QiUyMnRleHQlMjIlM0ElMjJPdXIlMjBib2R5JTIwc2xpbW1lciUyMHNoYXBld2VhciUyMHdpdGglMjB0dW1teSUyMGNvbnRyb2wlMjBhcmUlMjBtYWRlJTIwb2YlMjBoaWdoJTIwcXVhbGl0eSUyMHNvZnQlMjBmYWJyaWNzJTIwdGhhdCUyMGZpdCUyMHBlcmZlY3RseSUyMGFnYWluc3QlMjB0aGUlMjBza2luJTIwd2hpbGUlMjByZW1haW5pbmclMjBicmVhdGhhYmxlJTJDJTIwYWxsb3dpbmclMjB5b3UlMjB0byUyMHdlYXIlMjB0aGVtJTIwd2l0aCUyMGVhc2UuJTIyJTJDJTIyc2VudGVuY2UlMjIlM0EyMCUyQyUyMmNoaWxkU2VudGVuY2UlMjIlM0EyJTdEJTVEJTdEJTJDJTdCJTIydHlwZSUyMiUzQSUyMnBhcmFncmFwaCUyMiUyQyUyMmNoaWxkcmVuJTIyJTNBJTVCJTdCJTIydGV4dCUyMiUzQSUyMiUyMiUyQyUyMnNlbnRlbmNlJTIyJTNBMjElMkMlMjJjaGlsZFNlbnRlbmNlJTIyJTNBMSU3RCU1RCU3RCUyQyU3QiUyMnR5cGUlMjIlM0ElMjJwYXJhZ3JhcGglMjIlMkMlMjJjaGlsZHJlbiUyMiUzQSU1QiU3QiUyMnRleHQlMjIlM0ElMjJJTlZJU0lCTEUlMjBBTkQlMjBUUkFDRS1GUkVFJTNBJTIwRXZlbiUyMGF0JTIwd29yayUyQyUyMGR1cmluZyUyMHNwb3J0cyUyMG9yJTIwaW4lMjBldmVyeWRheSUyMGxpZmUlMkMlMjB0aGUlMjBzaGFwZXdlYXIlMjB0YW5rJTIwdG9wcyUyMGZpdCUyMHlvdXIlMjBib2R5JTIwaW52aXNpYmx5JTIwYW5kJTIwcGVyZmVjdGx5JTJDJTIwYWxsb3dpbmclMjB5b3UlMjB0byUyMGZlZWwlMjBjb21mb3J0YWJsZSUyMGluJTIwYWxsJTIwa2luZHMlMjBvZiUyMG91dGZpdHMlMjB3aXRob3V0JTIwYSUyMHRyYWNlLiUyMiUyQyUyMnNlbnRlbmNlJTIyJTNBMjIlMkMlMjJjaGlsZFNlbnRlbmNlJTIyJTNBMSU3RCU1RCU3RCUyQyU3QiUyMnR5cGUlMjIlM0ElMjJwYXJhZ3JhcGglMjIlMkMlMjJjaGlsZHJlbiUyMiUzQSU1QiU3QiUyMnRleHQlMjIlM0ElMjIlMjIlMkMlMjJzZW50ZW5jZSUyMiUzQTIzJTJDJTIyY2hpbGRTZW50ZW5jZSUyMiUzQTElN0QlNUQlN0QlMkMlN0IlMjJ0eXBlJTIyJTNBJTIycGFyYWdyYXBoJTIyJTJDJTIyY2hpbGRyZW4lMjIlM0ElNUIlN0IlMjJ0ZXh0JTIyJTNBJTIyVkVSU0FUSUxFJTIwTUFUQ0hJTkclM0ElMjBUaGUlMjBzaW1wbGUlMjBzdHlsZSUyMG9mJTIwdGhlJTIwbWVuJ3MlMjBzbGltbWluZyUyMHNoYXBld2VhciUyMHZlc3QlMjBpcyUyMGVhc3klMjB0byUyMG1hdGNoJTIwYW5kJTIwY2FuJTIwYmUlMjB3b3JuJTIwbm90JTIwb25seSUyMGFzJTIwYW4lMjB1bmRlcndlYXIlMjBidXQlMjBhbHNvJTIwaW5kZXBlbmRlbnRseSUyMGFzJTIwYW4lMjBvdXRlcndlYXIuJTIwJTIyJTJDJTIyc2VudGVuY2UlMjIlM0EyNCUyQyUyMmNoaWxkU2VudGVuY2UlMjIlM0ExJTdEJTJDJTdCJTIydGV4dCUyMiUzQSUyMldoZXRoZXIlMjB5b3UlMjBwYWlyJTIwaXQlMjB3aXRoJTIwYSUyMHN1aXQlMjBvciUyMGNhc3VhbCUyMHdlYXIlMkMlMjBpdCUyMHdpbGwlMjBhZGQlMjB0byUyMHlvdXIlMjBsb29rLiUyMiUyQyUyMnNlbnRlbmNlJTIyJTNBMjQlMkMlMjJjaGlsZFNlbnRlbmNlJTIyJTNBMiU3RCU1RCU3RCUyQyU3QiUyMnR5cGUlMjIlM0ElMjJwYXJhZ3JhcGglMjIlMkMlMjJjaGlsZHJlbiUyMiUzQSU1QiU3QiUyMnRleHQlMjIlM0ElMjIlMjIlMkMlMjJzZW50ZW5jZSUyMiUzQTI1JTJDJTIyY2hpbGRTZW50ZW5jZSUyMiUzQTElN0QlNUQlN0QlMkMlN0IlMjJ0eXBlJTIyJTNBJTIycGFyYWdyYXBoJTIyJTJDJTIyY2hpbGRyZW4lMjIlM0ElNUIlN0IlMjJ0ZXh0JTIyJTNBJTIyQ09SUkVDVElPTkFMJTIwQU5EJTIwRFVSQUJMRSUzQSUyMFRoZSUyMGJlc3QlMjBzaGFwZXdlYXIlMjBmb3IlMjBtZW4lMjBpcyUyMGRlc2lnbmVkJTIwd2l0aCUyMGNyb3Nzb3ZlciUyMGVyZ29ub21pY3MlMjB0byUyMGFjaGlldmUlMjBiYWNrJTIwY29ycmVjdGlvbi4lMjAlMjIlMkMlMjJzZW50ZW5jZSUyMiUzQTI2JTJDJTIyY2hpbGRTZW50ZW5jZSUyMiUzQTElN0QlMkMlN0IlMjJ0ZXh0JTIyJTNBJTIyQWxzbyUyMG1hZGUlMjBvZiUyMHdlYXItcmVzaXN0YW50JTIwbWF0ZXJpYWwlMkMlMjBpdCUyMGlzJTIwZHVyYWJsZSUyMGFuZCUyMG5vdCUyMGVhc3klMjB0byUyMGRlZm9ybSUyMG9yJTIwZmFkZSUyQyUyMHNvJTIweW91JTIwY2FuJTIwZW5qb3klMjB0aGUlMjBzaGFwaW5nJTIwZWZmZWN0JTIwYW5kJTIwY29tZm9ydCUyMGZvciUyMGElMjBsb25nJTIwdGltZS4lMjIlMkMlMjJzZW50ZW5jZSUyMiUzQTI2JTJDJTIyY2hpbGRTZW50ZW5jZSUyMiUzQTIlN0QlNUQlN0QlMkMlN0IlMjJ0eXBlJTIyJTNBJTIycGFyYWdyYXBoJTIyJTJDJTIyY2hpbGRyZW4lMjIlM0ElNUIlN0IlMjJ0ZXh0JTIyJTNBJTIyJTIyJTJDJTIyc2VudGVuY2UlMjIlM0EyNyUyQyUyMmNoaWxkU2VudGVuY2UlMjIlM0ExJTdEJTVEJTdEJTJDJTdCJTIydHlwZSUyMiUzQSUyMnBhcmFncmFwaCUyMiUyQyUyMmNoaWxkcmVuJTIyJTNBJTVCJTdCJTIydGV4dCUyMiUzQSUyMk1lbidzJTIwY29tcHJlc3Npb24lMjBzaGlydCUyMHNsZWV2ZWxlc3MlMjBzbGltbWluZyUyMHZlc3QlMjBpcyUyMGElMjBtdXN0LWhhdmUlMjBmYXNoaW9uYWJsZSUyMGJvZHklMjBzaGFwaW5nJTIwdG9vbCUyMGZvciUyMG1vZGVybiUyMG1lbi4lMjAlMjIlMkMlMjJzZW50ZW5jZSUyMiUzQTI4JTJDJTIyY2hpbGRTZW50ZW5jZSUyMiUzQTElN0QlMkMlN0IlMjJ0ZXh0JTIyJTNBJTIySXQlMjBhbGxvd3MlMjB5b3UlMjB0byUyMGV4dWRlJTIwY29uZmlkZW5jZSUyMGFuZCUyMHNoYXBlJTIweW91ciUyMHBlcmZlY3QlMjBib2R5JTIwaW4lMjBhbnklMjBvY2Nhc2lvbi4lMjAlMjIlMkMlMjJzZW50ZW5jZSUyMiUzQTI4JTJDJTIyY2hpbGRTZW50ZW5jZSUyMiUzQTIlN0QlMkMlN0IlMjJ0ZXh0JTIyJTNBJTIySHVycnklMjB1cCUyMHRvJTIwZXhwZXJpZW5jZSUyMGl0cyUyMGFtYXppbmclMjBlZmZlY3QhJTIyJTJDJTIyc2VudGVuY2UlMjIlM0EyOCUyQyUyMmNoaWxkU2VudGVuY2UlMjIlM0EzJTdEJTVEJTdEJTVE\"><span data-slate-node=\"text\"><span class=\"281\" data-slate-leaf=\"true\">Il gilet dimagrante senza maniche con camicia a compressione da uomo \u00e8 uno strumento indispensabile per modellare il corpo alla moda per gli uomini moderni. <\/span><\/span><span data-slate-node=\"text\"><span class=\"282\" data-slate-leaf=\"true\">Ti permette di trasudare sicurezza e modellare il tuo corpo perfetto in ogni occasione. <\/span><\/span><span data-slate-node=\"text\"><span class=\"283\" data-slate-leaf=\"true\">Affrettati a provare il suo straordinario effetto!<\/span><\/span><\/li>\n<\/ul>","protected":false},"excerpt":{"rendered":"<p>Indossa questo gilet dimagrante senza maniche con camicia a compressione con le sue caratteristiche traspiranti e compressive che appiattiranno il petto e lo stomaco. Il supporto per la schiena aiuta la schiena e la postura generale, le magliette a compressione &quot;uomo tette&quot; aiutano con la perdita di peso e gli allenamenti brucia grassi.<\/p>","protected":false},"featured_media":7357,"comment_status":"open","ping_status":"closed","template":"","meta":{"site-sidebar-layout":"default","site-content-layout":"","ast-site-content-layout":"default","site-content-style":"default","site-sidebar-style":"default","ast-global-header-display":"","ast-banner-title-visibility":"","ast-main-header-display":"","ast-hfb-above-header-display":"","ast-hfb-below-header-display":"","ast-hfb-mobile-header-display":"","site-post-title":"","ast-breadcrumbs-content":"","ast-featured-img":"","footer-sml-layout":"","ast-disable-related-posts":"","theme-transparent-header-meta":"default","adv-header-id-meta":"","stick-header-meta":"default","header-above-stick-meta":"","header-main-stick-meta":"","header-below-stick-meta":"","astra-migrate-meta-layouts":"set","ast-page-background-enabled":"default","ast-page-background-meta":{"desktop":{"background-color":"","background-image":"","background-repeat":"repeat","background-position":"center center","background-size":"auto","background-attachment":"scroll","background-type":"","background-media":"","overlay-type":"","overlay-color":"","overlay-opacity":"","overlay-gradient":""},"tablet":{"background-color":"","background-image":"","background-repeat":"repeat","background-position":"center center","background-size":"auto","background-attachment":"scroll","background-type":"","background-media":"","overlay-type":"","overlay-color":"","overlay-opacity":"","overlay-gradient":""},"mobile":{"background-color":"","background-image":"","background-repeat":"repeat","background-position":"center center","background-size":"auto","background-attachment":"scroll","background-type":"","background-media":"","overlay-type":"","overlay-color":"","overlay-opacity":"","overlay-gradient":""}},"ast-content-background-meta":{"desktop":{"background-color":"var(--ast-global-color-5)","background-image":"","background-repeat":"repeat","background-position":"center center","background-size":"auto","background-attachment":"scroll","background-type":"","background-media":"","overlay-type":"","overlay-color":"","overlay-opacity":"","overlay-gradient":""},"tablet":{"background-color":"var(--ast-global-color-5)","background-image":"","background-repeat":"repeat","background-position":"center center","background-size":"auto","background-attachment":"scroll","background-type":"","background-media":"","overlay-type":"","overlay-color":"","overlay-opacity":"","overlay-gradient":""},"mobile":{"background-color":"var(--ast-global-color-5)","background-image":"","background-repeat":"repeat","background-position":"center center","background-size":"auto","background-attachment":"scroll","background-type":"","background-media":"","overlay-type":"","overlay-color":"","overlay-opacity":"","overlay-gradient":""}}},"product_brand":[],"product_cat":[85,76,86],"product_tag":[494,492,495,491,496,185],"class_list":{"0":"post-7346","1":"product","2":"type-product","3":"status-publish","4":"has-post-thumbnail","6":"product_cat-wholesale-mens-shapewear","7":"product_cat-new-arrivels","8":"product_cat-wholesale-men-sliming-vest","9":"product_tag-body-shaper","10":"product_tag-breathable","11":"product_tag-keep-fit","12":"product_tag-seamless","13":"product_tag-vest","14":"product_tag-workout","15":"pa_color-black","16":"pa_color-white","17":"pa_size-l","18":"pa_size-m","19":"pa_size-s","20":"pa_size-xl","21":"pa_size-xxl","22":"desktop-align-center","23":"tablet-align-left","24":"mobile-align-left","25":"ast-product-gallery-layout-horizontal-slider","26":"ast-product-single-variable","27":"ast-product-tabs-layout-horizontal","28":"ast-qv-on-image","30":"first","31":"instock","32":"shipping-taxable","33":"purchasable","34":"product-type-variable"},"tiered_pricing_type":"fixed","tiered_pricing_fixed_rules":{"5":2.95,"100":2.6,"300":2.05},"tiered_pricing_product_settings":{"layout":"default","base_unit_name":{"singular":null,"plural":null},"default_variation":null},"tiered_pricing_minimum_quantity":null,"tiered_pricing_roles_data":[],"tiered_pricing_percentage_rules":[],"_links":{"self":[{"href":"https:\/\/yume-silm.com\/it\/wp-json\/wp\/v2\/product\/7346","targetHints":{"allow":["GET"]}}],"collection":[{"href":"https:\/\/yume-silm.com\/it\/wp-json\/wp\/v2\/product"}],"about":[{"href":"https:\/\/yume-silm.com\/it\/wp-json\/wp\/v2\/types\/product"}],"replies":[{"embeddable":true,"href":"https:\/\/yume-silm.com\/it\/wp-json\/wp\/v2\/comments?post=7346"}],"wp:featuredmedia":[{"embeddable":true,"href":"https:\/\/yume-silm.com\/it\/wp-json\/wp\/v2\/media\/7357"}],"wp:attachment":[{"href":"https:\/\/yume-silm.com\/it\/wp-json\/wp\/v2\/media?parent=7346"}],"wp:term":[{"taxonomy":"product_brand","embeddable":true,"href":"https:\/\/yume-silm.com\/it\/wp-json\/wp\/v2\/product_brand?post=7346"},{"taxonomy":"product_cat","embeddable":true,"href":"https:\/\/yume-silm.com\/it\/wp-json\/wp\/v2\/product_cat?post=7346"},{"taxonomy":"product_tag","embeddable":true,"href":"https:\/\/yume-silm.com\/it\/wp-json\/wp\/v2\/product_tag?post=7346"}],"curies":[{"name":"wp","href":"https:\/\/api.w.org\/{rel}","templated":true}]}}