{"id":7370,"date":"2024-01-04T09:05:14","date_gmt":"2024-01-04T09:05:14","guid":{"rendered":"https:\/\/yume-silm.com\/?post_type=product&#038;p=7370"},"modified":"2024-11-06T02:06:12","modified_gmt":"2024-11-06T02:06:12","slug":"mutandine-modellanti-in-abs-a-compressione-a-vita-alta-da-donna-2","status":"publish","type":"product","link":"https:\/\/yume-silm.com\/it\/prodotto\/mutandine-modellanti-in-abs-a-compressione-a-vita-alta-da-donna-2\/","title":{"rendered":"Mutandine modellanti per addominali a compressione a vita alta da donna"},"content":{"rendered":"<h5><span data-slate-fragment=\"JTVCJTdCJTIydHlwZSUyMiUzQSUyMnBhcmFncmFwaCUyMiUyQyUyMmNoaWxkcmVuJTIyJTNBJTVCJTdCJTIydGV4dCUyMiUzQSUyMkRlc2lnbiUyMGZlYXR1cmVzJTIyJTJDJTIyc2VudGVuY2UlMjIlM0EyMCUyQyUyMmNoaWxkU2VudGVuY2UlMjIlM0ExJTdEJTVEJTdEJTVE\">Caratteristiche del progetto<\/span><\/h5>\n<ul>\n<li data-slate-node=\"element\"><span class=\"\" data-slate-node=\"text\"><span class=\"221\" data-slate-leaf=\"true\"><span data-slate-string=\"true\"><strong>SUPPORTO VITA E SOLLEVAMENTO FIANCHI:<\/strong> Le mutandine modellanti per addominali a compressione a vita alta adottano un esclusivo design incrociato a vita alta. <\/span><\/span><\/span><span data-slate-node=\"text\"><span class=\"222\" data-slate-leaf=\"true\">Il modellante a vita alta senza cuciture pu\u00f2 fornire efficacemente una compressione addominale. <\/span><\/span><span data-slate-node=\"text\"><span class=\"223\" data-slate-leaf=\"true\">Modella una vita pi\u00f9 snella. <\/span><\/span><span data-slate-node=\"text\"><span class=\"224\" data-slate-leaf=\"true\">Il concetto di design incrociato con il senso della moda fornisce anche supporto e fissazione extra.<\/span><\/span><\/li>\n<li data-slate-node=\"element\"><span class=\"\" data-slate-node=\"text\"><span class=\"241\" data-slate-leaf=\"true\"><span data-slate-string=\"true\"><strong>DELICATO SULLA PELLE E TRASPIRANTE:<\/strong> I nostri morbidi pantaloni skinny da donna sono realizzati con tessuti di alta qualit\u00e0, cos\u00ec chi li indossa pu\u00f2 sentire sempre un comfort e una traspirabilit\u00e0 senza rivali. <\/span><\/span><\/span><span data-slate-node=\"text\"><span class=\"242\" data-slate-leaf=\"true\">L&#039;esperienza delicata sulla pelle di questo corsetto per il controllo della pancia sar\u00e0 un&#039;aggiunta perfetta al tuo armadio.<\/span><\/span><\/li>\n<li data-slate-node=\"element\"><span data-slate-node=\"text\"><span class=\"261\" data-slate-leaf=\"true\"><strong>MORBIDO ED ELASTICIZZATO:<\/strong> Non esitare a provare a possedere e indossare questi collant in vita morbidi e traspiranti. <\/span><\/span><span data-slate-node=\"text\"><span class=\"262\" data-slate-leaf=\"true\">Prova la sensazione morbida, leggera e la sensazione elastica superiore che offre che superer\u00e0 sempre le tue aspettative.<\/span><\/span><\/li>\n<li data-slate-node=\"element\"><span data-slate-node=\"text\"><span class=\"281\" data-slate-leaf=\"true\"><strong>CONFORTEVOLE E INVISIBILE:<\/strong> Che si tratti di abbigliamento quotidiano o di sport e fitness, i pantaloni a triangolo modellanti incrociati a vita alta sono all&#039;altezza del compito di modellare il corpo fornendo allo stesso tempo un supporto confortevole. <\/span><\/span><span class=\"\" data-slate-node=\"text\"><span class=\"282\" data-slate-leaf=\"true\"><span data-slate-string=\"true\">Con questo intimo modellante addominale a compressione pi\u00f9 adatto, sei sicuro di gestire facilmente i tuoi jeans preferiti o il vestito pi\u00f9 carino.<\/span><\/span><\/span><\/li>\n<li data-slate-node=\"element\" data-slate-fragment=\"JTVCJTdCJTIydHlwZSUyMiUzQSUyMnBhcmFncmFwaCUyMiUyQyUyMmNoaWxkcmVuJTIyJTNBJTVCJTdCJTIydGV4dCUyMiUzQSUyMldBSVNUJTIwU1VQUE9SVCUyMEFORCUyMEhJUCUyMExJRlQlM0ElMjBUaGUlMjBoaWdoJTIwd2Fpc3RlZCUyMGNvbXByZXNzaW9uJTIwYWJzJTIwc2hhcGV3ZWFyJTIwcGFudGllcyUyMGFkb3B0cyUyMGElMjB1bmlxdWUlMjBoaWdoJTIwd2Fpc3QlMjBjcm9zc292ZXIlMjBkZXNpZ24uJTIwJTIyJTJDJTIyc2VudGVuY2UlMjIlM0EyMiUyQyUyMmNoaWxkU2VudGVuY2UlMjIlM0ExJTdEJTJDJTdCJTIydGV4dCUyMiUzQSUyMlNlYW1sZXNzJTIwaGlnaCUyMHdhaXN0JTIwc2hhcGV3ZWFyJTIwY2FuJTIwZWZmZWN0aXZlbHklMjBwcm92aWRlJTIwYWJkb21pbmFsJTIwY29tcHJlc3Npb24uJTIwJTIyJTJDJTIyc2VudGVuY2UlMjIlM0EyMiUyQyUyMmNoaWxkU2VudGVuY2UlMjIlM0EyJTdEJTJDJTdCJTIydGV4dCUyMiUzQSUyMkl0JTIwc2hhcGVzJTIwYSUyMHNsaW1tZXIlMjB3YWlzdGxpbmUuJTIwJTIyJTJDJTIyc2VudGVuY2UlMjIlM0EyMiUyQyUyMmNoaWxkU2VudGVuY2UlMjIlM0EzJTdEJTJDJTdCJTIydGV4dCUyMiUzQSUyMlRoZSUyMGNyb3NzLWRlc2lnbiUyMGNvbmNlcHQlMjB3aXRoJTIwZmFzaGlvbiUyMHNlbnNlJTIwYWxzbyUyMHByb3ZpZGVzJTIwZXh0cmElMjBzdXBwb3J0JTIwYW5kJTIwZml4YXRpb24uJTIyJTJDJTIyc2VudGVuY2UlMjIlM0EyMiUyQyUyMmNoaWxkU2VudGVuY2UlMjIlM0E0JTdEJTVEJTdEJTJDJTdCJTIydHlwZSUyMiUzQSUyMnBhcmFncmFwaCUyMiUyQyUyMmNoaWxkcmVuJTIyJTNBJTVCJTdCJTIydGV4dCUyMiUzQSUyMiUyMiUyQyUyMnNlbnRlbmNlJTIyJTNBMjMlMkMlMjJjaGlsZFNlbnRlbmNlJTIyJTNBMSU3RCU1RCU3RCUyQyU3QiUyMnR5cGUlMjIlM0ElMjJwYXJhZ3JhcGglMjIlMkMlMjJjaGlsZHJlbiUyMiUzQSU1QiU3QiUyMnRleHQlMjIlM0ElMjJTS0lOLUZSSUVORExZJTIwQU5EJTIwQlJFQVRIQUJMRSUzQSUyME91ciUyMHNvZnQlMjB3b21lbidzJTIwc2tpbm55JTIwcGFudHMlMjBpcyUyMG1hZGUlMjBvZiUyMGhpZ2gtcXVhbGl0eSUyMGZhYnJpY3MlMkMlMjBzbyUyMHRoZSUyMHdlYXJlciUyMGNhbiUyMGZlZWwlMjB1bnJpdmFsZWQlMjBjb21mb3J0JTIwYW5kJTIwYnJlYXRoYWJpbGl0eSUyMGF0JTIwYWxsJTIwdGltZXMuJTIwJTIyJTJDJTIyc2VudGVuY2UlMjIlM0EyNCUyQyUyMmNoaWxkU2VudGVuY2UlMjIlM0ExJTdEJTJDJTdCJTIydGV4dCUyMiUzQSUyMlRoZSUyMHNraW4tZnJpZW5kbHklMjBleHBlcmllbmNlJTIwb2YlMjB0aGlzJTIwdHVtbXklMjBjb250cm9sJTIwY29yc2V0JTIwd2lsbCUyMGJlJTIwYSUyMHBlcmZlY3QlMjBhZGRpdGlvbiUyMHRvJTIweW91ciUyMGNsb3NldC4lMjIlMkMlMjJzZW50ZW5jZSUyMiUzQTI0JTJDJTIyY2hpbGRTZW50ZW5jZSUyMiUzQTIlN0QlNUQlN0QlMkMlN0IlMjJ0eXBlJTIyJTNBJTIycGFyYWdyYXBoJTIyJTJDJTIyY2hpbGRyZW4lMjIlM0ElNUIlN0IlMjJ0ZXh0JTIyJTNBJTIyJTIyJTJDJTIyc2VudGVuY2UlMjIlM0EyNSUyQyUyMmNoaWxkU2VudGVuY2UlMjIlM0ExJTdEJTVEJTdEJTJDJTdCJTIydHlwZSUyMiUzQSUyMnBhcmFncmFwaCUyMiUyQyUyMmNoaWxkcmVuJTIyJTNBJTVCJTdCJTIydGV4dCUyMiUzQSUyMlNvZnQlMjBhbmQlMjBTdHJldGNoeSUzQSUyMERvbid0JTIwaGVzaXRhdGUlMjB0byUyMHRyeSUyMHRvJTIwb3duJTIwYW5kJTIwd2VhciUyMHRoaXMlMjBzbW9vdGglMjBhbmQlMjBicmVhdGhhYmxlJTIwd2Fpc3QlMjB0aWdodHMuJTIwJTIyJTJDJTIyc2VudGVuY2UlMjIlM0EyNiUyQyUyMmNoaWxkU2VudGVuY2UlMjIlM0ExJTdEJTJDJTdCJTIydGV4dCUyMiUzQSUyMkV4cGVyaWVuY2UlMjB0aGUlMjBzb2Z0JTJDJTIwbGlnaHR3ZWlnaHQlMjBmZWVsJTIwYW5kJTIwc3VwZXJpb3IlMjBzdHJldGNoeSUyMHNlbnNhdGlvbiUyMGl0JTIwb2ZmZXJzJTIwdGhhdCUyMHdpbGwlMjBhbHdheXMlMjBleGNlZWQlMjB5b3VyJTIwZXhwZWN0YXRpb25zLiUyMiUyQyUyMnNlbnRlbmNlJTIyJTNBMjYlMkMlMjJjaGlsZFNlbnRlbmNlJTIyJTNBMiU3RCU1RCU3RCUyQyU3QiUyMnR5cGUlMjIlM0ElMjJwYXJhZ3JhcGglMjIlMkMlMjJjaGlsZHJlbiUyMiUzQSU1QiU3QiUyMnRleHQlMjIlM0ElMjIlMjIlMkMlMjJzZW50ZW5jZSUyMiUzQTI3JTJDJTIyY2hpbGRTZW50ZW5jZSUyMiUzQTElN0QlNUQlN0QlMkMlN0IlMjJ0eXBlJTIyJTNBJTIycGFyYWdyYXBoJTIyJTJDJTIyY2hpbGRyZW4lMjIlM0ElNUIlN0IlMjJ0ZXh0JTIyJTNBJTIyQ09NRk9SVEFCTEUlMjBBTkQlMjBJTlZJU0lCTEUlM0ElMjBXaGV0aGVyJTIwaXQncyUyMGZvciUyMGV2ZXJ5ZGF5JTIwd2VhciUyMG9yJTIwc3BvcnRzJTIwYW5kJTIwZml0bmVzcyUyQyUyMHRoZSUyMGhpZ2gtd2Fpc3RlZCUyMGNyb3Nzb3ZlciUyMHNoYXBld2VhciUyMHRyaWFuZ2xlJTIwcGFudHMlMjBhcmUlMjB1cCUyMHRvJTIwdGhlJTIwdGFzayUyMG9mJTIwc2hhcGluZyUyMHRoZSUyMGJvZHklMjB3aGlsZSUyMHByb3ZpZGluZyUyMGNvbWZvcnRhYmxlJTIwc3VwcG9ydC4lMjAlMjIlMkMlMjJzZW50ZW5jZSUyMiUzQTI4JTJDJTIyY2hpbGRTZW50ZW5jZSUyMiUzQTElN0QlMkMlN0IlMjJ0ZXh0JTIyJTNBJTIyV2l0aCUyMHRoaXMlMjBtb3N0JTIwc3VpdGFibGUlMjBjb21wcmVzc2lvbiUyMGFiZG9taW5hbCUyMHNoYXBld2VhciUyQyUyMHlvdSUyMGFyZSUyMHN1cmUlMjB5b3UlMjB3aWxsJTIwZWFzaWx5JTIwbWFuYWdlJTIweW91ciUyMGZhdm9yaXRlJTIwamVhbnMlMjBvciUyMHRoZSUyMHByZXR0aWVzdCUyMGRyZXNzLiUyMiUyQyUyMnNlbnRlbmNlJTIyJTNBMjglMkMlMjJjaGlsZFNlbnRlbmNlJTIyJTNBMiU3RCU1RCU3RCUyQyU3QiUyMnR5cGUlMjIlM0ElMjJwYXJhZ3JhcGglMjIlMkMlMjJjaGlsZHJlbiUyMiUzQSU1QiU3QiUyMnRleHQlMjIlM0ElMjIlMjIlMkMlMjJzZW50ZW5jZSUyMiUzQTI5JTJDJTIyY2hpbGRTZW50ZW5jZSUyMiUzQTElN0QlNUQlN0QlMkMlN0IlMjJ0eXBlJTIyJTNBJTIycGFyYWdyYXBoJTIyJTJDJTIyY2hpbGRyZW4lMjIlM0ElNUIlN0IlMjJ0ZXh0JTIyJTNBJTIyU1RZTElTSCUyMEFORCUyMENPTkZJREVOVCUzQSUyMFRoZSUyMGhpZ2glMjB3YWlzdCUyMHNoYXBpbmclMjB3b21lbidzJTIwdW5kZXJ3ZWFyJTIwZWFzaWx5JTIwc2hhcGVzJTIwdGhlJTIwcGVyZmVjdCUyMGN1cnZlcyUyMGR1ZSUyMHRvJTIwaXRzJTIwYm9keSUyMHNoYXBpbmclMjBlZmZlY3QlMjBhbmQlMjBjb21mb3J0LiUyMCUyMiUyQyUyMnNlbnRlbmNlJTIyJTNBMzAlMkMlMjJjaGlsZFNlbnRlbmNlJTIyJTNBMSU3RCUyQyU3QiUyMnRleHQlMjIlM0ElMjJZb3UnbGwlMjBmZWVsJTIwbW9yZSUyMGNvbmZpZGVudCUyMGFib3V0JTIwaG93JTIweW91JTIwbG9vayUyMGluJTIwdGhpcyUyMGxhdGVzdCUyMGFkZGl0aW9uJTIwdG8lMjBvdXIlMjBzaGFwZXdlYXIuJTIwJTIyJTJDJTIyc2VudGVuY2UlMjIlM0EzMCUyQyUyMmNoaWxkU2VudGVuY2UlMjIlM0EyJTdEJTJDJTdCJTIydGV4dCUyMiUzQSUyMkdPJTIwT04lMjBBJTIwREFURSElMjIlMkMlMjJzZW50ZW5jZSUyMiUzQTMwJTJDJTIyY2hpbGRTZW50ZW5jZSUyMiUzQTMlN0QlNUQlN0QlNUQ=\"><span class=\"\" data-slate-node=\"text\"><span class=\"301\" data-slate-leaf=\"true\"><span data-slate-string=\"true\"><strong>ELEGANTE E SICURO:<\/strong> La biancheria intima da donna modellante a vita alta modella facilmente le curve perfette grazie al suo effetto modellante e al comfort. <\/span><\/span><\/span><span class=\"\" data-slate-node=\"text\"><span class=\"302\" data-slate-leaf=\"true\"><span data-slate-string=\"true\">Ti sentirai pi\u00f9 sicuro del tuo aspetto con quest&#039;ultima aggiunta al nostro intimo modellante. <\/span><\/span><\/span><span class=\"\" data-slate-node=\"text\"><span class=\"303\" data-slate-leaf=\"true\"><span data-slate-string=\"true\">ANDARE AD UN APPUNTAMENTO!<\/span><\/span><\/span><\/li>\n<\/ul>\n<h6><em>Slip contenitivi per la pancia sottili e traspiranti a vita alta da donna all&#039;ingrosso<\/em><\/h6>\n<ul>\n<li><span class=\"\" data-slate-node=\"text\"><span class=\"341\" data-slate-leaf=\"true\"><span data-slate-string=\"true\">Le mutandine modellanti per addominali a compressione a vita alta sono uno stile di biancheria intima confortevole e dal design unico con molteplici caratteristiche e vantaggi. <\/span><\/span><\/span><span class=\"\" data-slate-node=\"text\" data-slate-fragment=\"JTVCJTdCJTIydHlwZSUyMiUzQSUyMnBhcmFncmFwaCUyMiUyQyUyMmNoaWxkcmVuJTIyJTNBJTVCJTdCJTIydGV4dCUyMiUzQSUyMlRoZSUyMGhpZ2glMjB3YWlzdGVkJTIwY29tcHJlc3Npb24lMjBhYnMlMjBzaGFwZXdlYXIlMjBwYW50aWVzJTIwYXJlJTIwYSUyMHVuaXF1ZWx5JTIwZGVzaWduZWQlMjBhbmQlMjBjb21mb3J0YWJsZSUyMHVuZGVyd2VhciUyMHN0eWxlJTIwd2l0aCUyMG11bHRpcGxlJTIwZmVhdHVyZXMlMjBhbmQlMjBiZW5lZml0cy4lMjAlMjIlMkMlMjJzZW50ZW5jZSUyMiUzQTM0JTJDJTIyY2hpbGRTZW50ZW5jZSUyMiUzQTElN0QlMkMlN0IlMjJ0ZXh0JTIyJTNBJTIyVGhlJTIwdW5pcXVlJTIwYXBwZWFsJTIwb2YlMjB1bmRlcndlYXIlMjBmdWxmaWxscyUyMHRoZSUyMG5lZWQlMjBmb3IlMjBiZWF1dHklMkMlMjBwcmFjdGljYWxpdHklMjBhbmQlMjBjb21mb3J0LiUyMiUyQyUyMnNlbnRlbmNlJTIyJTNBMzQlMkMlMjJjaGlsZFNlbnRlbmNlJTIyJTNBMiU3RCU1RCU3RCU1RA==\"><span class=\"342\" data-slate-leaf=\"true\"><span data-slate-string=\"true\">Il fascino unico dell&#039;intimo soddisfa l&#039;esigenza di bellezza, praticit\u00e0 e comodit\u00e0.<\/span><\/span><\/span><\/li>\n<\/ul>","protected":false},"excerpt":{"rendered":"<p>Accentuare il tuo fascino inizia dall&#039;interno. Ti offriamo mutandine modellanti per addominali a compressione a vita alta di nuova concezione che aggiungono un tocco di eleganza alla tua figura, liberando la tua sicurezza e mostrando la tua femminilit\u00e0.<\/p>","protected":false},"featured_media":7387,"comment_status":"open","ping_status":"closed","template":"","meta":{"site-sidebar-layout":"default","site-content-layout":"","ast-site-content-layout":"default","site-content-style":"default","site-sidebar-style":"default","ast-global-header-display":"","ast-banner-title-visibility":"","ast-main-header-display":"","ast-hfb-above-header-display":"","ast-hfb-below-header-display":"","ast-hfb-mobile-header-display":"","site-post-title":"","ast-breadcrumbs-content":"","ast-featured-img":"","footer-sml-layout":"","ast-disable-related-posts":"","theme-transparent-header-meta":"default","adv-header-id-meta":"","stick-header-meta":"default","header-above-stick-meta":"","header-main-stick-meta":"","header-below-stick-meta":"","astra-migrate-meta-layouts":"set","ast-page-background-enabled":"default","ast-page-background-meta":{"desktop":{"background-color":"","background-image":"","background-repeat":"repeat","background-position":"center center","background-size":"auto","background-attachment":"scroll","background-type":"","background-media":"","overlay-type":"","overlay-color":"","overlay-opacity":"","overlay-gradient":""},"tablet":{"background-color":"","background-image":"","background-repeat":"repeat","background-position":"center center","background-size":"auto","background-attachment":"scroll","background-type":"","background-media":"","overlay-type":"","overlay-color":"","overlay-opacity":"","overlay-gradient":""},"mobile":{"background-color":"","background-image":"","background-repeat":"repeat","background-position":"center center","background-size":"auto","background-attachment":"scroll","background-type":"","background-media":"","overlay-type":"","overlay-color":"","overlay-opacity":"","overlay-gradient":""}},"ast-content-background-meta":{"desktop":{"background-color":"var(--ast-global-color-5)","background-image":"","background-repeat":"repeat","background-position":"center center","background-size":"auto","background-attachment":"scroll","background-type":"","background-media":"","overlay-type":"","overlay-color":"","overlay-opacity":"","overlay-gradient":""},"tablet":{"background-color":"var(--ast-global-color-5)","background-image":"","background-repeat":"repeat","background-position":"center center","background-size":"auto","background-attachment":"scroll","background-type":"","background-media":"","overlay-type":"","overlay-color":"","overlay-opacity":"","overlay-gradient":""},"mobile":{"background-color":"var(--ast-global-color-5)","background-image":"","background-repeat":"repeat","background-position":"center center","background-size":"auto","background-attachment":"scroll","background-type":"","background-media":"","overlay-type":"","overlay-color":"","overlay-opacity":"","overlay-gradient":""}}},"product_brand":[],"product_cat":[76,77,80],"product_tag":[139,491,501,500,396],"class_list":{"0":"post-7370","1":"product","2":"type-product","3":"status-publish","4":"has-post-thumbnail","6":"product_cat-new-arrivels","7":"product_cat-wholesale-womens-shapewear","8":"product_cat-wholesale-butt-lift-underwear","9":"product_tag-high-waist","10":"product_tag-seamless","11":"product_tag-shaping-pants","12":"product_tag-tummy-control","13":"product_tag-womens-underwear","14":"pa_color-beige","15":"pa_color-black","16":"pa_color-blue","17":"pa_color-purple","18":"pa_size-l","19":"pa_size-m","20":"pa_size-xl","21":"pa_size-xxl","22":"desktop-align-center","23":"tablet-align-left","24":"mobile-align-left","25":"ast-product-gallery-layout-horizontal-slider","26":"ast-product-single-variable","27":"ast-product-tabs-layout-horizontal","28":"ast-qv-on-image","30":"first","31":"instock","32":"shipping-taxable","33":"purchasable","34":"product-type-variable"},"tiered_pricing_type":"fixed","tiered_pricing_fixed_rules":{"2":4.3,"200":3.3,"300":2.3},"tiered_pricing_product_settings":{"layout":"default","base_unit_name":{"singular":null,"plural":null},"default_variation":null},"tiered_pricing_minimum_quantity":null,"tiered_pricing_roles_data":[],"tiered_pricing_percentage_rules":[],"_links":{"self":[{"href":"https:\/\/yume-silm.com\/it\/wp-json\/wp\/v2\/product\/7370","targetHints":{"allow":["GET"]}}],"collection":[{"href":"https:\/\/yume-silm.com\/it\/wp-json\/wp\/v2\/product"}],"about":[{"href":"https:\/\/yume-silm.com\/it\/wp-json\/wp\/v2\/types\/product"}],"replies":[{"embeddable":true,"href":"https:\/\/yume-silm.com\/it\/wp-json\/wp\/v2\/comments?post=7370"}],"wp:featuredmedia":[{"embeddable":true,"href":"https:\/\/yume-silm.com\/it\/wp-json\/wp\/v2\/media\/7387"}],"wp:attachment":[{"href":"https:\/\/yume-silm.com\/it\/wp-json\/wp\/v2\/media?parent=7370"}],"wp:term":[{"taxonomy":"product_brand","embeddable":true,"href":"https:\/\/yume-silm.com\/it\/wp-json\/wp\/v2\/product_brand?post=7370"},{"taxonomy":"product_cat","embeddable":true,"href":"https:\/\/yume-silm.com\/it\/wp-json\/wp\/v2\/product_cat?post=7370"},{"taxonomy":"product_tag","embeddable":true,"href":"https:\/\/yume-silm.com\/it\/wp-json\/wp\/v2\/product_tag?post=7370"}],"curies":[{"name":"wp","href":"https:\/\/api.w.org\/{rel}","templated":true}]}}