{"id":7418,"date":"2024-01-26T08:17:59","date_gmt":"2024-01-26T08:17:59","guid":{"rendered":"https:\/\/yume-silm.com\/?post_type=product&#038;p=7418"},"modified":"2024-11-08T08:53:59","modified_gmt":"2024-11-08T08:53:59","slug":"shapewear-con-chiusura-frontale-regolabile-con-gancio-e-occhiello-allingrosso","status":"publish","type":"product","link":"https:\/\/yume-silm.com\/it\/prodotto\/shapewear-con-chiusura-frontale-regolabile-con-gancio-e-occhiello-allingrosso\/","title":{"rendered":"Indumenti modellanti con chiusura frontale regolabile con gancio e occhiello all&#039;ingrosso"},"content":{"rendered":"<h5>Caratteristiche del progetto<\/h5>\n<ul>\n<li><strong>CINGHIE LARGHE REGOLABILI:<\/strong> Le spalline larghe del nostro intimo modellante senza maniche sono progettate per alleviare meglio la pressione sulle spalle. La chiusura regolabile con gancio e anello consente di regolare liberamente secondo necessit\u00e0. Eccellente flessibilit\u00e0 per adattarsi perfettamente al tuo corpo.<\/li>\n<li><strong>BORDI IN PIZZO:<\/strong> Le gambe del body modellante per taglie forti sono aggiunte con un design in pizzo per aggiungere un tocco elegante e garantire che il contatto con la pelle sia morbido e non irritante.<\/li>\n<li><strong>MODELLAZIONE COMPLETA DEL CORPO:<\/strong> Questa nostra faja per il controllo della pancia offre copertura e controllo completi. la sua copertura totale della schiena aiuta a migliorare la postura evitando la zona lombare. Pu\u00f2 aiutare a ottenere contemporaneamente il sostegno del seno, la correzione della schiena, il sollevamento dei glutei e il modellamento delle gambe per creare una silhouette pi\u00f9 snella.<\/li>\n<li><strong>DESIGN A CAVALLO APERTO:<\/strong> Il design con apertura sul cavallo del body modellante \u00e8 molto comodo per risolvere il problema di andare in bagno. La sua pratica funzione ti offre pi\u00f9 comodit\u00e0 e ti consente di riposare in bagno senza sforzo.<\/li>\n<li><strong>CONFORTEVOLE ED ELEGANTE:<\/strong> Il reggiseno modellante da donna con chiusura regolabile con gancio e occhiello \u00e8 comodo ed elegante, garantendo sicurezza e bellezza dall&#039;interno. L&#039;elasticit\u00e0 soddisfa le tue normali esigenze e pu\u00f2 essere facilmente indossata e tolta. Ti aiuta a sentirti sicuro del tuo bellissimo corpo sinuoso in ogni occasione indossandolo.<\/li>\n<\/ul>\n<h6><em>Faja regolabili per il controllo della pancia con gancio e occhiello anteriore <\/em><\/h6>\n<ul>\n<li>Il nostro intimo modellante con chiusura frontale con gancio e occhiello regolabile \u00e8 un mix di eleganza, comfort e funzionalit\u00e0. Per i grossisti che desiderano offrire soluzioni di intimo modellante di alto livello, questo prodotto \u00e8 un must. Tuffati nel mondo della vendita all&#039;ingrosso con questo pezzo eccezionale. Ordina oggi!<\/li>\n<\/ul>","protected":false},"excerpt":{"rendered":"<p>Sperimenta l&#039;eleganza e il comfort con il nostro intimo modellante con chiusura frontale con gancio e occhiello regolabile. Caratterizzato da rete elasticizzata a petto lungo e polsini con rifiniture in pizzo, questo capo senza cavallo ridefinisce la tua silhouette, assicurando che le tue clienti si sentano sicure e femminili.<\/p>","protected":false},"featured_media":7437,"comment_status":"open","ping_status":"closed","template":"","meta":{"site-sidebar-layout":"default","site-content-layout":"","ast-site-content-layout":"default","site-content-style":"default","site-sidebar-style":"default","ast-global-header-display":"","ast-banner-title-visibility":"","ast-main-header-display":"","ast-hfb-above-header-display":"","ast-hfb-below-header-display":"","ast-hfb-mobile-header-display":"","site-post-title":"","ast-breadcrumbs-content":"","ast-featured-img":"","footer-sml-layout":"","ast-disable-related-posts":"","theme-transparent-header-meta":"default","adv-header-id-meta":"","stick-header-meta":"default","header-above-stick-meta":"","header-main-stick-meta":"","header-below-stick-meta":"","astra-migrate-meta-layouts":"set","ast-page-background-enabled":"default","ast-page-background-meta":{"desktop":{"background-color":"","background-image":"","background-repeat":"repeat","background-position":"center center","background-size":"auto","background-attachment":"scroll","background-type":"","background-media":"","overlay-type":"","overlay-color":"","overlay-opacity":"","overlay-gradient":""},"tablet":{"background-color":"","background-image":"","background-repeat":"repeat","background-position":"center center","background-size":"auto","background-attachment":"scroll","background-type":"","background-media":"","overlay-type":"","overlay-color":"","overlay-opacity":"","overlay-gradient":""},"mobile":{"background-color":"","background-image":"","background-repeat":"repeat","background-position":"center center","background-size":"auto","background-attachment":"scroll","background-type":"","background-media":"","overlay-type":"","overlay-color":"","overlay-opacity":"","overlay-gradient":""}},"ast-content-background-meta":{"desktop":{"background-color":"var(--ast-global-color-5)","background-image":"","background-repeat":"repeat","background-position":"center center","background-size":"auto","background-attachment":"scroll","background-type":"","background-media":"","overlay-type":"","overlay-color":"","overlay-opacity":"","overlay-gradient":""},"tablet":{"background-color":"var(--ast-global-color-5)","background-image":"","background-repeat":"repeat","background-position":"center center","background-size":"auto","background-attachment":"scroll","background-type":"","background-media":"","overlay-type":"","overlay-color":"","overlay-opacity":"","overlay-gradient":""},"mobile":{"background-color":"var(--ast-global-color-5)","background-image":"","background-repeat":"repeat","background-position":"center center","background-size":"auto","background-attachment":"scroll","background-type":"","background-media":"","overlay-type":"","overlay-color":"","overlay-opacity":"","overlay-gradient":""}}},"product_brand":[],"product_cat":[78,77,1092],"product_tag":[137,141,134,154],"class_list":{"0":"post-7418","1":"product","2":"type-product","3":"status-publish","4":"has-post-thumbnail","6":"product_cat-wholesale-full-body-shaper","7":"product_cat-wholesale-womens-shapewear","8":"product_cat-plus-size-shapewear","9":"product_tag-butt-lift","10":"product_tag-plus-size","11":"product_tag-tummy-tucker","12":"product_tag-with-hooks","13":"pa_color-beige","14":"pa_color-black","15":"pa_size-4xl","16":"pa_size-5xl","17":"pa_size-6xl","18":"pa_size-l","19":"pa_size-m","20":"pa_size-s","21":"pa_size-xl","22":"pa_size-xxl","23":"pa_size-xxxl","24":"desktop-align-center","25":"tablet-align-left","26":"mobile-align-left","27":"ast-product-gallery-layout-horizontal-slider","28":"ast-product-single-variable","29":"ast-product-tabs-layout-horizontal","30":"ast-qv-on-image","32":"first","33":"instock","34":"shipping-taxable","35":"purchasable","36":"product-type-variable"},"tiered_pricing_type":"fixed","tiered_pricing_fixed_rules":{"2":15.39,"30":14.39,"500":11.99},"tiered_pricing_product_settings":{"layout":"default","base_unit_name":{"singular":null,"plural":null},"default_variation":null},"tiered_pricing_minimum_quantity":null,"tiered_pricing_roles_data":[],"tiered_pricing_percentage_rules":[],"_links":{"self":[{"href":"https:\/\/yume-silm.com\/it\/wp-json\/wp\/v2\/product\/7418","targetHints":{"allow":["GET"]}}],"collection":[{"href":"https:\/\/yume-silm.com\/it\/wp-json\/wp\/v2\/product"}],"about":[{"href":"https:\/\/yume-silm.com\/it\/wp-json\/wp\/v2\/types\/product"}],"replies":[{"embeddable":true,"href":"https:\/\/yume-silm.com\/it\/wp-json\/wp\/v2\/comments?post=7418"}],"wp:featuredmedia":[{"embeddable":true,"href":"https:\/\/yume-silm.com\/it\/wp-json\/wp\/v2\/media\/7437"}],"wp:attachment":[{"href":"https:\/\/yume-silm.com\/it\/wp-json\/wp\/v2\/media?parent=7418"}],"wp:term":[{"taxonomy":"product_brand","embeddable":true,"href":"https:\/\/yume-silm.com\/it\/wp-json\/wp\/v2\/product_brand?post=7418"},{"taxonomy":"product_cat","embeddable":true,"href":"https:\/\/yume-silm.com\/it\/wp-json\/wp\/v2\/product_cat?post=7418"},{"taxonomy":"product_tag","embeddable":true,"href":"https:\/\/yume-silm.com\/it\/wp-json\/wp\/v2\/product_tag?post=7418"}],"curies":[{"name":"wp","href":"https:\/\/api.w.org\/{rel}","templated":true}]}}