{"id":7582,"date":"2024-04-19T06:29:30","date_gmt":"2024-04-19T06:29:30","guid":{"rendered":"https:\/\/yume-silm.com\/?post_type=product&#038;p=7582"},"modified":"2024-12-10T09:33:32","modified_gmt":"2024-12-10T09:33:32","slug":"vendita-allingrosso-tuta-da-sauna-per-sauna-yoga-a-vita-alta-con-controllo-della-pancia-manica-lunga","status":"publish","type":"product","link":"https:\/\/yume-silm.com\/it\/prodotto\/vendita-allingrosso-tuta-da-sauna-per-sauna-yoga-a-vita-alta-con-controllo-della-pancia-manica-lunga\/","title":{"rendered":"Set di tuta da sauna yoga a vita alta all&#039;ingrosso"},"content":{"rendered":"<h5>Caratteristiche del progetto<\/h5>\n<ul>\n<li><strong>DESIGN A VITA ALTA:<\/strong> Questa nostra tuta da sauna da donna \u00e8 progettata con vita alta e maniche lunghe. efficace da indossare in tutte le stagioni. La nostra tuta da palestra con maniche lunghe e pantaloni a vita alta fornir\u00e0 copertura e calore extra, perfetta per gli allenamenti all&#039;aperto, indipendentemente dalla stagione o in un ambiente freddo della palestra. Permettendoti di goderti il tuo allenamento sia nella stagione fredda che nei caldi mesi estivi.<\/li>\n<li><strong>SU MISURA:<\/strong> le nostre tute da fitness sono realizzate con uno strato interno in neoprene, nonch\u00e9 materiale in nylon, ecc., che \u00e8 molto leggero da indossare e garantisce che l&#039;attivit\u00e0 termica non sia limitata. Il taglio patchwork della tuta da sauna per il corpo \u00e8 alla moda e ovvio, enfatizza facilmente la tua silhouette e crea un look atletico sicuro ed elegante.<\/li>\n<li><strong>SUDORE FORTE E BRUCIA GRASSI:<\/strong> I nostri pantaloni da sauna da donna con maglietta a maniche lunghe con cerniera e allenamento sono realizzati in neoprene di alta qualit\u00e0, che aiuta l&#039;esercizio a generare abbastanza calore da causare una forte sudorazione. Il set di tute da sauna per yoga a vita alta modellanti per il corpo da allenamento \u00e8 l&#039;arma segreta definitiva per il tuo viaggio di fitness. \u00c8 progettato per massimizzare la sudorazione, accelerare il consumo di calorie e promuovere la disintossicazione per aiutarti a raggiungere i tuoi obiettivi di fitness pi\u00f9 velocemente.<\/li>\n<li><strong>PERFETTAMENTE MULTIFUNZIONALE:<\/strong> Che tu stia andando in palestra, andando a correre o praticando yoga, la nostra migliore tuta da sauna per dimagrire \u00e8 il compagno di allenamento perfetto. accetta la sfida e spingi i tuoi limiti con ogni allenamento. Che tu stia sudando in palestra o sentendo la bellezza naturale della vita all&#039;aria aperta, il nostro abbigliamento sportivo da sauna \u00e8 la scelta perfetta per te. Scatenati e appari al meglio con questa tuta da sauna!<\/li>\n<\/ul>\n<p><img fetchpriority=\"high\" decoding=\"async\" class=\"alignnone wp-image-7612\" src=\"https:\/\/yume-silm.com\/wp-content\/uploads\/2024\/04\/sauna-sweat-suit-jacket-yumesilm.jpg\" alt=\"Set tuta da sauna per yoga a vita alta con controllo della pancia, manica lunga\" width=\"600\" height=\"600\" title=\"\" srcset=\"https:\/\/yume-silm.com\/wp-content\/uploads\/2024\/04\/sauna-sweat-suit-jacket-yumesilm.jpg 800w, https:\/\/yume-silm.com\/wp-content\/uploads\/2024\/04\/sauna-sweat-suit-jacket-yumesilm-300x300.jpg 300w, https:\/\/yume-silm.com\/wp-content\/uploads\/2024\/04\/sauna-sweat-suit-jacket-yumesilm-150x150.jpg 150w, https:\/\/yume-silm.com\/wp-content\/uploads\/2024\/04\/sauna-sweat-suit-jacket-yumesilm-768x768.jpg 768w, https:\/\/yume-silm.com\/wp-content\/uploads\/2024\/04\/sauna-sweat-suit-jacket-yumesilm-12x12.jpg 12w, https:\/\/yume-silm.com\/wp-content\/uploads\/2024\/04\/sauna-sweat-suit-jacket-yumesilm-100x100.jpg 100w\" sizes=\"(max-width: 600px) 100vw, 600px\" \/><\/p>\n<h6><em>Adatto per palestra, corsa, yoga, fitness, sport, maniche lunghe e pantaloni, tuta da sauna<\/em><\/h6>\n<ul>\n<li>RISULTATI VISIBILI: porta subito il tuo allenamento fitness al livello successivo con il nostro set di tute da sauna per yoga a vita alta da donna. Preparati a sudare, scolpire e brillare come mai prima d&#039;ora! D\u00ec addio al grasso ostinato e dai il benvenuto a un fisico pi\u00f9 snello e in forma.<\/li>\n<\/ul>","protected":false},"excerpt":{"rendered":"<p>Scopri il nostro set di tute da sauna per yoga a vita alta da donna, realizzato su misura per le sessioni di allenamento intense. Realizzato con materiale ad alta elasticit\u00e0, questo set di tute da sauna per yoga a vita alta \u00e8 progettato per aumentare il calore, amplificando la velocit\u00e0 di sudorazione di 2,5 volte. Tuffati in un&#039;esperienza di fitness trasformativa con questo capo impeccabile.<\/p>","protected":false},"featured_media":7602,"comment_status":"open","ping_status":"closed","template":"","meta":{"site-sidebar-layout":"default","site-content-layout":"","ast-site-content-layout":"default","site-content-style":"default","site-sidebar-style":"default","ast-global-header-display":"","ast-banner-title-visibility":"","ast-main-header-display":"","ast-hfb-above-header-display":"","ast-hfb-below-header-display":"","ast-hfb-mobile-header-display":"","site-post-title":"","ast-breadcrumbs-content":"","ast-featured-img":"","footer-sml-layout":"","ast-disable-related-posts":"","theme-transparent-header-meta":"default","adv-header-id-meta":"","stick-header-meta":"default","header-above-stick-meta":"","header-main-stick-meta":"","header-below-stick-meta":"","astra-migrate-meta-layouts":"set","ast-page-background-enabled":"default","ast-page-background-meta":{"desktop":{"background-color":"","background-image":"","background-repeat":"repeat","background-position":"center center","background-size":"auto","background-attachment":"scroll","background-type":"","background-media":"","overlay-type":"","overlay-color":"","overlay-opacity":"","overlay-gradient":""},"tablet":{"background-color":"","background-image":"","background-repeat":"repeat","background-position":"center center","background-size":"auto","background-attachment":"scroll","background-type":"","background-media":"","overlay-type":"","overlay-color":"","overlay-opacity":"","overlay-gradient":""},"mobile":{"background-color":"","background-image":"","background-repeat":"repeat","background-position":"center center","background-size":"auto","background-attachment":"scroll","background-type":"","background-media":"","overlay-type":"","overlay-color":"","overlay-opacity":"","overlay-gradient":""}},"ast-content-background-meta":{"desktop":{"background-color":"var(--ast-global-color-5)","background-image":"","background-repeat":"repeat","background-position":"center center","background-size":"auto","background-attachment":"scroll","background-type":"","background-media":"","overlay-type":"","overlay-color":"","overlay-opacity":"","overlay-gradient":""},"tablet":{"background-color":"var(--ast-global-color-5)","background-image":"","background-repeat":"repeat","background-position":"center center","background-size":"auto","background-attachment":"scroll","background-type":"","background-media":"","overlay-type":"","overlay-color":"","overlay-opacity":"","overlay-gradient":""},"mobile":{"background-color":"var(--ast-global-color-5)","background-image":"","background-repeat":"repeat","background-position":"center center","background-size":"auto","background-attachment":"scroll","background-type":"","background-media":"","overlay-type":"","overlay-color":"","overlay-opacity":"","overlay-gradient":""}}},"product_brand":[],"product_cat":[65,76,97,102,98,99],"product_tag":[559,560,561,563,548,558,562,185],"class_list":{"0":"post-7582","1":"product","2":"type-product","3":"status-publish","4":"has-post-thumbnail","6":"product_cat-best-sellers","7":"product_cat-new-arrivels","8":"product_cat-sauna-suit","9":"product_cat-full-body-sweat-suit","10":"product_cat-sauna-jacket","11":"product_cat-sauna-pants","12":"product_tag-exercise","13":"product_tag-jacket","14":"product_tag-pants","15":"product_tag-running","16":"product_tag-sauna-sweat","17":"product_tag-weight-loss","18":"product_tag-with-pockets","19":"product_tag-workout","20":"pa_color-blue-jacket","21":"pa_color-blue-pant","22":"pa_color-silver-jacket","23":"pa_color-silver-pant","24":"pa_size-l","25":"pa_size-m","26":"pa_size-xxl","27":"pa_size-xxxl","28":"desktop-align-center","29":"tablet-align-left","30":"mobile-align-left","31":"ast-product-gallery-layout-horizontal-slider","32":"ast-product-single-variable","33":"ast-product-tabs-layout-horizontal","34":"ast-qv-on-image","36":"first","37":"instock","38":"sale","39":"shipping-taxable","40":"purchasable","41":"product-type-variable"},"tiered_pricing_type":"fixed","tiered_pricing_fixed_rules":{"20":6.9,"100":6.05,"200":5.6},"tiered_pricing_product_settings":{"layout":"default","base_unit_name":{"singular":null,"plural":null},"default_variation":null},"tiered_pricing_minimum_quantity":null,"tiered_pricing_roles_data":[],"tiered_pricing_percentage_rules":[],"_links":{"self":[{"href":"https:\/\/yume-silm.com\/it\/wp-json\/wp\/v2\/product\/7582","targetHints":{"allow":["GET"]}}],"collection":[{"href":"https:\/\/yume-silm.com\/it\/wp-json\/wp\/v2\/product"}],"about":[{"href":"https:\/\/yume-silm.com\/it\/wp-json\/wp\/v2\/types\/product"}],"replies":[{"embeddable":true,"href":"https:\/\/yume-silm.com\/it\/wp-json\/wp\/v2\/comments?post=7582"}],"wp:featuredmedia":[{"embeddable":true,"href":"https:\/\/yume-silm.com\/it\/wp-json\/wp\/v2\/media\/7602"}],"wp:attachment":[{"href":"https:\/\/yume-silm.com\/it\/wp-json\/wp\/v2\/media?parent=7582"}],"wp:term":[{"taxonomy":"product_brand","embeddable":true,"href":"https:\/\/yume-silm.com\/it\/wp-json\/wp\/v2\/product_brand?post=7582"},{"taxonomy":"product_cat","embeddable":true,"href":"https:\/\/yume-silm.com\/it\/wp-json\/wp\/v2\/product_cat?post=7582"},{"taxonomy":"product_tag","embeddable":true,"href":"https:\/\/yume-silm.com\/it\/wp-json\/wp\/v2\/product_tag?post=7582"}],"curies":[{"name":"wp","href":"https:\/\/api.w.org\/{rel}","templated":true}]}}