{"id":7634,"date":"2024-04-27T01:28:04","date_gmt":"2024-04-27T01:28:04","guid":{"rendered":"https:\/\/yume-silm.com\/?post_type=product&#038;p=7634"},"modified":"2025-09-23T01:28:36","modified_gmt":"2025-09-23T01:28:36","slug":"set-di-sudore-per-esercizi-brucia-grassi-in-pvc-allingrosso","status":"publish","type":"product","link":"https:\/\/yume-silm.com\/it\/prodotto\/set-di-sudore-per-esercizi-brucia-grassi-in-pvc-allingrosso\/","title":{"rendered":"Set di sudore per esercizi brucia grassi in PVC all&#039;ingrosso"},"content":{"rendered":"<h5>Caratteristiche del progetto<\/h5>\n<ul>\n<li><strong>SUDORE:<\/strong> Questa nostra tuta dimagrante \u00e8 dotata di materiale in PVC, che pu\u00f2 effettivamente incoraggiare il corpo a sudare molto. Ottieni il miglior effetto sauna durante l&#039;esercizio, in modo che le tossine e i rifiuti del corpo vengano rapidamente scaricati dal corpo, rinfrescando il corpo e la mente, pi\u00f9 energici.<\/li>\n<li><strong>VESTIBILIT\u00c0 CONFORTEVOLE:<\/strong> Il design umanizzato e il taglio ergonomico rendono la tuta da sauna fitness vicina al corpo. L&#039;apertura elastica su mani e caviglie \u00e8 molto efficace nel trattenere il sudore. Il nostro abbigliamento sportivo per tuta da sauna in PVC \u00e8 realizzato in materiale impermeabile e antivento, adatto a tutte le stagioni e adatto a qualsiasi condizione atmosferica e a qualsiasi sport.<\/li>\n<li><strong>ACCELERARE IL METABOLISMO:<\/strong> Indossare una tuta da sauna per perdere peso in palestra per uomini e donne sotto esercizio caldo favorisce la circolazione sanguigna e accelera il metabolismo. Questo non solo aiuta a ridurre il peso, ma migliora anche l\u2019immunit\u00e0, la struttura della pelle e la giovinezza.<\/li>\n<li><strong>FASHION DESIGN:<\/strong> Vedere? Questa nostra felpa e pantaloni da sauna non sono solo pratici ma anche alla moda. Il suo stile \u00e8 molto alla moda e disponibile in una variet\u00e0 di colori. Ti garantir\u00e0 che manterrai stile e sicurezza mentre ti godi i momenti della sauna e diventi una fashionista con uno stile di vita sano.<\/li>\n<\/ul>\n<p><img fetchpriority=\"high\" decoding=\"async\" class=\"alignnone size-medium wp-image-7974\" src=\"https:\/\/yume-silm.com\/wp-content\/uploads\/2024\/04\/wholesale-PVC-fat-burning-exercise-sweat-sauna-suit-set-300x300.jpg\" alt=\"Set di sudore per esercizi brucia grassi in PVC all&#039;ingrosso\" width=\"300\" height=\"300\" title=\"\" srcset=\"https:\/\/yume-silm.com\/wp-content\/uploads\/2024\/04\/wholesale-PVC-fat-burning-exercise-sweat-sauna-suit-set-300x300.jpg 300w, https:\/\/yume-silm.com\/wp-content\/uploads\/2024\/04\/wholesale-PVC-fat-burning-exercise-sweat-sauna-suit-set-150x150.jpg 150w, https:\/\/yume-silm.com\/wp-content\/uploads\/2024\/04\/wholesale-PVC-fat-burning-exercise-sweat-sauna-suit-set-768x768.jpg 768w, https:\/\/yume-silm.com\/wp-content\/uploads\/2024\/04\/wholesale-PVC-fat-burning-exercise-sweat-sauna-suit-set-12x12.jpg 12w, https:\/\/yume-silm.com\/wp-content\/uploads\/2024\/04\/wholesale-PVC-fat-burning-exercise-sweat-sauna-suit-set-800x800.jpg 800w, https:\/\/yume-silm.com\/wp-content\/uploads\/2024\/04\/wholesale-PVC-fat-burning-exercise-sweat-sauna-suit-set-100x100.jpg 100w, https:\/\/yume-silm.com\/wp-content\/uploads\/2024\/04\/wholesale-PVC-fat-burning-exercise-sweat-sauna-suit-set.jpg 1000w\" sizes=\"(max-width: 300px) 100vw, 300px\" \/><\/p>\n<p>&nbsp;<\/p>\n<h6><em>Set di tute da sauna per allenamento fitness in palestra per uomini e donne, sudorazione e perdita di peso<\/em><\/h6>\n<ul>\n<li><strong>APPLICABILE A MOLTE OCCASIONI:<\/strong> Scegliere un set di sudore per esercizi brucia grassi in PVC significa scegliere uno stile di vita sano. L&#039;abbigliamento per la sauna rilascer\u00e0 lo stress e si illuminer\u00e0 durante l&#039;esperienza di esercizio della sauna; puoi anche realizzare la perdita di peso attraverso la sudorazione della sauna. Perfetto per la sauna nella privacy di casa tua, per l&#039;allenamento in palestra, per correre di pi\u00f9 all&#039;aperto.<\/li>\n<\/ul>","protected":false},"excerpt":{"rendered":"<ul>\n<li>Che tu voglia mantenerti in forma, perdere peso o alleviare lo stress, la nostra gamma di set da allenamento brucia-grassi in PVC soddisfer\u00e0 le tue esigenze di allenamento e perdita di peso.<\/li>\n<li>Vieni a scegliere il nostro set da allenamento brucia grassi in PVC per una vita pi\u00f9 sana, comoda ed elegante! Sono arrivati nuovi prodotti, ordina oggi stesso!<\/li>\n<\/ul>","protected":false},"featured_media":7972,"comment_status":"open","ping_status":"closed","template":"","meta":{"site-sidebar-layout":"default","site-content-layout":"","ast-site-content-layout":"default","site-content-style":"default","site-sidebar-style":"default","ast-global-header-display":"","ast-banner-title-visibility":"","ast-main-header-display":"","ast-hfb-above-header-display":"","ast-hfb-below-header-display":"","ast-hfb-mobile-header-display":"","site-post-title":"","ast-breadcrumbs-content":"","ast-featured-img":"","footer-sml-layout":"","ast-disable-related-posts":"","theme-transparent-header-meta":"default","adv-header-id-meta":"","stick-header-meta":"default","header-above-stick-meta":"","header-main-stick-meta":"","header-below-stick-meta":"","astra-migrate-meta-layouts":"set","ast-page-background-enabled":"default","ast-page-background-meta":{"desktop":{"background-color":"","background-image":"","background-repeat":"repeat","background-position":"center center","background-size":"auto","background-attachment":"scroll","background-type":"","background-media":"","overlay-type":"","overlay-color":"","overlay-opacity":"","overlay-gradient":""},"tablet":{"background-color":"","background-image":"","background-repeat":"repeat","background-position":"center center","background-size":"auto","background-attachment":"scroll","background-type":"","background-media":"","overlay-type":"","overlay-color":"","overlay-opacity":"","overlay-gradient":""},"mobile":{"background-color":"","background-image":"","background-repeat":"repeat","background-position":"center center","background-size":"auto","background-attachment":"scroll","background-type":"","background-media":"","overlay-type":"","overlay-color":"","overlay-opacity":"","overlay-gradient":""}},"ast-content-background-meta":{"desktop":{"background-color":"var(--ast-global-color-5)","background-image":"","background-repeat":"repeat","background-position":"center center","background-size":"auto","background-attachment":"scroll","background-type":"","background-media":"","overlay-type":"","overlay-color":"","overlay-opacity":"","overlay-gradient":""},"tablet":{"background-color":"var(--ast-global-color-5)","background-image":"","background-repeat":"repeat","background-position":"center center","background-size":"auto","background-attachment":"scroll","background-type":"","background-media":"","overlay-type":"","overlay-color":"","overlay-opacity":"","overlay-gradient":""},"mobile":{"background-color":"var(--ast-global-color-5)","background-image":"","background-repeat":"repeat","background-position":"center center","background-size":"auto","background-attachment":"scroll","background-type":"","background-media":"","overlay-type":"","overlay-color":"","overlay-opacity":"","overlay-gradient":""}}},"product_brand":[],"product_cat":[97,65,76,102,98,99],"product_tag":[421,549,569,570,548,185],"class_list":{"0":"post-7634","1":"product","2":"type-product","3":"status-publish","4":"has-post-thumbnail","6":"product_cat-sauna-suit","7":"product_cat-best-sellers","8":"product_cat-new-arrivels","9":"product_cat-full-body-sweat-suit","10":"product_cat-sauna-jacket","11":"product_cat-sauna-pants","12":"product_tag-fashions","13":"product_tag-gym","14":"product_tag-pvc","15":"product_tag-sauna-set","16":"product_tag-sauna-sweat","17":"product_tag-workout","18":"pa_color-black","19":"pa_color-silver","20":"pa_size-4xl","21":"pa_size-l","22":"pa_size-m","23":"pa_size-s","24":"pa_size-xl","25":"pa_size-xxl","26":"pa_size-xxxl","27":"desktop-align-center","28":"tablet-align-left","29":"mobile-align-left","30":"ast-product-gallery-layout-horizontal-slider","31":"ast-product-single-variable","32":"ast-product-tabs-layout-horizontal","33":"ast-qv-on-image","35":"first","36":"instock","37":"shipping-taxable","38":"purchasable","39":"product-type-variable"},"tiered_pricing_type":"fixed","tiered_pricing_fixed_rules":{"5":5.8,"50":5.15,"100":4.5},"tiered_pricing_product_settings":{"layout":"default","base_unit_name":{"singular":null,"plural":null},"default_variation":null},"tiered_pricing_minimum_quantity":null,"tiered_pricing_roles_data":[],"tiered_pricing_percentage_rules":[],"_links":{"self":[{"href":"https:\/\/yume-silm.com\/it\/wp-json\/wp\/v2\/product\/7634","targetHints":{"allow":["GET"]}}],"collection":[{"href":"https:\/\/yume-silm.com\/it\/wp-json\/wp\/v2\/product"}],"about":[{"href":"https:\/\/yume-silm.com\/it\/wp-json\/wp\/v2\/types\/product"}],"replies":[{"embeddable":true,"href":"https:\/\/yume-silm.com\/it\/wp-json\/wp\/v2\/comments?post=7634"}],"wp:featuredmedia":[{"embeddable":true,"href":"https:\/\/yume-silm.com\/it\/wp-json\/wp\/v2\/media\/7972"}],"wp:attachment":[{"href":"https:\/\/yume-silm.com\/it\/wp-json\/wp\/v2\/media?parent=7634"}],"wp:term":[{"taxonomy":"product_brand","embeddable":true,"href":"https:\/\/yume-silm.com\/it\/wp-json\/wp\/v2\/product_brand?post=7634"},{"taxonomy":"product_cat","embeddable":true,"href":"https:\/\/yume-silm.com\/it\/wp-json\/wp\/v2\/product_cat?post=7634"},{"taxonomy":"product_tag","embeddable":true,"href":"https:\/\/yume-silm.com\/it\/wp-json\/wp\/v2\/product_tag?post=7634"}],"curies":[{"name":"wp","href":"https:\/\/api.w.org\/{rel}","templated":true}]}}