{"id":7736,"date":"2024-05-06T03:03:06","date_gmt":"2024-05-06T03:03:06","guid":{"rendered":"https:\/\/yume-silm.com\/?post_type=product&#038;p=7736"},"modified":"2025-05-24T00:40:18","modified_gmt":"2025-05-24T00:40:18","slug":"reggiseno-trasparente-addensato-adesivo-push-up-in-silicone-allingrosso","status":"publish","type":"product","link":"https:\/\/yume-silm.com\/it\/prodotto\/reggiseno-trasparente-addensato-adesivo-push-up-in-silicone-allingrosso\/","title":{"rendered":"Reggiseno trasparente addensato adesivo push-up in silicone all&#039;ingrosso"},"content":{"rendered":"<h5>Caratteristiche del progetto<\/h5>\n<ul>\n<li><strong>INVISIBILIT\u00c0 SENZA GIUNTE:<\/strong> I nostri reggiseni adesivi push-up riutilizzabili in silicone sono morbidi e velati e si adattano alla tua pelle comodamente e senza pressione, permettendoti di mostrare le tue curve attraenti. Inoltre, il design senza spalline opzionale, il design micro-edge e il silicone legato di colore nudo lo rendono perfettamente invisibile sotto i vestiti in modo comodo e naturale. Stai certo che nessuno noter\u00e0 che indossi il nostro reggiseno.<\/li>\n<li><strong>RACCOLTA PROFONDA V:<\/strong> I nostri reggiseni bikini a forma di V presentano un esclusivo design con chiusura frontale che puoi aprire o allacciare con una leggera pressione. La forte elasticit\u00e0 aiuta a raccogliere il seno e a darti una scollatura a V profonda, piena e attraente.<\/li>\n<li><strong>MOLTEPLICI OCCASIONI:<\/strong> Il reggiseno autoadesivo push-up da donna \u00e8 comodo, conveniente e fa risparmiare tempo. Puoi indossarlo tutti i giorni con sicurezza o usarlo per occasioni importanti come cene e feste, come abiti da sposa, abiti da sera, abiti a V profonda, abiti bustier, abiti senza schienale e cos\u00ec via. Poich\u00e9 sono facili da trasportare, i reggiseni adesivi trasparenti ti faranno trasudare un temperamento sicuro e dinamico in ogni momento.<\/li>\n<\/ul>\n<h6><em>Pasties per capezzoli con reggiseno in silicone per bikini sexy caldo da donna<\/em><\/h6>\n<ul>\n<li><strong>ELEVATA ADESIONE, NESSUN SCIVOLAMENTO:<\/strong> Il reggiseno push-up invisibile in silicone senza spalline, appiccicoso, con buona adesione render\u00e0 il tuo seno libero, non dovrai preoccuparti di attivit\u00e0 pi\u00f9 grandi che ne faranno cadere. Sentiti libero di indossare il reggiseno perch\u00e9 \u00e8 comodo, morbido e non irrita la pelle, offrendoti un&#039;esperienza di utilizzo confortevole.<\/li>\n<li><strong>FACILE DA PULIRE E RIUTILIZZABILE:<\/strong> I nostri reggiseni in silicone trasparente a forma di abalone sono facili da pulire. Puoi lavarlo normalmente, asciugarlo delicatamente e poi lasciarlo asciugare naturalmente. Dopo l&#039;asciugatura, riattaccare la pellicola allegata al miglior reggiseno in silicone morbido e conservarla per la prossima volta.<\/li>\n<\/ul>","protected":false},"excerpt":{"rendered":"<p><span data-slate-fragment=\"JTVCJTdCJTIydHlwZSUyMiUzQSUyMnBhcmFncmFwaCUyMiUyQyUyMmNoaWxkcmVuJTIyJTNBJTVCJTdCJTIydGV4dCUyMiUzQSUyMldvbWVuJ3MlMjBwdXNoLXVwJTIwc2VsZi1hZGhlc2l2ZSUyMGJyYSUyMGlzJTIwY29tZm9ydGFibGUlMkMlMjBjb252ZW5pZW50JTJDJTIwYW5kJTIwdGltZS1zYXZpbmcuJTIwWW91JTIwY2FuJTIwd2VhciUyMGl0JTIwZm9yJTIwZGFpbHklMjB3ZWFyJTIwd2l0aCUyMGNvbmZpZGVuY2UlMkMlMjBvciUyMHVzZSUyMGl0JTIwZm9yJTIwaW1wb3J0YW50JTIwb2NjYXNpb25zJTIwc3VjaCUyMGFzJTIwZGlubmVycyUyMGFuZCUyMHBhcnRpZXMlMkMlMjBzdWNoJTIwYXMlMjB3ZWRkaW5nJTIwZHJlc3NlcyUyQyUyMGV2ZW5pbmclMjBkcmVzc2VzJTJDJTIwZGVlcCUyMFYlMjBkcmVzc2VzJTJDJTIwYnVzdGllciUyMGRyZXNzZXMlMkMlMjBiYWNrbGVzcyUyMGRyZXNzZXMlMkMlMjBhbmQlMjBzbyUyMG9uLiUyMEJlY2F1c2UlMjBpdCUyMGlzJTIwZWFzeSUyMHRvJTIwY2FycnklMkMlMjBBZGhlc2l2ZSUyMGNsZWFyJTIwYnJhcyUyMHdpbGwlMjBtYWtlJTIweW91JTIwZXh1ZGUlMjBhJTIwY29uZmlkZW50JTIwYW5kJTIwZHluYW1pYyUyMHRlbXBlcmFtZW50JTIwYXQlMjBhbGwlMjB0aW1lcy4lMjIlMkMlMjJzZW50ZW5jZSUyMiUzQTUlMkMlMjJjaGlsZFNlbnRlbmNlJTIyJTNBMCU3RCU1RCU3RCU1RA==\">Il reggiseno trasparente ispessito del reggiseno push-up in silicone da donna \u00e8 comodo, conveniente e fa risparmiare tempo. Puoi indossarlo tutti i giorni con sicurezza o usarlo per occasioni importanti come cene e feste, come abiti da sposa, abiti da sera, abiti a V profonda, abiti bustier, abiti senza schienale e cos\u00ec via. Poich\u00e9 sono facili da trasportare, i reggiseni adesivi trasparenti ti faranno trasudare un temperamento sicuro e dinamico in ogni momento.<\/span><\/p>","protected":false},"featured_media":8022,"comment_status":"open","ping_status":"closed","template":"","meta":{"site-sidebar-layout":"default","site-content-layout":"","ast-site-content-layout":"default","site-content-style":"default","site-sidebar-style":"default","ast-global-header-display":"","ast-banner-title-visibility":"","ast-main-header-display":"","ast-hfb-above-header-display":"","ast-hfb-below-header-display":"","ast-hfb-mobile-header-display":"","site-post-title":"","ast-breadcrumbs-content":"","ast-featured-img":"","footer-sml-layout":"","ast-disable-related-posts":"","theme-transparent-header-meta":"default","adv-header-id-meta":"","stick-header-meta":"default","header-above-stick-meta":"","header-main-stick-meta":"","header-below-stick-meta":"","astra-migrate-meta-layouts":"set","ast-page-background-enabled":"default","ast-page-background-meta":{"desktop":{"background-color":"","background-image":"","background-repeat":"repeat","background-position":"center center","background-size":"auto","background-attachment":"scroll","background-type":"","background-media":"","overlay-type":"","overlay-color":"","overlay-opacity":"","overlay-gradient":""},"tablet":{"background-color":"","background-image":"","background-repeat":"repeat","background-position":"center center","background-size":"auto","background-attachment":"scroll","background-type":"","background-media":"","overlay-type":"","overlay-color":"","overlay-opacity":"","overlay-gradient":""},"mobile":{"background-color":"","background-image":"","background-repeat":"repeat","background-position":"center center","background-size":"auto","background-attachment":"scroll","background-type":"","background-media":"","overlay-type":"","overlay-color":"","overlay-opacity":"","overlay-gradient":""}},"ast-content-background-meta":{"desktop":{"background-color":"var(--ast-global-color-5)","background-image":"","background-repeat":"repeat","background-position":"center center","background-size":"auto","background-attachment":"scroll","background-type":"","background-media":"","overlay-type":"","overlay-color":"","overlay-opacity":"","overlay-gradient":""},"tablet":{"background-color":"var(--ast-global-color-5)","background-image":"","background-repeat":"repeat","background-position":"center center","background-size":"auto","background-attachment":"scroll","background-type":"","background-media":"","overlay-type":"","overlay-color":"","overlay-opacity":"","overlay-gradient":""},"mobile":{"background-color":"var(--ast-global-color-5)","background-image":"","background-repeat":"repeat","background-position":"center center","background-size":"auto","background-attachment":"scroll","background-type":"","background-media":"","overlay-type":"","overlay-color":"","overlay-opacity":"","overlay-gradient":""}}},"product_brand":[],"product_cat":[65,76,259,584],"product_tag":[598,600,601,597,599],"class_list":{"0":"post-7736","1":"product","2":"type-product","3":"status-publish","4":"has-post-thumbnail","6":"product_cat-best-sellers","7":"product_cat-new-arrivels","8":"product_cat-lingerie","9":"product_cat-adhesive-bras","10":"product_tag-adhesive-bra","11":"product_tag-bikini","12":"product_tag-silicone","13":"product_tag-stick-on-bras","14":"product_tag-sticky-bras","15":"pa_size-a","16":"pa_size-b","17":"pa_size-c","18":"pa_size-d","19":"desktop-align-center","20":"tablet-align-left","21":"mobile-align-left","22":"ast-product-gallery-layout-horizontal-slider","23":"ast-product-single-variable","24":"ast-product-tabs-layout-horizontal","25":"ast-qv-on-image","27":"first","28":"instock","29":"shipping-taxable","30":"purchasable","31":"product-type-variable"},"tiered_pricing_type":"fixed","tiered_pricing_fixed_rules":[],"tiered_pricing_product_settings":{"layout":"default","base_unit_name":{"singular":null,"plural":null},"default_variation":null},"tiered_pricing_minimum_quantity":null,"tiered_pricing_roles_data":[],"tiered_pricing_percentage_rules":[],"_links":{"self":[{"href":"https:\/\/yume-silm.com\/it\/wp-json\/wp\/v2\/product\/7736","targetHints":{"allow":["GET"]}}],"collection":[{"href":"https:\/\/yume-silm.com\/it\/wp-json\/wp\/v2\/product"}],"about":[{"href":"https:\/\/yume-silm.com\/it\/wp-json\/wp\/v2\/types\/product"}],"replies":[{"embeddable":true,"href":"https:\/\/yume-silm.com\/it\/wp-json\/wp\/v2\/comments?post=7736"}],"wp:featuredmedia":[{"embeddable":true,"href":"https:\/\/yume-silm.com\/it\/wp-json\/wp\/v2\/media\/8022"}],"wp:attachment":[{"href":"https:\/\/yume-silm.com\/it\/wp-json\/wp\/v2\/media?parent=7736"}],"wp:term":[{"taxonomy":"product_brand","embeddable":true,"href":"https:\/\/yume-silm.com\/it\/wp-json\/wp\/v2\/product_brand?post=7736"},{"taxonomy":"product_cat","embeddable":true,"href":"https:\/\/yume-silm.com\/it\/wp-json\/wp\/v2\/product_cat?post=7736"},{"taxonomy":"product_tag","embeddable":true,"href":"https:\/\/yume-silm.com\/it\/wp-json\/wp\/v2\/product_tag?post=7736"}],"curies":[{"name":"wp","href":"https:\/\/api.w.org\/{rel}","templated":true}]}}