{"id":7818,"date":"2024-05-06T06:25:41","date_gmt":"2024-05-06T06:25:41","guid":{"rendered":"https:\/\/yume-silm.com\/?post_type=product&#038;p=7818"},"modified":"2025-06-06T05:47:31","modified_gmt":"2025-06-06T05:47:31","slug":"reggiseni-appiccicosi-in-silicone-adesivo-traspirante-senza-traccia-di-pizzo-allingrosso","status":"publish","type":"product","link":"https:\/\/yume-silm.com\/it\/prodotto\/reggiseni-appiccicosi-in-silicone-adesivo-traspirante-senza-traccia-di-pizzo-allingrosso\/","title":{"rendered":"Reggiseni appiccicosi in silicone adesivo traspirante senza traccia di pizzo all&#039;ingrosso"},"content":{"rendered":"<h5><span data-slate-fragment=\"JTVCJTdCJTIydHlwZSUyMiUzQSUyMnBhcmFncmFwaCUyMiUyQyUyMmNoaWxkcmVuJTIyJTNBJTVCJTdCJTIydGV4dCUyMiUzQSUyMkRlc2lnbiUyMGZlYXR1cmVzJTIyJTJDJTIyc2VudGVuY2UlMjIlM0EyJTJDJTIyY2hpbGRTZW50ZW5jZSUyMiUzQTElN0QlNUQlN0QlNUQ=\">Caratteristiche del progetto<\/span><\/h5>\n<ul>\n<li data-slate-node=\"element\"><span class=\"\" data-slate-node=\"text\"><span class=\"31\" data-slate-leaf=\"true\"><span data-slate-string=\"true\"><strong>INVISIBILIT\u00c0 SENZA GIUNTE:<\/strong> I nostri reggiseni adesivi in silicone adesivo traspirante senza traccia di pizzo sono morbidi e si adattano alla tua pelle comodamente e senza pressione, permettendoti di mostrare le tue curve attraenti. <\/span><\/span><\/span><span data-slate-node=\"text\"><span class=\"32\" data-slate-leaf=\"true\">Indossare i nostri reggiseni push-up da donna ti far\u00e0 sentire libera e invisibile, nessuno noter\u00e0 che indossi questo reggiseno push-up autoadesivo senza spalline in pizzo.<\/span><\/span><\/li>\n<li data-slate-node=\"element\"><span class=\"\" data-slate-node=\"text\"><span class=\"51\" data-slate-leaf=\"true\"><span data-slate-string=\"true\"><strong>RACCOLTA PROFONDA V:<\/strong> I nostri reggiseni bikini a forma di V presentano un esclusivo design con chiusura frontale che puoi aprire o allacciare con una leggera pressione. <\/span><\/span><\/span><span data-slate-node=\"text\"><span class=\"52\" data-slate-leaf=\"true\">La forte elasticit\u00e0 aiuta a raccogliere il seno e a darti una scollatura a V profonda, piena e attraente.<\/span><\/span><\/li>\n<li data-slate-node=\"element\"><span class=\"\" data-slate-node=\"text\"><span class=\"71\" data-slate-leaf=\"true\"><span data-slate-string=\"true\"><strong>MOLTEPLICI OCCASIONI:<\/strong> I reggiseni adesivi in silicone senza spalline da donna sono comodi, convenienti e fanno risparmiare tempo. <\/span><\/span><\/span><span class=\"\" data-slate-node=\"text\"><span class=\"72\" data-slate-leaf=\"true\"><span data-slate-string=\"true\">Puoi indossarlo tutti i giorni con sicurezza o usarlo per occasioni importanti come cene e feste, come abiti da sposa, abiti da sera, abiti a V profonda, abiti bustier, abiti senza schienale e cos\u00ec via. <\/span><\/span><\/span><span class=\"\" data-slate-node=\"text\"><span class=\"73\" data-slate-leaf=\"true\"><span data-slate-string=\"true\">Poich\u00e9 \u00e8 facile da trasportare, il reggiseno in silicone adesivo morbido e confortevole ti far\u00e0 trasudare un temperamento sicuro e dinamico in ogni momento.<\/span><\/span><\/span><\/li>\n<\/ul>\n<p><img fetchpriority=\"high\" decoding=\"async\" class=\"alignnone size-medium wp-image-7819\" src=\"https:\/\/yume-silm.com\/wp-content\/uploads\/2024\/05\/lace-no-trace-breathable-adhesive-silicone-sticky-brasw-holesale-price-02-300x300.jpg\" alt=\"reggiseni appiccicosi in silicone adesivo traspirante senza traccia di pizzo all&#039;ingrosso\" width=\"300\" height=\"300\" title=\"\" srcset=\"https:\/\/yume-silm.com\/wp-content\/uploads\/2024\/05\/lace-no-trace-breathable-adhesive-silicone-sticky-brasw-holesale-price-02-300x300.jpg 300w, https:\/\/yume-silm.com\/wp-content\/uploads\/2024\/05\/lace-no-trace-breathable-adhesive-silicone-sticky-brasw-holesale-price-02-150x150.jpg 150w, https:\/\/yume-silm.com\/wp-content\/uploads\/2024\/05\/lace-no-trace-breathable-adhesive-silicone-sticky-brasw-holesale-price-02-768x768.jpg 768w, https:\/\/yume-silm.com\/wp-content\/uploads\/2024\/05\/lace-no-trace-breathable-adhesive-silicone-sticky-brasw-holesale-price-02-12x12.jpg 12w, https:\/\/yume-silm.com\/wp-content\/uploads\/2024\/05\/lace-no-trace-breathable-adhesive-silicone-sticky-brasw-holesale-price-02-100x100.jpg 100w, https:\/\/yume-silm.com\/wp-content\/uploads\/2024\/05\/lace-no-trace-breathable-adhesive-silicone-sticky-brasw-holesale-price-02.jpg 800w\" sizes=\"(max-width: 300px) 100vw, 300px\" \/><img decoding=\"async\" class=\"alignnone size-medium wp-image-7820\" src=\"https:\/\/yume-silm.com\/wp-content\/uploads\/2024\/05\/lace-no-trace-breathable-adhesive-silicone-sticky-brasw-holesale-price-05-300x300.jpg\" alt=\"reggiseni appiccicosi in silicone adesivo traspirante senza traccia di pizzo all&#039;ingrosso\" width=\"300\" height=\"300\" title=\"\" srcset=\"https:\/\/yume-silm.com\/wp-content\/uploads\/2024\/05\/lace-no-trace-breathable-adhesive-silicone-sticky-brasw-holesale-price-05-300x300.jpg 300w, https:\/\/yume-silm.com\/wp-content\/uploads\/2024\/05\/lace-no-trace-breathable-adhesive-silicone-sticky-brasw-holesale-price-05-150x150.jpg 150w, https:\/\/yume-silm.com\/wp-content\/uploads\/2024\/05\/lace-no-trace-breathable-adhesive-silicone-sticky-brasw-holesale-price-05-768x768.jpg 768w, https:\/\/yume-silm.com\/wp-content\/uploads\/2024\/05\/lace-no-trace-breathable-adhesive-silicone-sticky-brasw-holesale-price-05-12x12.jpg 12w, https:\/\/yume-silm.com\/wp-content\/uploads\/2024\/05\/lace-no-trace-breathable-adhesive-silicone-sticky-brasw-holesale-price-05-100x100.jpg 100w, https:\/\/yume-silm.com\/wp-content\/uploads\/2024\/05\/lace-no-trace-breathable-adhesive-silicone-sticky-brasw-holesale-price-05.jpg 800w\" sizes=\"(max-width: 300px) 100vw, 300px\" \/><\/p>\n<h6><em>Reggiseni con toppa sul seno in silicone con raccolta invisibile di biancheria intima da donna<\/em><\/h6>\n<ul>\n<li data-slate-node=\"element\"><span class=\"\" data-slate-node=\"text\"><span class=\"91\" data-slate-leaf=\"true\"><span data-slate-string=\"true\"><strong>ELEVATA ADESIONE, NESSUN SCIVOLAMENTO:<\/strong> Il reggiseno push-up invisibile in silicone senza spalline, appiccicoso e senza spalline con buona adesione render\u00e0 il tuo seno libero, non dovrai preoccuparti di attivit\u00e0 pi\u00f9 grandi che ne faranno cadere. <\/span><\/span><\/span><span data-slate-node=\"text\"><span class=\"92\" data-slate-leaf=\"true\">Sentiti libero di indossare il reggiseno in pizzo traspirante a coppa rotonda poich\u00e9 \u00e8 comodo, morbido e non irrita la pelle, offrendoti un&#039;esperienza di utilizzo confortevole.<\/span><\/span><\/li>\n<li data-slate-node=\"element\" data-slate-fragment=\"JTVCJTdCJTIydHlwZSUyMiUzQSUyMnBhcmFncmFwaCUyMiUyQyUyMmNoaWxkcmVuJTIyJTNBJTVCJTdCJTIydGV4dCUyMiUzQSUyMlNFQU1MRVNTJTIwSU5WSVNJQklMSVRZJTNBJTIwT3VyJTIwbGFjZSUyMG5vJTIwdHJhY2UlMjBicmVhdGhhYmxlJTIwYWRoZXNpdmUlMjBzaWxpY29uZSUyMHN0aWNreSUyMGJyYXMlMjBhcmUlMjBzb2Z0JTIwYW5kJTIwZml0JTIweW91ciUyMHNraW4lMjBjb21mb3J0YWJseSUyMGFuZCUyMHdpdGhvdXQlMjBwcmVzc3VyZSUyQyUyMGFsbG93aW5nJTIweW91JTIwdG8lMjBzaG93JTIwb2ZmJTIweW91ciUyMGF0dHJhY3RpdmUlMjBjdXJ2ZXMuJTIwJTIyJTJDJTIyc2VudGVuY2UlMjIlM0EzJTJDJTIyY2hpbGRTZW50ZW5jZSUyMiUzQTElN0QlMkMlN0IlMjJ0ZXh0JTIyJTNBJTIyV2VhcmluZyUyMG91ciUyMHdvbWVuJ3MlMjBwdXNoLXVwJTIwYnJhcyUyMHdpbGwlMjBtYWtlJTIweW91JTIwZmVlbCUyMGZyZWUlMjBhbmQlMjBpbnZpc2libGUlMkMlMjBubyUyMG9uZSUyMHdpbGwlMjBub3RpY2UlMjB0aGF0JTIweW91JTIwYXJlJTIwd2VhcmluZyUyMHRoaXMlMjBsYWNlJTIwc3RyYXBsZXNzJTIwYmFja2xlc3MlMjBwdXNoLXVwJTIwc2VsZi1hZGhlc2l2ZSUyMGJyYS4lMjIlMkMlMjJzZW50ZW5jZSUyMiUzQTMlMkMlMjJjaGlsZFNlbnRlbmNlJTIyJTNBMiU3RCU1RCU3RCUyQyU3QiUyMnR5cGUlMjIlM0ElMjJwYXJhZ3JhcGglMjIlMkMlMjJjaGlsZHJlbiUyMiUzQSU1QiU3QiUyMnRleHQlMjIlM0ElMjIlMjIlMkMlMjJzZW50ZW5jZSUyMiUzQTQlMkMlMjJjaGlsZFNlbnRlbmNlJTIyJTNBMSU3RCU1RCU3RCUyQyU3QiUyMnR5cGUlMjIlM0ElMjJwYXJhZ3JhcGglMjIlMkMlMjJjaGlsZHJlbiUyMiUzQSU1QiU3QiUyMnRleHQlMjIlM0ElMjJERUVQJTIwViUyMEdBVEhFUklORyUzQSUyME91ciUyMFYtc2hhcGVkJTIwYmlraW5pJTIwYnJhcyUyMGZlYXR1cmUlMjBhJTIwdW5pcXVlJTIwZnJvbnQlMjBjbGFzcCUyMGRlc2lnbiUyMHRoYXQlMjB5b3UlMjBjYW4lMjBvcGVuJTIwb3IlMjBmYXN0ZW4lMjB3aXRoJTIwanVzdCUyMGElMjBsaXR0bGUlMjBwcmVzc3VyZS4lMjAlMjIlMkMlMjJzZW50ZW5jZSUyMiUzQTUlMkMlMjJjaGlsZFNlbnRlbmNlJTIyJTNBMSU3RCUyQyU3QiUyMnRleHQlMjIlM0ElMjJUaGUlMjBzdHJvbmclMjBzdHJldGNoJTIwaGVscHMlMjB0byUyMGdhdGhlciUyMHlvdXIlMjBicmVhc3RzJTIwYW5kJTIwZ2l2ZSUyMHlvdSUyMGElMjBmdWxsJTIwYW5kJTIwYXR0cmFjdGl2ZSUyMGRlZXAlMjBWJTIwY2xlYXZhZ2UuJTIyJTJDJTIyc2VudGVuY2UlMjIlM0E1JTJDJTIyY2hpbGRTZW50ZW5jZSUyMiUzQTIlN0QlNUQlN0QlMkMlN0IlMjJ0eXBlJTIyJTNBJTIycGFyYWdyYXBoJTIyJTJDJTIyY2hpbGRyZW4lMjIlM0ElNUIlN0IlMjJ0ZXh0JTIyJTNBJTIyJTIyJTJDJTIyc2VudGVuY2UlMjIlM0E2JTJDJTIyY2hpbGRTZW50ZW5jZSUyMiUzQTElN0QlNUQlN0QlMkMlN0IlMjJ0eXBlJTIyJTNBJTIycGFyYWdyYXBoJTIyJTJDJTIyY2hpbGRyZW4lMjIlM0ElNUIlN0IlMjJ0ZXh0JTIyJTNBJTIyTVVMVElQTEUlMjBPQ0NBU0lPTlMlM0ElMjBXb21lbidzJTIwc3RyYXBsZXNzJTIwc3RpY2t5JTIwc2lsaWNvbmUlMjBicmFzJTIwYXJlJTIwY29tZm9ydGFibGUlMkMlMjBjb252ZW5pZW50JTJDJTIwYW5kJTIwdGltZS1zYXZpbmcuJTIwJTIyJTJDJTIyc2VudGVuY2UlMjIlM0E3JTJDJTIyY2hpbGRTZW50ZW5jZSUyMiUzQTElN0QlMkMlN0IlMjJ0ZXh0JTIyJTNBJTIyWW91JTIwY2FuJTIwd2VhciUyMGl0JTIwZm9yJTIwZGFpbHklMjB3ZWFyJTIwd2l0aCUyMGNvbmZpZGVuY2UlMkMlMjBvciUyMHVzZSUyMGl0JTIwZm9yJTIwaW1wb3J0YW50JTIwb2NjYXNpb25zJTIwc3VjaCUyMGFzJTIwZGlubmVycyUyMGFuZCUyMHBhcnRpZXMlMkMlMjBzdWNoJTIwYXMlMjB3ZWRkaW5nJTIwZHJlc3NlcyUyQyUyMGV2ZW5pbmclMjBkcmVzc2VzJTJDJTIwZGVlcCUyMFYlMjBkcmVzc2VzJTJDJTIwYnVzdGllciUyMGRyZXNzZXMlMkMlMjBiYWNrbGVzcyUyMGRyZXNzZXMlMkMlMjBhbmQlMjBzbyUyMG9uLiUyMCUyMiUyQyUyMnNlbnRlbmNlJTIyJTNBNyUyQyUyMmNoaWxkU2VudGVuY2UlMjIlM0EyJTdEJTJDJTdCJTIydGV4dCUyMiUzQSUyMkJlY2F1c2UlMjBpdCUyMGlzJTIwZWFzeSUyMHRvJTIwY2FycnklMkMlMjBob3QlMjBzZWxsaW5nJTIwc29mdCUyMGNvbWZvcnRhYmxlJTIwc3RpY2stb24lMjBzaWxpY29uZSUyMGJyYSUyMHdpbGwlMjBtYWtlJTIweW91JTIwZXh1ZGUlMjBhJTIwY29uZmlkZW50JTIwYW5kJTIwZHluYW1pYyUyMHRlbXBlcmFtZW50JTIwYXQlMjBhbGwlMjB0aW1lcy4lMjIlMkMlMjJzZW50ZW5jZSUyMiUzQTclMkMlMjJjaGlsZFNlbnRlbmNlJTIyJTNBMyU3RCU1RCU3RCUyQyU3QiUyMnR5cGUlMjIlM0ElMjJwYXJhZ3JhcGglMjIlMkMlMjJjaGlsZHJlbiUyMiUzQSU1QiU3QiUyMnRleHQlMjIlM0ElMjIlMjIlMkMlMjJzZW50ZW5jZSUyMiUzQTglMkMlMjJjaGlsZFNlbnRlbmNlJTIyJTNBMSU3RCU1RCU3RCUyQyU3QiUyMnR5cGUlMjIlM0ElMjJwYXJhZ3JhcGglMjIlMkMlMjJjaGlsZHJlbiUyMiUzQSU1QiU3QiUyMnRleHQlMjIlM0ElMjJISUdIJTIwQURIRVNJT04lMkMlMjBOTyUyMFNMSVBQSU5HJTNBJTIwVGhlJTIwc3RpY2t5JTIwc3RyYXBsZXNzJTIwYmFja2xlc3MlMjBpbnZpc2libGUlMjBwdXNoLXVwJTIwc2lsaWNvbmUlMjBicmElMjB3aXRoJTIwZ29vZCUyMGFkaGVzaW9uJTIwd2lsbCUyMG1ha2UlMjB5b3VyJTIwYnJlYXN0cyUyMGZyZWUlMkMlMjBubyUyMG5lZWQlMjB0byUyMHdvcnJ5JTIwYWJvdXQlMjBsYXJnZXIlMjBhY3Rpdml0aWVzJTIwdGhhdCUyMHdpbGwlMjBjYXVzZSUyMHRoZW0lMjB0byUyMGZhbGwlMjBvZmYuJTIwJTIyJTJDJTIyc2VudGVuY2UlMjIlM0E5JTJDJTIyY2hpbGRTZW50ZW5jZSUyMiUzQTElN0QlMkMlN0IlMjJ0ZXh0JTIyJTNBJTIyUGxlYXNlJTIwZmVlbCUyMGZyZWUlMjB0byUyMHdlYXIlMjB0aGUlMjBicmVhdGhhYmxlJTIwcm91bmQlMjBjdXAlMjBsYWNlJTIwYnJhJTIwYXMlMjBpdCUyMGlzJTIwY29tZm9ydGFibGUlMkMlMjBhbmQlMjBzb2Z0JTIwYW5kJTIwZG9lcyUyMG5vdCUyMGlycml0YXRlJTIweW91ciUyMHNraW4lMkMlMjBwcm92aWRpbmclMjB5b3UlMjB3aXRoJTIwYSUyMGNvbWZvcnRhYmxlJTIwd2VhcmluZyUyMGV4cGVyaWVuY2UuJTIyJTJDJTIyc2VudGVuY2UlMjIlM0E5JTJDJTIyY2hpbGRTZW50ZW5jZSUyMiUzQTIlN0QlNUQlN0QlMkMlN0IlMjJ0eXBlJTIyJTNBJTIycGFyYWdyYXBoJTIyJTJDJTIyY2hpbGRyZW4lMjIlM0ElNUIlN0IlMjJ0ZXh0JTIyJTNBJTIyJTIyJTJDJTIyc2VudGVuY2UlMjIlM0ExMCUyQyUyMmNoaWxkU2VudGVuY2UlMjIlM0ExJTdEJTVEJTdEJTJDJTdCJTIydHlwZSUyMiUzQSUyMnBhcmFncmFwaCUyMiUyQyUyMmNoaWxkcmVuJTIyJTNBJTVCJTdCJTIydGV4dCUyMiUzQSUyMk5PJTIwU0hPVUxERVIlMjBTVFJBUFMlMjBSRVFVSVJFRCUzQSUyMG91ciUyMGxhY2UlMjBubyUyMHRyYWNlJTIwYnJlYXRoYWJsZSUyMGFkaGVzaXZlJTIwc2lsaWNvbmUlMjBzdGlja3klMjBicmFzJTIwaGF2ZSUyMGRpcmVjdCUyMGNvbnRhY3QlMjBhbmQlMjB3cmFwJTIwdGlnaHRseSUyMGFyb3VuZCUyMHlvdXIlMjBzb2Z0JTIwYnJlYXN0cy4lMjAlMjIlMkMlMjJzZW50ZW5jZSUyMiUzQTExJTJDJTIyY2hpbGRTZW50ZW5jZSUyMiUzQTElN0QlMkMlN0IlMjJ0ZXh0JTIyJTNBJTIySXQlMjBpcyUyMHZlcnklMjBicmVhdGhhYmxlJTIwYW5kJTIwY29tZm9ydGFibGUlMkMlMjBhbmQlMjB3aWxsJTIwbm90JTIwY2F1c2UlMjBzdHJhbmd1bGF0aW9uJTIwb24lMjB5b3VyJTIwc2hvdWxkZXJzLiUyMCUyMiUyQyUyMnNlbnRlbmNlJTIyJTNBMTElMkMlMjJjaGlsZFNlbnRlbmNlJTIyJTNBMiU3RCUyQyU3QiUyMnRleHQlMjIlM0ElMjJQZXJmZWN0JTIwZm9yJTIwc3VtbWVyJTIwb3V0aW5ncy4lMjIlMkMlMjJzZW50ZW5jZSUyMiUzQTExJTJDJTIyY2hpbGRTZW50ZW5jZSUyMiUzQTMlN0QlNUQlN0QlNUQ=\"><span class=\"\" data-slate-node=\"text\"><span class=\"111\" data-slate-leaf=\"true\"><span data-slate-string=\"true\"><strong>NON SONO NECESSARI SPALLACCI:<\/strong> i nostri reggiseni adesivi in silicone adesivo traspirante senza traccia di pizzo hanno un contatto diretto e avvolgono strettamente il tuo seno morbido. <\/span><\/span><\/span><span class=\"\" data-slate-node=\"text\"><span class=\"112\" data-slate-leaf=\"true\"><span data-slate-string=\"true\">\u00c8 molto traspirante e confortevole e non provoca strangolamento sulle spalle. <\/span><\/span><\/span><span data-slate-node=\"text\"><span class=\"113\" data-slate-leaf=\"true\">Perfetto per le gite estive.<\/span><\/span><\/li>\n<\/ul>","protected":false},"excerpt":{"rendered":"<p>I reggiseni appiccicosi in silicone adesivo traspirante senza traccia di pizzo sexy da donna sono comodi, convenienti e fanno risparmiare tempo. Puoi indossarlo tutti i giorni con sicurezza o usarlo per occasioni importanti come cene e feste, come abiti da sposa, abiti da sera, abiti a V profonda, abiti bustier, abiti senza schienale e cos\u00ec via.<\/p>","protected":false},"featured_media":7821,"comment_status":"open","ping_status":"closed","template":"","meta":{"site-sidebar-layout":"default","site-content-layout":"","ast-site-content-layout":"default","site-content-style":"default","site-sidebar-style":"default","ast-global-header-display":"","ast-banner-title-visibility":"","ast-main-header-display":"","ast-hfb-above-header-display":"","ast-hfb-below-header-display":"","ast-hfb-mobile-header-display":"","site-post-title":"","ast-breadcrumbs-content":"","ast-featured-img":"","footer-sml-layout":"","ast-disable-related-posts":"","theme-transparent-header-meta":"default","adv-header-id-meta":"","stick-header-meta":"default","header-above-stick-meta":"","header-main-stick-meta":"","header-below-stick-meta":"","astra-migrate-meta-layouts":"set","ast-page-background-enabled":"default","ast-page-background-meta":{"desktop":{"background-color":"","background-image":"","background-repeat":"repeat","background-position":"center center","background-size":"auto","background-attachment":"scroll","background-type":"","background-media":"","overlay-type":"","overlay-color":"","overlay-opacity":"","overlay-gradient":""},"tablet":{"background-color":"","background-image":"","background-repeat":"repeat","background-position":"center center","background-size":"auto","background-attachment":"scroll","background-type":"","background-media":"","overlay-type":"","overlay-color":"","overlay-opacity":"","overlay-gradient":""},"mobile":{"background-color":"","background-image":"","background-repeat":"repeat","background-position":"center center","background-size":"auto","background-attachment":"scroll","background-type":"","background-media":"","overlay-type":"","overlay-color":"","overlay-opacity":"","overlay-gradient":""}},"ast-content-background-meta":{"desktop":{"background-color":"var(--ast-global-color-5)","background-image":"","background-repeat":"repeat","background-position":"center center","background-size":"auto","background-attachment":"scroll","background-type":"","background-media":"","overlay-type":"","overlay-color":"","overlay-opacity":"","overlay-gradient":""},"tablet":{"background-color":"var(--ast-global-color-5)","background-image":"","background-repeat":"repeat","background-position":"center center","background-size":"auto","background-attachment":"scroll","background-type":"","background-media":"","overlay-type":"","overlay-color":"","overlay-opacity":"","overlay-gradient":""},"mobile":{"background-color":"var(--ast-global-color-5)","background-image":"","background-repeat":"repeat","background-position":"center center","background-size":"auto","background-attachment":"scroll","background-type":"","background-media":"","overlay-type":"","overlay-color":"","overlay-opacity":"","overlay-gradient":""}}},"product_brand":[],"product_cat":[65,76,259,584],"product_tag":[598,473,602,459,599,140],"class_list":{"0":"post-7818","1":"product","2":"type-product","3":"status-publish","4":"has-post-thumbnail","6":"product_cat-best-sellers","7":"product_cat-new-arrivels","8":"product_cat-lingerie","9":"product_cat-adhesive-bras","10":"product_tag-adhesive-bra","11":"product_tag-lace","12":"product_tag-push-up","13":"product_tag-silica-gel","14":"product_tag-sticky-bras","15":"product_tag-strapless","16":"pa_color-black","17":"pa_color-skin","18":"pa_color-white","19":"pa_size-a","20":"pa_size-b","21":"pa_size-c","22":"pa_size-d","23":"desktop-align-center","24":"tablet-align-left","25":"mobile-align-left","26":"ast-product-gallery-layout-horizontal-slider","27":"ast-product-single-variable","28":"ast-product-tabs-layout-horizontal","29":"ast-qv-on-image","31":"first","32":"instock","33":"shipping-taxable","34":"purchasable","35":"product-type-variable"},"tiered_pricing_type":"fixed","tiered_pricing_fixed_rules":{"5":1.4,"50":1.25,"100":1.1},"tiered_pricing_product_settings":{"layout":"default","base_unit_name":{"singular":null,"plural":null},"default_variation":null},"tiered_pricing_minimum_quantity":null,"tiered_pricing_roles_data":[],"tiered_pricing_percentage_rules":[],"_links":{"self":[{"href":"https:\/\/yume-silm.com\/it\/wp-json\/wp\/v2\/product\/7818","targetHints":{"allow":["GET"]}}],"collection":[{"href":"https:\/\/yume-silm.com\/it\/wp-json\/wp\/v2\/product"}],"about":[{"href":"https:\/\/yume-silm.com\/it\/wp-json\/wp\/v2\/types\/product"}],"replies":[{"embeddable":true,"href":"https:\/\/yume-silm.com\/it\/wp-json\/wp\/v2\/comments?post=7818"}],"wp:featuredmedia":[{"embeddable":true,"href":"https:\/\/yume-silm.com\/it\/wp-json\/wp\/v2\/media\/7821"}],"wp:attachment":[{"href":"https:\/\/yume-silm.com\/it\/wp-json\/wp\/v2\/media?parent=7818"}],"wp:term":[{"taxonomy":"product_brand","embeddable":true,"href":"https:\/\/yume-silm.com\/it\/wp-json\/wp\/v2\/product_brand?post=7818"},{"taxonomy":"product_cat","embeddable":true,"href":"https:\/\/yume-silm.com\/it\/wp-json\/wp\/v2\/product_cat?post=7818"},{"taxonomy":"product_tag","embeddable":true,"href":"https:\/\/yume-silm.com\/it\/wp-json\/wp\/v2\/product_tag?post=7818"}],"curies":[{"name":"wp","href":"https:\/\/api.w.org\/{rel}","templated":true}]}}