{"id":7842,"date":"2024-05-06T08:08:06","date_gmt":"2024-05-06T08:08:06","guid":{"rendered":"https:\/\/yume-silm.com\/?post_type=product&#038;p=7842"},"modified":"2025-05-29T03:34:53","modified_gmt":"2025-05-29T03:34:53","slug":"toppa-allingrosso-del-seno-della-toppa-del-reggiseno-dellascensore-dellorecchio-del-coniglio-del-silicone","status":"publish","type":"product","link":"https:\/\/yume-silm.com\/it\/prodotto\/toppa-allingrosso-del-seno-della-toppa-del-reggiseno-dellascensore-dellorecchio-del-coniglio-del-silicone\/","title":{"rendered":"Toppa del seno della toppa del reggiseno del sollevamento dell&#039;orecchio del coniglio del silicone all&#039;ingrosso"},"content":{"rendered":"<h5 data-slate-node=\"element\"><span data-slate-node=\"text\"><span class=\"21\" data-slate-leaf=\"true\">Caratteristiche del progetto<\/span><\/span><\/h5>\n<ul>\n<li data-slate-node=\"element\"><span data-slate-node=\"text\"><span class=\"31\" data-slate-leaf=\"true\"><strong>INVISIBILIT\u00c0 SENZA GIUNTE:<\/strong> Le nostre toppe sul seno con toppe per reggiseno con sollevamento dell&#039;orecchio di coniglio in silicone sono morbide e si adattano alla tua pelle comodamente e senza pressione, permettendoti di mostrare le tue curve attraenti. <\/span><\/span><span class=\"\" data-slate-node=\"text\"><span class=\"32\" data-slate-leaf=\"true\"><span data-slate-string=\"true\">Indossare i nostri reggiseni push-up da donna ti far\u00e0 sentire libera e invisibile, nessuno noter\u00e0 che indossi questo reggiseno push-up autoadesivo senza spalline in pizzo.<\/span><\/span><\/span><\/li>\n<li data-slate-node=\"element\"><span class=\"\" data-slate-node=\"text\"><span class=\"51\" data-slate-leaf=\"true\"><span data-slate-string=\"true\"><strong>NUOVO REGGISENO APPICCICOSO CON ORECCHIE DI CONIGLIO:<\/strong> Questa nostra serie di reggiseni invisibili con cuscinetti Cupido \u00e8 molto giocosa e carina, con stili di design in pizzo disponibili per soddisfare la tua tentazione di pizzo. <\/span><\/span><\/span><span data-slate-node=\"text\"><span class=\"52\" data-slate-leaf=\"true\">Il cambiamento rivoluzionario \u00e8 alla moda e fa tendenza. <\/span><\/span><span data-slate-node=\"text\"><span class=\"53\" data-slate-leaf=\"true\">Dai il via alla tua nuova estate spensierata con questo nuovissimo reggiseno adesivo da donna a forma di orecchie di coniglio sul mercato! <\/span><\/span><span data-slate-node=\"text\"><span class=\"54\" data-slate-leaf=\"true\">Devi essere la ragazza pi\u00f9 bella della spiaggia e la pi\u00f9 affascinante alla festa serale!<\/span><\/span><\/li>\n<li data-slate-node=\"element\"><span data-slate-node=\"text\"><span class=\"71\" data-slate-leaf=\"true\"><strong>MOLTEPLICI OCCASIONI:<\/strong> I reggiseni adesivi in silicone senza spalline da donna sono comodi, convenienti e fanno risparmiare tempo. <\/span><\/span><span data-slate-node=\"text\"><span class=\"72\" data-slate-leaf=\"true\">Puoi indossarlo tutti i giorni con sicurezza o usarlo per occasioni importanti come cene e feste, come abiti da sposa, abiti da sera, abiti a V profonda, abiti bustier, abiti senza schienale e cos\u00ec via. <\/span><\/span><span data-slate-node=\"text\"><span class=\"73\" data-slate-leaf=\"true\">Poich\u00e9 \u00e8 facile da trasportare, il reggiseno in silicone adesivo morbido e confortevole ti far\u00e0 trasudare un temperamento sicuro e dinamico in ogni momento.<\/span><\/span><\/li>\n<\/ul>\n<p><img fetchpriority=\"high\" decoding=\"async\" class=\"alignnone size-medium wp-image-7843\" src=\"https:\/\/yume-silm.com\/wp-content\/uploads\/2024\/05\/wholesale-silicone-rabbit-ear-lift-bra-patch-breast-patch-white-lace-02-300x300.jpg\" alt=\"toppa all&#039;ingrosso del seno della toppa del reggiseno dell&#039;ascensore dell&#039;orecchio del coniglio del silicone\" width=\"300\" height=\"300\" title=\"\" srcset=\"https:\/\/yume-silm.com\/wp-content\/uploads\/2024\/05\/wholesale-silicone-rabbit-ear-lift-bra-patch-breast-patch-white-lace-02-300x300.jpg 300w, https:\/\/yume-silm.com\/wp-content\/uploads\/2024\/05\/wholesale-silicone-rabbit-ear-lift-bra-patch-breast-patch-white-lace-02-150x150.jpg 150w, https:\/\/yume-silm.com\/wp-content\/uploads\/2024\/05\/wholesale-silicone-rabbit-ear-lift-bra-patch-breast-patch-white-lace-02-768x768.jpg 768w, https:\/\/yume-silm.com\/wp-content\/uploads\/2024\/05\/wholesale-silicone-rabbit-ear-lift-bra-patch-breast-patch-white-lace-02-12x12.jpg 12w, https:\/\/yume-silm.com\/wp-content\/uploads\/2024\/05\/wholesale-silicone-rabbit-ear-lift-bra-patch-breast-patch-white-lace-02-100x100.jpg 100w, https:\/\/yume-silm.com\/wp-content\/uploads\/2024\/05\/wholesale-silicone-rabbit-ear-lift-bra-patch-breast-patch-white-lace-02.jpg 800w\" sizes=\"(max-width: 300px) 100vw, 300px\" \/><img decoding=\"async\" class=\"alignnone size-medium wp-image-7844\" src=\"https:\/\/yume-silm.com\/wp-content\/uploads\/2024\/05\/wholesale-silicone-rabbit-ear-lift-bra-patch-breast-patch-white-lace-05-300x300.jpg\" alt=\"toppa all&#039;ingrosso del seno della toppa del reggiseno dell&#039;ascensore dell&#039;orecchio del coniglio del silicone\" width=\"300\" height=\"300\" title=\"\" srcset=\"https:\/\/yume-silm.com\/wp-content\/uploads\/2024\/05\/wholesale-silicone-rabbit-ear-lift-bra-patch-breast-patch-white-lace-05-300x300.jpg 300w, https:\/\/yume-silm.com\/wp-content\/uploads\/2024\/05\/wholesale-silicone-rabbit-ear-lift-bra-patch-breast-patch-white-lace-05-150x150.jpg 150w, https:\/\/yume-silm.com\/wp-content\/uploads\/2024\/05\/wholesale-silicone-rabbit-ear-lift-bra-patch-breast-patch-white-lace-05-768x768.jpg 768w, https:\/\/yume-silm.com\/wp-content\/uploads\/2024\/05\/wholesale-silicone-rabbit-ear-lift-bra-patch-breast-patch-white-lace-05-12x12.jpg 12w, https:\/\/yume-silm.com\/wp-content\/uploads\/2024\/05\/wholesale-silicone-rabbit-ear-lift-bra-patch-breast-patch-white-lace-05-100x100.jpg 100w, https:\/\/yume-silm.com\/wp-content\/uploads\/2024\/05\/wholesale-silicone-rabbit-ear-lift-bra-patch-breast-patch-white-lace-05.jpg 800w\" sizes=\"(max-width: 300px) 100vw, 300px\" \/><\/p>\n<h6><em>Reggiseno in pizzo adesivo riutilizzabile da donna con cinturino per sollevamento del seno, copricapezzoli in coniglio<\/em><\/h6>\n<ul>\n<li data-slate-node=\"element\"><span data-slate-node=\"text\"><span class=\"91\" data-slate-leaf=\"true\"><strong>ELEVATA ADESIONE, NESSUN SCIVOLAMENTO:<\/strong> Il reggiseno push-up invisibile in silicone senza spalline, appiccicoso e senza spalline con buona adesione render\u00e0 il tuo seno libero, non dovrai preoccuparti di attivit\u00e0 pi\u00f9 grandi che ne faranno cadere. <\/span><\/span><span data-slate-node=\"text\"><span class=\"92\" data-slate-leaf=\"true\">Sentiti libero di indossare il reggiseno da donna a forma di orecchie di coniglio perch\u00e9 \u00e8 comodo, morbido e non irrita la pelle, offrendoti un&#039;esperienza di utilizzo confortevole.<\/span><\/span><\/li>\n<li data-slate-node=\"element\" data-slate-fragment=\"JTVCJTdCJTIydHlwZSUyMiUzQSUyMnBhcmFncmFwaCUyMiUyQyUyMmNoaWxkcmVuJTIyJTNBJTVCJTdCJTIydGV4dCUyMiUzQSUyMkRlc2lnbiUyMGZlYXR1cmVzJTIyJTJDJTIyc2VudGVuY2UlMjIlM0EyJTJDJTIyY2hpbGRTZW50ZW5jZSUyMiUzQTElN0QlNUQlN0QlMkMlN0IlMjJ0eXBlJTIyJTNBJTIycGFyYWdyYXBoJTIyJTJDJTIyY2hpbGRyZW4lMjIlM0ElNUIlN0IlMjJ0ZXh0JTIyJTNBJTIyU0VBTUxFU1MlMjBJTlZJU0lCSUxJVFklM0ElMjBPdXIlMjBzaWxpY29uZSUyMHJhYmJpdCUyMGVhciUyMGxpZnQlMjBicmElMjBwYXRjaCUyMGJyZWFzdCUyMHBhdGNoZXMlMjBhcmUlMjBzb2Z0JTIwYW5kJTIwZml0JTIweW91ciUyMHNraW4lMjBjb21mb3J0YWJseSUyMGFuZCUyMHdpdGhvdXQlMjBwcmVzc3VyZSUyQyUyMGFsbG93aW5nJTIweW91JTIwdG8lMjBzaG93JTIwb2ZmJTIweW91ciUyMGF0dHJhY3RpdmUlMjBjdXJ2ZXMuJTIwJTIyJTJDJTIyc2VudGVuY2UlMjIlM0EzJTJDJTIyY2hpbGRTZW50ZW5jZSUyMiUzQTElN0QlMkMlN0IlMjJ0ZXh0JTIyJTNBJTIyV2VhcmluZyUyMG91ciUyMHdvbWVuJ3MlMjBwdXNoLXVwJTIwYnJhcyUyMHdpbGwlMjBtYWtlJTIweW91JTIwZmVlbCUyMGZyZWUlMjBhbmQlMjBpbnZpc2libGUlMkMlMjBubyUyMG9uZSUyMHdpbGwlMjBub3RpY2UlMjB0aGF0JTIweW91JTIwYXJlJTIwd2VhcmluZyUyMHRoaXMlMjBsYWNlJTIwc3RyYXBsZXNzJTIwYmFja2xlc3MlMjBwdXNoLXVwJTIwc2VsZi1hZGhlc2l2ZSUyMGJyYS4lMjIlMkMlMjJzZW50ZW5jZSUyMiUzQTMlMkMlMjJjaGlsZFNlbnRlbmNlJTIyJTNBMiU3RCU1RCU3RCUyQyU3QiUyMnR5cGUlMjIlM0ElMjJwYXJhZ3JhcGglMjIlMkMlMjJjaGlsZHJlbiUyMiUzQSU1QiU3QiUyMnRleHQlMjIlM0ElMjIlMjIlMkMlMjJzZW50ZW5jZSUyMiUzQTQlMkMlMjJjaGlsZFNlbnRlbmNlJTIyJTNBMSU3RCU1RCU3RCUyQyU3QiUyMnR5cGUlMjIlM0ElMjJwYXJhZ3JhcGglMjIlMkMlMjJjaGlsZHJlbiUyMiUzQSU1QiU3QiUyMnRleHQlMjIlM0ElMjJORVclMjBSQUJCSVQlMjBFQVJTJTIwU1RJQ0tZJTIwQlJBJTNBJTIwVGhpcyUyMGN1cGlkJTIwcGFkcyUyMGludmlzaWJsZSUyMGJyYSUyMHNlcmllcyUyMG9mJTIwb3VycyUyMGlzJTIwdmVyeSUyMHBsYXlmdWwlMjBhbmQlMjBjdXRlJTJDJTIwd2l0aCUyMGxhY2UlMjBkZXNpZ24lMjBzdHlsZXMlMjBhdmFpbGFibGUlMjB0byUyMG1lZXQlMjB5b3VyJTIwbGFjZSUyMHRlbXB0YXRpb24uJTIwJTIyJTJDJTIyc2VudGVuY2UlMjIlM0E1JTJDJTIyY2hpbGRTZW50ZW5jZSUyMiUzQTElN0QlMkMlN0IlMjJ0ZXh0JTIyJTNBJTIyVGhlJTIwYnJlYWt0aHJvdWdoJTIwY2hhbmdlJTIwaXMlMjBmYXNoaW9uYWJsZSUyMGFuZCUyMHRyZW5kLXNldHRpbmcuJTIwJTIyJTJDJTIyc2VudGVuY2UlMjIlM0E1JTJDJTIyY2hpbGRTZW50ZW5jZSUyMiUzQTIlN0QlMkMlN0IlMjJ0ZXh0JTIyJTNBJTIyS2ljayUyMG9mZiUyMHlvdXIlMjBuZXclMjBjYXJlZnJlZSUyMHN1bW1lciUyMHdpdGglMjB0aGlzJTIwbmV3ZXN0JTIwcmFiYml0JTIwZWFyLXNoYXBlZCUyMGFkaGVzaXZlJTIwYnJhJTIwZm9yJTIwd29tZW4lMjBvbiUyMHRoZSUyMG1hcmtldCElMjAlMjIlMkMlMjJzZW50ZW5jZSUyMiUzQTUlMkMlMjJjaGlsZFNlbnRlbmNlJTIyJTNBMyU3RCUyQyU3QiUyMnRleHQlMjIlM0ElMjJZb3UlMjBtdXN0JTIwYmUlMjB0aGUlMjBtb3N0JTIwYmVhdXRpZnVsJTIwZ2lybCUyMGF0JTIwdGhlJTIwYmVhY2glMjBhbmQlMjB0aGUlMjBtb3N0JTIwY2hhcm1pbmclMjBhdCUyMHRoZSUyMGV2ZW5pbmclMjBwYXJ0eSElMjIlMkMlMjJzZW50ZW5jZSUyMiUzQTUlMkMlMjJjaGlsZFNlbnRlbmNlJTIyJTNBNCU3RCU1RCU3RCUyQyU3QiUyMnR5cGUlMjIlM0ElMjJwYXJhZ3JhcGglMjIlMkMlMjJjaGlsZHJlbiUyMiUzQSU1QiU3QiUyMnRleHQlMjIlM0ElMjIlMjIlMkMlMjJzZW50ZW5jZSUyMiUzQTYlMkMlMjJjaGlsZFNlbnRlbmNlJTIyJTNBMSU3RCU1RCU3RCUyQyU3QiUyMnR5cGUlMjIlM0ElMjJwYXJhZ3JhcGglMjIlMkMlMjJjaGlsZHJlbiUyMiUzQSU1QiU3QiUyMnRleHQlMjIlM0ElMjJNVUxUSVBMRSUyME9DQ0FTSU9OUyUzQSUyMFdvbWVuJ3MlMjBzdHJhcGxlc3MlMjBzdGlja3klMjBzaWxpY29uZSUyMGJyYXMlMjBhcmUlMjBjb21mb3J0YWJsZSUyQyUyMGNvbnZlbmllbnQlMkMlMjBhbmQlMjB0aW1lLXNhdmluZy4lMjAlMjIlMkMlMjJzZW50ZW5jZSUyMiUzQTclMkMlMjJjaGlsZFNlbnRlbmNlJTIyJTNBMSU3RCUyQyU3QiUyMnRleHQlMjIlM0ElMjJZb3UlMjBjYW4lMjB3ZWFyJTIwaXQlMjBmb3IlMjBkYWlseSUyMHdlYXIlMjB3aXRoJTIwY29uZmlkZW5jZSUyQyUyMG9yJTIwdXNlJTIwaXQlMjBmb3IlMjBpbXBvcnRhbnQlMjBvY2Nhc2lvbnMlMjBzdWNoJTIwYXMlMjBkaW5uZXJzJTIwYW5kJTIwcGFydGllcyUyQyUyMHN1Y2glMjBhcyUyMHdlZGRpbmclMjBkcmVzc2VzJTJDJTIwZXZlbmluZyUyMGRyZXNzZXMlMkMlMjBkZWVwJTIwViUyMGRyZXNzZXMlMkMlMjBidXN0aWVyJTIwZHJlc3NlcyUyQyUyMGJhY2tsZXNzJTIwZHJlc3NlcyUyQyUyMGFuZCUyMHNvJTIwb24uJTIwJTIyJTJDJTIyc2VudGVuY2UlMjIlM0E3JTJDJTIyY2hpbGRTZW50ZW5jZSUyMiUzQTIlN0QlMkMlN0IlMjJ0ZXh0JTIyJTNBJTIyQmVjYXVzZSUyMGl0JTIwaXMlMjBlYXN5JTIwdG8lMjBjYXJyeSUyQyUyMGhvdCUyMHNlbGxpbmclMjBzb2Z0JTIwY29tZm9ydGFibGUlMjBzdGljay1vbiUyMHNpbGljb25lJTIwYnJhJTIwd2lsbCUyMG1ha2UlMjB5b3UlMjBleHVkZSUyMGElMjBjb25maWRlbnQlMjBhbmQlMjBkeW5hbWljJTIwdGVtcGVyYW1lbnQlMjBhdCUyMGFsbCUyMHRpbWVzLiUyMiUyQyUyMnNlbnRlbmNlJTIyJTNBNyUyQyUyMmNoaWxkU2VudGVuY2UlMjIlM0EzJTdEJTVEJTdEJTJDJTdCJTIydHlwZSUyMiUzQSUyMnBhcmFncmFwaCUyMiUyQyUyMmNoaWxkcmVuJTIyJTNBJTVCJTdCJTIydGV4dCUyMiUzQSUyMiUyMiUyQyUyMnNlbnRlbmNlJTIyJTNBOCUyQyUyMmNoaWxkU2VudGVuY2UlMjIlM0ExJTdEJTVEJTdEJTJDJTdCJTIydHlwZSUyMiUzQSUyMnBhcmFncmFwaCUyMiUyQyUyMmNoaWxkcmVuJTIyJTNBJTVCJTdCJTIydGV4dCUyMiUzQSUyMkhJR0glMjBBREhFU0lPTiUyQyUyME5PJTIwU0xJUFBJTkclM0ElMjBUaGUlMjBzdGlja3klMjBzdHJhcGxlc3MlMjBiYWNrbGVzcyUyMGludmlzaWJsZSUyMHB1c2gtdXAlMjBzaWxpY29uZSUyMGJyYSUyMHdpdGglMjBnb29kJTIwYWRoZXNpb24lMjB3aWxsJTIwbWFrZSUyMHlvdXIlMjBicmVhc3RzJTIwZnJlZSUyQyUyMG5vJTIwbmVlZCUyMHRvJTIwd29ycnklMjBhYm91dCUyMGxhcmdlciUyMGFjdGl2aXRpZXMlMjB0aGF0JTIwd2lsbCUyMGNhdXNlJTIwdGhlbSUyMHRvJTIwZmFsbCUyMG9mZi4lMjAlMjIlMkMlMjJzZW50ZW5jZSUyMiUzQTklMkMlMjJjaGlsZFNlbnRlbmNlJTIyJTNBMSU3RCUyQyU3QiUyMnRleHQlMjIlM0ElMjJQbGVhc2UlMjBmZWVsJTIwZnJlZSUyMHRvJTIwd2VhciUyMHRoZSUyMHdvbWVuJ3MlMjBnYXRoZXJpbmclMjBicmElMjByYWJiaXQlMjBlYXIlMjBzaGFwZSUyMGFzJTIwaXQlMjBpcyUyMGNvbWZvcnRhYmxlJTJDJTIwYW5kJTIwc29mdCUyMGFuZCUyMGRvZXMlMjBub3QlMjBpcnJpdGF0ZSUyMHlvdXIlMjBza2luJTJDJTIwcHJvdmlkaW5nJTIweW91JTIwd2l0aCUyMGElMjBjb21mb3J0YWJsZSUyMHdlYXJpbmclMjBleHBlcmllbmNlLiUyMiUyQyUyMnNlbnRlbmNlJTIyJTNBOSUyQyUyMmNoaWxkU2VudGVuY2UlMjIlM0EyJTdEJTVEJTdEJTJDJTdCJTIydHlwZSUyMiUzQSUyMnBhcmFncmFwaCUyMiUyQyUyMmNoaWxkcmVuJTIyJTNBJTVCJTdCJTIydGV4dCUyMiUzQSUyMiUyMiUyQyUyMnNlbnRlbmNlJTIyJTNBMTAlMkMlMjJjaGlsZFNlbnRlbmNlJTIyJTNBMSU3RCU1RCU3RCUyQyU3QiUyMnR5cGUlMjIlM0ElMjJwYXJhZ3JhcGglMjIlMkMlMjJjaGlsZHJlbiUyMiUzQSU1QiU3QiUyMnRleHQlMjIlM0ElMjJOTyUyMFNIT1VMREVSJTIwU1RSQVBTJTIwUkVRVUlSRUQlM0ElMjBvdXIlMjBsYWNlJTIwbm8lMjB0cmFjZSUyMGJyZWF0aGFibGUlMjBhZGhlc2l2ZSUyMHNpbGljb25lJTIwc3RpY2t5JTIwcmFiYml0JTIwZWFyJTIwc2hhcGUlMjBicmFzJTIwaGF2ZSUyMGRpcmVjdCUyMGNvbnRhY3QlMjBhbmQlMjB3cmFwJTIwdGlnaHRseSUyMGFyb3VuZCUyMHlvdXIlMjBzb2Z0JTIwYnJlYXN0cy4lMjAlMjIlMkMlMjJzZW50ZW5jZSUyMiUzQTExJTJDJTIyY2hpbGRTZW50ZW5jZSUyMiUzQTElN0QlMkMlN0IlMjJ0ZXh0JTIyJTNBJTIySXQlMjBpcyUyMHZlcnklMjBicmVhdGhhYmxlJTIwYW5kJTIwY29tZm9ydGFibGUlMkMlMjBhbmQlMjB3aWxsJTIwbm90JTIwY2F1c2UlMjBzdHJhbmd1bGF0aW9uJTIwb24lMjB5b3VyJTIwc2hvdWxkZXJzLiUyMCUyMiUyQyUyMnNlbnRlbmNlJTIyJTNBMTElMkMlMjJjaGlsZFNlbnRlbmNlJTIyJTNBMiU3RCUyQyU3QiUyMnRleHQlMjIlM0ElMjJQZXJmZWN0JTIwZm9yJTIwc3VtbWVyJTIwb3V0aW5ncy4lMjIlMkMlMjJzZW50ZW5jZSUyMiUzQTExJTJDJTIyY2hpbGRTZW50ZW5jZSUyMiUzQTMlN0QlNUQlN0QlNUQ=\"><span data-slate-node=\"text\"><span class=\"111\" data-slate-leaf=\"true\"><strong>NON SONO NECESSARI SPALLACCI:<\/strong> i nostri reggiseni a forma di orecchio di coniglio in silicone adesivo traspirante senza traccia di pizzo hanno un contatto diretto e avvolgono strettamente il tuo seno morbido. <\/span><\/span><span data-slate-node=\"text\"><span class=\"112\" data-slate-leaf=\"true\">\u00c8 molto traspirante e confortevole e non provoca strangolamento sulle spalle. <\/span><\/span><span data-slate-node=\"text\"><span class=\"113\" data-slate-leaf=\"true\">Perfetto per le gite estive.<\/span><\/span><\/li>\n<\/ul>","protected":false},"excerpt":{"rendered":"<ul>\n<li>Il prodotto pi\u00f9 recente sul mercato: toppa in pizzo in silicone tipo orecchio di coniglio! Con la sua forma giocosa e carina e la decorazione in pizzo, \u00e8 una nuova generazione di trend-setting! Sia che tu stia cercando di aumentare la tua sicurezza, aggiungere glamour o indossare indumenti che non lasciano segni, la nostra toppa sul seno con toppa per reggiseno con sollevamento dell&#039;orecchio di coniglio in silicone soddisfer\u00e0 le tue esigenze.<\/li>\n<li>Design unico per garantire la differenziazione dagli altri prodotti sul mercato. Inoltre, con una variet\u00e0 di colori e dimensioni tra cui scegliere, la nostra gamma di toppe per reggiseni pu\u00f2 soddisfare le esigenze di persone diverse e offrirti maggiori opportunit\u00e0 di vendita.<\/li>\n<\/ul>","protected":false},"featured_media":7845,"comment_status":"open","ping_status":"closed","template":"","meta":{"site-sidebar-layout":"default","site-content-layout":"","ast-site-content-layout":"default","site-content-style":"default","site-sidebar-style":"default","ast-global-header-display":"","ast-banner-title-visibility":"","ast-main-header-display":"","ast-hfb-above-header-display":"","ast-hfb-below-header-display":"","ast-hfb-mobile-header-display":"","site-post-title":"","ast-breadcrumbs-content":"","ast-featured-img":"","footer-sml-layout":"","ast-disable-related-posts":"","theme-transparent-header-meta":"default","adv-header-id-meta":"","stick-header-meta":"default","header-above-stick-meta":"","header-main-stick-meta":"","header-below-stick-meta":"","astra-migrate-meta-layouts":"set","ast-page-background-enabled":"default","ast-page-background-meta":{"desktop":{"background-color":"","background-image":"","background-repeat":"repeat","background-position":"center center","background-size":"auto","background-attachment":"scroll","background-type":"","background-media":"","overlay-type":"","overlay-color":"","overlay-opacity":"","overlay-gradient":""},"tablet":{"background-color":"","background-image":"","background-repeat":"repeat","background-position":"center center","background-size":"auto","background-attachment":"scroll","background-type":"","background-media":"","overlay-type":"","overlay-color":"","overlay-opacity":"","overlay-gradient":""},"mobile":{"background-color":"","background-image":"","background-repeat":"repeat","background-position":"center center","background-size":"auto","background-attachment":"scroll","background-type":"","background-media":"","overlay-type":"","overlay-color":"","overlay-opacity":"","overlay-gradient":""}},"ast-content-background-meta":{"desktop":{"background-color":"var(--ast-global-color-5)","background-image":"","background-repeat":"repeat","background-position":"center center","background-size":"auto","background-attachment":"scroll","background-type":"","background-media":"","overlay-type":"","overlay-color":"","overlay-opacity":"","overlay-gradient":""},"tablet":{"background-color":"var(--ast-global-color-5)","background-image":"","background-repeat":"repeat","background-position":"center center","background-size":"auto","background-attachment":"scroll","background-type":"","background-media":"","overlay-type":"","overlay-color":"","overlay-opacity":"","overlay-gradient":""},"mobile":{"background-color":"var(--ast-global-color-5)","background-image":"","background-repeat":"repeat","background-position":"center center","background-size":"auto","background-attachment":"scroll","background-type":"","background-media":"","overlay-type":"","overlay-color":"","overlay-opacity":"","overlay-gradient":""}}},"product_brand":[],"product_cat":[65,76,259,584],"product_tag":[598,473,612,459],"class_list":{"0":"post-7842","1":"product","2":"type-product","3":"status-publish","4":"has-post-thumbnail","6":"product_cat-best-sellers","7":"product_cat-new-arrivels","8":"product_cat-lingerie","9":"product_cat-adhesive-bras","10":"product_tag-adhesive-bra","11":"product_tag-lace","12":"product_tag-rabbit-ear-shape","13":"product_tag-silica-gel","14":"pa_color-beige","15":"pa_color-beige-with-lace","16":"pa_color-black","17":"pa_color-black-lace","18":"pa_color-white-lace","19":"pa_size-11cm","20":"pa_size-13cm","21":"pa_size-9-5cm","22":"desktop-align-center","23":"tablet-align-left","24":"mobile-align-left","25":"ast-product-gallery-layout-horizontal-slider","26":"ast-product-single-variable","27":"ast-product-tabs-layout-horizontal","28":"ast-qv-on-image","30":"first","31":"instock","32":"shipping-taxable","33":"purchasable","34":"product-type-variable"},"tiered_pricing_type":"fixed","tiered_pricing_fixed_rules":[],"tiered_pricing_product_settings":{"layout":"default","base_unit_name":{"singular":null,"plural":null},"default_variation":null},"tiered_pricing_minimum_quantity":null,"tiered_pricing_roles_data":[],"tiered_pricing_percentage_rules":[],"_links":{"self":[{"href":"https:\/\/yume-silm.com\/it\/wp-json\/wp\/v2\/product\/7842","targetHints":{"allow":["GET"]}}],"collection":[{"href":"https:\/\/yume-silm.com\/it\/wp-json\/wp\/v2\/product"}],"about":[{"href":"https:\/\/yume-silm.com\/it\/wp-json\/wp\/v2\/types\/product"}],"replies":[{"embeddable":true,"href":"https:\/\/yume-silm.com\/it\/wp-json\/wp\/v2\/comments?post=7842"}],"wp:featuredmedia":[{"embeddable":true,"href":"https:\/\/yume-silm.com\/it\/wp-json\/wp\/v2\/media\/7845"}],"wp:attachment":[{"href":"https:\/\/yume-silm.com\/it\/wp-json\/wp\/v2\/media?parent=7842"}],"wp:term":[{"taxonomy":"product_brand","embeddable":true,"href":"https:\/\/yume-silm.com\/it\/wp-json\/wp\/v2\/product_brand?post=7842"},{"taxonomy":"product_cat","embeddable":true,"href":"https:\/\/yume-silm.com\/it\/wp-json\/wp\/v2\/product_cat?post=7842"},{"taxonomy":"product_tag","embeddable":true,"href":"https:\/\/yume-silm.com\/it\/wp-json\/wp\/v2\/product_tag?post=7842"}],"curies":[{"name":"wp","href":"https:\/\/api.w.org\/{rel}","templated":true}]}}