{"id":7871,"date":"2024-05-07T03:56:42","date_gmt":"2024-05-07T03:56:42","guid":{"rendered":"https:\/\/yume-silm.com\/?post_type=product&#038;p=7871"},"modified":"2024-11-08T08:39:44","modified_gmt":"2024-11-08T08:39:44","slug":"toppe-invisibili-per-capezzoli-in-silicone-traspirante-allingrosso-con-tazze-di-mango-aggiornate","status":"publish","type":"product","link":"https:\/\/yume-silm.com\/it\/prodotto\/toppe-invisibili-per-capezzoli-in-silicone-traspirante-allingrosso-con-tazze-di-mango-aggiornate\/","title":{"rendered":"Patch per capezzoli invisibili in silicone traspirante aggiornati all&#039;ingrosso"},"content":{"rendered":"<h5><span data-slate-fragment=\"JTVCJTdCJTIydHlwZSUyMiUzQSUyMnBhcmFncmFwaCUyMiUyQyUyMmNoaWxkcmVuJTIyJTNBJTVCJTdCJTIyc2VudGVuY2UlMjIlM0ExJTJDJTIyY2hpbGRTZW50ZW5jZSUyMiUzQTIlMkMlMjJ0ZXh0JTIyJTNBJTIyRGVzaWduJTIwZmVhdHVyZXMlMjIlN0QlNUQlN0QlNUQ=\">Caratteristiche del progetto<\/span><\/h5>\n<ul>\n<li data-slate-node=\"element\"><span data-slate-node=\"text\"><span class=\"12\" data-slate-leaf=\"true\"><strong>INVISIBILIT\u00c0 SENZA GIUNTE:<\/strong> I nostri cerotti invisibili per capezzoli in silicone traspirante aggiornati con coppe mango sono morbidi e si adattano alla tua pelle comodamente e senza pressione, permettendoti di mostrare le tue curve attraenti. Indossare il nostro reggiseno invisibile adesivo in silicone ti far\u00e0 sentire libero e invisibile, nessuno noter\u00e0 che indossi questo reggiseno autoadesivo push-up senza spalline e senza schienale.<\/span><\/span><\/li>\n<li data-slate-node=\"element\"><span data-slate-node=\"text\"><span class=\"12\" data-slate-leaf=\"true\"><strong>RACCOLTA PROFONDA V:<\/strong> Il reggiseno adesivo in silicone push-up senza cuciture rende il seno delle donne pi\u00f9 pieno e meravigliosamente seducente. I reggiseni adesivi senza spalline non solo aiutano a rassodare il seno, ma i copricapezzoli adesivi push-up sollevanti fissano e prevengono il rilassamento del seno.<\/span><\/span><\/li>\n<li data-slate-node=\"element\"><span data-slate-node=\"text\"><span class=\"12\" data-slate-leaf=\"true\"><strong>MOLTEPLICI OCCASIONI:<\/strong> I reggiseni adesivi in silicone senza spalline da donna sono comodi, convenienti e fanno risparmiare tempo. Puoi indossarlo tutti i giorni con sicurezza o usarlo per occasioni importanti come cene e feste, come abiti da sposa, abiti da sera, abiti a V profonda, abiti bustier, abiti senza schienale e cos\u00ec via. Poich\u00e9 \u00e8 facile da trasportare, il reggiseno in silicone adesivo morbido e confortevole ti far\u00e0 trasudare un temperamento sicuro e dinamico in ogni momento.<\/span><\/span><\/li>\n<\/ul>\n<p><img fetchpriority=\"high\" decoding=\"async\" class=\"alignnone wp-image-7872 size-medium\" src=\"https:\/\/yume-silm.com\/wp-content\/uploads\/2024\/05\/wholesale-upgraded-mango-cups-breathable-silicone-invisible-nipple-patch-02-300x300.jpg\" alt=\"tazze di mango migliorate toppe invisibili per capezzoli in silicone traspirante Reggiseno autoadesivo invisibile\" width=\"300\" height=\"300\" title=\"\" srcset=\"https:\/\/yume-silm.com\/wp-content\/uploads\/2024\/05\/wholesale-upgraded-mango-cups-breathable-silicone-invisible-nipple-patch-02-300x300.jpg 300w, https:\/\/yume-silm.com\/wp-content\/uploads\/2024\/05\/wholesale-upgraded-mango-cups-breathable-silicone-invisible-nipple-patch-02-150x150.jpg 150w, https:\/\/yume-silm.com\/wp-content\/uploads\/2024\/05\/wholesale-upgraded-mango-cups-breathable-silicone-invisible-nipple-patch-02-768x768.jpg 768w, https:\/\/yume-silm.com\/wp-content\/uploads\/2024\/05\/wholesale-upgraded-mango-cups-breathable-silicone-invisible-nipple-patch-02-12x12.jpg 12w, https:\/\/yume-silm.com\/wp-content\/uploads\/2024\/05\/wholesale-upgraded-mango-cups-breathable-silicone-invisible-nipple-patch-02-100x100.jpg 100w, https:\/\/yume-silm.com\/wp-content\/uploads\/2024\/05\/wholesale-upgraded-mango-cups-breathable-silicone-invisible-nipple-patch-02.jpg 800w\" sizes=\"(max-width: 300px) 100vw, 300px\" \/><\/p>\n<h6><em>Adesivi per reggiseno lingerie riutilizzabili per la raccolta di abiti da sposa di tutti i giorni, senza spalline, con petali di fiori<\/em><\/h6>\n<ul>\n<li data-slate-node=\"element\"><span data-slate-node=\"text\"><span class=\"12\" data-slate-leaf=\"true\"><strong>ELEVATA ADESIONE, NESSUN SCIVOLAMENTO:<\/strong> Il reggiseno push-up invisibile in silicone senza spalline, appiccicoso, con buona adesione render\u00e0 il tuo seno libero, non dovrai preoccuparti di attivit\u00e0 pi\u00f9 grandi che ne faranno cadere. Sentiti libero di indossare il reggiseno push-up adesivo da donna perch\u00e9 \u00e8 comodo, morbido e non irrita la pelle, offrendoti un&#039;esperienza di utilizzo confortevole.<\/span><\/span><\/li>\n<li data-slate-node=\"element\" data-slate-fragment=\"JTVCJTdCJTIydHlwZSUyMiUzQSUyMnBhcmFncmFwaCUyMiUyQyUyMmNoaWxkcmVuJTIyJTNBJTVCJTdCJTIyc2VudGVuY2UlMjIlM0ExJTJDJTIyY2hpbGRTZW50ZW5jZSUyMiUzQTIlMkMlMjJ0ZXh0JTIyJTNBJTIyU0VBTUxFU1MlMjBJTlZJU0lCSUxJVFklM0ElMjBPdXIlMjB1cGdyYWRlZCUyMG1hbmdvJTIwY3VwcyclMjBicmVhdGhhYmxlJTIwc2lsaWNvbmUlMjBpbnZpc2libGUlMjBuaXBwbGUlMjBwYXRjaGVzJTIwYXJlJTIwc29mdCUyMGFuZCUyMGZpdCUyMHlvdXIlMjBza2luJTIwY29tZm9ydGFibHklMjBhbmQlMjB3aXRob3V0JTIwcHJlc3N1cmUlMkMlMjBhbGxvd2luZyUyMHlvdSUyMHRvJTIwc2hvdyUyMG9mZiUyMHlvdXIlMjBhdHRyYWN0aXZlJTIwY3VydmVzLiUyMFdlYXJpbmclMjBvdXIlMjBzaWxpY29uZS1zdGlja3klMjBpbnZpc2libGUlMjBicmElMjB3aWxsJTIwbWFrZSUyMHlvdSUyMGZlZWwlMjBmcmVlJTIwYW5kJTIwaW52aXNpYmxlJTJDJTIwbm8lMjBvbmUlMjB3aWxsJTIwbm90aWNlJTIwdGhhdCUyMHlvdSUyMGFyZSUyMHdlYXJpbmclMjB0aGlzJTIwc3RyYXBsZXNzJTIwYmFja2xlc3MlMjBwdXNoLXVwJTIwc2VsZi1hZGhlc2l2ZSUyMGJyYS4lMjIlN0QlNUQlN0QlMkMlN0IlMjJ0eXBlJTIyJTNBJTIycGFyYWdyYXBoJTIyJTJDJTIyY2hpbGRyZW4lMjIlM0ElNUIlN0IlMjJzZW50ZW5jZSUyMiUzQTElMkMlMjJjaGlsZFNlbnRlbmNlJTIyJTNBMiUyQyUyMnRleHQlMjIlM0ElMjJHQVRIRVJJTkclMjBERUVQJTIwViUzQSUyMFRoZSUyMHNlYW1sZXNzJTIwcHVzaC11cCUyMHNpbGljb25lJTIwYWRoZXNpdmUlMjBicmElMjBtYWtlcyUyMHdvbWVuJ3MlMjBicmVhc3RzJTIwbG9vayUyMGZ1bGxlciUyMGFuZCUyMGJlYXV0aWZ1bGx5JTIwc2VkdWN0aXZlLiUyMFN0cmFwbGVzcyUyMGFkaGVzaXZlJTIwYnJhcyUyMG5vdCUyMG9ubHklMjBoZWxwJTIwdG8lMjBtYWtlJTIweW91ciUyMGJyZWFzdHMlMjBmaXJtZXIlMjBidXQlMjB0aGUlMjBwdXNoLXVwJTIwbGlmdGluZyUyMGFkaGVzaXZlJTIwbmlwcGxlJTIwcGFzdGllcyUyMGFsc28lMjBzZWN1cmUlMjBhbmQlMjBwcmV2ZW50JTIwYnJlYXN0JTIwc2FnZ2luZy4lMjIlN0QlNUQlN0QlMkMlN0IlMjJ0eXBlJTIyJTNBJTIycGFyYWdyYXBoJTIyJTJDJTIyY2hpbGRyZW4lMjIlM0ElNUIlN0IlMjJzZW50ZW5jZSUyMiUzQTElMkMlMjJjaGlsZFNlbnRlbmNlJTIyJTNBMiUyQyUyMnRleHQlMjIlM0ElMjJNVUxUSVBMRSUyME9DQ0FTSU9OUyUzQSUyMFdvbWVuJ3MlMjBzdHJhcGxlc3MlMjBzdGlja3klMjBzaWxpY29uZSUyMGJyYXMlMjBhcmUlMjBjb21mb3J0YWJsZSUyQyUyMGNvbnZlbmllbnQlMkMlMjBhbmQlMjB0aW1lLXNhdmluZy4lMjBZb3UlMjBjYW4lMjB3ZWFyJTIwaXQlMjBmb3IlMjBkYWlseSUyMHdlYXIlMjB3aXRoJTIwY29uZmlkZW5jZSUyQyUyMG9yJTIwdXNlJTIwaXQlMjBmb3IlMjBpbXBvcnRhbnQlMjBvY2Nhc2lvbnMlMjBzdWNoJTIwYXMlMjBkaW5uZXJzJTIwYW5kJTIwcGFydGllcyUyQyUyMHN1Y2glMjBhcyUyMHdlZGRpbmclMjBkcmVzc2VzJTJDJTIwZXZlbmluZyUyMGRyZXNzZXMlMkMlMjBkZWVwJTIwViUyMGRyZXNzZXMlMkMlMjBidXN0aWVyJTIwZHJlc3NlcyUyQyUyMGJhY2tsZXNzJTIwZHJlc3NlcyUyQyUyMGFuZCUyMHNvJTIwb24uJTIwQmVjYXVzZSUyMGl0JTIwaXMlMjBlYXN5JTIwdG8lMjBjYXJyeSUyQyUyMGhvdCUyMHNlbGxpbmclMjBzb2Z0JTIwY29tZm9ydGFibGUlMjBzdGljay1vbiUyMHNpbGljb25lJTIwYnJhJTIwd2lsbCUyMG1ha2UlMjB5b3UlMjBleHVkZSUyMGElMjBjb25maWRlbnQlMjBhbmQlMjBkeW5hbWljJTIwdGVtcGVyYW1lbnQlMjBhdCUyMGFsbCUyMHRpbWVzLiUyMiU3RCU1RCU3RCUyQyU3QiUyMnR5cGUlMjIlM0ElMjJwYXJhZ3JhcGglMjIlMkMlMjJjaGlsZHJlbiUyMiUzQSU1QiU3QiUyMnNlbnRlbmNlJTIyJTNBMSUyQyUyMmNoaWxkU2VudGVuY2UlMjIlM0EyJTJDJTIydGV4dCUyMiUzQSUyMkhJR0glMjBBREhFU0lPTiUyQyUyME5PJTIwU0xJUFBJTkclM0ElMjBUaGUlMjBzdGlja3klMjBzdHJhcGxlc3MlMjBiYWNrbGVzcyUyMGludmlzaWJsZSUyMHB1c2gtdXAlMjBzaWxpY29uZSUyMGJyYSUyMHdpdGglMjBnb29kJTIwYWRoZXNpb24lMjB3aWxsJTIwbWFrZSUyMHlvdXIlMjBicmVhc3RzJTIwZnJlZSUyQyUyMG5vJTIwbmVlZCUyMHRvJTIwd29ycnklMjBhYm91dCUyMGxhcmdlciUyMGFjdGl2aXRpZXMlMjB0aGF0JTIwd2lsbCUyMGNhdXNlJTIwdGhlbSUyMHRvJTIwZmFsbCUyMG9mZi4lMjBQbGVhc2UlMjBmZWVsJTIwZnJlZSUyMHRvJTIwd2VhciUyMHRoZSUyMGFkaGVzaXZlJTIwcHVzaC11cCUyMGJyYSUyMGZvciUyMHdvbWVuJTIwYXMlMjBpdCUyMGlzJTIwY29tZm9ydGFibGUlMkMlMjBhbmQlMjBzb2Z0JTIwYW5kJTIwZG9lcyUyMG5vdCUyMGlycml0YXRlJTIweW91ciUyMHNraW4lMkMlMjBwcm92aWRpbmclMjB5b3UlMjB3aXRoJTIwYSUyMGNvbWZvcnRhYmxlJTIwd2VhcmluZyUyMGV4cGVyaWVuY2UuJTIyJTdEJTVEJTdEJTJDJTdCJTIydHlwZSUyMiUzQSUyMnBhcmFncmFwaCUyMiUyQyUyMmNoaWxkcmVuJTIyJTNBJTVCJTdCJTIyc2VudGVuY2UlMjIlM0ExJTJDJTIyY2hpbGRTZW50ZW5jZSUyMiUzQTIlMkMlMjJ0ZXh0JTIyJTNBJTIyTk8lMjBTSE9VTERFUiUyMFNUUkFQUyUyMFJFUVVJUkVEJTNBJTIwT3VyJTIwdXBncmFkZWQlMjBtYW5nbyUyMGN1cCdzJTIwYnJlYXRoYWJsZSUyMHNpbGljb25lJTIwaW52aXNpYmxlJTIwbmlwcGxlJTIwcGF0Y2glMjBoYXMlMjBkaXJlY3QlMjBjb250YWN0JTIwYW5kJTIwd3JhcHMlMjB0aWdodGx5JTIwYXJvdW5kJTIweW91ciUyMHNvZnQlMjBicmVhc3RzLiUyMEl0JTIwaXMlMjB2ZXJ5JTIwYnJlYXRoYWJsZSUyMGFuZCUyMGNvbWZvcnRhYmxlJTJDJTIwYW5kJTIwd2lsbCUyMG5vdCUyMGNhdXNlJTIwc3RyYW5ndWxhdGlvbiUyMG9uJTIweW91ciUyMHNob3VsZGVycy4lMjBQZXJmZWN0JTIwZm9yJTIwc3VtbWVyJTIwb3V0aW5ncy4lMjIlN0QlNUQlN0QlNUQ=\"><span data-slate-node=\"text\"><span class=\"12\" data-slate-leaf=\"true\"><strong>NON SONO NECESSARI SPALLACCI:<\/strong> Il cerotto invisibile per capezzoli in silicone traspirante della nostra tazza di mango aggiornata ha un contatto diretto e si avvolge saldamente attorno al tuo seno morbido. \u00c8 molto traspirante e confortevole e non provoca strangolamento sulle spalle. Perfetto per le gite estive.<\/span><\/span><\/li>\n<\/ul>","protected":false},"excerpt":{"rendered":"<p>I cerotti invisibili per capezzoli in silicone traspirante per coppe di mango da donna sono comodi, convenienti e fanno risparmiare tempo. Puoi indossarlo con sicurezza ogni giorno o usarlo per occasioni importanti come cene e feste, come abiti da sposa, abiti da sera, abiti a V profonda, abiti bustier, abiti senza schienale e cos\u00ec via. Poich\u00e9 \u00e8 facile da trasportare, un reggiseno in silicone adesivo morbido e confortevole ti far\u00e0 sempre trasudare un temperamento sicuro e dinamico.<\/p>","protected":false},"featured_media":8031,"comment_status":"open","ping_status":"closed","template":"","meta":{"site-sidebar-layout":"default","site-content-layout":"","ast-site-content-layout":"default","site-content-style":"default","site-sidebar-style":"default","ast-global-header-display":"","ast-banner-title-visibility":"","ast-main-header-display":"","ast-hfb-above-header-display":"","ast-hfb-below-header-display":"","ast-hfb-mobile-header-display":"","site-post-title":"","ast-breadcrumbs-content":"","ast-featured-img":"","footer-sml-layout":"","ast-disable-related-posts":"","theme-transparent-header-meta":"default","adv-header-id-meta":"","stick-header-meta":"default","header-above-stick-meta":"","header-main-stick-meta":"","header-below-stick-meta":"","astra-migrate-meta-layouts":"set","ast-page-background-enabled":"default","ast-page-background-meta":{"desktop":{"background-color":"","background-image":"","background-repeat":"repeat","background-position":"center center","background-size":"auto","background-attachment":"scroll","background-type":"","background-media":"","overlay-type":"","overlay-color":"","overlay-opacity":"","overlay-gradient":""},"tablet":{"background-color":"","background-image":"","background-repeat":"repeat","background-position":"center center","background-size":"auto","background-attachment":"scroll","background-type":"","background-media":"","overlay-type":"","overlay-color":"","overlay-opacity":"","overlay-gradient":""},"mobile":{"background-color":"","background-image":"","background-repeat":"repeat","background-position":"center center","background-size":"auto","background-attachment":"scroll","background-type":"","background-media":"","overlay-type":"","overlay-color":"","overlay-opacity":"","overlay-gradient":""}},"ast-content-background-meta":{"desktop":{"background-color":"var(--ast-global-color-5)","background-image":"","background-repeat":"repeat","background-position":"center center","background-size":"auto","background-attachment":"scroll","background-type":"","background-media":"","overlay-type":"","overlay-color":"","overlay-opacity":"","overlay-gradient":""},"tablet":{"background-color":"var(--ast-global-color-5)","background-image":"","background-repeat":"repeat","background-position":"center center","background-size":"auto","background-attachment":"scroll","background-type":"","background-media":"","overlay-type":"","overlay-color":"","overlay-opacity":"","overlay-gradient":""},"mobile":{"background-color":"var(--ast-global-color-5)","background-image":"","background-repeat":"repeat","background-position":"center center","background-size":"auto","background-attachment":"scroll","background-type":"","background-media":"","overlay-type":"","overlay-color":"","overlay-opacity":"","overlay-gradient":""}}},"product_brand":[],"product_cat":[65,76,259,584],"product_tag":[598,492,613,601],"class_list":{"0":"post-7871","1":"product","2":"type-product","3":"status-publish","4":"has-post-thumbnail","6":"product_cat-best-sellers","7":"product_cat-new-arrivels","8":"product_cat-lingerie","9":"product_cat-adhesive-bras","10":"product_tag-adhesive-bra","11":"product_tag-breathable","12":"product_tag-mango-cups","13":"product_tag-silicone","14":"pa_color-beige","15":"pa_color-black","16":"pa_size-a","17":"pa_size-b","18":"pa_size-c","19":"pa_size-d","20":"desktop-align-center","21":"tablet-align-left","22":"mobile-align-left","23":"ast-product-gallery-layout-horizontal-slider","24":"ast-product-single-variable","25":"ast-product-tabs-layout-horizontal","26":"ast-qv-on-image","28":"first","29":"instock","30":"shipping-taxable","31":"purchasable","32":"product-type-variable"},"tiered_pricing_type":"fixed","tiered_pricing_fixed_rules":{"5":1.2,"50":1.1,"100":0.95},"tiered_pricing_product_settings":{"layout":"default","base_unit_name":{"singular":null,"plural":null},"default_variation":null},"tiered_pricing_minimum_quantity":null,"tiered_pricing_roles_data":[],"tiered_pricing_percentage_rules":[],"_links":{"self":[{"href":"https:\/\/yume-silm.com\/it\/wp-json\/wp\/v2\/product\/7871","targetHints":{"allow":["GET"]}}],"collection":[{"href":"https:\/\/yume-silm.com\/it\/wp-json\/wp\/v2\/product"}],"about":[{"href":"https:\/\/yume-silm.com\/it\/wp-json\/wp\/v2\/types\/product"}],"replies":[{"embeddable":true,"href":"https:\/\/yume-silm.com\/it\/wp-json\/wp\/v2\/comments?post=7871"}],"wp:featuredmedia":[{"embeddable":true,"href":"https:\/\/yume-silm.com\/it\/wp-json\/wp\/v2\/media\/8031"}],"wp:attachment":[{"href":"https:\/\/yume-silm.com\/it\/wp-json\/wp\/v2\/media?parent=7871"}],"wp:term":[{"taxonomy":"product_brand","embeddable":true,"href":"https:\/\/yume-silm.com\/it\/wp-json\/wp\/v2\/product_brand?post=7871"},{"taxonomy":"product_cat","embeddable":true,"href":"https:\/\/yume-silm.com\/it\/wp-json\/wp\/v2\/product_cat?post=7871"},{"taxonomy":"product_tag","embeddable":true,"href":"https:\/\/yume-silm.com\/it\/wp-json\/wp\/v2\/product_tag?post=7871"}],"curies":[{"name":"wp","href":"https:\/\/api.w.org\/{rel}","templated":true}]}}