{"id":8036,"date":"2024-05-16T06:06:13","date_gmt":"2024-05-16T06:06:13","guid":{"rendered":"https:\/\/yume-silm.com\/?post_type=product&#038;p=8036"},"modified":"2024-05-16T07:51:02","modified_gmt":"2024-05-16T07:51:02","slug":"tuta-sportiva-per-allenamento-con-sudore-per-sauna-allingrosso","status":"publish","type":"product","link":"https:\/\/yume-silm.com\/it\/prodotto\/tuta-sportiva-per-allenamento-con-sudore-per-sauna-allingrosso\/","title":{"rendered":"Giacca sportiva da allenamento per il sudore della sauna all&#039;ingrosso per uomo donna"},"content":{"rendered":"<h5>Caratteristiche del progetto<\/h5>\n<ul>\n<li><strong>DESIGN INNOVATIVO:<\/strong> Una maglietta da sauna da donna \u00e8 il miglior assistente per la modellatura del corpo e la perdita di peso, il principio di funzionamento di una tuta da sauna per la perdita di peso delle donne \u00e8 quello di accelerare la sudorazione, favorire la circolazione sanguigna, ridurre l&#039;affaticamento muscolare e ottenere un&#039;efficace perdita di peso e modellatura attraverso una compressione ragionevole e spazio confinato adeguato.<\/li>\n<li><strong>ABBIGLIAMENTO SAUNA PER PERDERE PESO GIORNALIERO:<\/strong> Top sportivi da allenamento rosa a maniche lunghe, perfetti per lo yoga a casa in palestra o per la corsa all&#039;aperto, cos\u00ec come per il lavoro. Puoi indossare questo set da sauna per dimagrire e modellare il corpo. Pu\u00f2 tenere lontano efficacemente il freddo durante il freddo inverno e pu\u00f2 essere utilizzato per accelerare la sudorazione per perdere peso in primavera, estate e autunno.<\/li>\n<li><strong>COMODO E CONVENIENTE:<\/strong> La felpa leggera con zip intera e gilet anti-calore a maniche lunghe \u00e8 realizzata in tessuto di alta qualit\u00e0 che \u00e8 pi\u00f9 confortevole per la pelle; \u00e8 facile da indossare, proprio come gli abiti quotidiani, e necessita solo di una cerniera per aprirsi e chiudersi. \u00c8 leggero, comodo e privo di stress, quindi non importa che tipo di esercizio fai, puoi realizzarlo in modo flessibile.<\/li>\n<\/ul>\n<p><img fetchpriority=\"high\" decoding=\"async\" class=\"alignnone size-medium wp-image-8057\" src=\"https:\/\/yume-silm.com\/wp-content\/uploads\/2024\/05\/sauna-sweat-workout-sports-suit-pink-hot-1-300x300.jpg\" alt=\"Tuta sportiva per allenamento sudore sauna all&#039;ingrosso\" width=\"300\" height=\"300\" title=\"\" srcset=\"https:\/\/yume-silm.com\/wp-content\/uploads\/2024\/05\/sauna-sweat-workout-sports-suit-pink-hot-1-300x300.jpg 300w, https:\/\/yume-silm.com\/wp-content\/uploads\/2024\/05\/sauna-sweat-workout-sports-suit-pink-hot-1-150x150.jpg 150w, https:\/\/yume-silm.com\/wp-content\/uploads\/2024\/05\/sauna-sweat-workout-sports-suit-pink-hot-1-768x768.jpg 768w, https:\/\/yume-silm.com\/wp-content\/uploads\/2024\/05\/sauna-sweat-workout-sports-suit-pink-hot-1-12x12.jpg 12w, https:\/\/yume-silm.com\/wp-content\/uploads\/2024\/05\/sauna-sweat-workout-sports-suit-pink-hot-1-800x800.jpg 800w, https:\/\/yume-silm.com\/wp-content\/uploads\/2024\/05\/sauna-sweat-workout-sports-suit-pink-hot-1-100x100.jpg 100w, https:\/\/yume-silm.com\/wp-content\/uploads\/2024\/05\/sauna-sweat-workout-sports-suit-pink-hot-1.jpg 1000w\" sizes=\"(max-width: 300px) 100vw, 300px\" \/><img decoding=\"async\" class=\"alignnone size-medium wp-image-8059\" src=\"https:\/\/yume-silm.com\/wp-content\/uploads\/2024\/05\/wholesale-sauna-sweat-workout-sports-suit-pink-pvc-300x300.jpg\" alt=\"Tuta sportiva da allenamento per il sudore della sauna per uomo e donna\" width=\"300\" height=\"300\" title=\"\" srcset=\"https:\/\/yume-silm.com\/wp-content\/uploads\/2024\/05\/wholesale-sauna-sweat-workout-sports-suit-pink-pvc-300x300.jpg 300w, https:\/\/yume-silm.com\/wp-content\/uploads\/2024\/05\/wholesale-sauna-sweat-workout-sports-suit-pink-pvc-150x150.jpg 150w, https:\/\/yume-silm.com\/wp-content\/uploads\/2024\/05\/wholesale-sauna-sweat-workout-sports-suit-pink-pvc-768x768.jpg 768w, https:\/\/yume-silm.com\/wp-content\/uploads\/2024\/05\/wholesale-sauna-sweat-workout-sports-suit-pink-pvc-12x12.jpg 12w, https:\/\/yume-silm.com\/wp-content\/uploads\/2024\/05\/wholesale-sauna-sweat-workout-sports-suit-pink-pvc-800x800.jpg 800w, https:\/\/yume-silm.com\/wp-content\/uploads\/2024\/05\/wholesale-sauna-sweat-workout-sports-suit-pink-pvc-100x100.jpg 100w, https:\/\/yume-silm.com\/wp-content\/uploads\/2024\/05\/wholesale-sauna-sweat-workout-sports-suit-pink-pvc.jpg 1000w\" sizes=\"(max-width: 300px) 100vw, 300px\" \/><\/p>\n<h6><em>Adatto per yoga, corsa, esercizio fisico, sport di allenamento e set rosa per la perdita di peso fitness<\/em><\/h6>\n<ul>\n<li><strong>FORMA DELLA MODA:<\/strong> Il design con cerniera della giacca sportiva da allenamento per sauna da donna \u00e8 alla moda e sportivo. Puoi divertirti ad esercitare la tua bella vita e scollatura durante l&#039;esercizio.<\/li>\n<\/ul>","protected":false},"excerpt":{"rendered":"<ul>\n<li>Che tu stia cercando di mantenerti in salute, perdere peso o alleviare lo stress.<\/li>\n<li>Vieni a scegliere la nostra giacca sportiva per l&#039;allenamento del sudore della sauna da uomo e da donna per una vita pi\u00f9 sana, comoda ed elegante! I nuovi prodotti sono qui, ordina oggi!<\/li>\n<\/ul>","protected":false},"featured_media":8083,"comment_status":"open","ping_status":"closed","template":"","meta":{"site-sidebar-layout":"default","site-content-layout":"","ast-site-content-layout":"default","site-content-style":"default","site-sidebar-style":"default","ast-global-header-display":"","ast-banner-title-visibility":"","ast-main-header-display":"","ast-hfb-above-header-display":"","ast-hfb-below-header-display":"","ast-hfb-mobile-header-display":"","site-post-title":"","ast-breadcrumbs-content":"","ast-featured-img":"","footer-sml-layout":"","ast-disable-related-posts":"","theme-transparent-header-meta":"default","adv-header-id-meta":"","stick-header-meta":"default","header-above-stick-meta":"","header-main-stick-meta":"","header-below-stick-meta":"","astra-migrate-meta-layouts":"set","ast-page-background-enabled":"default","ast-page-background-meta":{"desktop":{"background-color":"","background-image":"","background-repeat":"repeat","background-position":"center center","background-size":"auto","background-attachment":"scroll","background-type":"","background-media":"","overlay-type":"","overlay-color":"","overlay-opacity":"","overlay-gradient":""},"tablet":{"background-color":"","background-image":"","background-repeat":"repeat","background-position":"center center","background-size":"auto","background-attachment":"scroll","background-type":"","background-media":"","overlay-type":"","overlay-color":"","overlay-opacity":"","overlay-gradient":""},"mobile":{"background-color":"","background-image":"","background-repeat":"repeat","background-position":"center center","background-size":"auto","background-attachment":"scroll","background-type":"","background-media":"","overlay-type":"","overlay-color":"","overlay-opacity":"","overlay-gradient":""}},"ast-content-background-meta":{"desktop":{"background-color":"var(--ast-global-color-5)","background-image":"","background-repeat":"repeat","background-position":"center center","background-size":"auto","background-attachment":"scroll","background-type":"","background-media":"","overlay-type":"","overlay-color":"","overlay-opacity":"","overlay-gradient":""},"tablet":{"background-color":"var(--ast-global-color-5)","background-image":"","background-repeat":"repeat","background-position":"center center","background-size":"auto","background-attachment":"scroll","background-type":"","background-media":"","overlay-type":"","overlay-color":"","overlay-opacity":"","overlay-gradient":""},"mobile":{"background-color":"var(--ast-global-color-5)","background-image":"","background-repeat":"repeat","background-position":"center center","background-size":"auto","background-attachment":"scroll","background-type":"","background-media":"","overlay-type":"","overlay-color":"","overlay-opacity":"","overlay-gradient":""}}},"product_brand":[],"product_cat":[65,76,97,98],"product_tag":[413,614,563,548,550,185],"class_list":{"0":"post-8036","1":"product","2":"type-product","3":"status-publish","4":"has-post-thumbnail","6":"product_cat-best-sellers","7":"product_cat-new-arrivels","8":"product_cat-sauna-suit","9":"product_cat-sauna-jacket","10":"product_tag-fitness","11":"product_tag-pink","12":"product_tag-running","13":"product_tag-sauna-sweat","14":"product_tag-with-zipper","15":"product_tag-workout","16":"pa_color-pink","17":"pa_color-purple","18":"pa_size-4xl","19":"pa_size-l","20":"pa_size-m","21":"pa_size-s","22":"pa_size-xl","23":"pa_size-xxl","24":"pa_size-xxxl","25":"desktop-align-center","26":"tablet-align-left","27":"mobile-align-left","28":"ast-product-gallery-layout-horizontal-slider","29":"ast-product-single-variable","30":"ast-product-tabs-layout-horizontal","31":"ast-qv-on-image","33":"first","34":"instock","35":"shipping-taxable","36":"purchasable","37":"product-type-variable"},"tiered_pricing_type":"fixed","tiered_pricing_fixed_rules":{"2":13,"50":12,"100":11},"tiered_pricing_product_settings":{"layout":"default","base_unit_name":{"singular":null,"plural":null},"default_variation":null},"tiered_pricing_minimum_quantity":null,"tiered_pricing_roles_data":[],"tiered_pricing_percentage_rules":[],"_links":{"self":[{"href":"https:\/\/yume-silm.com\/it\/wp-json\/wp\/v2\/product\/8036","targetHints":{"allow":["GET"]}}],"collection":[{"href":"https:\/\/yume-silm.com\/it\/wp-json\/wp\/v2\/product"}],"about":[{"href":"https:\/\/yume-silm.com\/it\/wp-json\/wp\/v2\/types\/product"}],"replies":[{"embeddable":true,"href":"https:\/\/yume-silm.com\/it\/wp-json\/wp\/v2\/comments?post=8036"}],"wp:featuredmedia":[{"embeddable":true,"href":"https:\/\/yume-silm.com\/it\/wp-json\/wp\/v2\/media\/8083"}],"wp:attachment":[{"href":"https:\/\/yume-silm.com\/it\/wp-json\/wp\/v2\/media?parent=8036"}],"wp:term":[{"taxonomy":"product_brand","embeddable":true,"href":"https:\/\/yume-silm.com\/it\/wp-json\/wp\/v2\/product_brand?post=8036"},{"taxonomy":"product_cat","embeddable":true,"href":"https:\/\/yume-silm.com\/it\/wp-json\/wp\/v2\/product_cat?post=8036"},{"taxonomy":"product_tag","embeddable":true,"href":"https:\/\/yume-silm.com\/it\/wp-json\/wp\/v2\/product_tag?post=8036"}],"curies":[{"name":"wp","href":"https:\/\/api.w.org\/{rel}","templated":true}]}}