{"id":8078,"date":"2024-05-16T07:35:26","date_gmt":"2024-05-16T07:35:26","guid":{"rendered":"https:\/\/yume-silm.com\/?post_type=product&#038;p=8078"},"modified":"2024-05-16T07:44:10","modified_gmt":"2024-05-16T07:44:10","slug":"sauna-pantaloni-della-tuta-palestra-fitness-perdita-di-peso","status":"publish","type":"product","link":"https:\/\/yume-silm.com\/it\/prodotto\/sauna-pantaloni-della-tuta-palestra-fitness-perdita-di-peso\/","title":{"rendered":"Vendita all&#039;ingrosso pantaloni di tuta da sauna neri palestra fitness dimagrimento"},"content":{"rendered":"<h5>Caratteristiche del progetto<\/h5>\n<ul>\n<li><strong>DESIGN INNOVATIVO:<\/strong> I pantaloni da sauna da donna sono il miglior assistente per la modellatura del corpo e la perdita di peso, il principio di funzionamento di una tuta da sauna per la perdita di peso delle donne \u00e8 quello di accelerare la sudorazione, favorire la circolazione sanguigna, ridurre l&#039;affaticamento muscolare e ottenere un&#039;efficace perdita di peso e modellatura attraverso una compressione ragionevole e spazio confinato adeguato.<\/li>\n<li><strong>ABBIGLIAMENTO SAUNA PER PERDERE PESO GIORNALIERO:<\/strong> I pantaloni sportivi neri da allenamento a maniche lunghe sono perfetti per lo yoga a casa in palestra o per la corsa all&#039;aperto, cos\u00ec come per il lavoro. Puoi indossare questo set da sauna per dimagrire e modellare il corpo. Pu\u00f2 tenere lontano efficacemente il freddo durante il freddo inverno e pu\u00f2 essere utilizzato per accelerare la sudorazione per perdere peso in primavera, estate e autunno.<\/li>\n<li><strong>COMODO E CONVENIENTE:<\/strong> I pantaloni sportivi leggeri che assorbono il calore fumanti neri sono realizzati in tessuto di alta qualit\u00e0 che \u00e8 pi\u00f9 confortevole per la pelle; \u00e8 facile da indossare, proprio come gli abiti quotidiani. \u00c8 leggero, comodo e privo di stress, quindi non importa che tipo di esercizio fai, puoi realizzarlo in modo flessibile.<\/li>\n<\/ul>\n<h6><em>Pantaloni sportivi da sauna per uomo e donna<\/em><\/h6>\n<ul>\n<li><strong>FORMA DELLA MODA:<\/strong> Il design con cerniera dei pantaloni da sauna per uomo e donna, palestra, fitness, perdita di peso \u00e8 alla moda e sportivo. Puoi divertirti ad esercitare la tua bella vita e scollatura durante l&#039;esercizio.<\/li>\n<\/ul>","protected":false},"excerpt":{"rendered":"<ul>\n<li>Che tu stia cercando di mantenerti in salute, perdere peso o alleviare lo stress.<\/li>\n<li>Vieni a scegliere i nostri pantaloni da sauna per uomo e donna, palestra, fitness, dimagrimento per una vita pi\u00f9 sana, comoda ed elegante! I nuovi prodotti sono qui, ordina oggi!<\/li>\n<\/ul>","protected":false},"featured_media":8081,"comment_status":"open","ping_status":"closed","template":"","meta":{"site-sidebar-layout":"default","site-content-layout":"","ast-site-content-layout":"default","site-content-style":"default","site-sidebar-style":"default","ast-global-header-display":"","ast-banner-title-visibility":"","ast-main-header-display":"","ast-hfb-above-header-display":"","ast-hfb-below-header-display":"","ast-hfb-mobile-header-display":"","site-post-title":"","ast-breadcrumbs-content":"","ast-featured-img":"","footer-sml-layout":"","ast-disable-related-posts":"","theme-transparent-header-meta":"default","adv-header-id-meta":"","stick-header-meta":"default","header-above-stick-meta":"","header-main-stick-meta":"","header-below-stick-meta":"","astra-migrate-meta-layouts":"set","ast-page-background-enabled":"default","ast-page-background-meta":{"desktop":{"background-color":"","background-image":"","background-repeat":"repeat","background-position":"center center","background-size":"auto","background-attachment":"scroll","background-type":"","background-media":"","overlay-type":"","overlay-color":"","overlay-opacity":"","overlay-gradient":""},"tablet":{"background-color":"","background-image":"","background-repeat":"repeat","background-position":"center center","background-size":"auto","background-attachment":"scroll","background-type":"","background-media":"","overlay-type":"","overlay-color":"","overlay-opacity":"","overlay-gradient":""},"mobile":{"background-color":"","background-image":"","background-repeat":"repeat","background-position":"center center","background-size":"auto","background-attachment":"scroll","background-type":"","background-media":"","overlay-type":"","overlay-color":"","overlay-opacity":"","overlay-gradient":""}},"ast-content-background-meta":{"desktop":{"background-color":"var(--ast-global-color-5)","background-image":"","background-repeat":"repeat","background-position":"center center","background-size":"auto","background-attachment":"scroll","background-type":"","background-media":"","overlay-type":"","overlay-color":"","overlay-opacity":"","overlay-gradient":""},"tablet":{"background-color":"var(--ast-global-color-5)","background-image":"","background-repeat":"repeat","background-position":"center center","background-size":"auto","background-attachment":"scroll","background-type":"","background-media":"","overlay-type":"","overlay-color":"","overlay-opacity":"","overlay-gradient":""},"mobile":{"background-color":"var(--ast-global-color-5)","background-image":"","background-repeat":"repeat","background-position":"center center","background-size":"auto","background-attachment":"scroll","background-type":"","background-media":"","overlay-type":"","overlay-color":"","overlay-opacity":"","overlay-gradient":""}}},"product_brand":[],"product_cat":[65,76,97,99],"product_tag":[460,548],"class_list":{"0":"post-8078","1":"product","2":"type-product","3":"status-publish","4":"has-post-thumbnail","6":"product_cat-best-sellers","7":"product_cat-new-arrivels","8":"product_cat-sauna-suit","9":"product_cat-sauna-pants","10":"product_tag-high-elasticity","11":"product_tag-sauna-sweat","12":"pa_color-black","13":"pa_size-4xl","14":"pa_size-l","15":"pa_size-m","16":"pa_size-s","17":"pa_size-xl","18":"pa_size-xxl","19":"pa_size-xxxl","20":"desktop-align-center","21":"tablet-align-left","22":"mobile-align-left","23":"ast-product-gallery-layout-horizontal-slider","24":"ast-product-tabs-layout-horizontal","25":"ast-qv-on-image","27":"first","28":"instock","29":"shipping-taxable","30":"purchasable","31":"product-type-simple"},"tiered_pricing_type":"fixed","tiered_pricing_fixed_rules":{"2":5.5,"30":5,"100":4.5},"tiered_pricing_product_settings":{"layout":"default","base_unit_name":{"singular":null,"plural":null},"default_variation":null},"tiered_pricing_minimum_quantity":null,"tiered_pricing_roles_data":[],"tiered_pricing_percentage_rules":[],"_links":{"self":[{"href":"https:\/\/yume-silm.com\/it\/wp-json\/wp\/v2\/product\/8078","targetHints":{"allow":["GET"]}}],"collection":[{"href":"https:\/\/yume-silm.com\/it\/wp-json\/wp\/v2\/product"}],"about":[{"href":"https:\/\/yume-silm.com\/it\/wp-json\/wp\/v2\/types\/product"}],"replies":[{"embeddable":true,"href":"https:\/\/yume-silm.com\/it\/wp-json\/wp\/v2\/comments?post=8078"}],"wp:featuredmedia":[{"embeddable":true,"href":"https:\/\/yume-silm.com\/it\/wp-json\/wp\/v2\/media\/8081"}],"wp:attachment":[{"href":"https:\/\/yume-silm.com\/it\/wp-json\/wp\/v2\/media?parent=8078"}],"wp:term":[{"taxonomy":"product_brand","embeddable":true,"href":"https:\/\/yume-silm.com\/it\/wp-json\/wp\/v2\/product_brand?post=8078"},{"taxonomy":"product_cat","embeddable":true,"href":"https:\/\/yume-silm.com\/it\/wp-json\/wp\/v2\/product_cat?post=8078"},{"taxonomy":"product_tag","embeddable":true,"href":"https:\/\/yume-silm.com\/it\/wp-json\/wp\/v2\/product_tag?post=8078"}],"curies":[{"name":"wp","href":"https:\/\/api.w.org\/{rel}","templated":true}]}}