{"id":8176,"date":"2024-05-24T02:55:32","date_gmt":"2024-05-24T02:55:32","guid":{"rendered":"https:\/\/yume-silm.com\/?post_type=product&#038;p=8176"},"modified":"2024-07-04T01:12:25","modified_gmt":"2024-07-04T01:12:25","slug":"canotta-body-perizoma-con-spalline-ritagliate-e-senza-maniche-da-donna%ef%bc%88%e6%b5%8b%e8%af%95%ef%bc%89","status":"publish","type":"product","link":"https:\/\/yume-silm.com\/it\/prodotto\/canotta-body-perizoma-con-spalline-ritagliate-e-senza-maniche-da-donna%ef%bc%88%e6%b5%8b%e8%af%95%ef%bc%89\/","title":{"rendered":"Canotta da donna senza maniche con perizoma ritagliato su una spalla"},"content":{"rendered":"<h5>Caratteristiche del progetto<\/h5>\n<ul>\n<li><strong>BODY PERIZOMA IN RETE:<\/strong> Il taglio monospalla del body perizoma modellante \u00e8 asimmetricamente chic. Il taglio perizoma del body perizoma e il design con bottoni automatici sul fondo sono molto convenienti.<\/li>\n<li><strong>ABBIGLIAMENTO ALLA MODA:<\/strong> Il taglio sexy del modellante per il sollevamento dei glutei e la vestibilit\u00e0 slim senza maniche sono carini e alla moda e ti danno un&#039;ispirazione illimitata per l&#039;outfit. Puoi abbinarlo facilmente a qualsiasi jeans, pantaloncini, bei vestiti, ecc. Il body perizoma intero offre una grande capacit\u00e0 di nascondersi, perfetto per uscite quotidiane, appuntamenti o anche feste serali, cocktail party, vacanze, feste e cos\u00ec via . Un armadio \u00e8 un must per tutte le stagioni, giorno e notte!<\/li>\n<li><strong>LUCE DELLA SPERANZA:<\/strong> Il nostro nuovissimo body perizoma sexy senza spalline del 2024 si ispira alla &quot;luce della speranza&quot;. Desideri una figura stellare, un&#039;abbagliante figura a clessidra che attiri l&#039;attenzione!<\/li>\n<li><strong>ELASTICIZZATO E CONFORTEVOLE:<\/strong> Il tessuto della canotta da donna senza maniche con spalline ritagliate e perizoma \u00e8 traspirante, leggero e molto delicato sulla pelle. \u00c8 molto elastico, ripetuto pi\u00f9 volte, pu\u00f2 essere lavato ripetutamente, non si deforma e non si formano pelucchi. Non puoi dover indossare un&#039;altra biancheria intima, perch\u00e9 \u00e8 opaca con imbottitura.<\/li>\n<\/ul>\n<h6><em>Body da donna sexy con canottiera monospalla e senza schienale<\/em><\/h6>\n<ul>\n<li>Canottiera body perizoma con taglio monospalla senza maniche, dona una sensazione pi\u00f9 elegante, chic e sexy.<\/li>\n<li>Ideale per uscire a feste, vacanze, vacanze, vita quotidiana e cos\u00ec via.<\/li>\n<li><span data-slate-fragment=\"JTVCJTdCJTIydHlwZSUyMiUzQSUyMnBhcmFncmFwaCUyMiUyQyUyMmNoaWxkcmVuJTIyJTNBJTVCJTdCJTIydGV4dCUyMiUzQSUyMlRoZSUyMHNsZWV2ZWxlc3MlMjBvbmUtc2hvdWxkZXIlMjBjdXRvdXQlMjB0aG9uZyUyMGJvZHlzdWl0JTIwdGFuayUyMHRvcCUyMHBlcmZlY3RseSUyMG91dGxpbmVzJTIwdGhlJTIwY2hhcm1pbmclMjBjdXJ2ZS4lMjBUaGUlMjB1bmlxdWUlMjBvbmUtc2hvdWxkZXIlMjBkZXNpZ24lMjBpcyUyMGZhc2hpb25hYmxlJTIwYW5kJTIwbW9kZXJuJTJDJTIwc2hvd2luZyUyMHNleGluZXNzJTIwYW5kJTIwY29uZmlkZW5jZS4lMjBXaGV0aGVyJTIweW91JTIwcGFpciUyMGl0JTIwd2l0aCUyMGplYW5zJTJDJTIwc2tpcnRzJTJDJTIwb3IlMjBldmVuaW5nJTIwZHJlc3NlcyUyQyUyMHlvdSUyMGNhbiUyMGluc3RhbnRseSUyMGVuaGFuY2UlMjB5b3VyJTIwbG9vayUyMGFuZCUyMGJlY29tZSUyMHRoZSUyMGNlbnRlciUyMG9mJTIwYXR0ZW50aW9uLiUyMiU3RCU1RCU3RCU1RA==\">La canottiera body perizoma con taglio monospalla senza maniche delinea perfettamente l&#039;affascinante curva.<\/span><\/li>\n<\/ul>","protected":false},"excerpt":{"rendered":"<ul>\n<li><span data-slate-fragment=\"JTVCJTdCJTIydHlwZSUyMiUzQSUyMnBhcmFncmFwaCUyMiUyQyUyMmNoaWxkcmVuJTIyJTNBJTVCJTdCJTIydGV4dCUyMiUzQSUyMlRoZSUyMHNsZWV2ZWxlc3MlMjBvbmUtc2hvdWxkZXIlMjBjdXRvdXQlMjB0aG9uZyUyMGJvZHlzdWl0JTIwdGFuayUyMHRvcCUyMHBlcmZlY3RseSUyMG91dGxpbmVzJTIwdGhlJTIwY2hhcm1pbmclMjBjdXJ2ZS4lMjBUaGUlMjB1bmlxdWUlMjBvbmUtc2hvdWxkZXIlMjBkZXNpZ24lMjBpcyUyMGZhc2hpb25hYmxlJTIwYW5kJTIwbW9kZXJuJTJDJTIwc2hvd2luZyUyMHNleGluZXNzJTIwYW5kJTIwY29uZmlkZW5jZS4lMjBXaGV0aGVyJTIweW91JTIwcGFpciUyMGl0JTIwd2l0aCUyMGplYW5zJTJDJTIwc2tpcnRzJTJDJTIwb3IlMjBldmVuaW5nJTIwZHJlc3NlcyUyQyUyMHlvdSUyMGNhbiUyMGluc3RhbnRseSUyMGVuaGFuY2UlMjB5b3VyJTIwbG9vayUyMGFuZCUyMGJlY29tZSUyMHRoZSUyMGNlbnRlciUyMG9mJTIwYXR0ZW50aW9uLiUyMiU3RCU1RCU3RCU1RA==\">L&#039;esclusivo design della canotta perizoma con spalline ritagliate senza maniche \u00e8 alla moda e moderno, mostrando sensualit\u00e0 e sicurezza. <\/span><\/li>\n<li><span data-slate-fragment=\"JTVCJTdCJTIydHlwZSUyMiUzQSUyMnBhcmFncmFwaCUyMiUyQyUyMmNoaWxkcmVuJTIyJTNBJTVCJTdCJTIydGV4dCUyMiUzQSUyMlRoZSUyMHNsZWV2ZWxlc3MlMjBvbmUtc2hvdWxkZXIlMjBjdXRvdXQlMjB0aG9uZyUyMGJvZHlzdWl0JTIwdGFuayUyMHRvcCUyMHBlcmZlY3RseSUyMG91dGxpbmVzJTIwdGhlJTIwY2hhcm1pbmclMjBjdXJ2ZS4lMjBUaGUlMjB1bmlxdWUlMjBvbmUtc2hvdWxkZXIlMjBkZXNpZ24lMjBpcyUyMGZhc2hpb25hYmxlJTIwYW5kJTIwbW9kZXJuJTJDJTIwc2hvd2luZyUyMHNleGluZXNzJTIwYW5kJTIwY29uZmlkZW5jZS4lMjBXaGV0aGVyJTIweW91JTIwcGFpciUyMGl0JTIwd2l0aCUyMGplYW5zJTJDJTIwc2tpcnRzJTJDJTIwb3IlMjBldmVuaW5nJTIwZHJlc3NlcyUyQyUyMHlvdSUyMGNhbiUyMGluc3RhbnRseSUyMGVuaGFuY2UlMjB5b3VyJTIwbG9vayUyMGFuZCUyMGJlY29tZSUyMHRoZSUyMGNlbnRlciUyMG9mJTIwYXR0ZW50aW9uLiUyMiU3RCU1RCU3RCU1RA==\">Che lo abbini a jeans, gonne o abiti da sera, potrai immediatamente migliorare il tuo look e diventare il centro dell&#039;attenzione.<\/span><\/li>\n<\/ul>","protected":false},"featured_media":8165,"comment_status":"open","ping_status":"closed","template":"","meta":{"site-sidebar-layout":"default","site-content-layout":"","ast-site-content-layout":"default","site-content-style":"default","site-sidebar-style":"default","ast-global-header-display":"","ast-banner-title-visibility":"","ast-main-header-display":"","ast-hfb-above-header-display":"","ast-hfb-below-header-display":"","ast-hfb-mobile-header-display":"","site-post-title":"","ast-breadcrumbs-content":"","ast-featured-img":"","footer-sml-layout":"","ast-disable-related-posts":"","theme-transparent-header-meta":"default","adv-header-id-meta":"","stick-header-meta":"default","header-above-stick-meta":"","header-main-stick-meta":"","header-below-stick-meta":"","astra-migrate-meta-layouts":"set","ast-page-background-enabled":"default","ast-page-background-meta":{"desktop":{"background-color":"","background-image":"","background-repeat":"repeat","background-position":"center center","background-size":"auto","background-attachment":"scroll","background-type":"","background-media":"","overlay-type":"","overlay-color":"","overlay-opacity":"","overlay-gradient":""},"tablet":{"background-color":"","background-image":"","background-repeat":"repeat","background-position":"center center","background-size":"auto","background-attachment":"scroll","background-type":"","background-media":"","overlay-type":"","overlay-color":"","overlay-opacity":"","overlay-gradient":""},"mobile":{"background-color":"","background-image":"","background-repeat":"repeat","background-position":"center center","background-size":"auto","background-attachment":"scroll","background-type":"","background-media":"","overlay-type":"","overlay-color":"","overlay-opacity":"","overlay-gradient":""}},"ast-content-background-meta":{"desktop":{"background-color":"var(--ast-global-color-5)","background-image":"","background-repeat":"repeat","background-position":"center center","background-size":"auto","background-attachment":"scroll","background-type":"","background-media":"","overlay-type":"","overlay-color":"","overlay-opacity":"","overlay-gradient":""},"tablet":{"background-color":"var(--ast-global-color-5)","background-image":"","background-repeat":"repeat","background-position":"center center","background-size":"auto","background-attachment":"scroll","background-type":"","background-media":"","overlay-type":"","overlay-color":"","overlay-opacity":"","overlay-gradient":""},"mobile":{"background-color":"var(--ast-global-color-5)","background-image":"","background-repeat":"repeat","background-position":"center center","background-size":"auto","background-attachment":"scroll","background-type":"","background-media":"","overlay-type":"","overlay-color":"","overlay-opacity":"","overlay-gradient":""}}},"product_brand":[],"product_cat":[77,65,76,82,81],"product_tag":[421,621,145,213],"class_list":{"0":"post-8176","1":"product","2":"type-product","3":"status-publish","4":"has-post-thumbnail","6":"product_cat-wholesale-womens-shapewear","7":"product_cat-best-sellers","8":"product_cat-new-arrivels","9":"product_cat-wholesale-shapewear-bodysuit","10":"product_cat-wholesale-slimming-tank-top","11":"product_tag-fashions","12":"product_tag-one-shoulder","13":"product_tag-sexy","14":"product_tag-sleeveless","15":"pa_color-beige","16":"pa_color-black","17":"pa_color-blue","18":"pa_color-brown","19":"pa_color-dark-brown","20":"pa_size-l","21":"pa_size-m","22":"pa_size-s","23":"pa_size-xl","24":"pa_size-xxl","25":"desktop-align-center","26":"tablet-align-left","27":"mobile-align-left","28":"ast-product-gallery-layout-horizontal-slider","29":"ast-product-single-variable","30":"ast-product-tabs-layout-horizontal","31":"ast-qv-on-image","33":"first","34":"instock","35":"shipping-taxable","36":"purchasable","37":"product-type-variable"},"tiered_pricing_type":"fixed","tiered_pricing_fixed_rules":{"2":7.4,"50":6.6,"100":5.8},"tiered_pricing_product_settings":{"layout":"default","base_unit_name":{"singular":null,"plural":null},"default_variation":null},"tiered_pricing_minimum_quantity":null,"tiered_pricing_roles_data":[],"tiered_pricing_percentage_rules":[],"_links":{"self":[{"href":"https:\/\/yume-silm.com\/it\/wp-json\/wp\/v2\/product\/8176","targetHints":{"allow":["GET"]}}],"collection":[{"href":"https:\/\/yume-silm.com\/it\/wp-json\/wp\/v2\/product"}],"about":[{"href":"https:\/\/yume-silm.com\/it\/wp-json\/wp\/v2\/types\/product"}],"replies":[{"embeddable":true,"href":"https:\/\/yume-silm.com\/it\/wp-json\/wp\/v2\/comments?post=8176"}],"wp:featuredmedia":[{"embeddable":true,"href":"https:\/\/yume-silm.com\/it\/wp-json\/wp\/v2\/media\/8165"}],"wp:attachment":[{"href":"https:\/\/yume-silm.com\/it\/wp-json\/wp\/v2\/media?parent=8176"}],"wp:term":[{"taxonomy":"product_brand","embeddable":true,"href":"https:\/\/yume-silm.com\/it\/wp-json\/wp\/v2\/product_brand?post=8176"},{"taxonomy":"product_cat","embeddable":true,"href":"https:\/\/yume-silm.com\/it\/wp-json\/wp\/v2\/product_cat?post=8176"},{"taxonomy":"product_tag","embeddable":true,"href":"https:\/\/yume-silm.com\/it\/wp-json\/wp\/v2\/product_tag?post=8176"}],"curies":[{"name":"wp","href":"https:\/\/api.w.org\/{rel}","templated":true}]}}