{"id":8287,"date":"2024-05-30T06:44:43","date_gmt":"2024-05-30T06:44:43","guid":{"rendered":"https:\/\/yume-silm.com\/?post_type=product&#038;p=8287"},"modified":"2024-06-14T05:29:40","modified_gmt":"2024-06-14T05:29:40","slug":"magliette-a-maniche-corte-per-sauna-per-uomo-e-donna","status":"publish","type":"product","link":"https:\/\/yume-silm.com\/it\/prodotto\/magliette-a-maniche-corte-per-sauna-per-uomo-e-donna\/","title":{"rendered":"Camicie da sauna a maniche corte per uomo e donna"},"content":{"rendered":"<h5><span data-slate-fragment=\"JTVCJTdCJTIydHlwZSUyMiUzQSUyMnBhcmFncmFwaCUyMiUyQyUyMmNoaWxkcmVuJTIyJTNBJTVCJTdCJTIydGV4dCUyMiUzQSUyMkRlc2lnbiUyMEZlYXR1cmVzJTIyJTJDJTIyc2VudGVuY2UlMjIlM0EyJTJDJTIyY2hpbGRTZW50ZW5jZSUyMiUzQTElN0QlNUQlN0QlNUQ=\">Caratteristiche del progetto<\/span><\/h5>\n<ul>\n<li><strong>SEMPLICE E CLASSICO:<\/strong> Le nostre magliette da sauna a maniche corte per uomo e donna sono un classico pi\u00f9 venduto. La fodera nera e argento \u00e8 una combinazione di colori classica che non passer\u00e0 mai di moda. Il girocollo e le maniche corte hanno un buon taglio e sono molto adatti per gli sport all&#039;aria aperta.<\/li>\n<li><strong>EFFETTO SAUNA:<\/strong> Il gilet per sauna a maniche corte per la tuta da sauna per esercizi domestici, palestra, esercizi, fodera in neoprene, favorisce rapidamente la produzione di sudore e accelera la combustione dei grassi. Aumenta il sudore pi\u00f9 di 5 volte di pi\u00f9 rispetto ad altri indumenti sportivi, accelerando il metabolismo e ottenendo una sana perdita di peso.<\/li>\n<li><strong>MATERIALE DI ALTA QUALIT\u00c0:<\/strong> L&#039;esterno della tuta modellante per la perdita di peso della tuta da sauna \u00e8 realizzato in poliestere e la fodera in neoprene \u00e8 aderente e confortevole; con elevata elasticit\u00e0, non si strapper\u00e0 e non si romper\u00e0 facilmente, n\u00e9 si former\u00e0 pelucchi o rughe. Rendi il tuo esercizio pi\u00f9 piacevole.<\/li>\n<li><strong>PI\u00d9 OCCASIONI APPLICABILI:<\/strong> La nostra tuta da sauna, allenamento, palestra, maniche corte per uomo e donna \u00e8 adatta a tutti i tipi di attivit\u00e0 sportive, come corsa, boxe, yoga, ciclismo, fitness, palestra, bodybuilding, gioco di palla, allenamenti indoor o outdoor e cos\u00ec via. Un adeguato aumento della sudorazione aiuta anche a disintossicare e pulire i pori.<\/li>\n<\/ul>\n<h6><em>Tuta da sauna, maglietta a compressione a maniche corte, magliette modellanti per la perdita di peso, per esercizi sportivi<\/em><\/h6>\n<p><img fetchpriority=\"high\" decoding=\"async\" class=\"alignnone size-medium wp-image-8288\" src=\"https:\/\/yume-silm.com\/wp-content\/uploads\/2024\/05\/sauna-short-sleeve-shirts-for-men-and-women-black-and-silver-03-300x300.jpg\" alt=\"magliette a maniche corte per sauna per uomo e donna\" width=\"300\" height=\"300\" title=\"\" srcset=\"https:\/\/yume-silm.com\/wp-content\/uploads\/2024\/05\/sauna-short-sleeve-shirts-for-men-and-women-black-and-silver-03-300x300.jpg 300w, https:\/\/yume-silm.com\/wp-content\/uploads\/2024\/05\/sauna-short-sleeve-shirts-for-men-and-women-black-and-silver-03-150x150.jpg 150w, https:\/\/yume-silm.com\/wp-content\/uploads\/2024\/05\/sauna-short-sleeve-shirts-for-men-and-women-black-and-silver-03-12x12.jpg 12w, https:\/\/yume-silm.com\/wp-content\/uploads\/2024\/05\/sauna-short-sleeve-shirts-for-men-and-women-black-and-silver-03-100x100.jpg 100w, https:\/\/yume-silm.com\/wp-content\/uploads\/2024\/05\/sauna-short-sleeve-shirts-for-men-and-women-black-and-silver-03.jpg 600w\" sizes=\"(max-width: 300px) 100vw, 300px\" \/><img decoding=\"async\" class=\"alignnone size-medium wp-image-8289\" src=\"https:\/\/yume-silm.com\/wp-content\/uploads\/2024\/05\/sauna-short-sleeve-shirts-for-men-and-women-black-and-silver-02-300x300.jpg\" alt=\"magliette a maniche corte per sauna per uomo e donna\" width=\"300\" height=\"300\" title=\"\" srcset=\"https:\/\/yume-silm.com\/wp-content\/uploads\/2024\/05\/sauna-short-sleeve-shirts-for-men-and-women-black-and-silver-02-300x300.jpg 300w, https:\/\/yume-silm.com\/wp-content\/uploads\/2024\/05\/sauna-short-sleeve-shirts-for-men-and-women-black-and-silver-02-150x150.jpg 150w, https:\/\/yume-silm.com\/wp-content\/uploads\/2024\/05\/sauna-short-sleeve-shirts-for-men-and-women-black-and-silver-02-12x12.jpg 12w, https:\/\/yume-silm.com\/wp-content\/uploads\/2024\/05\/sauna-short-sleeve-shirts-for-men-and-women-black-and-silver-02-100x100.jpg 100w, https:\/\/yume-silm.com\/wp-content\/uploads\/2024\/05\/sauna-short-sleeve-shirts-for-men-and-women-black-and-silver-02.jpg 600w\" sizes=\"(max-width: 300px) 100vw, 300px\" \/><\/p>","protected":false},"excerpt":{"rendered":"<ul>\n<li>Modello classico pi\u00f9 venduto: magliette a maniche corte per sauna per uomo e donna.<\/li>\n<li>Design girocollo, facile da indossare e da togliere; Rivestimento in argento, antivento, resistente al freddo e impermeabile; Tessuto elasticizzato e design a maniche corte, superiore al normale abbigliamento sportivo 5 volte sudato, perfetto per gli sport sudati casual indoor e outdoor.<\/li>\n<\/ul>","protected":false},"featured_media":8290,"comment_status":"open","ping_status":"closed","template":"","meta":{"site-sidebar-layout":"default","site-content-layout":"","ast-site-content-layout":"default","site-content-style":"default","site-sidebar-style":"default","ast-global-header-display":"","ast-banner-title-visibility":"","ast-main-header-display":"","ast-hfb-above-header-display":"","ast-hfb-below-header-display":"","ast-hfb-mobile-header-display":"","site-post-title":"","ast-breadcrumbs-content":"","ast-featured-img":"","footer-sml-layout":"","ast-disable-related-posts":"","theme-transparent-header-meta":"default","adv-header-id-meta":"","stick-header-meta":"default","header-above-stick-meta":"","header-main-stick-meta":"","header-below-stick-meta":"","astra-migrate-meta-layouts":"set","ast-page-background-enabled":"default","ast-page-background-meta":{"desktop":{"background-color":"","background-image":"","background-repeat":"repeat","background-position":"center center","background-size":"auto","background-attachment":"scroll","background-type":"","background-media":"","overlay-type":"","overlay-color":"","overlay-opacity":"","overlay-gradient":""},"tablet":{"background-color":"","background-image":"","background-repeat":"repeat","background-position":"center center","background-size":"auto","background-attachment":"scroll","background-type":"","background-media":"","overlay-type":"","overlay-color":"","overlay-opacity":"","overlay-gradient":""},"mobile":{"background-color":"","background-image":"","background-repeat":"repeat","background-position":"center center","background-size":"auto","background-attachment":"scroll","background-type":"","background-media":"","overlay-type":"","overlay-color":"","overlay-opacity":"","overlay-gradient":""}},"ast-content-background-meta":{"desktop":{"background-color":"var(--ast-global-color-5)","background-image":"","background-repeat":"repeat","background-position":"center center","background-size":"auto","background-attachment":"scroll","background-type":"","background-media":"","overlay-type":"","overlay-color":"","overlay-opacity":"","overlay-gradient":""},"tablet":{"background-color":"var(--ast-global-color-5)","background-image":"","background-repeat":"repeat","background-position":"center center","background-size":"auto","background-attachment":"scroll","background-type":"","background-media":"","overlay-type":"","overlay-color":"","overlay-opacity":"","overlay-gradient":""},"mobile":{"background-color":"var(--ast-global-color-5)","background-image":"","background-repeat":"repeat","background-position":"center center","background-size":"auto","background-attachment":"scroll","background-type":"","background-media":"","overlay-type":"","overlay-color":"","overlay-opacity":"","overlay-gradient":""}}},"product_brand":[],"product_cat":[65,76,97,102,99,100],"product_tag":[625,632,167,548,566],"class_list":{"0":"post-8287","1":"product","2":"type-product","3":"status-publish","4":"has-post-thumbnail","6":"product_cat-best-sellers","7":"product_cat-new-arrivels","8":"product_cat-sauna-suit","9":"product_cat-full-body-sweat-suit","10":"product_cat-sauna-pants","11":"product_cat-sauna-tops","12":"product_tag-neoprene","13":"product_tag-sauna-lover","14":"product_tag-sauna-suit","15":"product_tag-sauna-sweat","16":"product_tag-short-sleeves","17":"pa_color-sliver","18":"pa_size-4xl-5xl","19":"pa_size-l-xl","20":"pa_size-s-m","21":"pa_size-xxl-xxxl","22":"desktop-align-center","23":"tablet-align-left","24":"mobile-align-left","25":"ast-product-gallery-layout-horizontal-slider","26":"ast-product-single-variable","27":"ast-product-tabs-layout-horizontal","28":"ast-qv-on-image","30":"first","31":"instock","32":"shipping-taxable","33":"purchasable","34":"product-type-variable"},"tiered_pricing_type":"fixed","tiered_pricing_fixed_rules":{"2":9.3,"50":8.3,"100":7.25},"tiered_pricing_product_settings":{"layout":"default","base_unit_name":{"singular":null,"plural":null},"default_variation":null},"tiered_pricing_minimum_quantity":null,"tiered_pricing_roles_data":[],"tiered_pricing_percentage_rules":[],"_links":{"self":[{"href":"https:\/\/yume-silm.com\/it\/wp-json\/wp\/v2\/product\/8287","targetHints":{"allow":["GET"]}}],"collection":[{"href":"https:\/\/yume-silm.com\/it\/wp-json\/wp\/v2\/product"}],"about":[{"href":"https:\/\/yume-silm.com\/it\/wp-json\/wp\/v2\/types\/product"}],"replies":[{"embeddable":true,"href":"https:\/\/yume-silm.com\/it\/wp-json\/wp\/v2\/comments?post=8287"}],"wp:featuredmedia":[{"embeddable":true,"href":"https:\/\/yume-silm.com\/it\/wp-json\/wp\/v2\/media\/8290"}],"wp:attachment":[{"href":"https:\/\/yume-silm.com\/it\/wp-json\/wp\/v2\/media?parent=8287"}],"wp:term":[{"taxonomy":"product_brand","embeddable":true,"href":"https:\/\/yume-silm.com\/it\/wp-json\/wp\/v2\/product_brand?post=8287"},{"taxonomy":"product_cat","embeddable":true,"href":"https:\/\/yume-silm.com\/it\/wp-json\/wp\/v2\/product_cat?post=8287"},{"taxonomy":"product_tag","embeddable":true,"href":"https:\/\/yume-silm.com\/it\/wp-json\/wp\/v2\/product_tag?post=8287"}],"curies":[{"name":"wp","href":"https:\/\/api.w.org\/{rel}","templated":true}]}}