{"id":8441,"date":"2024-06-14T03:07:58","date_gmt":"2024-06-14T03:07:58","guid":{"rendered":"https:\/\/yume-silm.com\/?post_type=product&#038;p=8441"},"modified":"2024-06-14T03:09:17","modified_gmt":"2024-06-14T03:09:17","slug":"giacche-da-sauna-a-maniche-lunghe-tute-da-ginnastica-per-dimagrire","status":"publish","type":"product","link":"https:\/\/yume-silm.com\/it\/prodotto\/giacche-da-sauna-a-maniche-lunghe-tute-da-ginnastica-per-dimagrire\/","title":{"rendered":"Giacche da sauna a maniche lunghe. Tuta da sudore per dimagrire"},"content":{"rendered":"<h5>Caratteristiche del progetto<\/h5>\n<ul>\n<li><strong>EFFETTO SAUNA:<\/strong> Indossa le nostre tute da sauna per donna e uomo e sperimenta gli effetti di una sauna ambulante. La tuta da sauna per dimagrire pu\u00f2 aiutare ad accelerare la sudorazione, produrre l&#039;effetto sauna, accelerare il metabolismo, promuovere la disintossicazione del corpo e aiutarti a modellare facilmente un corpo perfetto.<\/li>\n<li><strong>DESIGN ALLA MODA:<\/strong> La nuova tuta da sauna da boxe per la palestra sportiva dimagrante \u00e8 in stile alla moda a maniche lunghe. Il classico abbellimento della linea gialla della tuta da sauna in neoprene non solo ti rende accattivante in palestra, ma mostra anche il tuo gusto alla moda nella vita quotidiana, rendendoti al centro dell&#039;attenzione per strada.<\/li>\n<li><strong>VESTIBILIT\u00c0 CONFORTEVOLE:<\/strong> Le giacche da sauna a maniche lunghe e i pantaloni da sauna possono bloccare bene il sudore, il che non solo fornisce una buona esperienza d&#039;uso e riduce efficacemente il disagio durante l&#039;esercizio, ma fornisce anche una migliore traspirazione di tutto il corpo, accelera il metabolismo e una sana perdita di peso.<\/li>\n<li><strong>MOLTEPLICI OCCASIONI:<\/strong> Il design con cerniera della migliore tuta per dimagrire da sauna lo rende molto facile da indossare e da togliere. Che tu stia correndo, saltando la corda, yoga, boxe o allenamento fitness, la tuta da sauna a maniche lunghe per la perdita di peso \u00e8 la scelta migliore per aiutarti a raggiungere i tuoi obiettivi di allenamento e andare verso una vita pi\u00f9 sana e pi\u00f9 sicura.<\/li>\n<\/ul>\n<h6><em>Tuta da sauna a maniche lunghe adatta per esercizi di fitness in palestra e perdita di peso<\/em><\/h6>\n<p><img fetchpriority=\"high\" decoding=\"async\" class=\"alignnone size-medium wp-image-8454\" src=\"https:\/\/yume-silm.com\/wp-content\/uploads\/2024\/06\/long-sleeve-sauna-jackets-sweat-suit-for-weight-loss-men-and-women-05-300x300.jpg\" alt=\"giacche da sauna a maniche lunghe, tute da ginnastica per dimagrire\" width=\"300\" height=\"300\" title=\"\" srcset=\"https:\/\/yume-silm.com\/wp-content\/uploads\/2024\/06\/long-sleeve-sauna-jackets-sweat-suit-for-weight-loss-men-and-women-05-300x300.jpg 300w, https:\/\/yume-silm.com\/wp-content\/uploads\/2024\/06\/long-sleeve-sauna-jackets-sweat-suit-for-weight-loss-men-and-women-05-150x150.jpg 150w, https:\/\/yume-silm.com\/wp-content\/uploads\/2024\/06\/long-sleeve-sauna-jackets-sweat-suit-for-weight-loss-men-and-women-05-768x768.jpg 768w, https:\/\/yume-silm.com\/wp-content\/uploads\/2024\/06\/long-sleeve-sauna-jackets-sweat-suit-for-weight-loss-men-and-women-05-12x12.jpg 12w, https:\/\/yume-silm.com\/wp-content\/uploads\/2024\/06\/long-sleeve-sauna-jackets-sweat-suit-for-weight-loss-men-and-women-05-800x800.jpg 800w, https:\/\/yume-silm.com\/wp-content\/uploads\/2024\/06\/long-sleeve-sauna-jackets-sweat-suit-for-weight-loss-men-and-women-05-100x100.jpg 100w, https:\/\/yume-silm.com\/wp-content\/uploads\/2024\/06\/long-sleeve-sauna-jackets-sweat-suit-for-weight-loss-men-and-women-05.jpg 1000w\" sizes=\"(max-width: 300px) 100vw, 300px\" \/><img decoding=\"async\" class=\"alignnone size-medium wp-image-8455\" src=\"https:\/\/yume-silm.com\/wp-content\/uploads\/2024\/06\/long-sleeve-sauna-jackets-sweat-suit-for-weight-loss-men-and-women-06-300x300.jpg\" alt=\"giacche da sauna a maniche lunghe, tute da ginnastica per dimagrire\" width=\"300\" height=\"300\" title=\"\" srcset=\"https:\/\/yume-silm.com\/wp-content\/uploads\/2024\/06\/long-sleeve-sauna-jackets-sweat-suit-for-weight-loss-men-and-women-06-300x300.jpg 300w, https:\/\/yume-silm.com\/wp-content\/uploads\/2024\/06\/long-sleeve-sauna-jackets-sweat-suit-for-weight-loss-men-and-women-06-150x150.jpg 150w, https:\/\/yume-silm.com\/wp-content\/uploads\/2024\/06\/long-sleeve-sauna-jackets-sweat-suit-for-weight-loss-men-and-women-06-768x768.jpg 768w, https:\/\/yume-silm.com\/wp-content\/uploads\/2024\/06\/long-sleeve-sauna-jackets-sweat-suit-for-weight-loss-men-and-women-06-12x12.jpg 12w, https:\/\/yume-silm.com\/wp-content\/uploads\/2024\/06\/long-sleeve-sauna-jackets-sweat-suit-for-weight-loss-men-and-women-06-100x100.jpg 100w, https:\/\/yume-silm.com\/wp-content\/uploads\/2024\/06\/long-sleeve-sauna-jackets-sweat-suit-for-weight-loss-men-and-women-06.jpg 800w\" sizes=\"(max-width: 300px) 100vw, 300px\" \/><\/p>","protected":false},"excerpt":{"rendered":"<p><span data-slate-fragment=\"JTVCJTdCJTIydHlwZSUyMiUzQSUyMnBhcmFncmFwaCUyMiUyQyUyMmNoaWxkcmVuJTIyJTNBJTVCJTdCJTIydGV4dCUyMiUzQSUyMlB1dCUyMG9uJTIwYSUyMHN0eWxpc2glMjBzbGltbWluZyUyMHNhdW5hJTIwbG9uZyUyMHNsZWV2ZSUyMHN3ZWF0JTIwc3VpdCUyMHdpdGglMjB6aXBwZXIlMkMlMjByZWxlYXNlJTIwc3dlYXQlMkMlMjBnYWluJTIwY29uZmlkZW5jZSUyQyUyMGFuZCUyMHJlZGVmaW5lJTIwYSUyMGhlYWx0aHklMjBsaWZlISUyMiUyQyUyMnNlbnRlbmNlJTIyJTNBMCUyQyUyMmNoaWxkU2VudGVuY2UlMjIlM0EwJTdEJTVEJTdEJTVE\">Indossa un&#039;elegante tuta da sauna a maniche lunghe per perdere peso, rilasciare il sudore, acquisire sicurezza e ridefinire una vita sana!<\/span><\/p>","protected":false},"featured_media":8456,"comment_status":"open","ping_status":"closed","template":"","meta":{"site-sidebar-layout":"default","site-content-layout":"","ast-site-content-layout":"default","site-content-style":"default","site-sidebar-style":"default","ast-global-header-display":"","ast-banner-title-visibility":"","ast-main-header-display":"","ast-hfb-above-header-display":"","ast-hfb-below-header-display":"","ast-hfb-mobile-header-display":"","site-post-title":"","ast-breadcrumbs-content":"","ast-featured-img":"","footer-sml-layout":"","ast-disable-related-posts":"","theme-transparent-header-meta":"default","adv-header-id-meta":"","stick-header-meta":"default","header-above-stick-meta":"","header-main-stick-meta":"","header-below-stick-meta":"","astra-migrate-meta-layouts":"set","ast-page-background-enabled":"default","ast-page-background-meta":{"desktop":{"background-color":"","background-image":"","background-repeat":"repeat","background-position":"center center","background-size":"auto","background-attachment":"scroll","background-type":"","background-media":"","overlay-type":"","overlay-color":"","overlay-opacity":"","overlay-gradient":""},"tablet":{"background-color":"","background-image":"","background-repeat":"repeat","background-position":"center center","background-size":"auto","background-attachment":"scroll","background-type":"","background-media":"","overlay-type":"","overlay-color":"","overlay-opacity":"","overlay-gradient":""},"mobile":{"background-color":"","background-image":"","background-repeat":"repeat","background-position":"center center","background-size":"auto","background-attachment":"scroll","background-type":"","background-media":"","overlay-type":"","overlay-color":"","overlay-opacity":"","overlay-gradient":""}},"ast-content-background-meta":{"desktop":{"background-color":"var(--ast-global-color-5)","background-image":"","background-repeat":"repeat","background-position":"center center","background-size":"auto","background-attachment":"scroll","background-type":"","background-media":"","overlay-type":"","overlay-color":"","overlay-opacity":"","overlay-gradient":""},"tablet":{"background-color":"var(--ast-global-color-5)","background-image":"","background-repeat":"repeat","background-position":"center center","background-size":"auto","background-attachment":"scroll","background-type":"","background-media":"","overlay-type":"","overlay-color":"","overlay-opacity":"","overlay-gradient":""},"mobile":{"background-color":"var(--ast-global-color-5)","background-image":"","background-repeat":"repeat","background-position":"center center","background-size":"auto","background-attachment":"scroll","background-type":"","background-media":"","overlay-type":"","overlay-color":"","overlay-opacity":"","overlay-gradient":""}}},"product_brand":[],"product_cat":[65,76,97,102,98,99],"product_tag":[183,635,634,632,638,548,550],"class_list":{"0":"post-8441","1":"product","2":"type-product","3":"status-publish","4":"has-post-thumbnail","6":"product_cat-best-sellers","7":"product_cat-new-arrivels","8":"product_cat-sauna-suit","9":"product_cat-full-body-sweat-suit","10":"product_cat-sauna-jacket","11":"product_cat-sauna-pants","12":"product_tag-long-sleeve","13":"product_tag-men-and-women","14":"product_tag-sauna-jacket","15":"product_tag-sauna-lover","16":"product_tag-sauna-pants","17":"product_tag-sauna-sweat","18":"product_tag-with-zipper","19":"pa_color-black-jacket","20":"pa_color-black-pant","21":"pa_size-l","22":"pa_size-m","23":"pa_size-s","24":"pa_size-xl","25":"pa_size-xxl","26":"pa_size-xxxl","27":"desktop-align-center","28":"tablet-align-left","29":"mobile-align-left","30":"ast-product-gallery-layout-horizontal-slider","31":"ast-product-single-variable","32":"ast-product-tabs-layout-horizontal","33":"ast-qv-on-image","35":"first","36":"instock","37":"shipping-taxable","38":"purchasable","39":"product-type-variable"},"tiered_pricing_type":"fixed","tiered_pricing_fixed_rules":[],"tiered_pricing_product_settings":{"layout":"default","base_unit_name":{"singular":null,"plural":null},"default_variation":null},"tiered_pricing_minimum_quantity":null,"tiered_pricing_roles_data":[],"tiered_pricing_percentage_rules":[],"_links":{"self":[{"href":"https:\/\/yume-silm.com\/it\/wp-json\/wp\/v2\/product\/8441","targetHints":{"allow":["GET"]}}],"collection":[{"href":"https:\/\/yume-silm.com\/it\/wp-json\/wp\/v2\/product"}],"about":[{"href":"https:\/\/yume-silm.com\/it\/wp-json\/wp\/v2\/types\/product"}],"replies":[{"embeddable":true,"href":"https:\/\/yume-silm.com\/it\/wp-json\/wp\/v2\/comments?post=8441"}],"wp:featuredmedia":[{"embeddable":true,"href":"https:\/\/yume-silm.com\/it\/wp-json\/wp\/v2\/media\/8456"}],"wp:attachment":[{"href":"https:\/\/yume-silm.com\/it\/wp-json\/wp\/v2\/media?parent=8441"}],"wp:term":[{"taxonomy":"product_brand","embeddable":true,"href":"https:\/\/yume-silm.com\/it\/wp-json\/wp\/v2\/product_brand?post=8441"},{"taxonomy":"product_cat","embeddable":true,"href":"https:\/\/yume-silm.com\/it\/wp-json\/wp\/v2\/product_cat?post=8441"},{"taxonomy":"product_tag","embeddable":true,"href":"https:\/\/yume-silm.com\/it\/wp-json\/wp\/v2\/product_tag?post=8441"}],"curies":[{"name":"wp","href":"https:\/\/api.w.org\/{rel}","templated":true}]}}