{"id":8679,"date":"2024-07-03T07:12:18","date_gmt":"2024-07-03T07:12:18","guid":{"rendered":"https:\/\/yume-silm.com\/?post_type=product&#038;p=8679"},"modified":"2024-08-17T07:06:58","modified_gmt":"2024-08-17T07:06:58","slug":"body-per-il-controllo-della-pancia-del-corsetto-del-reggiseno-dellallenatore-in-vita","status":"publish","type":"product","link":"https:\/\/yume-silm.com\/it\/prodotto\/body-per-il-controllo-della-pancia-del-corsetto-del-reggiseno-dellallenatore-in-vita\/","title":{"rendered":"Body per il controllo della pancia del corsetto del reggiseno dell&#039;allenatore della vita per le donne"},"content":{"rendered":"<h5>Caratteristiche del progetto<\/h5>\n<ul>\n<li>Il body modellante a coppa ha un design a 5 ossa, che ha un ottimo effetto fasciante per il seno.<\/li>\n<li>Lo speciale tessuto a rete del corpo modellante del corsetto addominale lo rende traspirante e comodo da indossare.<\/li>\n<li>Gli spallacci staccabili dell&#039;intimo modellante a fascia intera sono facili da regolare.<\/li>\n<li>Il cavallo del corsetto modellante del reggiseno adotta un comodo design a bottoni, che rende molto comodo andare in bagno.<\/li>\n<\/ul>\n<p><a href=\"https:\/\/yume-silm.com\/wp-content\/uploads\/2024\/07\/Womens-Unique-Hollow-Design-Slimming-Bodysuit-02.jpg\"><img fetchpriority=\"high\" decoding=\"async\" class=\"alignnone wp-image-8703 size-medium\" src=\"https:\/\/yume-silm.com\/wp-content\/uploads\/2024\/07\/Womens-Unique-Hollow-Design-Slimming-Bodysuit-02-300x300.jpg\" alt=\"body per il controllo della pancia del corsetto del reggiseno dell&#039;allenatore in vita per le donne\" width=\"300\" height=\"300\" title=\"\" srcset=\"https:\/\/yume-silm.com\/wp-content\/uploads\/2024\/07\/Womens-Unique-Hollow-Design-Slimming-Bodysuit-02-300x300.jpg 300w, https:\/\/yume-silm.com\/wp-content\/uploads\/2024\/07\/Womens-Unique-Hollow-Design-Slimming-Bodysuit-02-150x150.jpg 150w, https:\/\/yume-silm.com\/wp-content\/uploads\/2024\/07\/Womens-Unique-Hollow-Design-Slimming-Bodysuit-02-768x768.jpg 768w, https:\/\/yume-silm.com\/wp-content\/uploads\/2024\/07\/Womens-Unique-Hollow-Design-Slimming-Bodysuit-02-12x12.jpg 12w, https:\/\/yume-silm.com\/wp-content\/uploads\/2024\/07\/Womens-Unique-Hollow-Design-Slimming-Bodysuit-02-100x100.jpg 100w, https:\/\/yume-silm.com\/wp-content\/uploads\/2024\/07\/Womens-Unique-Hollow-Design-Slimming-Bodysuit-02.jpg 800w\" sizes=\"(max-width: 300px) 100vw, 300px\" \/><\/a><\/p>\n<p>&nbsp;<\/p>\n<h6><em>Reggiseno a rete body con sollevamento del sedere per il controllo della pancia, intimo modellante per donna<\/em><\/h6>\n<ul>\n<li><strong>Occasione:<\/strong> Il corsetto per il sollevamento del sedere da donna \u00e8 diventato anche uno degli articoli versatili, che pu\u00f2 essere indossato quotidianamente, in presenza, durante il viaggio o a una cena, aggiungendo uno stile diverso all&#039;abbigliamento quotidiano.<\/li>\n<li><strong>Versatilit\u00e0:<\/strong> Il body per il controllo della pancia del corsetto del reggiseno dell&#039;allenatore in vita non solo pu\u00f2 sollevare il petto ma anche i glutei. Il modellatore per il corpo del reggiseno modellante dimagrante per la vita integra funzionalit\u00e0 e moda ed \u00e8 un prodotto pi\u00f9 venduto.<\/li>\n<\/ul>","protected":false},"excerpt":{"rendered":"<p>Migliora la tua silhouette con il nostro nuovo body con reggiseno e corsetto per il controllo della pancia. Realizzato meticolosamente in nylon e spandex, questo body shaper per il potenziamento dell&#039;anca alla moda plus size esalta le tue curve, offrendo una miscela perfetta di comfort e stile. Immergiti in un&#039;esperienza trasformativa che ridefinisce l&#039;eleganza e la sicurezza<\/p>","protected":false},"featured_media":8704,"comment_status":"open","ping_status":"closed","template":"","meta":{"site-sidebar-layout":"default","site-content-layout":"","ast-site-content-layout":"default","site-content-style":"default","site-sidebar-style":"default","ast-global-header-display":"","ast-banner-title-visibility":"","ast-main-header-display":"","ast-hfb-above-header-display":"","ast-hfb-below-header-display":"","ast-hfb-mobile-header-display":"","site-post-title":"","ast-breadcrumbs-content":"","ast-featured-img":"","footer-sml-layout":"","ast-disable-related-posts":"","theme-transparent-header-meta":"default","adv-header-id-meta":"","stick-header-meta":"default","header-above-stick-meta":"","header-main-stick-meta":"","header-below-stick-meta":"","astra-migrate-meta-layouts":"set","ast-page-background-enabled":"default","ast-page-background-meta":{"desktop":{"background-color":"","background-image":"","background-repeat":"repeat","background-position":"center center","background-size":"auto","background-attachment":"scroll","background-type":"","background-media":"","overlay-type":"","overlay-color":"","overlay-opacity":"","overlay-gradient":""},"tablet":{"background-color":"","background-image":"","background-repeat":"repeat","background-position":"center center","background-size":"auto","background-attachment":"scroll","background-type":"","background-media":"","overlay-type":"","overlay-color":"","overlay-opacity":"","overlay-gradient":""},"mobile":{"background-color":"","background-image":"","background-repeat":"repeat","background-position":"center center","background-size":"auto","background-attachment":"scroll","background-type":"","background-media":"","overlay-type":"","overlay-color":"","overlay-opacity":"","overlay-gradient":""}},"ast-content-background-meta":{"desktop":{"background-color":"var(--ast-global-color-5)","background-image":"","background-repeat":"repeat","background-position":"center center","background-size":"auto","background-attachment":"scroll","background-type":"","background-media":"","overlay-type":"","overlay-color":"","overlay-opacity":"","overlay-gradient":""},"tablet":{"background-color":"var(--ast-global-color-5)","background-image":"","background-repeat":"repeat","background-position":"center center","background-size":"auto","background-attachment":"scroll","background-type":"","background-media":"","overlay-type":"","overlay-color":"","overlay-opacity":"","overlay-gradient":""},"mobile":{"background-color":"var(--ast-global-color-5)","background-image":"","background-repeat":"repeat","background-position":"center center","background-size":"auto","background-attachment":"scroll","background-type":"","background-media":"","overlay-type":"","overlay-color":"","overlay-opacity":"","overlay-gradient":""}}},"product_brand":[],"product_cat":[65,76,77,82,81,80],"product_tag":[492,647,490,648,500,452],"class_list":{"0":"post-8679","1":"product","2":"type-product","3":"status-publish","4":"has-post-thumbnail","6":"product_cat-best-sellers","7":"product_cat-new-arrivels","8":"product_cat-wholesale-womens-shapewear","9":"product_cat-wholesale-shapewear-bodysuit","10":"product_cat-wholesale-slimming-tank-top","11":"product_cat-wholesale-butt-lift-underwear","12":"product_tag-breathable","13":"product_tag-convenience","14":"product_tag-corset","15":"product_tag-lift-chest","16":"product_tag-tummy-control","17":"product_tag-waist-corsets","18":"pa_color-black","19":"pa_color-skin","20":"pa_size-l","21":"pa_size-m","22":"pa_size-s","23":"pa_size-xl","24":"pa_size-xxl","25":"pa_size-xxxl","26":"desktop-align-center","27":"tablet-align-left","28":"mobile-align-left","29":"ast-product-gallery-layout-horizontal-slider","30":"ast-product-single-variable","31":"ast-product-tabs-layout-horizontal","32":"ast-qv-on-image","34":"first","35":"instock","36":"shipping-taxable","37":"product-type-variable"},"tiered_pricing_type":"fixed","tiered_pricing_fixed_rules":{"2":9.95,"50":8.85,"100":7.7},"tiered_pricing_product_settings":{"layout":"default","base_unit_name":{"singular":null,"plural":null},"default_variation":null},"tiered_pricing_minimum_quantity":null,"tiered_pricing_roles_data":[],"tiered_pricing_percentage_rules":[],"_links":{"self":[{"href":"https:\/\/yume-silm.com\/it\/wp-json\/wp\/v2\/product\/8679","targetHints":{"allow":["GET"]}}],"collection":[{"href":"https:\/\/yume-silm.com\/it\/wp-json\/wp\/v2\/product"}],"about":[{"href":"https:\/\/yume-silm.com\/it\/wp-json\/wp\/v2\/types\/product"}],"replies":[{"embeddable":true,"href":"https:\/\/yume-silm.com\/it\/wp-json\/wp\/v2\/comments?post=8679"}],"wp:featuredmedia":[{"embeddable":true,"href":"https:\/\/yume-silm.com\/it\/wp-json\/wp\/v2\/media\/8704"}],"wp:attachment":[{"href":"https:\/\/yume-silm.com\/it\/wp-json\/wp\/v2\/media?parent=8679"}],"wp:term":[{"taxonomy":"product_brand","embeddable":true,"href":"https:\/\/yume-silm.com\/it\/wp-json\/wp\/v2\/product_brand?post=8679"},{"taxonomy":"product_cat","embeddable":true,"href":"https:\/\/yume-silm.com\/it\/wp-json\/wp\/v2\/product_cat?post=8679"},{"taxonomy":"product_tag","embeddable":true,"href":"https:\/\/yume-silm.com\/it\/wp-json\/wp\/v2\/product_tag?post=8679"}],"curies":[{"name":"wp","href":"https:\/\/api.w.org\/{rel}","templated":true}]}}