{"id":8713,"date":"2024-07-04T06:52:23","date_gmt":"2024-07-04T06:52:23","guid":{"rendered":"https:\/\/yume-silm.com\/?post_type=product&#038;p=8713"},"modified":"2025-05-22T08:20:28","modified_gmt":"2025-05-22T08:20:28","slug":"body-collant-sexy-da-donna-con-controllo-della-pancia","status":"publish","type":"product","link":"https:\/\/yume-silm.com\/it\/prodotto\/body-collant-sexy-da-donna-con-controllo-della-pancia\/","title":{"rendered":"Body modellante aderente in pizzo da donna"},"content":{"rendered":"<h5>Caratteristiche del progetto<\/h5>\n<ul>\n<li><strong>EFFETTO LIFT PANCIA E FIANCHI<\/strong>: Questo body modellante aderente in pizzo senza maniche, appositamente progettato per modellare l&#039;addome, pu\u00f2 aiutarti a coprire l&#039;intero addome in modo ad alta pressione. Quando lo indossi, il nostro intimo modellante per il sollevamento dell&#039;anca controller\u00e0 il grasso addominale, ridurr\u00e0 la circonferenza extra della vita, migliorer\u00e0 la postura della schiena, stringer\u00e0 il grasso su entrambi i lati del corpo e mostrer\u00e0 immediatamente la curva della vita.<\/li>\n<li><strong>REGOLAZIONE DEL CINTURINO<\/strong>: Ognuno \u00e8 unico, puoi regolare i nostri collant in pizzo finch\u00e9 non si adattano. Quando sei stanco dal lavoro o pensi che la lunghezza della tracolla sia troppo rientrata, puoi regolarla alla lunghezza che preferisci per ridurre la pressione sulle spalle.<\/li>\n<li><strong>IL CAVALLO \u00c8 PROGETTATO CON UN GANCIO<\/strong>: Il cavallo di questo body modellante aderente in pizzo \u00e8 progettato con un gancio, che rende i collant in vita pi\u00f9 comodi, comodi da usare in bagno e facili da indossare e da togliere.<\/li>\n<li><strong>ADATTO A DIVERSE OCCASIONI<\/strong>: Questo body modellante aderente in pizzo pu\u00f2 essere utilizzato non solo come intimo modellante senza cuciture sotto un vestito, ma anche come intimo modellante quotidiano per le donne, donandoti un look elegante.<\/li>\n<\/ul>\n<p><a href=\"https:\/\/yume-silm.com\/wp-content\/uploads\/2024\/07\/Womens-Lace-Tight-Shapewear-Bodysuit-01.jpg\"><img fetchpriority=\"high\" decoding=\"async\" class=\"alignnone wp-image-8777 size-medium\" src=\"https:\/\/yume-silm.com\/wp-content\/uploads\/2024\/07\/Womens-Lace-Tight-Shapewear-Bodysuit-01-300x300.jpg\" alt=\"body modellante attillato in pizzo da donna\" width=\"300\" height=\"300\" title=\"\" srcset=\"https:\/\/yume-silm.com\/wp-content\/uploads\/2024\/07\/Womens-Lace-Tight-Shapewear-Bodysuit-01-300x300.jpg 300w, https:\/\/yume-silm.com\/wp-content\/uploads\/2024\/07\/Womens-Lace-Tight-Shapewear-Bodysuit-01-150x150.jpg 150w, https:\/\/yume-silm.com\/wp-content\/uploads\/2024\/07\/Womens-Lace-Tight-Shapewear-Bodysuit-01-768x768.jpg 768w, https:\/\/yume-silm.com\/wp-content\/uploads\/2024\/07\/Womens-Lace-Tight-Shapewear-Bodysuit-01-12x12.jpg 12w, https:\/\/yume-silm.com\/wp-content\/uploads\/2024\/07\/Womens-Lace-Tight-Shapewear-Bodysuit-01-100x100.jpg 100w, https:\/\/yume-silm.com\/wp-content\/uploads\/2024\/07\/Womens-Lace-Tight-Shapewear-Bodysuit-01.jpg 800w\" sizes=\"(max-width: 300px) 100vw, 300px\" \/><\/a><a href=\"https:\/\/yume-silm.com\/wp-content\/uploads\/2024\/07\/Womens-Lace-Tight-Shapewear-Bodysuit-details-02.jpg\"><img decoding=\"async\" class=\"alignnone wp-image-8779 size-medium\" src=\"https:\/\/yume-silm.com\/wp-content\/uploads\/2024\/07\/Womens-Lace-Tight-Shapewear-Bodysuit-details-02-300x300.jpg\" alt=\"body modellante attillato in pizzo da donna\" width=\"300\" height=\"300\" title=\"\" srcset=\"https:\/\/yume-silm.com\/wp-content\/uploads\/2024\/07\/Womens-Lace-Tight-Shapewear-Bodysuit-details-02-300x300.jpg 300w, https:\/\/yume-silm.com\/wp-content\/uploads\/2024\/07\/Womens-Lace-Tight-Shapewear-Bodysuit-details-02-150x150.jpg 150w, https:\/\/yume-silm.com\/wp-content\/uploads\/2024\/07\/Womens-Lace-Tight-Shapewear-Bodysuit-details-02-768x768.jpg 768w, https:\/\/yume-silm.com\/wp-content\/uploads\/2024\/07\/Womens-Lace-Tight-Shapewear-Bodysuit-details-02-12x12.jpg 12w, https:\/\/yume-silm.com\/wp-content\/uploads\/2024\/07\/Womens-Lace-Tight-Shapewear-Bodysuit-details-02-100x100.jpg 100w, https:\/\/yume-silm.com\/wp-content\/uploads\/2024\/07\/Womens-Lace-Tight-Shapewear-Bodysuit-details-02.jpg 800w\" sizes=\"(max-width: 300px) 100vw, 300px\" \/><\/a><\/p>\n<p>&nbsp;<\/p>\n<p>&nbsp;<\/p>\n<h6><em>Intimo modellante senza maniche in pizzo da donna per rassodare la pancia e sollevare i glutei<\/em><\/h6>\n<ul>\n<li>Questo intimo modellante in pizzo senza maniche \u00e8 adatto per l&#039;addominoplastica quotidiana e il sollevamento dei glutei da donna, puoi indossarlo in ogni occasione per mostrare la tua figura migliore, radiosa, con un tono semplice e alla moda, pi\u00f9 accattivante. Contattaci velocemente per ottenerlo.<\/li>\n<\/ul>","protected":false},"excerpt":{"rendered":"<div data-slate-node=\"element\" data-slate-fragment=\"JTVCJTdCJTIydHlwZSUyMiUzQSUyMnBhcmFncmFwaCUyMiUyQyUyMmNoaWxkcmVuJTIyJTNBJTVCJTdCJTIydGV4dCUyMiUzQSUyMldvbWVuJ3MlMjBTdXBlciUyMEVsYXN0aWMlMjBCZWxseSUyMGFuZCUyMEhpcCUyMExpZnQlMjBvbmVzaWUlMjIlMkMlMjJzZW50ZW5jZSUyMiUzQTUlMkMlMjJjaGlsZFNlbnRlbmNlJTIyJTNBMSU3RCU1RCU3RCUyQyU3QiUyMnR5cGUlMjIlM0ElMjJwYXJhZ3JhcGglMjIlMkMlMjJjaGlsZHJlbiUyMiUzQSU1QiU3QiUyMnRleHQlMjIlM0ElMjJXZWFyJTIwb3VyJTIwbmV3JTIwYmVsbHklMjBhbmQlMjBoaXAlMjBvbmVzaWUlMkMlMjBzaG93JTIwb2ZmJTIweW91ciUyMGhvdXJnbGFzcy1zaGFwZWQlMjBmaWd1cmUlMkMlMjBhbmQlMjB5b3UlMjBjYW4lMjBjb25maWRlbnRseSUyMHNoaW5lJTIwaW4lMjBhbnklMjBzaXR1YXRpb24uJTIwJTIyJTJDJTIyc2VudGVuY2UlMjIlM0E2JTJDJTIyY2hpbGRTZW50ZW5jZSUyMiUzQTElN0QlMkMlN0IlMjJ0ZXh0JTIyJTNBJTIyR2V0JTIwaXQlMjBhbmQlMjB3ZWxjb21lJTIwYSUyMGJldHRlciUyMHZlcnNpb24lMjBvZiUyMHlvdXJzZWxmLiUyMiUyQyUyMnNlbnRlbmNlJTIyJTNBNiUyQyUyMmNoaWxkU2VudGVuY2UlMjIlM0EyJTdEJTVEJTdEJTVE\">Mostra la tua figura a clessidra nel nostro body modellante aderente in pizzo e potrai brillare in ogni occasione, ottenerlo e dare il benvenuto a una versione migliore di te stessa.<\/div>","protected":false},"featured_media":8715,"comment_status":"open","ping_status":"closed","template":"","meta":{"site-sidebar-layout":"default","site-content-layout":"","ast-site-content-layout":"default","site-content-style":"default","site-sidebar-style":"default","ast-global-header-display":"","ast-banner-title-visibility":"","ast-main-header-display":"","ast-hfb-above-header-display":"","ast-hfb-below-header-display":"","ast-hfb-mobile-header-display":"","site-post-title":"","ast-breadcrumbs-content":"","ast-featured-img":"","footer-sml-layout":"","ast-disable-related-posts":"","theme-transparent-header-meta":"default","adv-header-id-meta":"","stick-header-meta":"default","header-above-stick-meta":"","header-main-stick-meta":"","header-below-stick-meta":"","astra-migrate-meta-layouts":"set","ast-page-background-enabled":"default","ast-page-background-meta":{"desktop":{"background-color":"","background-image":"","background-repeat":"repeat","background-position":"center center","background-size":"auto","background-attachment":"scroll","background-type":"","background-media":"","overlay-type":"","overlay-color":"","overlay-opacity":"","overlay-gradient":""},"tablet":{"background-color":"","background-image":"","background-repeat":"repeat","background-position":"center center","background-size":"auto","background-attachment":"scroll","background-type":"","background-media":"","overlay-type":"","overlay-color":"","overlay-opacity":"","overlay-gradient":""},"mobile":{"background-color":"","background-image":"","background-repeat":"repeat","background-position":"center center","background-size":"auto","background-attachment":"scroll","background-type":"","background-media":"","overlay-type":"","overlay-color":"","overlay-opacity":"","overlay-gradient":""}},"ast-content-background-meta":{"desktop":{"background-color":"var(--ast-global-color-5)","background-image":"","background-repeat":"repeat","background-position":"center center","background-size":"auto","background-attachment":"scroll","background-type":"","background-media":"","overlay-type":"","overlay-color":"","overlay-opacity":"","overlay-gradient":""},"tablet":{"background-color":"var(--ast-global-color-5)","background-image":"","background-repeat":"repeat","background-position":"center center","background-size":"auto","background-attachment":"scroll","background-type":"","background-media":"","overlay-type":"","overlay-color":"","overlay-opacity":"","overlay-gradient":""},"mobile":{"background-color":"var(--ast-global-color-5)","background-image":"","background-repeat":"repeat","background-position":"center center","background-size":"auto","background-attachment":"scroll","background-type":"","background-media":"","overlay-type":"","overlay-color":"","overlay-opacity":"","overlay-gradient":""}}},"product_brand":[],"product_cat":[65,76,77,82,81],"product_tag":[137,423,649,491,535,650],"class_list":{"0":"post-8713","1":"product","2":"type-product","3":"status-publish","4":"has-post-thumbnail","6":"product_cat-best-sellers","7":"product_cat-new-arrivels","8":"product_cat-wholesale-womens-shapewear","9":"product_cat-wholesale-shapewear-bodysuit","10":"product_cat-wholesale-slimming-tank-top","11":"product_tag-butt-lift","12":"product_tag-hip-lifting-panties","13":"product_tag-lace-lover","14":"product_tag-seamless","15":"product_tag-slimming","16":"product_tag-suspender","17":"pa_color-black","18":"pa_color-brown","19":"pa_size-l","20":"pa_size-m","21":"pa_size-s","22":"pa_size-xl","23":"pa_size-xxl","24":"pa_size-xxxl","25":"desktop-align-center","26":"tablet-align-left","27":"mobile-align-left","28":"ast-product-gallery-layout-horizontal-slider","29":"ast-product-single-variable","30":"ast-product-tabs-layout-horizontal","31":"ast-qv-on-image","33":"first","34":"instock","35":"shipping-taxable","36":"purchasable","37":"product-type-variable"},"tiered_pricing_type":"fixed","tiered_pricing_fixed_rules":{"2":10.35,"50":9.2,"100":8.05},"tiered_pricing_product_settings":{"layout":"default","base_unit_name":{"singular":null,"plural":null},"default_variation":null},"tiered_pricing_minimum_quantity":null,"tiered_pricing_roles_data":[],"tiered_pricing_percentage_rules":[],"_links":{"self":[{"href":"https:\/\/yume-silm.com\/it\/wp-json\/wp\/v2\/product\/8713","targetHints":{"allow":["GET"]}}],"collection":[{"href":"https:\/\/yume-silm.com\/it\/wp-json\/wp\/v2\/product"}],"about":[{"href":"https:\/\/yume-silm.com\/it\/wp-json\/wp\/v2\/types\/product"}],"replies":[{"embeddable":true,"href":"https:\/\/yume-silm.com\/it\/wp-json\/wp\/v2\/comments?post=8713"}],"wp:featuredmedia":[{"embeddable":true,"href":"https:\/\/yume-silm.com\/it\/wp-json\/wp\/v2\/media\/8715"}],"wp:attachment":[{"href":"https:\/\/yume-silm.com\/it\/wp-json\/wp\/v2\/media?parent=8713"}],"wp:term":[{"taxonomy":"product_brand","embeddable":true,"href":"https:\/\/yume-silm.com\/it\/wp-json\/wp\/v2\/product_brand?post=8713"},{"taxonomy":"product_cat","embeddable":true,"href":"https:\/\/yume-silm.com\/it\/wp-json\/wp\/v2\/product_cat?post=8713"},{"taxonomy":"product_tag","embeddable":true,"href":"https:\/\/yume-silm.com\/it\/wp-json\/wp\/v2\/product_tag?post=8713"}],"curies":[{"name":"wp","href":"https:\/\/api.w.org\/{rel}","templated":true}]}}