{"id":8877,"date":"2024-07-06T05:34:41","date_gmt":"2024-07-06T05:34:41","guid":{"rendered":"https:\/\/yume-silm.com\/?post_type=product&#038;p=8877"},"modified":"2025-06-24T05:29:52","modified_gmt":"2025-06-24T05:29:52","slug":"modellante-per-tutto-il-corpo-dopo-lintervento-chirurgico","status":"publish","type":"product","link":"https:\/\/yume-silm.com\/it\/prodotto\/modellante-per-tutto-il-corpo-dopo-lintervento-chirurgico\/","title":{"rendered":"Indumenti modellanti post-operatori per tutto il corpo"},"content":{"rendered":"<h5>Caratteristiche del progetto<\/h5>\n<ul>\n<li><strong>TUTA AL GINOCCHIO STAMPATA A COMPRESSIONE:<\/strong>Questo modellante post-operatorio modellante per tutto il corpo \u00e8 realizzato in tessuto traspirante, morbido e traspirante, che pu\u00f2 accelerare il recupero postoperatorio e aiutarti a recuperare pi\u00f9 velocemente<\/li>\n<li><strong>CONFORTEVOLE DESIGN SOLLEVATORE DEL TORACE SENZA FILI<\/strong>: Il nostro modellante al ginocchio con senza maniche \u00e8 progettato con supporto toracico wireless per garantire una vestibilit\u00e0 comoda e un tessuto ad alta elasticit\u00e0. Il nuovo body addominale \u00e8 adatto a diverse forme di torace, offrendo allo stesso tempo comfort e curve attraenti.<\/li>\n<li><strong>SOLLEVAMENTO DELL&#039;HIP E DESIGN OPEN-END<\/strong>: Il nostro modellatore per il corpo a tenuta addominale pu\u00f2 sollevare istantaneamente i fianchi per aiutarti a ottenere la figura ideale. Con un design a cavallo aperto, indossa un body senza cuciture e nasconditi con i tuoi vestiti preferiti in qualsiasi momento per abbracciare le curve attraenti dei fianchi.<\/li>\n<li><strong>FUNZIONE<\/strong>: La compressione al ginocchio e alla coscia di questi pantaloni dimagranti a met\u00e0 coscia previene le abrasioni, il design 3D dell&#039;anca rafforza naturalmente i fianchi e la pressione di compressione moderata stringe il grasso sciolto.<\/li>\n<\/ul>\n<p><a href=\"https:\/\/yume-silm.com\/wp-content\/uploads\/2024\/07\/surgery-body-shape-kneen-butt-lifter-shapewear-hourglass-figure-01.jpg\"><img fetchpriority=\"high\" decoding=\"async\" class=\"alignnone wp-image-8880 size-medium\" src=\"https:\/\/yume-silm.com\/wp-content\/uploads\/2024\/07\/surgery-body-shape-kneen-butt-lifter-shapewear-hourglass-figure-01-300x300.jpg\" alt=\"modellante per tutto il corpo dopo l&#039;intervento chirurgico\" width=\"300\" height=\"300\" title=\"\" srcset=\"https:\/\/yume-silm.com\/wp-content\/uploads\/2024\/07\/surgery-body-shape-kneen-butt-lifter-shapewear-hourglass-figure-01-300x300.jpg 300w, https:\/\/yume-silm.com\/wp-content\/uploads\/2024\/07\/surgery-body-shape-kneen-butt-lifter-shapewear-hourglass-figure-01-150x150.jpg 150w, https:\/\/yume-silm.com\/wp-content\/uploads\/2024\/07\/surgery-body-shape-kneen-butt-lifter-shapewear-hourglass-figure-01-768x768.jpg 768w, https:\/\/yume-silm.com\/wp-content\/uploads\/2024\/07\/surgery-body-shape-kneen-butt-lifter-shapewear-hourglass-figure-01-12x12.jpg 12w, https:\/\/yume-silm.com\/wp-content\/uploads\/2024\/07\/surgery-body-shape-kneen-butt-lifter-shapewear-hourglass-figure-01-100x100.jpg 100w, https:\/\/yume-silm.com\/wp-content\/uploads\/2024\/07\/surgery-body-shape-kneen-butt-lifter-shapewear-hourglass-figure-01.jpg 800w\" sizes=\"(max-width: 300px) 100vw, 300px\" \/><\/a><a href=\"https:\/\/yume-silm.com\/wp-content\/uploads\/2024\/07\/tummy-control-post-surgery-body-shape-kneen-butt-lifter-shapewear-hourglass-figure.jpg\"><img decoding=\"async\" class=\"alignnone wp-image-8881 size-medium\" src=\"https:\/\/yume-silm.com\/wp-content\/uploads\/2024\/07\/tummy-control-post-surgery-body-shape-kneen-butt-lifter-shapewear-hourglass-figure-300x300.jpg\" alt=\"modellante per tutto il corpo dopo l&#039;intervento chirurgico\" width=\"300\" height=\"300\" title=\"\" srcset=\"https:\/\/yume-silm.com\/wp-content\/uploads\/2024\/07\/tummy-control-post-surgery-body-shape-kneen-butt-lifter-shapewear-hourglass-figure-300x300.jpg 300w, https:\/\/yume-silm.com\/wp-content\/uploads\/2024\/07\/tummy-control-post-surgery-body-shape-kneen-butt-lifter-shapewear-hourglass-figure-150x150.jpg 150w, https:\/\/yume-silm.com\/wp-content\/uploads\/2024\/07\/tummy-control-post-surgery-body-shape-kneen-butt-lifter-shapewear-hourglass-figure-768x768.jpg 768w, https:\/\/yume-silm.com\/wp-content\/uploads\/2024\/07\/tummy-control-post-surgery-body-shape-kneen-butt-lifter-shapewear-hourglass-figure-12x12.jpg 12w, https:\/\/yume-silm.com\/wp-content\/uploads\/2024\/07\/tummy-control-post-surgery-body-shape-kneen-butt-lifter-shapewear-hourglass-figure-100x100.jpg 100w, https:\/\/yume-silm.com\/wp-content\/uploads\/2024\/07\/tummy-control-post-surgery-body-shape-kneen-butt-lifter-shapewear-hourglass-figure.jpg 800w\" sizes=\"(max-width: 300px) 100vw, 300px\" \/><\/a><\/p>\n<h6><em>Body compressivo per il sollevamento dei glutei da donna postoperatorio<\/em><\/h6>\n<ul>\n<li>Il nuovo modellatore per il corpo dimagrante addominale ha un design al ginocchio e un design con schienale alto, che ti consente di rimetterti in forma comodamente migliorando la forma del tuo corpo. Indossa il nostro nuovo body shaper post-operatorio per tornare pi\u00f9 velocemente al tuo corpo perfetto pre-operatorio.<\/li>\n<\/ul>","protected":false},"excerpt":{"rendered":"<p>Il nuovo intimo modellante ad alta compressione Fajas con cerniera e ganci presenta un design al ginocchio e schienale alto, che ti consente di tornare comodamente in forma migliorando il tuo fisico. Avrai un aspetto fantastico e ti sentirai sicuro nel nostro nuovo corsetto addominale post-operatorio.<\/p>","protected":false},"featured_media":8882,"comment_status":"open","ping_status":"closed","template":"","meta":{"site-sidebar-layout":"default","site-content-layout":"","ast-site-content-layout":"default","site-content-style":"default","site-sidebar-style":"default","ast-global-header-display":"","ast-banner-title-visibility":"","ast-main-header-display":"","ast-hfb-above-header-display":"","ast-hfb-below-header-display":"","ast-hfb-mobile-header-display":"","site-post-title":"","ast-breadcrumbs-content":"","ast-featured-img":"","footer-sml-layout":"","ast-disable-related-posts":"","theme-transparent-header-meta":"default","adv-header-id-meta":"","stick-header-meta":"default","header-above-stick-meta":"","header-main-stick-meta":"","header-below-stick-meta":"","astra-migrate-meta-layouts":"set","ast-page-background-enabled":"default","ast-page-background-meta":{"desktop":{"background-color":"","background-image":"","background-repeat":"repeat","background-position":"center center","background-size":"auto","background-attachment":"scroll","background-type":"","background-media":"","overlay-type":"","overlay-color":"","overlay-opacity":"","overlay-gradient":""},"tablet":{"background-color":"","background-image":"","background-repeat":"repeat","background-position":"center center","background-size":"auto","background-attachment":"scroll","background-type":"","background-media":"","overlay-type":"","overlay-color":"","overlay-opacity":"","overlay-gradient":""},"mobile":{"background-color":"","background-image":"","background-repeat":"repeat","background-position":"center center","background-size":"auto","background-attachment":"scroll","background-type":"","background-media":"","overlay-type":"","overlay-color":"","overlay-opacity":"","overlay-gradient":""}},"ast-content-background-meta":{"desktop":{"background-color":"var(--ast-global-color-5)","background-image":"","background-repeat":"repeat","background-position":"center center","background-size":"auto","background-attachment":"scroll","background-type":"","background-media":"","overlay-type":"","overlay-color":"","overlay-opacity":"","overlay-gradient":""},"tablet":{"background-color":"var(--ast-global-color-5)","background-image":"","background-repeat":"repeat","background-position":"center center","background-size":"auto","background-attachment":"scroll","background-type":"","background-media":"","overlay-type":"","overlay-color":"","overlay-opacity":"","overlay-gradient":""},"mobile":{"background-color":"var(--ast-global-color-5)","background-image":"","background-repeat":"repeat","background-position":"center center","background-size":"auto","background-attachment":"scroll","background-type":"","background-media":"","overlay-type":"","overlay-color":"","overlay-opacity":"","overlay-gradient":""}}},"product_brand":[],"product_cat":[65,77,78,82],"product_tag":[657,658,659,656,655,653,491,213,535,654],"class_list":{"0":"post-8877","1":"product","2":"type-product","3":"status-publish","4":"has-post-thumbnail","6":"product_cat-best-sellers","7":"product_cat-wholesale-womens-shapewear","8":"product_cat-wholesale-full-body-shaper","9":"product_cat-wholesale-shapewear-bodysuit","10":"product_tag-abdominal-shapewear","11":"product_tag-full-body-shaper","12":"product_tag-hip-lift","13":"product_tag-knee-length-shapewear","14":"product_tag-lift-butt","15":"product_tag-post-surgery-shapewear","16":"product_tag-seamless","17":"product_tag-sleeveless","18":"product_tag-slimming","19":"product_tag-tight","20":"pa_color-beige","21":"pa_color-black","22":"pa_size-3xl","23":"pa_size-l","24":"pa_size-m","25":"pa_size-s","26":"pa_size-xl","27":"pa_size-xs","28":"pa_size-xxl","29":"desktop-align-center","30":"tablet-align-left","31":"mobile-align-left","32":"ast-product-gallery-layout-horizontal-slider","33":"ast-product-single-variable","34":"ast-product-tabs-layout-horizontal","35":"ast-qv-on-image","37":"first","38":"instock","39":"shipping-taxable","40":"purchasable","41":"product-type-variable"},"tiered_pricing_type":"fixed","tiered_pricing_fixed_rules":{"2":27,"50":24,"100":21},"tiered_pricing_product_settings":{"layout":"default","base_unit_name":{"singular":null,"plural":null},"default_variation":null},"tiered_pricing_minimum_quantity":null,"tiered_pricing_roles_data":[],"tiered_pricing_percentage_rules":[],"_links":{"self":[{"href":"https:\/\/yume-silm.com\/it\/wp-json\/wp\/v2\/product\/8877","targetHints":{"allow":["GET"]}}],"collection":[{"href":"https:\/\/yume-silm.com\/it\/wp-json\/wp\/v2\/product"}],"about":[{"href":"https:\/\/yume-silm.com\/it\/wp-json\/wp\/v2\/types\/product"}],"replies":[{"embeddable":true,"href":"https:\/\/yume-silm.com\/it\/wp-json\/wp\/v2\/comments?post=8877"}],"wp:featuredmedia":[{"embeddable":true,"href":"https:\/\/yume-silm.com\/it\/wp-json\/wp\/v2\/media\/8882"}],"wp:attachment":[{"href":"https:\/\/yume-silm.com\/it\/wp-json\/wp\/v2\/media?parent=8877"}],"wp:term":[{"taxonomy":"product_brand","embeddable":true,"href":"https:\/\/yume-silm.com\/it\/wp-json\/wp\/v2\/product_brand?post=8877"},{"taxonomy":"product_cat","embeddable":true,"href":"https:\/\/yume-silm.com\/it\/wp-json\/wp\/v2\/product_cat?post=8877"},{"taxonomy":"product_tag","embeddable":true,"href":"https:\/\/yume-silm.com\/it\/wp-json\/wp\/v2\/product_tag?post=8877"}],"curies":[{"name":"wp","href":"https:\/\/api.w.org\/{rel}","templated":true}]}}