{"id":9426,"date":"2024-07-18T07:00:31","date_gmt":"2024-07-18T07:00:31","guid":{"rendered":"https:\/\/yume-silm.com\/?post_type=product&#038;p=9426"},"modified":"2025-05-29T03:34:36","modified_gmt":"2025-05-29T03:34:36","slug":"tuta-da-sauna-per-lallenamento-completo-della-vita-del-corpo-3-in-1","status":"publish","type":"product","link":"https:\/\/yume-silm.com\/it\/prodotto\/tuta-da-sauna-per-lallenamento-completo-della-vita-del-corpo-3-in-1\/","title":{"rendered":"Tuta da sauna snellente per tutto il corpo, 3 in 1"},"content":{"rendered":"<div data-slate-node=\"element\">\n<h5>Caratteristiche del progetto<\/h5>\n<\/div>\n<ul>\n<li data-slate-node=\"element\"><span class=\"\" data-slate-node=\"text\"><span data-slate-leaf=\"true\"><strong>PERDITA DI PESO<\/strong>: Questa tuta da sauna per tutto il corpo 3 in 1 \u00e8 dotata di un tessuto polimerico che assorbe il calore migliorato che favorisce la sudorazione intensa e aumenta la combustione dei grassi 5 volte durante gli allenamenti. Questo tessuto aumenta la temperatura corporea mentre il modellante termico aiuta ad aumentare la nostra temperatura corporea naturale e stimola la sudorazione attraverso l&#039;attivit\u00e0 fisica, portando alla perdita di peso.<br \/>\n<\/span><\/span><\/li>\n<li data-slate-node=\"element\"><strong>ALLENAMENTO IN VITA TRE IN UNO<\/strong> : pu\u00f2 essere utilizzato come gilet per il sudore + rifinitore per le braccia + pi\u00f9 sottile per le cosce, avvolge il tuo corpo a 360 \u00b0, rendendo tutto il tuo corpo pi\u00f9 snello, il design con cerniera facilita l&#039;abbigliamento, l&#039;esclusiva rete traspirante sotto l&#039;ascella e sul cavallo migliora il comfort del fitness, permettendoci di godere dei cambiamenti nello sport e nel benessere fisico.<\/li>\n<li data-slate-node=\"element\"><strong>DELICATO SULLA PELLE E CONFORTEVOLE<\/strong>: Questo <span class=\"\" data-slate-node=\"text\"><span data-slate-leaf=\"true\">Tuta da sauna snellente 3 in 1<\/span><\/span> \u00e8 realizzato in materiale polimerico argentato morbido e confortevole che assorbe il calore, che aumenta la temperatura corporea, allontana il sudore ed \u00e8 delicato sulla pelle allo stesso tempo.<\/li>\n<li data-slate-node=\"element\"><span data-slate-leaf=\"true\"><strong>SU MISURA<\/strong>: Queste saune sono state progettate pensando all&#039;ergonomia, offrendo versioni 3D per diversi tipi di corporatura, sia piccoli che grandi. <\/span><span class=\"\" style=\"font-size: 16px;\" data-slate-node=\"text\"><span data-slate-leaf=\"true\">I materiali ultraelastici consentono movimenti confortevoli durante gli allenamenti, rendendoli un&#039;opzione elegante e pratica per gli appassionati di fitness.<\/span><\/span><\/li>\n<\/ul>\n<p><a href=\"https:\/\/yume-silm.com\/wp-content\/uploads\/2024\/07\/Slimming-Sauna-Suit-Full-Body-WaistT-rainer-3-In-1-tummy-control-01-1.jpg\"><img fetchpriority=\"high\" decoding=\"async\" class=\"alignnone wp-image-9428 size-medium\" src=\"https:\/\/yume-silm.com\/wp-content\/uploads\/2024\/07\/Slimming-Sauna-Suit-Full-Body-WaistT-rainer-3-In-1-tummy-control-01-1-300x300.jpg\" alt=\"tuta da sauna dimagrante per allenamento completo del corpo 3 in 1\" width=\"300\" height=\"300\" title=\"\" srcset=\"https:\/\/yume-silm.com\/wp-content\/uploads\/2024\/07\/Slimming-Sauna-Suit-Full-Body-WaistT-rainer-3-In-1-tummy-control-01-1-300x300.jpg 300w, https:\/\/yume-silm.com\/wp-content\/uploads\/2024\/07\/Slimming-Sauna-Suit-Full-Body-WaistT-rainer-3-In-1-tummy-control-01-1-150x150.jpg 150w, https:\/\/yume-silm.com\/wp-content\/uploads\/2024\/07\/Slimming-Sauna-Suit-Full-Body-WaistT-rainer-3-In-1-tummy-control-01-1-768x768.jpg 768w, https:\/\/yume-silm.com\/wp-content\/uploads\/2024\/07\/Slimming-Sauna-Suit-Full-Body-WaistT-rainer-3-In-1-tummy-control-01-1-12x12.jpg 12w, https:\/\/yume-silm.com\/wp-content\/uploads\/2024\/07\/Slimming-Sauna-Suit-Full-Body-WaistT-rainer-3-In-1-tummy-control-01-1-100x100.jpg 100w, https:\/\/yume-silm.com\/wp-content\/uploads\/2024\/07\/Slimming-Sauna-Suit-Full-Body-WaistT-rainer-3-In-1-tummy-control-01-1.jpg 800w\" sizes=\"(max-width: 300px) 100vw, 300px\" \/><\/a> <a href=\"https:\/\/yume-silm.com\/wp-content\/uploads\/2024\/07\/Slimming-Sauna-Suit-Full-Body-WaistT-rainer-3-In-1-tummy-control-02.jpg\"><img decoding=\"async\" class=\"alignnone wp-image-9429 size-medium\" src=\"https:\/\/yume-silm.com\/wp-content\/uploads\/2024\/07\/Slimming-Sauna-Suit-Full-Body-WaistT-rainer-3-In-1-tummy-control-02-300x300.jpg\" alt=\"tuta da sauna dimagrante per allenamento completo del corpo 3 in 1\" width=\"300\" height=\"300\" title=\"\" srcset=\"https:\/\/yume-silm.com\/wp-content\/uploads\/2024\/07\/Slimming-Sauna-Suit-Full-Body-WaistT-rainer-3-In-1-tummy-control-02-300x300.jpg 300w, https:\/\/yume-silm.com\/wp-content\/uploads\/2024\/07\/Slimming-Sauna-Suit-Full-Body-WaistT-rainer-3-In-1-tummy-control-02-150x150.jpg 150w, https:\/\/yume-silm.com\/wp-content\/uploads\/2024\/07\/Slimming-Sauna-Suit-Full-Body-WaistT-rainer-3-In-1-tummy-control-02-768x768.jpg 768w, https:\/\/yume-silm.com\/wp-content\/uploads\/2024\/07\/Slimming-Sauna-Suit-Full-Body-WaistT-rainer-3-In-1-tummy-control-02-12x12.jpg 12w, https:\/\/yume-silm.com\/wp-content\/uploads\/2024\/07\/Slimming-Sauna-Suit-Full-Body-WaistT-rainer-3-In-1-tummy-control-02-100x100.jpg 100w, https:\/\/yume-silm.com\/wp-content\/uploads\/2024\/07\/Slimming-Sauna-Suit-Full-Body-WaistT-rainer-3-In-1-tummy-control-02.jpg 800w\" sizes=\"(max-width: 300px) 100vw, 300px\" \/><\/a><\/p>\n<h6><em>Tuta da sauna modellante per il corpo dimagrante per tutto il corpo<\/em><\/h6>\n<ul>\n<li>Realizzato in materiale polimerico argentato che assorbe il calore, pu\u00f2 aumentare la velocit\u00e0 di combustione dei grassi cinque volte durante l&#039;esercizio. Il design 3 in 1 pu\u00f2 farti ottenere l&#039;effetto di dimagrimento su tutto il corpo.<\/li>\n<\/ul>","protected":false},"excerpt":{"rendered":"<p>Indossando questa tuta da sauna per tutto il corpo in vita 3 in 1, avvolge il tuo corpo a 360 gradi. L&#039;esclusivo design in rete e tessuto super elastico sono scelte pratiche e alla moda per gli appassionati di fitness.<\/p>","protected":false},"featured_media":9430,"comment_status":"open","ping_status":"closed","template":"","meta":{"site-sidebar-layout":"default","site-content-layout":"","ast-site-content-layout":"default","site-content-style":"default","site-sidebar-style":"default","ast-global-header-display":"","ast-banner-title-visibility":"","ast-main-header-display":"","ast-hfb-above-header-display":"","ast-hfb-below-header-display":"","ast-hfb-mobile-header-display":"","site-post-title":"","ast-breadcrumbs-content":"","ast-featured-img":"","footer-sml-layout":"","ast-disable-related-posts":"","theme-transparent-header-meta":"default","adv-header-id-meta":"","stick-header-meta":"default","header-above-stick-meta":"","header-main-stick-meta":"","header-below-stick-meta":"","astra-migrate-meta-layouts":"set","ast-page-background-enabled":"default","ast-page-background-meta":{"desktop":{"background-color":"","background-image":"","background-repeat":"repeat","background-position":"center center","background-size":"auto","background-attachment":"scroll","background-type":"","background-media":"","overlay-type":"","overlay-color":"","overlay-opacity":"","overlay-gradient":""},"tablet":{"background-color":"","background-image":"","background-repeat":"repeat","background-position":"center center","background-size":"auto","background-attachment":"scroll","background-type":"","background-media":"","overlay-type":"","overlay-color":"","overlay-opacity":"","overlay-gradient":""},"mobile":{"background-color":"","background-image":"","background-repeat":"repeat","background-position":"center center","background-size":"auto","background-attachment":"scroll","background-type":"","background-media":"","overlay-type":"","overlay-color":"","overlay-opacity":"","overlay-gradient":""}},"ast-content-background-meta":{"desktop":{"background-color":"var(--ast-global-color-5)","background-image":"","background-repeat":"repeat","background-position":"center center","background-size":"auto","background-attachment":"scroll","background-type":"","background-media":"","overlay-type":"","overlay-color":"","overlay-opacity":"","overlay-gradient":""},"tablet":{"background-color":"var(--ast-global-color-5)","background-image":"","background-repeat":"repeat","background-position":"center center","background-size":"auto","background-attachment":"scroll","background-type":"","background-media":"","overlay-type":"","overlay-color":"","overlay-opacity":"","overlay-gradient":""},"mobile":{"background-color":"var(--ast-global-color-5)","background-image":"","background-repeat":"repeat","background-position":"center center","background-size":"auto","background-attachment":"scroll","background-type":"","background-media":"","overlay-type":"","overlay-color":"","overlay-opacity":"","overlay-gradient":""}}},"product_brand":[],"product_cat":[65,76,97,102],"product_tag":[702,700,698,699,701,697,417,696,633,214],"class_list":{"0":"post-9426","1":"product","2":"type-product","3":"status-publish","4":"has-post-thumbnail","6":"product_cat-best-sellers","7":"product_cat-new-arrivels","8":"product_cat-sauna-suit","9":"product_cat-full-body-sweat-suit","10":"product_tag-360-degrees","11":"product_tag-body-shape","12":"product_tag-breathable-mesh","13":"product_tag-comfort","14":"product_tag-fashionable","15":"product_tag-loss-weight","16":"product_tag-slim-fit","17":"product_tag-slimming-sauna-suit","18":"product_tag-sweat","19":"product_tag-waist-trainer","20":"pa_color-blue","21":"pa_color-silver","22":"pa_size-2xl","23":"pa_size-3xl","24":"pa_size-l","25":"pa_size-m","26":"pa_size-s","27":"pa_size-xl","28":"desktop-align-center","29":"tablet-align-left","30":"mobile-align-left","31":"ast-product-gallery-layout-horizontal-slider","32":"ast-product-single-variable","33":"ast-product-tabs-layout-horizontal","34":"ast-qv-on-image","36":"first","37":"instock","38":"shipping-taxable","39":"purchasable","40":"product-type-variable"},"tiered_pricing_type":"fixed","tiered_pricing_fixed_rules":{"2":5.4,"50":4.8,"100":4.2},"tiered_pricing_product_settings":{"layout":"default","base_unit_name":{"singular":null,"plural":null},"default_variation":null},"tiered_pricing_minimum_quantity":null,"tiered_pricing_roles_data":[],"tiered_pricing_percentage_rules":[],"_links":{"self":[{"href":"https:\/\/yume-silm.com\/it\/wp-json\/wp\/v2\/product\/9426","targetHints":{"allow":["GET"]}}],"collection":[{"href":"https:\/\/yume-silm.com\/it\/wp-json\/wp\/v2\/product"}],"about":[{"href":"https:\/\/yume-silm.com\/it\/wp-json\/wp\/v2\/types\/product"}],"replies":[{"embeddable":true,"href":"https:\/\/yume-silm.com\/it\/wp-json\/wp\/v2\/comments?post=9426"}],"wp:featuredmedia":[{"embeddable":true,"href":"https:\/\/yume-silm.com\/it\/wp-json\/wp\/v2\/media\/9430"}],"wp:attachment":[{"href":"https:\/\/yume-silm.com\/it\/wp-json\/wp\/v2\/media?parent=9426"}],"wp:term":[{"taxonomy":"product_brand","embeddable":true,"href":"https:\/\/yume-silm.com\/it\/wp-json\/wp\/v2\/product_brand?post=9426"},{"taxonomy":"product_cat","embeddable":true,"href":"https:\/\/yume-silm.com\/it\/wp-json\/wp\/v2\/product_cat?post=9426"},{"taxonomy":"product_tag","embeddable":true,"href":"https:\/\/yume-silm.com\/it\/wp-json\/wp\/v2\/product_tag?post=9426"}],"curies":[{"name":"wp","href":"https:\/\/api.w.org\/{rel}","templated":true}]}}