{"id":9499,"date":"2024-07-19T02:34:12","date_gmt":"2024-07-19T02:34:12","guid":{"rendered":"https:\/\/yume-silm.com\/?post_type=product&#038;p=9499"},"modified":"2025-05-29T03:34:47","modified_gmt":"2025-05-29T03:34:47","slug":"reggiseno-invisibile-monopezzo","status":"publish","type":"product","link":"https:\/\/yume-silm.com\/it\/prodotto\/reggiseno-invisibile-monopezzo\/","title":{"rendered":"Reggiseno invisibile monopezzo da donna 2024 Novit\u00e0"},"content":{"rendered":"<h5>Caratteristiche del progetto<\/h5>\n<ul>\n<li>\n<div data-slate-node=\"element\"><span data-slate-fragment=\"JTVCJTdCJTIydHlwZSUyMiUzQSUyMnBhcmFncmFwaCUyMiUyQyUyMmNoaWxkcmVuJTIyJTNBJTVCJTdCJTIydGV4dCUyMiUzQSUyMkdhdGhlcmluZyUyMiUyQyUyMnNlbnRlbmNlJTIyJTNBMyUyQyUyMmNoaWxkU2VudGVuY2UlMjIlM0EwJTdEJTVEJTdEJTVE\"><strong>ASSEMBRAMENTO<\/strong>:<\/span>Cinghie trasparenti, il reggiseno invisibile monopezzo \u00e8 realizzato in materiale siliconico ad alta adesione, che pu\u00f2 mantenere il seno in una posizione buona e comoda e renderlo pi\u00f9 spinto verso l&#039;alto.<\/div>\n<\/li>\n<li>\n<div data-slate-node=\"element\"><span class=\"\" data-slate-node=\"text\"><span data-slate-leaf=\"true\"><strong>DESIGN A V PROFONDO<\/strong>: Questo reggiseno informe monopezzo \u00e8 progettato per massimizzare la scollatura pur rimanendo comodo, fornendo un&#039;esposizione naturale della scollatura e aumentando il petto.<\/span><\/span><\/div>\n<\/li>\n<li>\n<div data-slate-node=\"element\"><span class=\"\" data-slate-node=\"text\"><span data-slate-leaf=\"true\"><strong>TRACOLLA REMOVIBILE<\/strong>: Puoi incrociare la bellissima biancheria intima sul retro e la spalla quotidiana pu\u00f2 anche essere indossata come versatile biancheria intima a tubo tra cui scegliere.<\/span><\/span><\/div>\n<\/li>\n<li>\n<div data-slate-node=\"element\"><span class=\"\" data-slate-node=\"text\"><span data-slate-leaf=\"true\"><strong>OCCASIONE<\/strong>: Il design a tinta unita \u00e8 ideale per top scollati, abiti da sposa, balli, abbigliamento quotidiano o abiti trasparenti senza spalline, damigelle d&#039;onore, abiti da ballo e abiti da sera formali<\/span><\/span><\/div>\n<\/li>\n<\/ul>\n<p><a href=\"https:\/\/yume-silm.com\/wp-content\/uploads\/2024\/07\/Bra-for-Women-2024-New-adhesive-bra-reusable-strapless-silicone-bra-bikini-02.jpg\"><img fetchpriority=\"high\" decoding=\"async\" class=\"alignnone wp-image-9506 size-medium\" src=\"https:\/\/yume-silm.com\/wp-content\/uploads\/2024\/07\/Bra-for-Women-2024-New-adhesive-bra-reusable-strapless-silicone-bra-bikini-02-300x300.jpg\" alt=\"Reggiseno invisibile monopezzo per donna 2024 nuovo\" width=\"300\" height=\"300\" title=\"\" srcset=\"https:\/\/yume-silm.com\/wp-content\/uploads\/2024\/07\/Bra-for-Women-2024-New-adhesive-bra-reusable-strapless-silicone-bra-bikini-02-300x300.jpg 300w, https:\/\/yume-silm.com\/wp-content\/uploads\/2024\/07\/Bra-for-Women-2024-New-adhesive-bra-reusable-strapless-silicone-bra-bikini-02-150x150.jpg 150w, https:\/\/yume-silm.com\/wp-content\/uploads\/2024\/07\/Bra-for-Women-2024-New-adhesive-bra-reusable-strapless-silicone-bra-bikini-02-768x768.jpg 768w, https:\/\/yume-silm.com\/wp-content\/uploads\/2024\/07\/Bra-for-Women-2024-New-adhesive-bra-reusable-strapless-silicone-bra-bikini-02-12x12.jpg 12w, https:\/\/yume-silm.com\/wp-content\/uploads\/2024\/07\/Bra-for-Women-2024-New-adhesive-bra-reusable-strapless-silicone-bra-bikini-02-100x100.jpg 100w, https:\/\/yume-silm.com\/wp-content\/uploads\/2024\/07\/Bra-for-Women-2024-New-adhesive-bra-reusable-strapless-silicone-bra-bikini-02.jpg 800w\" sizes=\"(max-width: 300px) 100vw, 300px\" \/><\/a><a href=\"https:\/\/yume-silm.com\/wp-content\/uploads\/2024\/07\/One-Piece-Invisible-Bra-for-Women-2024-New-adhesive-bra-reusable-strapless-silicone-bra-02.jpg\"><img decoding=\"async\" class=\"alignnone wp-image-9502 size-medium\" src=\"https:\/\/yume-silm.com\/wp-content\/uploads\/2024\/07\/One-Piece-Invisible-Bra-for-Women-2024-New-adhesive-bra-reusable-strapless-silicone-bra-02-300x300.jpg\" alt=\"Reggiseno invisibile monopezzo per donna 2024 nuovo\" width=\"300\" height=\"300\" title=\"\" srcset=\"https:\/\/yume-silm.com\/wp-content\/uploads\/2024\/07\/One-Piece-Invisible-Bra-for-Women-2024-New-adhesive-bra-reusable-strapless-silicone-bra-02-300x300.jpg 300w, https:\/\/yume-silm.com\/wp-content\/uploads\/2024\/07\/One-Piece-Invisible-Bra-for-Women-2024-New-adhesive-bra-reusable-strapless-silicone-bra-02-150x150.jpg 150w, https:\/\/yume-silm.com\/wp-content\/uploads\/2024\/07\/One-Piece-Invisible-Bra-for-Women-2024-New-adhesive-bra-reusable-strapless-silicone-bra-02-768x768.jpg 768w, https:\/\/yume-silm.com\/wp-content\/uploads\/2024\/07\/One-Piece-Invisible-Bra-for-Women-2024-New-adhesive-bra-reusable-strapless-silicone-bra-02-12x12.jpg 12w, https:\/\/yume-silm.com\/wp-content\/uploads\/2024\/07\/One-Piece-Invisible-Bra-for-Women-2024-New-adhesive-bra-reusable-strapless-silicone-bra-02-100x100.jpg 100w, https:\/\/yume-silm.com\/wp-content\/uploads\/2024\/07\/One-Piece-Invisible-Bra-for-Women-2024-New-adhesive-bra-reusable-strapless-silicone-bra-02.jpg 800w\" sizes=\"(max-width: 300px) 100vw, 300px\" \/><\/a><\/p>\n<p>&nbsp;<\/p>\n<h6 data-slate-node=\"element\"><em><span style=\"font-size: 16px;\">Reggiseno intero senza spalline in silicone da donna<\/span><\/em><\/h6>\n<ul>\n<li data-slate-node=\"element\" data-slate-fragment=\"JTVCJTdCJTIydHlwZSUyMiUzQSUyMnBhcmFncmFwaCUyMiUyQyUyMmNoaWxkcmVuJTIyJTNBJTVCJTdCJTIydGV4dCUyMiUzQSUyMldvbWVuJ3MlMjBTaWxpY29uZSUyMEJhY2tsZXNzJTIwU3RyYXBsZXNzJTIwVW5kZXJ3ZWFyJTIyJTJDJTIyc2VudGVuY2UlMjIlM0EwJTJDJTIyY2hpbGRTZW50ZW5jZSUyMiUzQTAlN0QlNUQlN0QlMkMlN0IlMjJ0eXBlJTIyJTNBJTIycGFyYWdyYXBoJTIyJTJDJTIyY2hpbGRyZW4lMjIlM0ElNUIlN0IlMjJ0ZXh0JTIyJTNBJTIySGlnaCUyMGFkaGVzaW9uJTIwc2lsaWNvbmUlMjBtYXRlcmlhbCUyMHdpdGglMjBzdHJhcGxlc3MlMjBkZXNpZ24lMkMlMjBjYW4lMjBiZSUyMG1hdGNoZWQlMjB3aXRoJTIwYW55JTIwY2xvdGhpbmclMjBpbiUyMGRhaWx5JTIwbGlmZSUyQyUyMHVuaXF1ZSUyMGRlc2lnbiUyMG1ha2VzJTIweW91JTIwbW9yZSUyMGRhenpsaW5nJTIwaW4lMjB0aGUlMjBjcm93ZCUyMiUyQyUyMnNlbnRlbmNlJTIyJTNBMSUyQyUyMmNoaWxkU2VudGVuY2UlMjIlM0EwJTdEJTVEJTdEJTVE\">Questo reggiseno invisibile da donna in un unico pezzo senza spalline in silicone \u00e8 realizzato in materiale siliconico ad alta viscosit\u00e0, con un design senza spalline, che pu\u00f2 essere abbinato a qualsiasi abbigliamento nella vita quotidiana, e il design unico ti rende pi\u00f9 abbagliante tra la folla<\/li>\n<\/ul>","protected":false},"excerpt":{"rendered":"<p>Indossa questo reggiseno invisibile da donna in un unico pezzo per rendere il tuo petto pi\u00f9 raccolto e, con il design sexy della profonda V e l&#039;aumento delle imbottiture spesse, il tuo petto sembra pi\u00f9 pieno.<\/p>","protected":false},"featured_media":9500,"comment_status":"open","ping_status":"closed","template":"","meta":{"site-sidebar-layout":"default","site-content-layout":"","ast-site-content-layout":"default","site-content-style":"default","site-sidebar-style":"default","ast-global-header-display":"","ast-banner-title-visibility":"","ast-main-header-display":"","ast-hfb-above-header-display":"","ast-hfb-below-header-display":"","ast-hfb-mobile-header-display":"","site-post-title":"","ast-breadcrumbs-content":"","ast-featured-img":"","footer-sml-layout":"","ast-disable-related-posts":"","theme-transparent-header-meta":"default","adv-header-id-meta":"","stick-header-meta":"default","header-above-stick-meta":"","header-main-stick-meta":"","header-below-stick-meta":"","astra-migrate-meta-layouts":"set","ast-page-background-enabled":"default","ast-page-background-meta":{"desktop":{"background-color":"","background-image":"","background-repeat":"repeat","background-position":"center center","background-size":"auto","background-attachment":"scroll","background-type":"","background-media":"","overlay-type":"","overlay-color":"","overlay-opacity":"","overlay-gradient":""},"tablet":{"background-color":"","background-image":"","background-repeat":"repeat","background-position":"center center","background-size":"auto","background-attachment":"scroll","background-type":"","background-media":"","overlay-type":"","overlay-color":"","overlay-opacity":"","overlay-gradient":""},"mobile":{"background-color":"","background-image":"","background-repeat":"repeat","background-position":"center center","background-size":"auto","background-attachment":"scroll","background-type":"","background-media":"","overlay-type":"","overlay-color":"","overlay-opacity":"","overlay-gradient":""}},"ast-content-background-meta":{"desktop":{"background-color":"var(--ast-global-color-5)","background-image":"","background-repeat":"repeat","background-position":"center center","background-size":"auto","background-attachment":"scroll","background-type":"","background-media":"","overlay-type":"","overlay-color":"","overlay-opacity":"","overlay-gradient":""},"tablet":{"background-color":"var(--ast-global-color-5)","background-image":"","background-repeat":"repeat","background-position":"center center","background-size":"auto","background-attachment":"scroll","background-type":"","background-media":"","overlay-type":"","overlay-color":"","overlay-opacity":"","overlay-gradient":""},"mobile":{"background-color":"var(--ast-global-color-5)","background-image":"","background-repeat":"repeat","background-position":"center center","background-size":"auto","background-attachment":"scroll","background-type":"","background-media":"","overlay-type":"","overlay-color":"","overlay-opacity":"","overlay-gradient":""}}},"product_brand":[],"product_cat":[65,259,584],"product_tag":[714,143,646,619,713,707,148,715,145,716,502,140],"class_list":{"0":"post-9499","1":"product","2":"type-product","3":"status-publish","4":"has-post-thumbnail","6":"product_cat-best-sellers","7":"product_cat-lingerie","8":"product_cat-adhesive-bras","9":"product_tag-adhesion-silicone","10":"product_tag-backless","11":"product_tag-comfortable","12":"product_tag-deep-v","13":"product_tag-gather","14":"product_tag-invisible","15":"product_tag-one-piece","16":"product_tag-pushed-up","17":"product_tag-sexy","18":"product_tag-shapeless","19":"product_tag-solid-color","20":"product_tag-strapless","21":"pa_color-beige","22":"pa_color-black","23":"pa_size-a","24":"pa_size-b","25":"pa_size-c","26":"pa_size-d","27":"desktop-align-center","28":"tablet-align-left","29":"mobile-align-left","30":"ast-product-gallery-layout-horizontal-slider","31":"ast-product-single-variable","32":"ast-product-tabs-layout-horizontal","33":"ast-qv-on-image","35":"first","36":"instock","37":"shipping-taxable","38":"purchasable","39":"product-type-variable"},"tiered_pricing_type":"fixed","tiered_pricing_fixed_rules":{"5":1.75,"50":1.55,"100":1.35},"tiered_pricing_product_settings":{"layout":"default","base_unit_name":{"singular":null,"plural":null},"default_variation":null},"tiered_pricing_minimum_quantity":null,"tiered_pricing_roles_data":[],"tiered_pricing_percentage_rules":[],"_links":{"self":[{"href":"https:\/\/yume-silm.com\/it\/wp-json\/wp\/v2\/product\/9499","targetHints":{"allow":["GET"]}}],"collection":[{"href":"https:\/\/yume-silm.com\/it\/wp-json\/wp\/v2\/product"}],"about":[{"href":"https:\/\/yume-silm.com\/it\/wp-json\/wp\/v2\/types\/product"}],"replies":[{"embeddable":true,"href":"https:\/\/yume-silm.com\/it\/wp-json\/wp\/v2\/comments?post=9499"}],"wp:featuredmedia":[{"embeddable":true,"href":"https:\/\/yume-silm.com\/it\/wp-json\/wp\/v2\/media\/9500"}],"wp:attachment":[{"href":"https:\/\/yume-silm.com\/it\/wp-json\/wp\/v2\/media?parent=9499"}],"wp:term":[{"taxonomy":"product_brand","embeddable":true,"href":"https:\/\/yume-silm.com\/it\/wp-json\/wp\/v2\/product_brand?post=9499"},{"taxonomy":"product_cat","embeddable":true,"href":"https:\/\/yume-silm.com\/it\/wp-json\/wp\/v2\/product_cat?post=9499"},{"taxonomy":"product_tag","embeddable":true,"href":"https:\/\/yume-silm.com\/it\/wp-json\/wp\/v2\/product_tag?post=9499"}],"curies":[{"name":"wp","href":"https:\/\/api.w.org\/{rel}","templated":true}]}}