{"id":9696,"date":"2024-07-29T02:25:19","date_gmt":"2024-07-29T02:25:19","guid":{"rendered":"https:\/\/yume-silm.com\/?post_type=product&#038;p=9696"},"modified":"2025-05-26T00:44:25","modified_gmt":"2025-05-26T00:44:25","slug":"pantaloncini-da-yoga-pieghettati-a-costine-senza-cuciture-da-donna","status":"publish","type":"product","link":"https:\/\/yume-silm.com\/it\/prodotto\/pantaloncini-da-yoga-pieghettati-a-costine-senza-cuciture-da-donna\/","title":{"rendered":"Pantaloncini da yoga pieghettati a costine senza cuciture tie-dye da donna"},"content":{"rendered":"<h5>Caratteristiche del progetto<\/h5>\n<ul>\n<li><strong>PANTALONI YOGA A VITA ALTA<\/strong>: Questi pantaloncini da yoga pieghettati a costine senza cuciture tie-dye da donna hanno vita alta con cintura elastica, progettati per adagiarsi sulla pelle e sull&#039;addome, possono stringere meglio il grasso tra la vita e l&#039;addome, creare curve morbide, contorni attraenti e modellare il sollevamento dell&#039;anca<\/li>\n<li><strong>DISEGNO PIEGHEVOLE<\/strong>: Questi pantaloncini da allenamento pieghettati a coste senza cuciture da donna hanno un effetto di sollevamento dell&#039;anca per creare un profilo attraente, aiutarti ad avere un fianco color pesca e farti sembrare pi\u00f9 sexy e attraente.<\/li>\n<li><strong>COMFORT MATERIALE<\/strong>: La combinazione di nylon e spandex crea un tessuto molto elastico e confortevole che pu\u00f2 muoversi con te durante l&#039;esercizio.<\/li>\n<li><strong>OCCASIONE<\/strong>: Questi pantaloncini da yoga sono versatili e pratici, ideali per yoga, corsa, ciclismo, fitness, danza e attivit\u00e0 ricreative.<\/li>\n<\/ul>\n<p><a href=\"https:\/\/yume-silm.com\/wp-content\/uploads\/2024\/07\/Womens-Tie-Dye-Seamless-Ribbed-Pleated-Yoga-Short.jpg\"><img fetchpriority=\"high\" decoding=\"async\" class=\"alignnone wp-image-9697 size-medium\" src=\"https:\/\/yume-silm.com\/wp-content\/uploads\/2024\/07\/Womens-Tie-Dye-Seamless-Ribbed-Pleated-Yoga-Short-300x300.jpg\" alt=\"pantaloncini da yoga a coste plissettati e senza cuciture, da donna, in tessuto tie-dye\" width=\"300\" height=\"300\" title=\"\" srcset=\"https:\/\/yume-silm.com\/wp-content\/uploads\/2024\/07\/Womens-Tie-Dye-Seamless-Ribbed-Pleated-Yoga-Short-300x300.jpg 300w, https:\/\/yume-silm.com\/wp-content\/uploads\/2024\/07\/Womens-Tie-Dye-Seamless-Ribbed-Pleated-Yoga-Short-150x150.jpg 150w, https:\/\/yume-silm.com\/wp-content\/uploads\/2024\/07\/Womens-Tie-Dye-Seamless-Ribbed-Pleated-Yoga-Short-768x768.jpg 768w, https:\/\/yume-silm.com\/wp-content\/uploads\/2024\/07\/Womens-Tie-Dye-Seamless-Ribbed-Pleated-Yoga-Short-12x12.jpg 12w, https:\/\/yume-silm.com\/wp-content\/uploads\/2024\/07\/Womens-Tie-Dye-Seamless-Ribbed-Pleated-Yoga-Short-100x100.jpg 100w, https:\/\/yume-silm.com\/wp-content\/uploads\/2024\/07\/Womens-Tie-Dye-Seamless-Ribbed-Pleated-Yoga-Short.jpg 800w\" sizes=\"(max-width: 300px) 100vw, 300px\" \/><\/a><\/p>\n<h6><em>Pantaloncini da yoga da donna tie-dye a vita alta per sollevare i fianchi<\/em><\/h6>\n<ul>\n<li><span data-slate-fragment=\"JTVCJTdCJTIydHlwZSUyMiUzQSUyMnBhcmFncmFwaCUyMiUyQyUyMmNoaWxkcmVuJTIyJTNBJTVCJTdCJTIydGV4dCUyMiUzQSUyMlRoaXMlMjB3b21lbidzJTIwdGllLWR5ZSUyMGhpZ2gtd2Fpc3RlZCUyMGhpcC1saWZ0aW5nJTIweW9nYSUyMHNob3J0cyUyQyUyMGElMjB2YXJpZXR5JTIwb2YlMjBjb2xvciUyMG9wdGlvbnMlMkMlMjB1c2luZyUyMHN1cGVyJTIwc29mdCUyQyUyMGJyZWF0aGFibGUlMjBmYWJyaWNzJTJDJTIwaGlnaC13YWlzdGVkJTIwZGVzaWduJTIwY2FuJTIwY3JlYXRlJTIwYSUyMHNtb290aCUyMGN1cnZlJTIwYW5kJTIwcGxlYXRlZCUyMGRlc2lnbiUyMGZvciUyMHlvdSUyQyUyMHdoaWNoJTIwY2FuJTIwcXVpY2tseSUyMGhlbHAlMjB5b3UlMjBoYXZlJTIwcGVhY2glMjBidXR0b2NrcyUyMGFuZCUyMG1ha2UlMjB5b3UlMjBsb29rJTIwbW9yZSUyMHNleHklMjBhbmQlMjBjaGFybWluZy4lMjIlMkMlMjJzZW50ZW5jZSUyMiUzQTAlMkMlMjJjaGlsZFNlbnRlbmNlJTIyJTNBMCU3RCU1RCU3RCU1RA==\">Ha una variet\u00e0 di opzioni di colore, utilizzando tessuti super morbidi e traspiranti, il design a vita alta pu\u00f2 creare una curva morbida e un design pieghettato per te, che pu\u00f2 aiutarti rapidamente ad avere natiche color pesca e farti sembrare pi\u00f9 sexy e affascinante.<\/span><\/li>\n<\/ul>","protected":false},"excerpt":{"rendered":"<p>Questi pantaloncini da yoga pieghettati a coste senza cuciture da donna presentano un design senza cuciture e la combinazione di nylon e spandex mantiene la parte superiore del corpo fresca, permettendoti di allenarti pi\u00f9 liberamente.<\/p>","protected":false},"featured_media":9699,"comment_status":"open","ping_status":"closed","template":"","meta":{"site-sidebar-layout":"default","site-content-layout":"","ast-site-content-layout":"default","site-content-style":"default","site-sidebar-style":"default","ast-global-header-display":"","ast-banner-title-visibility":"","ast-main-header-display":"","ast-hfb-above-header-display":"","ast-hfb-below-header-display":"","ast-hfb-mobile-header-display":"","site-post-title":"","ast-breadcrumbs-content":"","ast-featured-img":"","footer-sml-layout":"","ast-disable-related-posts":"","theme-transparent-header-meta":"default","adv-header-id-meta":"","stick-header-meta":"default","header-above-stick-meta":"","header-main-stick-meta":"","header-below-stick-meta":"","astra-migrate-meta-layouts":"set","ast-page-background-enabled":"default","ast-page-background-meta":{"desktop":{"background-color":"","background-image":"","background-repeat":"repeat","background-position":"center center","background-size":"auto","background-attachment":"scroll","background-type":"","background-media":"","overlay-type":"","overlay-color":"","overlay-opacity":"","overlay-gradient":""},"tablet":{"background-color":"","background-image":"","background-repeat":"repeat","background-position":"center center","background-size":"auto","background-attachment":"scroll","background-type":"","background-media":"","overlay-type":"","overlay-color":"","overlay-opacity":"","overlay-gradient":""},"mobile":{"background-color":"","background-image":"","background-repeat":"repeat","background-position":"center center","background-size":"auto","background-attachment":"scroll","background-type":"","background-media":"","overlay-type":"","overlay-color":"","overlay-opacity":"","overlay-gradient":""}},"ast-content-background-meta":{"desktop":{"background-color":"var(--ast-global-color-5)","background-image":"","background-repeat":"repeat","background-position":"center center","background-size":"auto","background-attachment":"scroll","background-type":"","background-media":"","overlay-type":"","overlay-color":"","overlay-opacity":"","overlay-gradient":""},"tablet":{"background-color":"var(--ast-global-color-5)","background-image":"","background-repeat":"repeat","background-position":"center center","background-size":"auto","background-attachment":"scroll","background-type":"","background-media":"","overlay-type":"","overlay-color":"","overlay-opacity":"","overlay-gradient":""},"mobile":{"background-color":"var(--ast-global-color-5)","background-image":"","background-repeat":"repeat","background-position":"center center","background-size":"auto","background-attachment":"scroll","background-type":"","background-media":"","overlay-type":"","overlay-color":"","overlay-opacity":"","overlay-gradient":""}}},"product_brand":[],"product_cat":[65,76,734,736],"product_tag":[747,731,675,759,139,679,758,491,145,749,757,681],"class_list":{"0":"post-9696","1":"product","2":"type-product","3":"status-publish","4":"has-post-thumbnail","6":"product_cat-best-sellers","7":"product_cat-new-arrivels","8":"product_cat-yoga-suits","9":"product_cat-yoga-shorts","10":"product_tag-abdomen","11":"product_tag-attractive","12":"product_tag-charming","13":"product_tag-free","14":"product_tag-high-waist","15":"product_tag-hip-lifter","16":"product_tag-ribbed","17":"product_tag-seamless","18":"product_tag-sexy","19":"product_tag-tie-dye","20":"product_tag-workout-short","21":"product_tag-yoga-short","22":"pa_color-bule-and-black","23":"pa_color-dark-blue","24":"pa_color-dark-bluewhite","25":"pa_color-lack-blue","26":"pa_color-light-blue-and-white","27":"pa_color-malachite-green","28":"pa_color-white-and-blue","29":"pa_size-l","30":"pa_size-m","31":"pa_size-s","32":"desktop-align-center","33":"tablet-align-left","34":"mobile-align-left","35":"ast-product-gallery-layout-horizontal-slider","36":"ast-product-single-variable","37":"ast-product-tabs-layout-horizontal","38":"ast-qv-on-image","40":"first","41":"instock","42":"shipping-taxable","43":"purchasable","44":"product-type-variable"},"tiered_pricing_type":"fixed","tiered_pricing_fixed_rules":{"5":4.15,"50":3.65,"100":3.2},"tiered_pricing_product_settings":{"layout":"default","base_unit_name":{"singular":null,"plural":null},"default_variation":null},"tiered_pricing_minimum_quantity":null,"tiered_pricing_roles_data":[],"tiered_pricing_percentage_rules":[],"_links":{"self":[{"href":"https:\/\/yume-silm.com\/it\/wp-json\/wp\/v2\/product\/9696","targetHints":{"allow":["GET"]}}],"collection":[{"href":"https:\/\/yume-silm.com\/it\/wp-json\/wp\/v2\/product"}],"about":[{"href":"https:\/\/yume-silm.com\/it\/wp-json\/wp\/v2\/types\/product"}],"replies":[{"embeddable":true,"href":"https:\/\/yume-silm.com\/it\/wp-json\/wp\/v2\/comments?post=9696"}],"wp:featuredmedia":[{"embeddable":true,"href":"https:\/\/yume-silm.com\/it\/wp-json\/wp\/v2\/media\/9699"}],"wp:attachment":[{"href":"https:\/\/yume-silm.com\/it\/wp-json\/wp\/v2\/media?parent=9696"}],"wp:term":[{"taxonomy":"product_brand","embeddable":true,"href":"https:\/\/yume-silm.com\/it\/wp-json\/wp\/v2\/product_brand?post=9696"},{"taxonomy":"product_cat","embeddable":true,"href":"https:\/\/yume-silm.com\/it\/wp-json\/wp\/v2\/product_cat?post=9696"},{"taxonomy":"product_tag","embeddable":true,"href":"https:\/\/yume-silm.com\/it\/wp-json\/wp\/v2\/product_tag?post=9696"}],"curies":[{"name":"wp","href":"https:\/\/api.w.org\/{rel}","templated":true}]}}