{"id":9817,"date":"2024-08-01T01:09:19","date_gmt":"2024-08-01T01:09:19","guid":{"rendered":"https:\/\/yume-silm.com\/?post_type=product&#038;p=9817"},"modified":"2025-04-09T00:44:30","modified_gmt":"2025-04-09T00:44:30","slug":"leggings-da-yoga-con-volant-ad-asciugatura-rapida-da-donna","status":"publish","type":"product","link":"https:\/\/yume-silm.com\/it\/prodotto\/leggings-da-yoga-con-volant-ad-asciugatura-rapida-da-donna\/","title":{"rendered":"Leggings da yoga con volant ad asciugatura rapida da donna"},"content":{"rendered":"<h5>Caratteristiche del progetto<\/h5>\n<ul>\n<li><strong>DESIGN AD ALTA ELASTICIT\u00c0:<\/strong> I leggings da yoga con volant ad asciugatura rapida da donna adottano un design ad alta elasticit\u00e0, alla moda e generoso, con strati sexy ed eleganti, il design senza cuciture offre un comfort ottimale durante lo yoga e l&#039;esercizio.<\/li>\n<li><strong>DESIGN A VITA ALTA:<\/strong>Il design a vita alta sui fianchi e la fascia in vita pu\u00f2 aggiungere un tocco di moda alla bellissima versione, aiutandoti a diventare il focus della moda, e il tessuto super morbido pu\u00f2 adattarsi perfettamente alla curva del tuo corpo, mantenendo sempre la tua figura sexy perfetta.<\/li>\n<li><strong>ASSORBIMENTO DELL&#039;UMIDIT\u00c0:<\/strong>\u00a0Il tessuto traspirante, morbido ed elastico offre una copertura completa e una buona traspirabilit\u00e0. Allo stesso tempo, il design a vita alta stringe i fianchi e l&#039;addome senza esporre l&#039;addome, evidenziando la curva perfetta del corpo.<\/li>\n<li><strong>OCCASIONE:<\/strong>\u00a0Che tu sia fuori per fare sport o giocare con gli amici, il tessuto traspirante e super elastico ti far\u00e0 sentire rilassato, perfetto per yoga, corsa, palestra, qualsiasi tipo di sport, qualsiasi stagione o uso quotidiano.<\/li>\n<\/ul>\n<p><a href=\"https:\/\/yume-silm.com\/wp-content\/uploads\/2024\/08\/Womens-Quick-Dry-Seamless-Yoga-Leggings-1.png\"><img fetchpriority=\"high\" decoding=\"async\" class=\"alignnone wp-image-9818 size-medium\" src=\"https:\/\/yume-silm.com\/wp-content\/uploads\/2024\/08\/Womens-Quick-Dry-Seamless-Yoga-Leggings-1-300x300.png\" alt=\"leggings yoga arricciati ad asciugatura rapida da donna\" width=\"300\" height=\"300\" title=\"\" srcset=\"https:\/\/yume-silm.com\/wp-content\/uploads\/2024\/08\/Womens-Quick-Dry-Seamless-Yoga-Leggings-1-300x300.png 300w, https:\/\/yume-silm.com\/wp-content\/uploads\/2024\/08\/Womens-Quick-Dry-Seamless-Yoga-Leggings-1-150x150.png 150w, https:\/\/yume-silm.com\/wp-content\/uploads\/2024\/08\/Womens-Quick-Dry-Seamless-Yoga-Leggings-1-768x768.png 768w, https:\/\/yume-silm.com\/wp-content\/uploads\/2024\/08\/Womens-Quick-Dry-Seamless-Yoga-Leggings-1-12x12.png 12w, https:\/\/yume-silm.com\/wp-content\/uploads\/2024\/08\/Womens-Quick-Dry-Seamless-Yoga-Leggings-1-100x100.png 100w, https:\/\/yume-silm.com\/wp-content\/uploads\/2024\/08\/Womens-Quick-Dry-Seamless-Yoga-Leggings-1.png 800w\" sizes=\"(max-width: 300px) 100vw, 300px\" \/><\/a><a href=\"https:\/\/yume-silm.com\/wp-content\/uploads\/2024\/08\/Womens-Quick-Dry-Seamless-Yoga-Leggings-2.jpg\"><img decoding=\"async\" class=\"alignnone wp-image-9819 size-medium\" src=\"https:\/\/yume-silm.com\/wp-content\/uploads\/2024\/08\/Womens-Quick-Dry-Seamless-Yoga-Leggings-2-300x300.jpg\" alt=\"leggings yoga arricciati ad asciugatura rapida da donna\" width=\"300\" height=\"300\" title=\"\" srcset=\"https:\/\/yume-silm.com\/wp-content\/uploads\/2024\/08\/Womens-Quick-Dry-Seamless-Yoga-Leggings-2-300x300.jpg 300w, https:\/\/yume-silm.com\/wp-content\/uploads\/2024\/08\/Womens-Quick-Dry-Seamless-Yoga-Leggings-2-150x150.jpg 150w, https:\/\/yume-silm.com\/wp-content\/uploads\/2024\/08\/Womens-Quick-Dry-Seamless-Yoga-Leggings-2-768x768.jpg 768w, https:\/\/yume-silm.com\/wp-content\/uploads\/2024\/08\/Womens-Quick-Dry-Seamless-Yoga-Leggings-2-12x12.jpg 12w, https:\/\/yume-silm.com\/wp-content\/uploads\/2024\/08\/Womens-Quick-Dry-Seamless-Yoga-Leggings-2-100x100.jpg 100w, https:\/\/yume-silm.com\/wp-content\/uploads\/2024\/08\/Womens-Quick-Dry-Seamless-Yoga-Leggings-2.jpg 800w\" sizes=\"(max-width: 300px) 100vw, 300px\" \/><\/a><\/p>\n<h6><em>Pantaloni da yoga per pancia e fianchi da donna<\/em><\/h6>\n<ul>\n<li>Questi leggings da yoga con volant ad asciugatura rapida da donna hanno un&#039;ampia cintura, che pu\u00f2 controllare meglio l&#039;addome. Allo stesso tempo, adotta la tecnologia di lavorazione a maglia 4D senza cuciture per comprimere e stringere il corpo. Pu\u00f2 essere costantemente avvolto attorno al corpo durante l&#039;esercizio e non si allenter\u00e0, non scivoler\u00e0 ed eviter\u00e0 imbarazzo. Renditi pi\u00f9 sicuro.<\/li>\n<\/ul>","protected":false},"excerpt":{"rendered":"<p>Questi leggings da yoga con volant ad asciugatura rapida da donna possono adattarsi perfettamente alla curva della tua figura, vita alta, addome e design del sollevamento dei fianchi possono sempre mantenere una figura perfetta per te, qualsiasi vestito abbinato, non ci sar\u00e0 prospettiva, indossalo, lasciati diventare il tuo monitor della figura .<\/p>","protected":false},"featured_media":9820,"comment_status":"open","ping_status":"closed","template":"","meta":{"site-sidebar-layout":"default","site-content-layout":"","ast-site-content-layout":"default","site-content-style":"default","site-sidebar-style":"default","ast-global-header-display":"","ast-banner-title-visibility":"","ast-main-header-display":"","ast-hfb-above-header-display":"","ast-hfb-below-header-display":"","ast-hfb-mobile-header-display":"","site-post-title":"","ast-breadcrumbs-content":"","ast-featured-img":"","footer-sml-layout":"","ast-disable-related-posts":"","theme-transparent-header-meta":"default","adv-header-id-meta":"","stick-header-meta":"default","header-above-stick-meta":"","header-main-stick-meta":"","header-below-stick-meta":"","astra-migrate-meta-layouts":"set","ast-page-background-enabled":"default","ast-page-background-meta":{"desktop":{"background-color":"","background-image":"","background-repeat":"repeat","background-position":"center center","background-size":"auto","background-attachment":"scroll","background-type":"","background-media":"","overlay-type":"","overlay-color":"","overlay-opacity":"","overlay-gradient":""},"tablet":{"background-color":"","background-image":"","background-repeat":"repeat","background-position":"center center","background-size":"auto","background-attachment":"scroll","background-type":"","background-media":"","overlay-type":"","overlay-color":"","overlay-opacity":"","overlay-gradient":""},"mobile":{"background-color":"","background-image":"","background-repeat":"repeat","background-position":"center center","background-size":"auto","background-attachment":"scroll","background-type":"","background-media":"","overlay-type":"","overlay-color":"","overlay-opacity":"","overlay-gradient":""}},"ast-content-background-meta":{"desktop":{"background-color":"var(--ast-global-color-5)","background-image":"","background-repeat":"repeat","background-position":"center center","background-size":"auto","background-attachment":"scroll","background-type":"","background-media":"","overlay-type":"","overlay-color":"","overlay-opacity":"","overlay-gradient":""},"tablet":{"background-color":"var(--ast-global-color-5)","background-image":"","background-repeat":"repeat","background-position":"center center","background-size":"auto","background-attachment":"scroll","background-type":"","background-media":"","overlay-type":"","overlay-color":"","overlay-opacity":"","overlay-gradient":""},"mobile":{"background-color":"var(--ast-global-color-5)","background-image":"","background-repeat":"repeat","background-position":"center center","background-size":"auto","background-attachment":"scroll","background-type":"","background-media":"","overlay-type":"","overlay-color":"","overlay-opacity":"","overlay-gradient":""}}},"product_brand":[],"product_cat":[734,65,76,737],"product_tag":[492,777,701,460,139,659,778,491,145,687,775,779],"class_list":{"0":"post-9817","1":"product","2":"type-product","3":"status-publish","4":"has-post-thumbnail","6":"product_cat-yoga-suits","7":"product_cat-best-sellers","8":"product_cat-new-arrivels","9":"product_cat-yoga-leggings","10":"product_tag-breathable","11":"product_tag-confident","12":"product_tag-fashionable","13":"product_tag-high-elasticity","14":"product_tag-high-waist","15":"product_tag-hip-lift","16":"product_tag-quick-dry","17":"product_tag-seamless","18":"product_tag-sexy","19":"product_tag-soft","20":"product_tag-stretchy","21":"product_tag-yoga-leggings","22":"pa_color-black","23":"pa_color-blue","24":"pa_color-brown","25":"pa_color-dark-green","26":"pa_color-light-grey","27":"pa_size-l","28":"pa_size-m","29":"pa_size-s","30":"desktop-align-center","31":"tablet-align-left","32":"mobile-align-left","33":"ast-product-gallery-layout-horizontal-slider","34":"ast-product-single-variable","35":"ast-product-tabs-layout-horizontal","36":"ast-qv-on-image","38":"first","39":"instock","40":"shipping-taxable","41":"purchasable","42":"product-type-variable"},"tiered_pricing_type":"fixed","tiered_pricing_fixed_rules":{"5":6.65,"50":5.9,"100":5.2},"tiered_pricing_product_settings":{"layout":"default","base_unit_name":{"singular":null,"plural":null},"default_variation":null},"tiered_pricing_minimum_quantity":null,"tiered_pricing_roles_data":[],"tiered_pricing_percentage_rules":[],"_links":{"self":[{"href":"https:\/\/yume-silm.com\/it\/wp-json\/wp\/v2\/product\/9817","targetHints":{"allow":["GET"]}}],"collection":[{"href":"https:\/\/yume-silm.com\/it\/wp-json\/wp\/v2\/product"}],"about":[{"href":"https:\/\/yume-silm.com\/it\/wp-json\/wp\/v2\/types\/product"}],"replies":[{"embeddable":true,"href":"https:\/\/yume-silm.com\/it\/wp-json\/wp\/v2\/comments?post=9817"}],"wp:featuredmedia":[{"embeddable":true,"href":"https:\/\/yume-silm.com\/it\/wp-json\/wp\/v2\/media\/9820"}],"wp:attachment":[{"href":"https:\/\/yume-silm.com\/it\/wp-json\/wp\/v2\/media?parent=9817"}],"wp:term":[{"taxonomy":"product_brand","embeddable":true,"href":"https:\/\/yume-silm.com\/it\/wp-json\/wp\/v2\/product_brand?post=9817"},{"taxonomy":"product_cat","embeddable":true,"href":"https:\/\/yume-silm.com\/it\/wp-json\/wp\/v2\/product_cat?post=9817"},{"taxonomy":"product_tag","embeddable":true,"href":"https:\/\/yume-silm.com\/it\/wp-json\/wp\/v2\/product_tag?post=9817"}],"curies":[{"name":"wp","href":"https:\/\/api.w.org\/{rel}","templated":true}]}}